{"id":9168,"date":"2018-05-15T13:59:13","date_gmt":"2018-05-15T13:59:13","guid":{"rendered":"http:\/\/www.obheal.ie\/blog\/?page_id=9168"},"modified":"2018-05-18T08:33:59","modified_gmt":"2018-05-18T08:33:59","slug":"mailing-list","status":"publish","type":"page","link":"https:\/\/www.obheal.ie\/blog\/mailing-list\/","title":{"rendered":"A Moment to Join our Mailing List"},"content":{"rendered":"<p><!-- Begin MailChimp Signup Form -->\n<link href=\"\/\/cdn-images.mailchimp.com\/embedcode\/classic-10_7.css\" rel=\"stylesheet\" type=\"text\/css\"\/>\n<style type=\"text\/css\">\n\t#mc_embed_signup{background:#fff; clear:left; font:14px Helvetica,Arial,sans-serif; }\n\t\/* Add your own MailChimp form style overrides in your site stylesheet or in this style block.\n\t   We recommend moving this block and the preceding CSS link to the HEAD of your HTML file. *\/\n<\/style>\n<div id=\"mc_embed_signup\">\n<form action=\"https:\/\/obheal.us17.list-manage.com\/subscribe\/post?u=024aa251694062d289868b4e7&amp;id=f3c35ead9e\" method=\"post\" id=\"mc-embedded-subscribe-form\" name=\"mc-embedded-subscribe-form\" class=\"validate\" target=\"_blank\" novalidate>\n<div id=\"mc_embed_signup_scroll\">\n&nbsp;<br \/>\n\t<font size=\"3\"><center><strong>\u00d3 Bh\u00e9al&#8217;s Mailing List<\/strong><\/center><\/font><\/p>\n<p>Subscribe here to receive \u00d3 Bh\u00e9al&#8217;s e-letter (every two months) and keep up to date with our featured Guest Poets, Five Words poetry competition, Poetry-Film competition and Winter Warmer poetry festival news.<br \/>\n&nbsp;<\/p>\n<p><center><\/p>\n<div class=\"indicates-required\"><span class=\"asterisk\">*<\/span> required<\/div>\n<p><\/center><br \/>\n<\/p>\n<div class=\"mc-field-group\">&nbsp;&nbsp; &nbsp; &nbsp; &nbsp; &nbsp;\t<label for=\"mce-EMAIL\">Email Address  <span class=\"asterisk\">*<\/span> <\/label> &nbsp;&nbsp;<input type=\"email\" value=\"\" name=\"EMAIL\" class=\"required email\" id=\"mce-EMAIL\" style=\"width:180px;height:30px; font-size:16px; border-radius: 5px;\"\/><\/div>\n<p>&nbsp;<\/p>\n<div class=\"mc-field-group\">&nbsp;&nbsp; &nbsp; &nbsp; &nbsp; &nbsp;\t<label for=\"mce-FNAME\">Name  <span class=\"asterisk\">*<\/span> <\/label> &nbsp; &nbsp; &nbsp; &nbsp; &nbsp; &nbsp;<input type=\"text\" value=\"\" name=\"FNAME\" class=\"required\" id=\"mce-FNAME\" style=\"width:180px;height:30px; font-size:16px; border-radius: 5px;\"\/><\/div>\n<p>&nbsp;<br \/>\n<center><strong>Marketing Permissions<\/strong> and <strong>GDPR<\/strong><\/center><\/p>\n<p>You can change your mind at any time by clicking the unsubscribe link in the footer of any email you receive from us, or by contacting us at <a href=\"mailto:info@obheal.ie\">info@obheal.ie<\/a>. We will treat your information with respect. <\/p>\n<p>For more information about our privacy practices please visit our <a href=\"https:\/\/www.obheal.ie\/blog\/about-o-bheal\/o-bheal-policies\/#GDPR\">Data Protection Policy &#038; General Data Protection Regulation (GDPR)<\/a>. By clicking below, you agree that we may process your information in accordance with these terms.<\/p>\n<p>We use MailChimp as our marketing automation platform. By clicking below to submit this form, you acknowledge that the information you provide will be transferred to MailChimp for processing in accordance with their <a href=\"https:\/\/mailchimp.com\/legal\/privacy\/\">Privacy Policy<\/a> and <a href=\"https:\/\/mailchimp.com\/legal\/terms\/\">Terms<\/a>.<br \/>\n&nbsp;<br \/>\n<center><\/p>\n<div id=\"mce-responses\" class=\"clear\">\n<div class=\"response\" id=\"mce-error-response\" style=\"display:none\"><\/div>\n<div class=\"response\" id=\"mce-success-response\" style=\"display:none\"><\/div>\n<\/p><\/div>\n<p>    <!-- real people should not fill this in and expect good things - do not remove this or risk form bot signups--><\/p>\n<div style=\"position: absolute; left: -5000px;\" aria-hidden=\"true\"><input type=\"text\" name=\"b_024aa251694062d289868b4e7_f3c35ead9e\" tabindex=\"-1\" value=\"\"\/><\/div>\n<div class=\"clear\"><input type=\"submit\" value=\"Subscribe\" name=\"subscribe\" id=\"mc-embedded-subscribe\" class=\"button\" style=\"width:100px;height:30px; font-size:16px; border-radius: 5px;\"\/><\/div>\n<p>    <\/center><\/div>\n<\/form>\n<\/div>\n<p><!--End mc_embed_signup--><\/p>\n","protected":false},"excerpt":{"rendered":"<p>&nbsp; \u00d3 Bh\u00e9al&#8217;s Mailing List Subscribe here to receive \u00d3 Bh\u00e9al&#8217;s e-letter (every two months) and keep up to date with our featured Guest Poets, Five Words poetry competition, Poetry-Film competition and Winter Warmer poetry festival news. &nbsp; * required &nbsp;&nbsp; &nbsp; &nbsp; &nbsp; &nbsp; Email Address * &nbsp;&nbsp; &nbsp; &nbsp;&nbsp; &nbsp; &nbsp; &nbsp; &nbsp; [&hellip;]<\/p>\n","protected":false},"author":1,"featured_media":0,"parent":0,"menu_order":0,"comment_status":"closed","ping_status":"closed","template":"","meta":{"_uf_show_specific_survey":0,"_uf_disable_surveys":false,"footnotes":""},"class_list":["post-9168","page","type-page","status-publish","hentry"],"_links":{"self":[{"href":"https:\/\/www.obheal.ie\/blog\/wp-json\/wp\/v2\/pages\/9168","targetHints":{"allow":["GET"]}}],"collection":[{"href":"https:\/\/www.obheal.ie\/blog\/wp-json\/wp\/v2\/pages"}],"about":[{"href":"https:\/\/www.obheal.ie\/blog\/wp-json\/wp\/v2\/types\/page"}],"author":[{"embeddable":true,"href":"https:\/\/www.obheal.ie\/blog\/wp-json\/wp\/v2\/users\/1"}],"replies":[{"embeddable":true,"href":"https:\/\/www.obheal.ie\/blog\/wp-json\/wp\/v2\/comments?post=9168"}],"version-history":[{"count":53,"href":"https:\/\/www.obheal.ie\/blog\/wp-json\/wp\/v2\/pages\/9168\/revisions"}],"predecessor-version":[{"id":9306,"href":"https:\/\/www.obheal.ie\/blog\/wp-json\/wp\/v2\/pages\/9168\/revisions\/9306"}],"wp:attachment":[{"href":"https:\/\/www.obheal.ie\/blog\/wp-json\/wp\/v2\/media?parent=9168"}],"curies":[{"name":"wp","href":"https:\/\/api.w.org\/{rel}","templated":true}]}}