{"id":8892,"date":"2018-03-25T11:34:43","date_gmt":"2018-03-25T11:34:43","guid":{"rendered":"http:\/\/www.obheal.ie\/blog\/?page_id=8892"},"modified":"2018-05-29T09:52:45","modified_gmt":"2018-05-29T09:52:45","slug":"guests-66-apr-may-2018","status":"publish","type":"page","link":"https:\/\/www.obheal.ie\/blog\/guest-poets\/guests-66-apr-may-2018\/","title":{"rendered":"Guests (66) Apr\/May 2018"},"content":{"rendered":"<hr \/>\n<p><center><strong>April and May<\/strong><\/center><\/p>\n<hr \/>\n<p><center><em>2nd April<\/em><\/p>\n<p><strong>Dairena N\u00ed Chinn\u00e9ide<\/strong><\/p>\n<p>You can listen to Dairena&#8217;s reading <a href=\"https:\/\/www.obheal.ie\/blog\/audio\/Guest Reading - Dairena Ni Chinneide 2018.mp3\">here<\/a>.<\/center><\/p>\n<p><font color=\"silver\"><img loading=\"lazy\" decoding=\"async\" width=\"124\" height=\"100\" border=\"1\" align=\"right\" src=\"https:\/\/www.obheal.ie\/blog\/wp-content\/uploads\/2018\/03\/DairenaNiChinneideSm.jpg\"\/><\/font><font size=\"1\"><strong>Dairena N\u00ed Chinn\u00e9ide<\/strong> is a bilingual poet from the Dingle Peninsula. She is working on an album of poems from her most recent collection <i>F\u00e9 Gheasa : Spellbound<\/i> (Arlen House, 2016) with music by Steve Cooney and R\u00f3n\u00e1n \u00d3 Snodaigh. She was awarded the Patrick and Katherine Kavanagh Fellowship 2016 and is the current Irish Language Writer-in-Residence for DCU. <\/p>\n<p>File sa d\u00e1 theanga \u00ed\u00a0Dairena N\u00ed Chinn\u00e9ide a aistr\u00edonn leaganacha d\u00e1 saothar f\u00e9in. I measc naoi gcnuasach l\u00e9i t\u00e1 <i>An Troda\u00ed\u00a0&#038; D\u00e1nta Eile \/ The Warrior &#038; Other Poems<\/i> (Cl\u00f3 Iar Chonnacht, 2005), <i>Cloithear Aistear Anama<\/i> (Coisc\u00e9im, 2014) agus <i>Labhra\u00edonn Fungie<\/i> (Ponc Press, 2015).<br \/>\n<\/font><br \/>\n&nbsp;<\/p>\n<hr \/>\n<p><a name=\"9thApril\"><\/a><br \/>\n<center><em>9th April<\/em><\/p>\n<p><strong>Brian Turner<\/strong><\/p>\n<p>You can listen to Brian&#8217;s reading <a href=\"https:\/\/www.obheal.ie\/blog\/audio\/Guest Reading - Brian Turner.mp3\">here<\/a>.<\/center><\/p>\n<p><font color=\"silver\"><img loading=\"lazy\" decoding=\"async\" width=\"106\" height=\"100\" border=\"1\" align=\"right\" src=\"https:\/\/www.obheal.ie\/blog\/wp-content\/uploads\/2018\/03\/BrianTurnerSm.jpg\"\/><\/font><font size=\"1\"><strong>Brian Turner<\/strong> is a writer and musician living in Orlando, Florida. He curates <i>The Kiss<\/i> series at Guernica, soon to be published as an anthology by W.W. Norton &#038; Company in 2018. He&#8217;s written a memoir <i>My Life as a Foreign Country<\/i>, two collections of poetry\u2014<i>Here, Bullet<\/i> (Alice James Books, 2005) and <i>Phantom Noise<\/i> (Alice James Books, 2010), and co-edited <i>The Strangest of Theatres<\/i> (McSweeney&#8217;s\/The Poetry Foundation, 2013). <\/p>\n<p>He is currently at work on a second memoir, <i>The Wild Delight of Wild Things<\/i>, and an album of music with The Interplanetary Acoustic Team entitled <i>11 11 (Me, Smiling)<\/i>. His late wife, the brilliant and beautiful poet Ilyse Kusnetz, will have her second collection of poems <i>Angel Bones<\/i> published by Alice James Books in May, 2019. He is the founding director of the MFA program at Sierra Nevada College.  <\/p>\n<p><center>For more visit: <a href=\"http:\/\/brianturner.org\">www.brianturner.org<\/a> &#038; <a href=\"http:\/\/interplanetaryacousticteam.com\">www.interplanetaryacousticteam.com<\/a><\/center><br \/>\n<\/font><\/p>\n<hr \/>\n<p><a name=\"16thApril\"><\/a><br \/>\n<center><em>16th April<\/em><\/p>\n<p><strong><font color=\"green\">&Oacute; Bh\u00e9al&#8217;s 11th Anniversary<\/font><\/strong><br \/>\n<font size=\"1\">(550+ nights of Poetry)<\/font><\/p>\n<p><font size=\"1\">celebrates <strong>Five Words Volume XI<\/strong> and an open-mic for <strong>Only Other Poets&#8217; Poetry<\/strong><\/font><\/p>\n<p><font size=\"2\">You can listen to the contributors to <em>Five Words Vol XI<\/em> <a href=\"https:\/\/www.obheal.ie\/blog\/audio\/Five Words Vol XI poems 2018-04-16.mp3\">here<\/a>.<\/font><\/center><\/p>\n<p><font color=\"silver\"><img loading=\"lazy\" decoding=\"async\" width=\"198\" height=\"160\" border=\"1\" align=\"right\" src=\"https:\/\/www.obheal.ie\/blog\/wp-content\/uploads\/2018\/03\/FiveWordsVol11Sm.jpg\"\/><\/font><font size=\"1\">&Oacute; Bh&eacute;al&#8217;s <strong>11th Anniversary<\/strong> event celebrates the launch of <em>Five Words Volume XI<\/em> and the winner of our 5th Five Words International Poetry competition, <strong><font color=\"green\">Jill Munro<\/font><\/strong>. While Jill will be unable to make the launch, her winning poem will be read on the night. Shortlisted poets will also be reading, including <strong>Margaret McCarthy<\/strong>, <strong>Derek Sellen<\/strong>, <strong>Jim Crickard<\/strong> and <strong>Ted O\u2019Regan<\/strong> &#8211; as will contributors to our Monday night Five Word Challenges held at \u00d3 Bh\u00e9al over the past 12 months. The anniversary open-mic is only for poems written by <em>other poets<\/em>, so bring a favourite or two!<\/font><\/p>\n<p><center><font size=\"1\"><em>Our congratulations to <\/em><\/font> <strong><font size=\"2\">Jill Munro<\/font><\/strong><\/p>\n<p><font size=\"1\">winner of the 5th <\/font><strong><font size=\"1\" color=\"green\">Five Words International Poetry Competition<\/font><\/strong><\/center><\/p>\n<p><font color=\"silver\"><img loading=\"lazy\" decoding=\"async\" width=\"86\" height=\"100\" border=\"1\" align=\"right\" src=\"https:\/\/www.obheal.ie\/blog\/wp-content\/uploads\/2018\/03\/JillMunroSm.jpg\"\/><\/font><font size=\"1\"><strong>Jill Munro<\/strong>\u2019s first collection <i>Man from La Paz<\/i> was published in 2015 by Green Bottle Press. She won the Fair Acre Press Pamphlet Competition with <i>The Quilted Multiverse<\/i> (2016), has been short-listed for the Bridport Prize and long-listed three times for the National Poetry Competition. Jill has been awarded a Hawthorden Fellowship for 2018. She lives in East Sussex.<\/p>\n<p><\/font><\/p>\n<p>&nbsp;<\/p>\n<hr \/>\n<p><font color=\"silver\"><img loading=\"lazy\" decoding=\"async\" width=\"115\" height=\"94\" border=\"1\" align=\"right\" src=\"https:\/\/www.obheal.ie\/blog\/5wordscompSm.jpg\"\/><\/font><font size=\"1\">The <strong>6th<\/strong> <strong><font color=\"green\">Five Words International Poetry Competition<\/font><\/strong> will begin on Tuesday the 17th of April 2018 (at midday GMT) and runs for 41 weeks, until the 29th of January 2019. Judges will be announced soon. For submission guidelines and previous winners, visit the competition page <a href=\"https:\/\/www.obheal.ie\/blog\/?page_id=2371\">here<\/a>.<\/p>\n<p><\/font><\/p>\n<p>&nbsp;<\/p>\n<hr \/>\n<p><a name=\"23rdApril\"><\/a><br \/>\n<center><em>23rd April<\/em><\/p>\n<p><strong>Anamar\u00eda Crowe Serrano<\/strong><\/p>\n<p>You can listen to Anamar\u00eda&#8217;s reading <a href=\"https:\/\/www.obheal.ie\/blog\/audio\/Guest Reading - Anamaria Crowe Serrano 2018.mp3\">here<\/a>.<\/center><\/p>\n<p><font color=\"silver\"><img loading=\"lazy\" decoding=\"async\" width=\"110\" height=\"100\" border=\"1\" align=\"right\" src=\"https:\/\/www.obheal.ie\/blog\/wp-content\/uploads\/2018\/03\/AnamariaSm.jpg\"\/><\/font><font size=\"1\"><strong>Anamar\u00eda Crowe Serrano<\/strong> is an Irish poet and translator of Spanish and Italian to English. As well as having been anthologised and published widely in journals in Ireland and abroad, publications include <i>Crunch<\/i> (Turas Press, 2018), <i>KALEIDOgraph<\/i> (Corrupt Press, 2017), written with Greek poet Nina Karacosta, <i>Onwords and\u00a0Upwords<\/i>\u00a0(Shearsman, 2016), <i>One Columbus Leap<\/i> (Corrupt Press, 2011), <i>Femispheres<\/i> (Shearsman, 2008), and <i>Paso Doble<\/i> (Empir\u00eca, 2006), written with Italian poet Annamaria Ferramosca. <\/p>\n<p>In recent years, she has been involved in several collaborations with other poets, including the Upstart project in Dublin, Steven Fowler\u2019s \u201cYes, But Are We Enemies?\u201d project, curated in Ireland by Christodoulos Makris, and Robert Sheppard\u2019s EUOIA (European Union of Imaginary Authors) project which was published by Shearsman in October 2017 under the title <i>Twitters for a Lark<\/i>. Anamar\u00eda\u2019s translations have been published internationally. <\/p>\n<p><center>For more visit\u00a0Anamar\u00eda&#8217;s website at <a href=\"http:\/\/anamariacs1.wixsite.com\/amcs\">http:\/\/anamariacs1.wixsite.com\/amcs<\/a><\/center><\/p>\n<p><\/font><\/p>\n<p>&nbsp;<\/p>\n<hr \/>\n<p><a name=\"30thApril\"><\/a><br \/>\n<center><em>30th April<\/em><\/p>\n<p><strong>Ita O&#8217;Donovan<\/strong><\/p>\n<p>You can listen to Ita&#8217;s reading <a href=\"https:\/\/www.obheal.ie\/blog\/audio\/Guest Reading - Ita O Donovan.mp3\">here<\/a>.<\/center><\/p>\n<p><font color=\"silver\"><img loading=\"lazy\" decoding=\"async\" width=\"106\" height=\"100\" border=\"1\" align=\"right\" src=\"https:\/\/www.obheal.ie\/blog\/wp-content\/uploads\/2018\/03\/ItaO'DonovanSm.jpg\"\/><\/font><font size=\"1\"><strong>Ita O\u2019Donovan<\/strong> was born in Cork and now lives in Clifden. She came late to poetry and entered Jane Hirshfield\u2019s <i>Nine Gates (Entering the Mind of Poetry)<\/i> through a variety of ways. She embarked in ongoing reading of poetry criticisms and essays by Helen Vendler, Jane Hirshfield and Seamus Heaney. She took courses with the late Dorothy Molloy and attended workshops with Medbh McGuckian, Paul Muldoon, Robyn Rowland and Pascale Petit. She reads the work of Irish, American, English, Australian and Russian poets. <\/p>\n<p>Her work has been published in <i>Poetry Ireland Review, The Shop, Southword, Skylight 47<\/i>, and in various anthologies.  In 2017 her poetry was shortlisted for two editions of <i>The Irish Times, Hennessy New Irish Writing<\/i>.  A poem has been accepted for the forthcoming issue 124 of <i>Poetry Ireland Review<\/i>.  Ita reads regularly with Connemara Community Radio and at Clifden Arts Festival.  In 2017 her first collection, <i>In Deep Time \u2013 Connemara<\/i> was published by The Knocknarone Press.<\/p>\n<p><\/font><\/p>\n<p>&nbsp;<\/p>\n<hr \/>\n<p><a name=\"7thMay\"><\/a><br \/>\n<center><em>7th May<\/em><\/p>\n<p><strong>Sean Lysaght<\/strong><\/p>\n<p>You can listen to Se\u00e1n&#8217;s reading <a href=\"https:\/\/www.obheal.ie\/blog\/audio\/Guest Reading - Sean Lysaght.mp3\">here<\/a>.<\/center><\/p>\n<p><font color=\"silver\"><img loading=\"lazy\" decoding=\"async\" width=\"98\" height=\"100\" border=\"1\" align=\"right\" src=\"https:\/\/www.obheal.ie\/blog\/wp-content\/uploads\/2018\/03\/SeanLysaghtSm.jpg\"\/><\/font><font size=\"1\"><strong>Se\u00e1n Lysaght<\/strong> has published six volumes of poems, including <i>The Clare Island Survey<\/i> (1991), <i>Scarecrow<\/i> (1998), <i>The Mouth of a River<\/i> (2007) and <i>Carnival Masks<\/i> (2014), all from Gallery Press. He has also published a translation of Goethe\u2019s Venetian Epigrams (Gallery, 2008), a verse narrative of the life of Edmund Spenser, and, most recently, a prose work, <i>Eagle Country<\/i> (Little Toller, 2018). He won the Lawrence O\u2019Shaughnessy Poetry Award in 2007. His <i>Selected Poems<\/i> appeared from Gallery in 2010. He lives in Westport, Co. Mayo. <\/p>\n<p><\/font><\/p>\n<p>&nbsp;<\/p>\n<hr \/>\n<p><a name=\"14thMay\"><\/a><br \/>\n<center><em>14th May<\/em><\/p>\n<p><strong>Thomas Dillon Redshaw<\/strong><\/p>\n<p>You can listen to Thomas&#8217; reading <a href=\"https:\/\/www.obheal.ie\/blog\/audio\/Guest Reading - Thomas Dillon Redshaw.mp3\">here<\/a>.<\/center><\/p>\n<p><font color=\"silver\"><img loading=\"lazy\" decoding=\"async\" width=\"108\" height=\"100\" border=\"1\" align=\"right\" src=\"https:\/\/www.obheal.ie\/blog\/wp-content\/uploads\/2018\/03\/ThomasDillonRedshawSm.jpg\"\/><\/font><font size=\"1\"><strong>Thomas Dillon Redshaw <\/strong> (b. 1944) studied early on with X. J. Kennedy, M. L. Rosenthal, and John Montague. <em>Mortal<\/em> (Brighthorse Books, 2017) is his third collection of poems. He is the director emeritus of the Center for Irish Studies at the University of St. Thomas where he edited the journals <em>\u00c9ire Ireland<\/em> and <em>New Hibernia Review<\/em>. He also published <i>Well Dreams: Essays on John Montague<\/i> (Creighton University Press) in 2004.<\/p>\n<p><\/font><\/p>\n<p>&nbsp;<\/p>\n<hr \/>\n<p><a name=\"21stMay\"><\/a><br \/>\n<center><em>21st May<\/em><\/p>\n<p><strong>Rob Barratt<\/strong><\/p>\n<p>You can listen to Rob&#8217;s performance <a href=\"https:\/\/www.obheal.ie\/blog\/audio\/Guest Reading - Rob Barratt.mp3\">here<\/a>.<\/center><\/p>\n<p><font color=\"silver\"><img loading=\"lazy\" decoding=\"async\" width=\"101\" height=\"100\" border=\"1\" align=\"right\" src=\"https:\/\/www.obheal.ie\/blog\/wp-content\/uploads\/2018\/03\/RobBarrattSm.jpg\"\/><\/font><font size=\"1\"><strong>Rob Barratt<\/strong> is a Dudley-born and Cornwall-based comic poet, humourist and singer. His brain-tickling, word-mangling performance combines clever word play, verse and song with satire, parody and audience participation. Rob deals with such important topics as squid, data-driven education, Neanderthal politics, the weather in Scotland, distressed furniture and tuk-tuks. In recent years Rob has appeared at folk, literature and arts festivals all over the UK and in Australia. <\/p>\n<p><em>\u201cHis head is well and truly located in \u2018Planet Barratt\u2019, clearly a place of wonderfully bizarre inspiration\u201d<\/em> &#8211; <strong>Coventry Telegraph<\/strong><\/p>\n<p><em>\u201cMind-bending poetry\u201c<\/em> &#8211; <strong>Twickfolk,<\/strong> London<\/p>\n<p><center>For more about Rob visit: <a href=\"http:\/\/www.robbarratt.co.uk\">www.robbarratt.co.uk<\/a><\/center><\/p>\n<p><\/font><\/p>\n<p>&nbsp;<\/p>\n<hr \/>\n<p><a name=\"28thMay\"><\/a><br \/>\n<center><em>28th May<\/em><\/p>\n<p><strong>Liz Quirke<\/strong><\/p>\n<p>You can listen to Liz&#8217;s reading <a href=\"https:\/\/www.obheal.ie\/blog\/audio\/Guest Reading - Liz Quirke.mp3\">here<\/a>.<\/center><\/p>\n<p><font color=\"silver\"><img loading=\"lazy\" decoding=\"async\" width=\"108\" height=\"100\" border=\"1\" align=\"right\" src=\"https:\/\/www.obheal.ie\/blog\/wp-content\/uploads\/2018\/03\/LizQuirkeSm.jpg\"\/><\/font><font size=\"1\"><strong>Liz Quirke<\/strong> was raised in Tralee, Co Kerry and now lives with her wife and daughters in Spiddal, Co Galway. She is pursuing a PhD through Creative Practice (Poetry) at NUI Galway. Her debut collection <i>The Road, Slowly<\/i> is published by Salmon Poetry with Martina Evans referring to the collection as &#8220;lyrical and universal&#8221; and Leanne O&#8217;Sullivan describing it as &#8220;a moving study of the ways in which we mother and in which we love.&#8221; Her poetry has appeared in many publications, including New Irish Writing in <i>The Irish Times<\/i>, <i>Irish Examiner, Southword, Crann\u00f3g, The Stony Thursday Book, One<\/i> (Jacar Press, US), <i>The Ofi Press<\/i> (Mexico) and Eyewear Publishing&#8217;s <i>The Best New British<\/i> and <i>Irish Poets 2016<\/i>. Her poem &#8220;<i>Sculpture<\/i>&#8221; was included in the 2015 Poems for Patience exhibition during the C\u00fairt International Festival of Literature. <\/p>\n<p>She was the winner of the 2017 Listowel Writers&#8217; Week Originals Short Poem Competition, the 2016 Dromineer Literary Festival Flash Fiction Competition, the 2015 Poems for Patience competition and the 2012 Doneraile Literary Festival Edmund Spenser Poetry Prize. She has been listed in the Over The Edge New Writer of the Year Competition and the Dermot Healy Poetry Award. She was shortlisted for the C\u00fairt New Writing Prize in 2015 and nominated for a Hennessy Literary Award in 2016. She holds degrees from University College Cork, Dublin City University and NUI Galway. She is a member of the Interface Inagh Artist Residency Programme.\u00a0For more about Liz, please visit: <a href=\"http:\/\/lizquirke.com\">www.lizquirke.com<\/a><\/p>\n<p><\/font><\/p>\n<p>&nbsp;<\/p>\n<hr \/>\n<p>&nbsp;<br \/>\n&nbsp;<br \/>\n&nbsp;<br \/>\n&nbsp;<br \/>\n&nbsp;<br \/>\n&nbsp;<br \/>\n&nbsp;<br \/>\n&nbsp;<br \/>\n&nbsp;<br \/>\n&nbsp;<\/p>\n","protected":false},"excerpt":{"rendered":"<p>April and May 2nd April Dairena N\u00ed Chinn\u00e9ide You can listen to Dairena&#8217;s reading here. Dairena N\u00ed Chinn\u00e9ide is a bilingual poet from the Dingle Peninsula. She is working on an album of poems from her most recent collection F\u00e9 Gheasa : Spellbound (Arlen House, 2016) with music by Steve Cooney and R\u00f3n\u00e1n \u00d3 Snodaigh. [&hellip;]<\/p>\n","protected":false},"author":1,"featured_media":0,"parent":19,"menu_order":0,"comment_status":"closed","ping_status":"closed","template":"","meta":{"_uf_show_specific_survey":0,"_uf_disable_surveys":false,"footnotes":""},"class_list":["post-8892","page","type-page","status-publish","hentry"],"_links":{"self":[{"href":"https:\/\/www.obheal.ie\/blog\/wp-json\/wp\/v2\/pages\/8892","targetHints":{"allow":["GET"]}}],"collection":[{"href":"https:\/\/www.obheal.ie\/blog\/wp-json\/wp\/v2\/pages"}],"about":[{"href":"https:\/\/www.obheal.ie\/blog\/wp-json\/wp\/v2\/types\/page"}],"author":[{"embeddable":true,"href":"https:\/\/www.obheal.ie\/blog\/wp-json\/wp\/v2\/users\/1"}],"replies":[{"embeddable":true,"href":"https:\/\/www.obheal.ie\/blog\/wp-json\/wp\/v2\/comments?post=8892"}],"version-history":[{"count":148,"href":"https:\/\/www.obheal.ie\/blog\/wp-json\/wp\/v2\/pages\/8892\/revisions"}],"predecessor-version":[{"id":11665,"href":"https:\/\/www.obheal.ie\/blog\/wp-json\/wp\/v2\/pages\/8892\/revisions\/11665"}],"up":[{"embeddable":true,"href":"https:\/\/www.obheal.ie\/blog\/wp-json\/wp\/v2\/pages\/19"}],"wp:attachment":[{"href":"https:\/\/www.obheal.ie\/blog\/wp-json\/wp\/v2\/media?parent=8892"}],"curies":[{"name":"wp","href":"https:\/\/api.w.org\/{rel}","templated":true}]}}