{"id":6761,"date":"2017-05-28T14:26:09","date_gmt":"2017-05-28T14:26:09","guid":{"rendered":"http:\/\/www.obheal.ie\/blog\/?page_id=6761"},"modified":"2017-08-03T17:47:49","modified_gmt":"2017-08-03T17:47:49","slug":"guests-61-junjul-2017","status":"publish","type":"page","link":"https:\/\/www.obheal.ie\/blog\/guest-poets\/guests-61-junjul-2017\/","title":{"rendered":"Guests (61) Jun\/Jul 2017"},"content":{"rendered":"<hr \/>\n<p><center><strong>June and July<\/strong><\/center><\/p>\n<hr \/>\n<p><center><em>5th June<\/em><\/p>\n<p><strong>Stephanie Conn<\/strong> and <strong>Simon Lewis<\/strong><\/p>\n<p>You can listen to Stephanie&#8217;s reading <a href=\"https:\/\/www.obheal.ie\/blog\/audio\/Guest Reading - Stephanie Conn.mp3\">here<\/a>.<\/center><\/p>\n<p><font color=\"silver\"><img loading=\"lazy\" decoding=\"async\" width=\"111\" height=\"100\" border=\"1\" align=\"right\" src=\"https:\/\/www.obheal.ie\/blog\/wp-content\/uploads\/2017\/05\/StephanieConnSm.jpg\"\/><\/font><font size=\"1\">A former teacher and graduate of the MA programme at the Seamus Heaney Centre, <strong>Stephanie Conn<\/strong> won the Yeovil Poetry Prize, Funeral Service NI prize and the inaugural Seamus Heaney Award for New Writing. Her first collection, <i>The Woman on the Other Side<\/i> is published by Doire Press and was shortlisted for the Shine\/Strong Award for best first collection. Her pamphlet <i>Copeland\u2019s Daughter<\/i> won the Poetry Business Pamphlet Competition and is published by Smith\/Doorstep. <\/p>\n<p><center><font size=\"2\">You can listen to Simon&#8217;s reading <a href=\"https:\/\/www.obheal.ie\/blog\/audio\/Guest Reading - Simon Lewis.mp3\">here<\/a>.<\/font><\/center><\/p>\n<p><\/font><font color=\"silver\"><img loading=\"lazy\" decoding=\"async\" width=\"112\" height=\"100\" border=\"1\" align=\"right\" src=\"https:\/\/www.obheal.ie\/blog\/wp-content\/uploads\/2017\/05\/SimonLewisSm.jpg\"\/><\/font><font size=\"1\"><strong>Simon Lewis<\/strong> was the winner of the Hennessy Prize for Emerging Poetry and the runner up in the Patrick Kavanagh Poetry Award in 2015. He also featured in Poetry Ireland&#8217;s Introductions Series the same year. He has been shortlisted for the Shine\/Strong Award, Listowel Poetry Prize, Strokestown International Poetry Prize and Bridport Prize and received commendations in the Gregory O&#8217;Donoghue prize and Dromineer Literary Prize. Simon&#8217;s first collection, <i>Jewtown<\/i>, was published by Doire Press in 2016. <a href=\"http:\/\/simonlewis.ie\">simonlewis.ie<\/a><br \/>\n<\/font><\/p>\n<p>&nbsp;<\/p>\n<hr \/>\n<p><a name=\"12thJune\"><\/a><br \/>\n<center><em>12th June<\/em><\/p>\n<p><strong>Matthew Caley<\/strong><\/p>\n<p>You can listen to Matthew&#8217;s reading <a href=\"https:\/\/www.obheal.ie\/blog\/audio\/Guest Reading - Matthew Caley.mp3\">here<\/a>.<\/center><\/p>\n<p><font color=\"grey\" size=\"1\">Photo By Pavla Alchin<\/font><br \/>\n<font color=\"silver\"><img loading=\"lazy\" decoding=\"async\" width=\"104\" height=\"100\" border=\"1\" align=\"right\" src=\"https:\/\/www.obheal.ie\/blog\/wp-content\/uploads\/2017\/05\/MatthewCaleySm.jpg\"\/><\/font><font size=\"1\"><strong>Matthew Caley<\/strong>&#8216;s <em>Thirst<\/em> [Slow Dancer, 1999] was Nominated for The Forward Prize for Best First Collection. Since then he&#8217;s published four further collections, including <em>The Scene of My Former Triumph<\/em> [Wrecking Ball, 2005], <em>Apparently<\/em> [Bloodaxe, 2010] and <em>Professor Glass<\/em> [Donut, 2011], which were featured on BBC Radio 3&#8217;s <em>The Verve<\/em>. His most recent collection is <em>Rake<\/em> [Bloodaxe, 2016] and he&#8217;s taken the book &#8216;on the road&#8217; reading at Ledbury, Aldeburgh, Stanza, Galway, Brighton, Bristol, Swindon, South Downs, Cambridge, Durham, Paris Lit Up and Novi Sad, Serbia amongst many other places &#8211; including a crypt, The Gypsy Hill Tavern and Wayne Holloway-Smith&#8217;s living room. He&#8217;s addicted to square brackets.<\/p>\n<p><center><em>\u201cIt is the sense of play that makes the poems so striking &#8230; colloquial enough to keep you reading, complex enough to keep you uncomfortable &#8230; the reader is aware of something strange and beautiful\u201d<\/em> &#8211; <strong>Emma Hammond<\/strong>, Poetry London<\/center><\/p>\n<p><\/font><\/p>\n<p>&nbsp;<\/p>\n<hr \/>\n<p><a name=\"19thJune\"><\/a><br \/>\n<center><em>19th June<\/em><\/p>\n<p><strong>Jo Slade<\/strong><\/p>\n<p>You can listen to Jo&#8217;s reading <a href=\"https:\/\/www.obheal.ie\/blog\/audio\/Guest Reading - Jo Slade.mp3\">here<\/a>.<\/center><\/p>\n<p><font color=\"silver\"><img loading=\"lazy\" decoding=\"async\" width=\"127\" height=\"100\" border=\"1\" align=\"right\" src=\"https:\/\/www.obheal.ie\/blog\/wp-content\/uploads\/2017\/05\/JoSladeSm.jpg\"\/><\/font><font size=\"1\"><strong>Jo Slade<\/strong>, poet and artist, has published five collections of poetry and two chapbooks of poems. <i>The Painter&#8217;s House<\/i> (Salmon Poetry, 2013), was joint winner of the Michael Hartnett Poetry Prize 2014. <i>The White Cottage<\/i>, an installation and chapbook of poems, took place at The Sailor&#8217;s Home, Limerick in 2016. <\/p>\n<p>Jo&#8217;s other collections include <i>In Fields I Hear Them Sing<\/i> (Salmon Poetry, 1989), <i>The Vigilant One<\/i> (Salmon, 1994), which was nominated for The Irish Times\/Aer Lingus Literature Prize, <i>Certain Octobers<\/i> (Quimpeir, 1997), <i>City of Bridges<\/i> (Salmon, 2005) and <i>The Artist\u2019s Room<\/i> (Pighog Press, 2010).  Jo also exhibits her paintings widely.<\/p>\n<p><\/font><\/p>\n<p>&nbsp;<\/p>\n<hr \/>\n<p><a name=\"26thJune\"><\/a><br \/>\n<center><em>26th June<\/em><\/p>\n<p><strong>Linda Ibbotson<\/strong> and <strong>Sarah Byrne<\/strong><\/p>\n<p>You can listen to Linda&#8217;s reading <a href=\"https:\/\/www.obheal.ie\/blog\/audio\/Guest Reading - Linda Ibbotson.mp3\">here<\/a>.<\/center><\/p>\n<p><font color=\"silver\"><img loading=\"lazy\" decoding=\"async\" width=\"108\" height=\"100\" border=\"1\" align=\"right\" src=\"https:\/\/www.obheal.ie\/blog\/wp-content\/uploads\/2017\/05\/LindaIbbotsonSm.jpg\"\/><\/font><font size=\"1\"><strong>Linda Ibbotson<\/strong> is a poet, artist and photographer from the UK, currently residing in Co. Cork. Her poetry has been published internationally including in <i>Levure Litteraire, Enchanting Verses Literary Review, Irish Examiner, California Quarterly, Live Encounters, Eastern World<\/i> (with her artwork) and <i>Fifty Ways to Fly<\/i>, also read on radio and performed in France by Irish musician and actor Davog Rynne. <\/p>\n<p>Linda&#8217;s painting <i>Cascade<\/i> featured as the cover of a cd and a selection of her paintings and photographs are published in <a href=\"http:\/\/fekt.org\">Fekt<\/a>. Linda was invited to read at the Abroad Writers Conference in Lismore Castle and in Butlers Townhouse, Dublin. She writes the blog <a href=\"https:\/\/lindaibbotson.wordpress.com\/\"><b>Contemplating the Muse<\/b><\/a>.<\/p>\n<p><center><font size=\"2\">You can listen to Sarah&#8217;s reading <a href=\"https:\/\/www.obheal.ie\/blog\/audio\/Guest Reading - Sarah Byrne.mp3\">here<\/a>.<\/font><\/center><\/p>\n<p><\/font><font color=\"silver\"><img loading=\"lazy\" decoding=\"async\" width=\"110\" height=\"100\" border=\"1\" align=\"right\" src=\"https:\/\/www.obheal.ie\/blog\/wp-content\/uploads\/2017\/05\/SarahByrneSm.jpg\"\/><\/font><font size=\"1\"><strong>Sarah Byrne<\/strong> was born in Cork. She studied criminology and currently works in the field of restorative justice. She writes poems and her work has appeared in <i>Poetry Ireland Review, Prelude<\/i> &#038; other journals. She was the recipient of an Arts Council bursary for her writing in 2016. She is the editor of <a href=\"http:\/\/www.thewellreview.com\/\"><b>The Well Review<\/b><\/a> and is edging slowly towards a first collection of poetry (?, 2025).<br \/>\n<\/font><\/p>\n<p>&nbsp;<\/p>\n<hr \/>\n<p><a name=\"3rdJuly\"><\/a><br \/>\n<font size=\"2\"><center><em>3rd July<\/em><\/p>\n<p><strong>Maria McManus<\/strong><\/p>\n<p>You can listen to Maria&#8217;s reading <a href=\"https:\/\/www.obheal.ie\/blog\/audio\/Guest Reading - Maria McManus.mp3\">here<\/a>.<\/center><\/p>\n<p><font color=\"silver\"><img loading=\"lazy\" decoding=\"async\" width=\"113\" height=\"100\" border=\"1\" align=\"right\" src=\"https:\/\/www.obheal.ie\/blog\/wp-content\/uploads\/2017\/05\/MariaMcManusSm.jpg\"\/><\/font><font size=\"1\"><strong>Maria McManus<\/strong> is the author of <i>We are Bone<\/i> (2013), <em>The Cello Suites<\/em> (2009) and <em>Reading the Dog<\/em> (2006), all published by Lagan Press. Maria received an ACNI Artist\u2019s International Award (2016\/17) for The Quotidian Project, for exploring ways of putting literature into public space. In 2016 she was awarded a Poetry Ireland\/ Tyrone Guthrie Centre bursary and an Artist\u2019s Career Enhancement (ACES) Award from the Arts Council of Northern Ireland for the Cirque des Oiseaux Project. This large-scale project involved collaborations with artists of other disciplines and the resultant manuscript was short-listed for the 2016 Periplum Award and will be published by Arlen House in 2017\/18.  <\/p>\n<p>McManus was awarded an MA with distinction from the Seamus Heaney Centre for Poetry at Queen\u2019s University Belfast in 2005 and received the inaugural Bedell Scholarship from Aspen Writers\u2019 Foundation, USA. She was runner-up in the 2007 Strong Awards and short-listed for the 2007 Glen Dimplex New Writers Award. Her credits as a playwright include, <i>Elizabeth Corr<\/i> (Kabosh) <i>Bruised<\/i> (Tinder Box), <i>The Black Out Show<\/i> (Red Lead), <i>His &#8216;n&#8217; Hers<\/i> (Replay) and <i>Nowhere Harder<\/i> (Replay Script Lab).  She has performed widely across the island of Ireland as well as in the US, Czech Republic, Basque Country, Sweden and Portugal. <\/p>\n<p><\/font><\/p>\n<p>&nbsp;<\/p>\n<hr \/>\n<p><a name=\"10thJuly\"><\/a><br \/>\n<center><font size=\"2\"><em>10th July<\/em><\/p>\n<p><strong>Didi Jackson<\/strong> &#038; <strong>Major Jackson<\/strong><\/font><\/p>\n<p>You can listen to Didi&#8217;s reading <a href=\"https:\/\/www.obheal.ie\/blog\/audio\/Guest Reading - Didi Jackson.mp3\">here<\/a>.<\/center><\/p>\n<p><font color=\"silver\"><img loading=\"lazy\" decoding=\"async\" width=\"101\" height=\"100\" border=\"1\" align=\"right\" src=\"https:\/\/www.obheal.ie\/blog\/wp-content\/uploads\/2017\/05\/DidiJacksonSm.jpg\"\/><\/font><font size=\"1\"><strong>Didi Jackson<\/strong>&#8216;s poems have appeared in <i>Ploughshares, Green Mountains Review, The Common<\/i> and <i>Water~Stone Review<\/i>, among other publications. She lives in South Burlington, Vermont where she teaches Creative Writing, Poetry and the Visual Arts, and Poetry of War and Witness at the University of Vermont. Her book <i>Killing Jar<\/i> is forthcoming with Red Hen Press.<br \/>\n&nbsp;<\/p>\n<p><center><font size=\"2\">You can listen to Major&#8217;s reading <a href=\"https:\/\/www.obheal.ie\/blog\/audio\/Guest Reading - Major Jackson.mp3\">here<\/a>.<\/font><\/center><\/p>\n<p><\/font><font color=\"silver\"><img loading=\"lazy\" decoding=\"async\" width=\"103\" height=\"100\" border=\"1\" align=\"right\" src=\"https:\/\/www.obheal.ie\/blog\/wp-content\/uploads\/2017\/05\/MajorJacksonSm.jpg\"\/><\/font><font size=\"1\"><strong>Major Jackson<\/strong> is the author of four books of poetry including <em>Roll Deep<\/em> (2015), <em>Holding Company<\/em> (2010), <em>Hoops<\/em> (2006) and <em>Leaving Saturn<\/em> (2002), which won the Cave Canem Poetry Prize for a first book of poems and was a finalist for the National Book Critics Circle Award in Poetry. A recipient of fellowships from the Guggenheim Foundation and the National Endowment for the Arts, Major Jackson has been awarded the 2016 Vermont Book Award, a Pushcart Prize, a Whiting Writers&#8217; Award, and a Pew Fellowship in the Arts. <\/p>\n<p>He has published poems and essays in <i>American Poetry Review, The New Yorker, The New York Times Book Review, The Paris Review, Poetry<\/i>, as well as multiple volumes of <i>Best American Poetry<\/i>. Having taught widely at such institutions as New York University, Columbia University, and the University of Massachusetts as the Jack Kerouac Writer in Residence, he is a core faculty member of the Bennington Writing Seminars. Major Jackson lives in South Burlington, Vermont, where he is the Richard Dennis Green and Gold Professor at the University of Vermont. He is Poetry Editor of <a href=\"http:\/\/www.harvardreview.org\/?q=authors\/major-jackson\"><b>The Harvard Review<\/b><\/a>.<\/p>\n<p><\/font><\/p>\n<p>&nbsp;<\/p>\n<hr \/>\n<p><a name=\"17thJuly\"><\/a><br \/>\n<center><font size=\"2\"><em>17th July<\/em><\/font><\/p>\n<p><font size=\"1\" color=\"green\"><strong>&#211; Bh&eacute;al<\/strong><\/font><font size=\"1\"> in association with <\/font><font size=\"1\" color=\"green\"><strong>Foras na Gaeilge<\/strong><\/font><font size=\"1\"> presents<\/font><\/p>\n<p><strong>Celia De Fr\u00e9ine<\/strong><\/p>\n<p>You can listen to Celia&#8217;s reading <a href=\"https:\/\/www.obheal.ie\/blog\/audio\/Guest Reading - Celia De Freine 2017.mp3\">here<\/a>.<\/center><\/p>\n<p><font color=\"silver\"><img loading=\"lazy\" decoding=\"async\" width=\"120\" height=\"100\" border=\"1\" align=\"right\" src=\"https:\/\/www.obheal.ie\/blog\/wp-content\/uploads\/2017\/05\/CeliaDeFreineSm.jpg\"\/><\/font><font size=\"1\">Is file, dr\u00e1mad\u00f3ir, scriptscr\u00edbhneoir, aistritheoir agus leabhr\u00f3ga\u00ed \u00ed <strong>Celia De Fr\u00e9ine<\/strong> a scr\u00edobhann i nGaeilge agus i mB\u00e9arla. I measc na ngradam at\u00e1 buaite aici d\u00e1 cuid fil\u00edochta t\u00e1 Duais Patrick Kavanagh (1994) agus Gradam Litr\u00edochta Chl\u00f3 Iar-Chonnacht (2004). Ocht gcnuasach fil\u00edochta at\u00e1 foilsithe aici go dt\u00ed seo. Is iad <i>cuir amach seo dom : riddle me this<\/i> (Arlen House, 2014), <i>Blood Debts<\/i> (Scotus Press, 2014) agus <i>A lesson in Can&#8217;t<\/i> (Scotus Press, 2014) na leabhair is deireana\u00ed \u00f3na peann. T\u00e1 go leor duaiseanna Oireachtais buaite ag a cuid dr\u00e1ma\u00ed.<\/p>\n<p><strong>Celia de Fr\u00e9ine<\/strong> is a poet, playwright, screenwriter, translator and librettist who writes in Irish and English. Awards for her poetry include the Patrick Kavanagh Award (1994) and Gradam Litr\u00edochta Chl\u00f3 Iar-Chonnacht (2004). She has published eight poetry collections of poetry to date of which <i>cuir amach seo dom : riddle me this<\/i> (Arlen House, 2014), <i>Blood Debts<\/i> (Scotus Press, 2014) and <i>A lesson in Can&#8217;t<\/i> (Scotus Press, 2014) are her most recent. Her plays have won many Oireachtas awards.<\/p>\n<p><center><a href=\"http:\/\/www.celiadefreine.com\">www.celiadefreine.com<\/a><\/center><br \/>\n<\/font><\/p>\n<hr \/>\n<p><a name=\"24thJuly\"><\/a><br \/>\n<center><font size=\"2\"><em>24th July<\/em><\/font><\/p>\n<p><\/center><center><font color=\"green\" size=\"1\"><strong>&Oacute; Bh&eacute;al<\/strong><\/font><font size=\"1\"> in association with <\/font><font color=\"green\" size=\"1\"><strong>Cork City Council<\/strong><\/font> <font size=\"1\">and<\/font> <font color=\"green\" size=\"1\"><strong>Silhouette Press<\/strong><\/font><\/p>\n<p><font size=\"1\">presents a <\/font><font color=\"green\" size=\"1\"><strong>Twin Cities Celebration<\/strong><\/font> <font size=\"1\">with Coventry poets<\/font> <\/p>\n<p><strong><\/strong><strong>Andrea Mbarushimana<\/strong> and <strong>Russ Berry<\/strong><\/p>\n<p>You can listen to Andrea and Russ reading <a href=\"https:\/\/www.obheal.ie\/blog\/audio\/Guest Reading - CorkCov2017 Andrea and Russ.mp3\">here<\/a>.<\/p>\n<p>Dep Lord Mayor Cllr. Keiran McCarthy&#8217;s introduction (+ original poetry) is <a href=\"https:\/\/www.obheal.ie\/blog\/audio\/TwinningCovCork2017DLMKieranMcCarthy.mp3\">here<\/a>.<\/center><\/font><\/p>\n<p><font color=\"silver\"><img loading=\"lazy\" decoding=\"async\" width=\"97\" height=\"100\" border=\"1\" align=\"right\" src=\"https:\/\/www.obheal.ie\/blog\/wp-content\/uploads\/2017\/05\/AndreaMbarushimanaSm.jpg\"\/><\/font><font size=\"1\"><strong>Andrea Mbarushimana<\/strong> is a community worker, artist and writer. Andrea has been published in <i>The London Magazine<\/i> and <i>Here Comes Everyone<\/i>, exhibited in the Herbert, Coventry Cathedral Chapel of Unity and on various brick walls and has worked with refugees, minority groups, young people and parents. Andrea made two short films televised on the Community Channel, one with young migrants and one tackling Islamophobia and she&#8217;s a regular spoken word performer at <i>Fire and Dust<\/i> in Coventry. Her uncle once described her as &#8216;a real searcher&#8217;, which feels about right. Her first collection, <i>The Africa in My House<\/i> (2017), has just been published by Silhouette Press. <a href=\"https:\/\/www.instagram.com\/andreambarushimana\/\"> @AndreaMbarushimana<\/a>  &nbsp;&nbsp; <a href=\"http:\/\/www.andrea-mbarushimana.com\">www.andrea-mbarushimana.com<\/a><\/p>\n<p><\/font><font color=\"silver\"><img loading=\"lazy\" decoding=\"async\" width=\"73\" height=\"100\" border=\"1\" align=\"right\" src=\"https:\/\/www.obheal.ie\/blog\/wp-content\/uploads\/2017\/05\/RussBerrySm.jpg\"\/><\/font><font size=\"1\"><strong>Russ Berry<\/strong> has been writing poetry for around 4 years, after featuring in the Bradford-on-Avon <i>Poems on a Beermat<\/i> Competition in 2014. Russ regularly performs at Coventry&#8217;s <i>Fire &#038; Dust<\/i> open-mic poetry night and at events around the UK. He has published poems in local anthologies and in <i>Writer&#8217;s Forum<\/i> magazine. In 2016 he was Writer-in-Residence for the Concealment and Deception exhibition at Leamington Spa Art Gallery and winner of the Oriel Davies Gallery prize for nature poetry.<br \/>\n<\/font><\/p>\n<p>&nbsp;<\/p>\n<hr \/>\n<p><a name=\"31stJuly\"><\/a><br \/>\n<center><font size=\"2\"><em>31st July<\/em><\/font><\/p>\n<p><strong>Mary O\u2019Malley<\/strong><\/p>\n<p>You can listen to Mary&#8217;s reading <a href=\"https:\/\/www.obheal.ie\/blog\/audio\/Guest Reading - Mary O Malley.mp3\">here<\/a>.<\/center><\/p>\n<p><font color=\"silver\"><img loading=\"lazy\" decoding=\"async\" width=\"117\" height=\"100\" border=\"1\" align=\"right\" src=\"https:\/\/www.obheal.ie\/blog\/wp-content\/uploads\/2017\/05\/MaryOMalleySm.jpg\"\/><\/font><font size=\"1\"><strong>Mary O\u2019Malley<\/strong> was born in Connemara in Ireland,  and educated at University College Galway.  She lived in Lisbon for eight years and taught at the Universidade Nova there. She served on the council of Poetry Ireland and was on the Committee of the C\u00fairt International Poetry Festival for eight years.  She was the author of its educational programme.<\/p>\n<p>She taught on the MA programmes for Writing and Education in the Arts at NUI Galway for ten years, held the Chair of Irish Studies at Villanova University in 2013, and has held Residencies in Paris, Tarragona, New York, NUI Galway, as well as in Derry, Belfast and Mayo. She has been active in Environmental education for twenty years with a specific interest in the Sea and Bogland. <\/p>\n<p>Mary has published eight books of poetry, her most recent being <i>Playing The Octopus<\/i> (Carcanet Press, 2016). Her seventh, <i>Valparaiso<\/i> (Carcanet Press, 2012), arose out of her residency on the national marine research ship, The Celtic Explorer. She is working on a memoir of childhood, as well as essays on place.<\/p>\n<p>She is a member of Aosd\u00e1na and has won a number of awards for her poetry.  She writes for RT\u00c9 Radio and broadcasts her work regularly. She was the 2016 Arts Council Writer \u2013in- Residence at University of Limerick.<\/p>\n<p><center><i>&#8220;O&#8217;Malley is a true artist in sketching the beautiful, small details without which the essence of place, and the identity dependent on it, can be all too easily erased.&#8221;<\/i> &#8211; <b>Eavan Boland<\/b><\/center><br \/>\n&nbsp;<\/p>\n<hr \/>\n<p>&nbsp;<br \/>\n&nbsp;<br \/>\n&nbsp;<br \/>\n&nbsp;<br \/>\n&nbsp;<br \/>\n&nbsp;<br \/>\n&nbsp;<br \/>\n&nbsp;<br \/>\n&nbsp;<br \/>\n&nbsp;<\/font><\/p>\n","protected":false},"excerpt":{"rendered":"<p>June and July 5th June Stephanie Conn and Simon Lewis You can listen to Stephanie&#8217;s reading here. A former teacher and graduate of the MA programme at the Seamus Heaney Centre, Stephanie Conn won the Yeovil Poetry Prize, Funeral Service NI prize and the inaugural Seamus Heaney Award for New Writing. Her first collection, The [&hellip;]<\/p>\n","protected":false},"author":1,"featured_media":0,"parent":19,"menu_order":0,"comment_status":"closed","ping_status":"closed","template":"","meta":{"_uf_show_specific_survey":0,"_uf_disable_surveys":false,"footnotes":""},"class_list":["post-6761","page","type-page","status-publish","hentry"],"_links":{"self":[{"href":"https:\/\/www.obheal.ie\/blog\/wp-json\/wp\/v2\/pages\/6761","targetHints":{"allow":["GET"]}}],"collection":[{"href":"https:\/\/www.obheal.ie\/blog\/wp-json\/wp\/v2\/pages"}],"about":[{"href":"https:\/\/www.obheal.ie\/blog\/wp-json\/wp\/v2\/types\/page"}],"author":[{"embeddable":true,"href":"https:\/\/www.obheal.ie\/blog\/wp-json\/wp\/v2\/users\/1"}],"replies":[{"embeddable":true,"href":"https:\/\/www.obheal.ie\/blog\/wp-json\/wp\/v2\/comments?post=6761"}],"version-history":[{"count":36,"href":"https:\/\/www.obheal.ie\/blog\/wp-json\/wp\/v2\/pages\/6761\/revisions"}],"predecessor-version":[{"id":6883,"href":"https:\/\/www.obheal.ie\/blog\/wp-json\/wp\/v2\/pages\/6761\/revisions\/6883"}],"up":[{"embeddable":true,"href":"https:\/\/www.obheal.ie\/blog\/wp-json\/wp\/v2\/pages\/19"}],"wp:attachment":[{"href":"https:\/\/www.obheal.ie\/blog\/wp-json\/wp\/v2\/media?parent=6761"}],"curies":[{"name":"wp","href":"https:\/\/api.w.org\/{rel}","templated":true}]}}