{"id":6438,"date":"2017-01-29T18:27:41","date_gmt":"2017-01-29T18:27:41","guid":{"rendered":"http:\/\/www.obheal.ie\/blog\/?page_id=6438"},"modified":"2017-04-03T09:25:48","modified_gmt":"2017-04-03T09:25:48","slug":"guests-59-febmar-2017","status":"publish","type":"page","link":"https:\/\/www.obheal.ie\/blog\/guest-poets\/guests-59-febmar-2017\/","title":{"rendered":"Guests (59) Feb\/Mar 2017"},"content":{"rendered":"<hr \/>\n<p><center><strong>February and March<\/strong><\/center><\/p>\n<hr \/>\n<p><center><em>6th February<\/em><\/p>\n<p><strong>New Creative Writing from UCC<\/strong><\/p>\n<p>You can listen to all six readers <a href=\"https:\/\/www.obheal.ie\/blog\/audio\/Guest Reading - UCC Creative Writing - 2017.mp3\">here<\/a>.<\/center><\/p>\n<p><font size=\"1\">Poets and short fiction writers from the <strong>UCC MA Creative Writing<\/strong> programmes will be presented by Leanne O&#8217;Sullivan to read from their new work. Readers include<strong> Laura McKenna, Paul Asta, Mona Lynch, Kate Brock, Jacqui Corcoran<\/strong> and <strong>Alyssandra Tobin<\/strong>. <\/p>\n<p><\/font><font color=\"silver\"><img loading=\"lazy\" decoding=\"async\" width=\"113\" height=\"100\" border=\"1\" align=\"right\" src=\"https:\/\/www.obheal.ie\/blog\/wp-content\/uploads\/2017\/01\/UCCLauraMcKennaSm.jpg\"\/><\/font><font size=\"1\"><strong>Laura McKenna<\/strong>\u2019s poetry has been nominated for a Hennessy Award and her poem &#8220;Perspective&#8221;, published in the <i>Irish Examiner<\/i> Tuesday Poem slot, was nominated for a Forward Prize in 2016. She is writing historical fiction for her PhD.<br \/>\n&nbsp;<br \/>\n&nbsp;<\/p>\n<p><\/font><font color=\"silver\"><img loading=\"lazy\" decoding=\"async\" width=\"111\" height=\"100\" border=\"1\" align=\"right\" src=\"https:\/\/www.obheal.ie\/blog\/wp-content\/uploads\/2017\/01\/UCCPaulAstaSm.jpg\"\/><\/font><font size=\"1\"><strong>Paul Asta<\/strong> was born in South Korea. He is a bookbinder and writer from the Chicago Suburbs. Currently he resides in Cork, Ireland studying Creative Writing at University College Cork on a Fulbright.<br \/>\n&nbsp;<br \/>\n&nbsp;<br \/>\n&nbsp;<\/p>\n<p><\/font><font color=\"silver\"><img loading=\"lazy\" decoding=\"async\" width=\"101\" height=\"100\" border=\"1\" align=\"right\" src=\"https:\/\/www.obheal.ie\/blog\/wp-content\/uploads\/2017\/01\/UCCMonaLynchSm.jpg\"\/><\/font><font size=\"1\"><strong>Mona Lynch<\/strong> is from Cork and is the mother of five children.  She is currently completing her MA in Creative Writing at UCC.<br \/>\n&nbsp;<br \/>\n&nbsp;<br \/>\n&nbsp;<br \/>\n&nbsp;<\/p>\n<p><\/font><font color=\"silver\"><img loading=\"lazy\" decoding=\"async\" width=\"97\" height=\"100\" border=\"1\" align=\"right\" src=\"https:\/\/www.obheal.ie\/blog\/wp-content\/uploads\/2017\/01\/UCCKateBrockSm.jpg\"\/><\/font><font size=\"1\"><strong>Kate Brock<\/strong> is a writer and poet interested in travel and the arts. She is currently pulling together a collection of short stories and poems and is originally from the States.<br \/>\n&nbsp;<br \/>\n&nbsp;<br \/>\n&nbsp;<\/p>\n<p><\/font><font color=\"silver\"><img loading=\"lazy\" decoding=\"async\" width=\"119\" height=\"100\" border=\"1\" align=\"right\" src=\"https:\/\/www.obheal.ie\/blog\/wp-content\/uploads\/2017\/01\/UCCJacqui\u200bCorcoran\u200bSm.jpg\"\/><\/font><font size=\"1\">After 20 years working as a producer with RTE Radio 1, <strong>Jacqui Corcoran<\/strong> took voluntary redundancy to focus on creative work. At the moment she is working on a number of creative projects, and doing an MA in Creative Writing at UCC. She is very new to poetry!<br \/>\n&nbsp;<br \/>\n&nbsp;<\/p>\n<p><\/font><font color=\"silver\"><img loading=\"lazy\" decoding=\"async\" width=\"101\" height=\"100\" border=\"1\" align=\"right\" src=\"https:\/\/www.obheal.ie\/blog\/wp-content\/uploads\/2017\/01\/UCCAlyssandraTobinSm.jpg\"\/><\/font><font size=\"1\"><strong>Alyssandra Tobin<\/strong> is an apprentice poet and short fiction writer from Boston, Massachusetts. She has been published or has work forthcoming in The Albion Review, The Quarryman, Atticus, and Curbside Splendor, and was awarded the Douglas A. Pinta Award. She is currently continuing work on her first poetry collection, and is pursuing an MA in Creative Writing at the University College Cork in Cork, Ireland.<br \/>\n&nbsp;<br \/>\n&nbsp;<\/p>\n<p><\/font><\/p>\n<hr \/>\n<p><a name=\"13thFebruary\"><\/a><br \/>\n<center><em>13th February<\/em><\/p>\n<p><strong>Gerard Smyth<\/strong><\/p>\n<p>You can listen to Gerard&#8217;s reading <a href=\"https:\/\/www.obheal.ie\/blog\/audio\/Guest Reading - Gerard Smyth.mp3\">here<\/a>.<\/center><\/p>\n<p><font color=\"silver\"><img loading=\"lazy\" decoding=\"async\" width=\"116\" height=\"100\" border=\"1\" align=\"right\" src=\"https:\/\/www.obheal.ie\/blog\/wp-content\/uploads\/2017\/01\/GerardSmythSm.jpg\"\/><\/font><font size=\"1\"><strong>Gerard Smyth<\/strong> is poet, critic and journalist. He recently published <i>The Yellow River<\/i>  (Solstice Arts Centre, Navan, 2017) &#8211; a sequence of poems, with artwork by Sean McSweeney. His other collections include <em>A Song of Elsewhere<\/em> (Dedalus Press, 2015) and <em>The Fullness of Time: New and Selected Poems<\/em> (Dedalus Press, 2010). The Salvage Press has published two limited editions of poem sequences: <em>We Like It Here Beside the River<\/em> (with a drawing by artist Donald Teskey) and <em>After Easter<\/em>  (poems in response to the 1916 Easter Rebellion). He was the 2012 recipient of the O&#8217;Shaughnessy Poetry Award presented by the University of St Thomas in Minnesota and is co-editor, with Pat Boran, of <em>If Ever You Go: A Map of Dublin in Poetry and Song<\/em> (Dedalus Press) which was Dublin&#8217;s One City One Book in 2013. He is a member of Aosd\u00e1na and Poetry Editor of The Irish Times.<\/p>\n<p><\/font><\/p>\n<p>&nbsp;<\/p>\n<hr \/>\n<p><a name=\"20thFebruary\"><\/a><br \/>\n<center><em>20th February<\/em><\/p>\n<p><font size=\"1\" color=\"green\"><strong>&#211; Bh&eacute;al<\/strong><\/font><font size=\"1\"> in association with <\/font><font size=\"1\" color=\"green\"><strong>Foras na Gaeilge<\/strong><\/font><font size=\"1\"> presents<\/font><\/p>\n<p><strong>S\u00e9amus Barra \u00d3 S\u00failleabh\u00e1in<\/strong><\/p>\n<p>You can listen to S\u00e9amus&#8217; performance <a href=\"https:\/\/www.obheal.ie\/blog\/audio\/Guest Reading - Seamus Barra O Suilleabhain 2017.mp3\">here<\/a>.<\/center><\/p>\n<p><font color=\"silver\"><img loading=\"lazy\" decoding=\"async\" width=\"124\" height=\"100\" border=\"1\" align=\"right\" src=\"https:\/\/www.obheal.ie\/blog\/wp-content\/uploads\/2017\/01\/SeamusBarraSm.jpg\"\/><\/font><font size=\"1\"><strong>S\u00e9amus Barra \u00d3 S\u00failleabh\u00e1in<\/strong> is from Listowel. He has performed at <em>Reic, Li\u00fa L\u00fanasa, Caberet Craice\u00e1ilte<\/em> and has worked with numerous musicians. He is a co-editor of <em>Mionlach<\/em> and part of hip-hop project <em>Craos<\/em>. <em>Beatha Dh\u00f3naill Dhuibh<\/em> (2016) is the title of his d\u00e9but collection of poems, from Cl\u00f3 Iar-Chonnacht. <\/p>\n<p>Bh\u00ed Domhnall Dubh ann fad\u00f3. Is minic a bh\u00ed. Is beidh go deo. Easra\u00edonn dh\u00e1 fhocal a ainme \u00f3n bpr\u00e9amh Luath-Cheiltise c\u00e9anna a chialla\u00edonn doimhneacht. Is geall le sc\u00e1th \u00e9 nochtaithe tar \u00e9is aghaidh fidil na f\u00e9ini\u00falachta a bheith stracaithe in am an toirmisc. F\u00e1iscfidh s\u00e9 farat mar ph\u00faic\u00edn poileistir ag ceilt ar do sh\u00failibh na c\u00e9adfa\u00ed agus d\u00e9ithe foirfe ag teilgean snap-chatanna chuchu \u00f3 fhuinneoga na ndearnana. F\u00e1gfaidh s\u00e9 th\u00fa mar chnagaire folamh caite le glaise phortaigh d&#8217;fhonn aigne na h\u00f3ige a fh\u00f3irithint ar olcas uachtanna consp\u00f3idithe. T\u00e1 an riach ar Dh\u00f3naill\u00edn le br\u00e9aga, a dhalta. T\u00e9anam ort &#8216;on duibheag\u00e1n go gcloisfeam a allagar m\u00edofar&#8230;<\/p>\n<p><\/font><\/p>\n<p>&nbsp;<\/p>\n<hr \/>\n<p><a name=\"27thFebruary\"><\/a><br \/>\n<center><em>27th February<\/em><\/p>\n<p><strong>Amanda Bell<\/strong><\/p>\n<p>You can listen to Amanda&#8217;s reading <a href=\"https:\/\/www.obheal.ie\/blog\/audio\/Guest Reading - Amanda Bell.mp3\">here<\/a>.<\/center><\/p>\n<p><font color=\"silver\"><img loading=\"lazy\" decoding=\"async\" width=\"105\" height=\"100\" border=\"1\" align=\"right\" src=\"https:\/\/www.obheal.ie\/blog\/wp-content\/uploads\/2017\/01\/AmandaBellSm.jpg\"\/><\/font><font size=\"1\"><strong>Amanda Bell<\/strong>&#8216;s collection <em>Undercurrents<\/em>, a psychogeography of Irish rivers in haiku and haibun, was published by Alba Publishing in 2016. Her illustrated children&#8217;s book, <em>The Lost Library Book<\/em>, will be published this spring by The Onslaught Press, and a debut poetry collection, <em>First the Feathers<\/em>, is forthcoming from Doire Press. She is the editor of <em>The Lion Tamer Dreams of Office Work:<\/em> An Anthology of Poetry by the Hibernian Writers (Alba Publishing, 2015) and <em>Maurice Craig: Photographs<\/em> (Lilliput, 2011). She has a Masters in Poetry Studies from the Irish Centre for Poetry Studies, DCU, and her poetry has been published in journals and anthologies including <em>Poetry Ireland Review, Cyphers, Crann\u00f3g, Skylight 47<\/em> and <em>The Stinging Fly<\/em>. She won the William Allingham Prize in 2015, and was highly commended for the Patrick Kavanagh Award in 2015 and 2016. In 2016 she was selected for Poetry Ireland&#8217;s Introductions Series and the Munster Literature Centre&#8217;s Introductory Readings. She works as a freelance editor and indexer. <\/p>\n<p><center>For more about Amanda, visit <a href=\"http:\/\/www.clearasabellwritingservices.ie\">www.clearasabellwritingservices.ie<\/a><\/center><\/p>\n<p><\/font><\/p>\n<p>&nbsp;<\/p>\n<hr \/>\n<p><a name=\"6thMarch\"><\/a><br \/>\n<center><em>6th March<\/em><\/p>\n<p><strong>Claire Crowther<\/strong><\/p>\n<p>You can listen to Claire&#8217;s reading <a href=\"https:\/\/www.obheal.ie\/blog\/audio\/Guest Reading - Claire Crowther.mp3\">here<\/a>.<\/center><\/p>\n<p><font color=\"silver\"><img loading=\"lazy\" decoding=\"async\" width=\"102\" height=\"100\" border=\"1\" align=\"right\" src=\"https:\/\/www.obheal.ie\/blog\/wp-content\/uploads\/2017\/01\/ClaireCrowtherSm.jpg\"\/><\/font><font size=\"1\"><strong>Claire Crowther<\/strong> has published three full collections and four pamphlets of poetry. Her first collection, <em>Stretch of Closures<\/em> (Shearsman) was shortlisted for the Aldeburgh Best First Collection prize. She has an MPhil and PhD in Creative Writing (Poetry). Her poems and reviews have appeared in many journals including <em>The London Magazine, London Review of Books, New Statesman, PN Review, Poetry Review, Poetry Wales<\/em> and <em>The Times Literary Supplement<\/em>. Her poems have been widely anthologised including in <em>The Best British Poetry 2015<\/em>. She was poet in residence at the Royal Mint Museum during 2014-2015, resulting in a pamphlet <em>Bare George<\/em>, published in June 2016. John Greening in <em>The Times Literary Supplement<\/em> commented that Claire Crowther is &#8216;a poet whose work is fully achieved and anything but conventional&#8217;. Jane Holland commented in <em>Poetry Review<\/em>: &#8216;Claire Crowther is a poet whose confident, highly sensuous explorations of language and gender deserve to be read and recognized.&#8217;<\/p>\n<p><\/font><\/p>\n<p>&nbsp;<\/p>\n<hr \/>\n<p><a name=\"13thMarch\"><\/a><br \/>\n<center><em>13th March<\/em><\/p>\n<p><strong>Michelle Cahill<\/strong><\/p>\n<p>You can listen to Michelle&#8217;s reading <a href=\"https:\/\/www.obheal.ie\/blog\/audio\/Guest Reading - Michelle Cahill.mp3\">here<\/a>.<\/center><\/p>\n<p><font color=\"silver\"><img loading=\"lazy\" decoding=\"async\" width=\"103\" height=\"100\" border=\"1\" align=\"right\" src=\"https:\/\/www.obheal.ie\/blog\/wp-content\/uploads\/2017\/01\/MIchelleCahillSm.jpg\"\/><\/font><font size=\"1\"><strong>Michelle Cahill<\/strong> has lived in Kenya, the UK and Australia. Her poems appear in <em>Poetry Ireland Review, Poetry Review, The Australian<\/em> and <em>Meanjin<\/em>. She won the Val Vallis Poetry Award, the Hilary Mantel International Short Story Competition, and her collection <em>Vishvarupa<\/em> was shortlisted in the Victorian Premier\u2019s Literary Awards and broadcast on ABC Radio\u2019s <em>Earshot<\/em>. She was a poetry fellow at Hawthornden Castle and at Kingston Writing School, and a visiting scholar at the University of North Carolina in Charlotte. Her most recent books are a collection of short stories, <em>Letter to Pessoa<\/em> (Giramondo) and <em>The Herring Lass<\/em> (Arc, 2016), a collection of poems themed on animal and human migrations. She has received grants from the Australia Council and the Copyright Agency Limited.<br \/>\n<\/font><\/p>\n<p>&nbsp;<\/p>\n<hr \/>\n<p><a name=\"20thMarch\"><\/a><br \/>\n<center><em>20th March<\/em><\/p>\n<p><strong>Mich\u00e8le Vassal-Ring<\/strong> <font size=\"1\">and<\/font> <strong>Brendan Ring<\/strong><\/p>\n<p>You can listen to Mich\u00e8le &#038; Brendan&#8217;s performance <a href=\"https:\/\/www.obheal.ie\/blog\/audio\/Guest Reading - Michele Vassal-Ring.mp3\">here<\/a>.<\/center><\/p>\n<p><font color=\"silver\"><img loading=\"lazy\" decoding=\"async\" width=\"148\" height=\"100\" border=\"1\" align=\"right\" src=\"https:\/\/www.obheal.ie\/blog\/wp-content\/uploads\/2017\/01\/MIcheleVassalSm.jpg\"\/><\/font><font size=\"1\">Originally from the Ubaye Valley in the French Alps, half-way between Provence and Piedmont, <strong>Mich\u00e8le Vassal<\/strong> moved to Ireland in her late teens. In 1999, she won the Prize for a First Collection at Listowel Writers Week, since then her poems have been appeared in many journals and anthologies and she is frequently invited to read her work at festivals and events in Ireland and abroad. Her two collections, <em>Sandgames<\/em> (2000) and <em>A Taste for Hemlock<\/em> (2011) are both published by Salmon Poetry. Some of her poems have been adapted to music, most notably by legendary Skid Row guitarist Jimi Slevin and acclaimed Irish singer\/songwriter, the late Martin Egan. She is also an artist and has designed CD and book covers. She lives near Bantry, with her husband, the piper\/harper Brendan Ring. They are currently working together on some recordings, mixing traditional Irish instruments and contemporary verse.<\/p>\n<p><font color=\"silver\"><img loading=\"lazy\" decoding=\"async\" width=\"129\" height=\"100\" border=\"1\" align=\"right\" src=\"https:\/\/www.obheal.ie\/blog\/wp-content\/uploads\/2017\/01\/BrendanRingSm.jpg\"\/><\/font><font size=\"1\"><strong>Brendan Ring<\/strong> plays the uilleann pipes, low-whistle and clairseach. His musical roots lie in North Cork and his grand-father was a box player. He has numerous television, radio and recording credits to his name. He is a noted composer of traditional tunes and has collaborated with such musical luminaries as M\u00edche\u00e1l \u00d3 S\u00failleabh\u00e1n and singer\/songwriter John Spillane.<\/p>\n<p><\/font><\/p>\n<p><\/font><\/p>\n<p>&nbsp;<\/p>\n<hr \/>\n<p><a name=\"27thMarch\"><\/a><br \/>\n<center><em>27th March<\/em><\/p>\n<p><strong>Michael J. Whelan<\/strong><\/p>\n<p>You can listen to Michael&#8217;s reading <a href=\"https:\/\/www.obheal.ie\/blog\/audio\/Guest Reading - MichaelJWhelan.mp3\">here<\/a>.<\/center><\/p>\n<p><font color=\"silver\"><img loading=\"lazy\" decoding=\"async\" width=\"114\" height=\"100\" border=\"1\" align=\"right\" src=\"https:\/\/www.obheal.ie\/blog\/wp-content\/uploads\/2017\/01\/MIchaelWhelanSm.jpg\"\/><\/font><font size=\"1\"><strong>Michael J. Whelan<\/strong> is a historian, soldier-poet and member of the Irish Defence Forces since 1990, where he is curator of the Air Corps Aviation Museum at Casement Aerodrome, Baldonnel. He holds an M.A. in Modern History from NUI Maynooth and served as a Peacekeeper in Lebanon and Kosovo during the conflicts in those countries. Much of his recent poetry is inspired by his and the collective experiences of Irish citizens on International U.N. Peace Support Operations with the Irish Army and has been published in France, Australia and the UK &#038; Ireland. He was 2nd Place Winner in the Patrick Kavanagh Poetry Awards and 3rd in the Jonathan Swift. He was selected to read at the Poetry Ireland Introductions Series in 2011 and his debut collection <i>Peacekeeper<\/i> was published by Doire Press in 2016.<\/p>\n<p><center>visit <a href=\"http:\/\/www.doirepress.com\/writers\/m_z\/michael_whelan\/\">www.doirepress.com\/writers\/m_z\/michael_whelan<\/a> OR <a href=\"https:\/\/michaeljwhelan.wordpress.com\/\">michaeljwhelan.wordpress.com<\/a><\/center><\/p>\n<p>&nbsp;<br \/>\n&nbsp;<\/p>\n<p><\/font><\/p>\n<hr \/>\n<p>&nbsp;<br \/>\n&nbsp;<br \/>\n&nbsp;<br \/>\n&nbsp;<br \/>\n&nbsp;<br \/>\n&nbsp;<br \/>\n&nbsp;<br \/>\n&nbsp;<br \/>\n&nbsp;<br \/>\n&nbsp;<\/p>\n","protected":false},"excerpt":{"rendered":"<p>February and March 6th February New Creative Writing from UCC You can listen to all six readers here. Poets and short fiction writers from the UCC MA Creative Writing programmes will be presented by Leanne O&#8217;Sullivan to read from their new work. Readers include Laura McKenna, Paul Asta, Mona Lynch, Kate Brock, Jacqui Corcoran and [&hellip;]<\/p>\n","protected":false},"author":1,"featured_media":0,"parent":19,"menu_order":0,"comment_status":"closed","ping_status":"closed","template":"","meta":{"_uf_show_specific_survey":0,"_uf_disable_surveys":false,"footnotes":""},"class_list":["post-6438","page","type-page","status-publish","hentry"],"_links":{"self":[{"href":"https:\/\/www.obheal.ie\/blog\/wp-json\/wp\/v2\/pages\/6438","targetHints":{"allow":["GET"]}}],"collection":[{"href":"https:\/\/www.obheal.ie\/blog\/wp-json\/wp\/v2\/pages"}],"about":[{"href":"https:\/\/www.obheal.ie\/blog\/wp-json\/wp\/v2\/types\/page"}],"author":[{"embeddable":true,"href":"https:\/\/www.obheal.ie\/blog\/wp-json\/wp\/v2\/users\/1"}],"replies":[{"embeddable":true,"href":"https:\/\/www.obheal.ie\/blog\/wp-json\/wp\/v2\/comments?post=6438"}],"version-history":[{"count":25,"href":"https:\/\/www.obheal.ie\/blog\/wp-json\/wp\/v2\/pages\/6438\/revisions"}],"predecessor-version":[{"id":6624,"href":"https:\/\/www.obheal.ie\/blog\/wp-json\/wp\/v2\/pages\/6438\/revisions\/6624"}],"up":[{"embeddable":true,"href":"https:\/\/www.obheal.ie\/blog\/wp-json\/wp\/v2\/pages\/19"}],"wp:attachment":[{"href":"https:\/\/www.obheal.ie\/blog\/wp-json\/wp\/v2\/media?parent=6438"}],"curies":[{"name":"wp","href":"https:\/\/api.w.org\/{rel}","templated":true}]}}