{"id":5671,"date":"2016-05-26T11:11:19","date_gmt":"2016-05-26T11:11:19","guid":{"rendered":"http:\/\/www.obheal.ie\/blog\/?page_id=5671"},"modified":"2016-08-08T15:11:48","modified_gmt":"2016-08-08T15:11:48","slug":"guest-55-junjul-2016","status":"publish","type":"page","link":"https:\/\/www.obheal.ie\/blog\/guest-poets\/guest-55-junjul-2016\/","title":{"rendered":"Guests (55) Jun\/Jul 2016"},"content":{"rendered":"<hr \/>\n<p><center><strong>June and July<\/strong><\/center><\/p>\n<hr \/>\n<p><center><em>6th June<\/em><\/p>\n<p><strong>Kate Dempsey<\/strong><\/p>\n<p>You can listen to Kate&#8217;s reading <a href=\"https:\/\/www.obheal.ie\/blog\/audio\/Guest Reading - Kate Dempsey 2016.mp3\">here<\/a>.<\/center><\/p>\n<p><font color=\"silver\"><img loading=\"lazy\" decoding=\"async\" width=\"100\" height=\"100\" border=\"1\" align=\"right\" src=\"https:\/\/www.obheal.ie\/blog\/wp-content\/uploads\/2016\/05\/KateDempseySm.jpg\"\/><\/font><font size=\"1\"><strong>Kate Dempsey<\/strong> is from Coventry and has lived in Maynooth, Co Kildare with her family for more than twenty years. Prizes for her writing include <em>The Plough Prize<\/em>, <em>Cecil Day Lewis Award<\/em>, shortlisting for the <em>Hennessy New Irish Writing Award<\/em> for both Poetry and Fiction and two commendations for the <em>Patrick Kavanagh Award<\/em>. She was nominated for the Forward Prize for a single poem and selected to read for Poetry Ireland Introductions. Her d\u00e9but collection, <em>The Space Between<\/em>, was published by Doire Press in 2016. She runs the <em>Poetry Divas<\/em>, a collective of women poets who blur the wobbly boundary between page and stage at events and festivals all over Ireland. <\/p>\n<p><em>&#8220;From the kitchen table to the Periodic Table, from dancing cows to drunken poets, Kate Dempsey puts our loves and lies under a powerful microscope. In poems that sparkle with an indignation tempered with good humour, it is ultimately consoling to know that love conkers (sic) all.&#8221;<\/em> &#8211; <strong>Iggy McGovern<\/strong><\/p>\n<p><em>&#8220;Kate Dempsey has a distinctive poetic voice, one that is at times humorous and knowing, often tender and frequently brave.  In a collection book-ended by love, that voice addresses life in all its frailties and crazy, unexpected strengths in poems that always go beyond mere surface and into &#8216;The Space Between&#8217;.&#8221;<\/em> &#8211; <strong>Enda Coyle-Green<\/strong><\/p>\n<p><\/font><\/p>\n<p>&nbsp;<\/p>\n<hr \/>\n<p><a name=\"13thJune\"><\/a><br \/>\n<center><em>13th June<\/em><\/p>\n<p><strong>Julie Morrissy<\/strong> and <strong>Stephen Sexton<\/strong><\/p>\n<p>You can listen to Julie&#8217;s reading <a href=\"https:\/\/www.obheal.ie\/blog\/audio\/Guest Reading - Julie Morrissy.mp3\">here<\/a>.<\/center><\/p>\n<p><font color=\"silver\"><img loading=\"lazy\" decoding=\"async\" width=\"93\" height=\"100\" border=\"1\" align=\"right\" src=\"https:\/\/www.obheal.ie\/blog\/wp-content\/uploads\/2016\/05\/JulieMorrissySm.jpg\"\/><\/font><font size=\"1\"><strong>Julie Morrissy<\/strong> lives in Dublin after spending many years in Canada and the US. In 2015 she was shortlisted for the Melita Hume Poetry Prize in the UK and selected for the Poetry Ireland Introductions Series. She has performed for international audiences and been published widely in Ireland, the UK, Canada and the US, including in <em>Cyphers, The Stinging Fly<\/em> and <em>Poetry Ireland Review<\/em>. Her debut pamphlet <em>I Am Where<\/em> is published by Eyewear and was shortlisted for Best Poetry Pamphlet in the Saboteur Awards 2016. Julie is a Vice Chancellor Research Scholar at University of Ulster, where she is pursuing her PhD In Poetry under the supervision of poet, Kathleen McCracken.<\/p>\n<p><center><font size=\"2\">You can listen to Stephen&#8217;s reading <a href=\"https:\/\/www.obheal.ie\/blog\/audio\/Guest Reading - Stephen Sexton.mp3\">here<\/a>.<\/font><\/center><\/p>\n<p><\/font><font color=\"silver\"><img loading=\"lazy\" decoding=\"async\" width=\"102\" height=\"100\" border=\"1\" align=\"right\" src=\"https:\/\/www.obheal.ie\/blog\/wp-content\/uploads\/2016\/05\/StephenSextonSm.jpg\"\/><\/font><font size=\"1\"><br \/>\n<strong>Stephen Sexton<\/strong> lives in Belfast where he is studying at the Seamus Heaney Centre for Poetry. Poems have appeared in <em>Granta<\/em>, <em>Poetry Ireland<\/em>, <em>Poetry London<\/em>, and <em>Best British Poetry 2015<\/em>. His pamphlet, <em>Oils<\/em>, published by The Emma Press in 2014 was the Poetry Book Society&#8217;s <em>Winter Pamphlet Choice<\/em>.<\/p>\n<p><\/font><\/p>\n<p>&nbsp;<\/p>\n<hr \/>\n<p><a name=\"20thJune\"><\/a><br \/>\n<center><em>20th June<\/em><\/p>\n<p><strong>Anne Tannam<\/strong><\/p>\n<p>You can listen to Anne&#8217;s reading <a href=\"https:\/\/www.obheal.ie\/blog\/audio\/Guest Reading - Anne Tannam.mp3\">here<\/a>.<\/center><\/p>\n<p><font color=\"silver\"><img loading=\"lazy\" decoding=\"async\" width=\"106\" height=\"100\" border=\"1\" align=\"right\" src=\"https:\/\/www.obheal.ie\/blog\/wp-content\/uploads\/2016\/05\/AnneTannamSm.jpg\"\/><\/font><font size=\"1\"><strong>Anne Tannam<\/strong>\u2019s poems have been published in literary journals and magazines including <em>Poetry Ireland Review<\/em>, <em>The Moth<\/em>, <em>The Poetry Bus<\/em>, <em>Crann\u00f3g<\/em>, <em>Skylight47<\/em>, <em>Burning Bush 2<\/em>, <em>Irish Literary Review<\/em>, <em>Bare Hands Poetry<\/em> and <em>Boyne Berries<\/em>. Her first book of poetry <em>Take This Life<\/em>,\u00a0was published by WordOnThe Street in 2011. Her second collection is forthcoming with Salmon Poetry in Spring 2017.<\/p>\n<p>A\u00a0spoken word artist, Anne has performed at Electric Picnic, Blackwater International Poetry Festival and C\u00fairt. She has been the featured reader at Stanzas, The Sunflower Sessions, The Monday Echo, Dublin Underground Beat and Dublin\u2019s Indie Spirit. She is co-founder of the Dublin Writers\u2019 Forum. Anne is travelling to India this October to take up a writer\u2019s residency as part of the CMI Arts Initiative Programme. <\/p>\n<p><\/font><\/p>\n<p>&nbsp;<\/p>\n<hr \/>\n<p><a name=\"27thJune\"><\/a><br \/>\n<center><em>27th June<\/em><\/p>\n<p><strong>John Hennessy<\/strong><\/p>\n<p>You can listen to John&#8217;s reading <a href=\"https:\/\/www.obheal.ie\/blog\/audio\/Guest Reading - John Hennessy.mp3\">here<\/a>.<\/center><\/p>\n<p><font color=\"silver\"><img loading=\"lazy\" decoding=\"async\" width=\"108\" height=\"100\" border=\"1\" align=\"right\" src=\"https:\/\/www.obheal.ie\/blog\/wp-content\/uploads\/2016\/05\/JohnHennessySm.jpg\"\/><\/font><font size=\"1\"><strong>John Hennessy<\/strong> is the author of two collections, <em>Coney Island Pilgrims<\/em> and <em>Bridge and Tunnel<\/em>, and his poems appear in many journals and anthologies, including <em>Best American Poetry 2013<\/em>, <em>The Believer<\/em>, <em>Poetry<\/em>, <em>Poetry Ireland Review<\/em>, <em>Fulcrum<\/em>, <em>Harvard Review<\/em>, <em>The New Republic<\/em>, <em>The Huffington Post<\/em>, <em>The Poetry Review (UK)<\/em>, <em>The Wolf<\/em>, <em>Best New Poets 2005<\/em>, and <em>The Yale Review<\/em>. Hennessy went to Princeton University on a Cane Scholarship, and he received graduate degrees from the University of Texas at Austin and the University of Arkansas. In 2007-2008 he held the Resident Fellowship in Poetry at the Amy Clampitt House, and his other honors include the Transatlantic Review Award from the Henfield Foundation and the Elizabeth Matchett Stover Memorial Award from the Southwest Review. Hennessy is the poetry editor of The Common, a print and online magazine based at Amherst College, and teaches at the University of Massachusetts Amherst. <\/p>\n<p><em>\u201cHennessy writes with a cinematographer&#8217;s scope and sweep, with a novelist&#8217;s gift for telling detail, but his poems never collapse from the weight of what they collect because his language is sinuous, agile and taut, both tough-minded and tender-hearted.\u201d<\/em> \u2013Jacquelyn Pope in Harvard Review<\/p>\n<p><\/font><\/p>\n<p>&nbsp;<\/p>\n<hr \/>\n<p><a name=\"4thJuly\"><\/a><br \/>\n<font size=\"2\"><center><em>4th July<\/em><\/p>\n<p><strong>Maggie Harris<\/strong><\/p>\n<p>You can listen to Maggie&#8217;s reading <a href=\"https:\/\/www.obheal.ie\/blog\/audio\/Guest Reading - Maggie Harris.mp3\">here<\/a>.<\/center><\/p>\n<p><font color=\"silver\"><img loading=\"lazy\" decoding=\"async\" width=\"106\" height=\"100\" border=\"1\" align=\"right\" src=\"https:\/\/www.obheal.ie\/blog\/wp-content\/uploads\/2016\/05\/MaggieHarrisSm.jpg\"\/><\/font><font size=\"1\"><strong>Maggie Harris<\/strong> was born in Guyana and after living in Kent for many years, now lives in West Wales. A poet and a prose writer, she&#8217;s performed in Europe and the Caribbean, her writing\u00a0influenced by the history and rhythms of the Caribbean as well as her life in the UK, injustice, women&#8217;s rights, botany and music. Time flows forwards and backwards in her writing and her memoir, <em>Kiskadee Girl<\/em> was a prizewinner in\u00a0the Kingston University Life Writing Competition.\u00a0She&#8217;s won the Guyana Prize for Literature twice, most recently for <em>Sixty Years of Loving<\/em>, her last poetry collection, and was Regional Winner of the Commonwealth Short Story Prize 2014. Her short story collection, In Margate by Lunchtime, was longlisted for the Edge Hill Prize.\u00a0Recent appearances include readings alongside John\u00a0Agard and Grace Nichols at the Guyana High Commission and\u00a0now represented by Renaissance One, London&#8217;s top Spoken Word Agency,\u00a0she&#8217;s part of the London\u00a0is the Place for Me\u00a0festival\u00a0at the British Library.<\/p>\n<p><\/font><\/p>\n<p>&nbsp;<\/p>\n<hr \/>\n<p><a name=\"11thJuly\"><\/a><br \/>\n<center><font size=\"2\"><em>11th July<\/em><\/p>\n<p><strong>Paul Butterfield<\/strong> and <strong>Drucilla Wall<\/strong><\/font><\/p>\n<p>You can listen to Paul&#8217;s reading <a href=\"https:\/\/www.obheal.ie\/blog\/audio\/Guest Reading - Paul Butterfield.mp3\">here<\/a>.<\/center><\/p>\n<p><font color=\"silver\"><img loading=\"lazy\" decoding=\"async\" width=\"137\" height=\"100\" border=\"1\" align=\"right\" src=\"https:\/\/www.obheal.ie\/blog\/wp-content\/uploads\/2016\/05\/PaulButterfieldSm.jpg\"\/><\/font><font size=\"1\"><strong>Paul Butterfield Jnr<\/strong>&#8230; the bi-polar poet&#8230; is coming all the way from Limavady&#8230; Co.Derry\u00a0to be with us in his debut performance in Cork. Paul can be quite a controversial poet as his main theme is the disturbia of mental illness and life in general (sex, anger and psychedelic life) but, in all honesty, Paul has an uplifting effect from his words expressing the truth and even he doesn&#8217;t want it but, maybe laughing might not be so, so far away because, even his poetry might make you giggle from its obscurity.<a href=\"https:\/\/www.facebook.com\/Paul-Butterfield-Jnr-The-Bi-polar-Poet-1577095232608672\/\" target=\"_blank\">See more about Paul here.<\/a><\/p>\n<p><center><font size=\"2\">You can listen to Drucilla&#8217;s reading <a href=\"https:\/\/www.obheal.ie\/blog\/audio\/Guest Reading - Drucilla Wall.mp3\">here<\/a>.<\/font><\/center><\/p>\n<p><\/font><font color=\"silver\"><img loading=\"lazy\" decoding=\"async\" width=\"137\" height=\"100\" border=\"1\" align=\"right\" src=\"https:\/\/www.obheal.ie\/blog\/wp-content\/uploads\/2016\/05\/DrucillaWallSm.jpg\"\/><\/font><font size=\"1\"><strong>Drucilla Wall<\/strong>\u2019s book of poetry, <em>The Geese at the Gates<\/em>, Salmon Poetry, received positive reviews from The Irish Times, the Galway Advertiser, Western American Literature, and others. She is co-editing a collection of poetry and essays\u2014<em>Thinking Continental<\/em>\u2014forthcoming from University of Nebraska Press in 2017. Her second collection of poems is forthcoming from Salmon Poetry in 2017. Individual poems and essays appear in various literary journals, and are anthologized in such books as <em>Red Lamp, Black Piano<\/em>: <em>The Caca Millis Anthology; People Who Stayed<\/em>: <em>Southeastern Indian Writing After Removal<\/em>; and <em>True West: Authenticity and the American West<\/em>. She holds a Ph.D. in English from University of Nebraska and is Associate Teaching Professor at University of Missouri-St. Louis.<\/p>\n<p><\/font><\/p>\n<p>&nbsp;<\/p>\n<hr \/>\n<p><a name=\"18thJuly\"><\/a><br \/>\n<center><font size=\"2\"><em>18th July<\/em><\/font><\/p>\n<p><font size=\"1\" color=\"green\"><strong>&#211; Bh&eacute;al<\/strong><\/font><font size=\"1\"> in association with <\/font><font size=\"1\" color=\"green\"><strong>The Community Foundation for Ireland<\/strong><\/font><font size=\"1\"> presents<\/font><\/p>\n<p><font color=\"green\"><strong>2016 Commemoration Series<\/strong><\/font> (Event 4 of 8)<\/p>\n<p><strong><em>Our Proclamation<\/em><\/strong><\/p>\n<p>You can hear the performance <a href=\"https:\/\/www.obheal.ie\/blog\/audio\/Guest Reading - Our Proclamation.mp3\">here<\/a>.<\/center><\/p>\n<p><font color=\"silver\"><img loading=\"lazy\" decoding=\"async\" width=\"135\" height=\"200\" border=\"1\" align=\"right\" src=\"https:\/\/www.obheal.ie\/blog\/wp-content\/uploads\/2016\/05\/1916-ProclamationSm.jpg\"\/><\/font><font size=\"1\"><strong>Our Proclamation<\/strong>: In 2016, Cork City Libraries and Cork Arts Office commissioned 4 writers to respond to\u00a0the centenary of the 1916 Rising\u00a0and the Proclamation of the Republic: <strong>Leanne O&#8217;Sullivan<\/strong>, Theo Dorgan, Hugo Hamilton and <strong>Doireann N\u00ed Ghr\u00edofa<\/strong>. Leanne and Doireann chose to\u00a0compose a suite of poems and found themselves considering the document itself, as well as broader themes of environmental concerns and linguistic implications. On this occasion they will be joined by experimental sound artist <strong>Mick O&#8217;Shea<\/strong>. Join us for an evening of music, of poems in both English and Irish, and projections of 1916 footage, as these three much-loved artists share their understanding of what the Proclamation holds for the Ireland of today,\u00a0and tomorrow.<\/p>\n<p><\/font><font color=\"silver\"><img loading=\"lazy\" decoding=\"async\" width=\"98\" height=\"100\" border=\"1\" align=\"right\" src=\"https:\/\/www.obheal.ie\/blog\/wp-content\/uploads\/2016\/05\/LeanneOSullivanSm.jpg\"\/><\/font><font size=\"1\"><strong>Leanne O&#8217;Sullivan<\/strong> was born in 1983, and comes from the Beara peninsula in West Cork. She received an MA in English from University College, Cork in 2006. The winner of several of Ireland&#8217;s poetry competitions in her early 20s (including the Seacat, Davoren Hanna and RTE Rattlebag Poetry Slam), she has published three collections, all from Bloodaxe,\u00a0<em>Waiting for My Clothes<\/em>\u00a0(2004),\u00a0<em>Cailleach: The Hag of Beara<\/em> (2009), winner of the Rooney Prize for Irish Literature in\u00a02010, and\u00a0<em>The Mining Road<\/em>\u00a0(2013). She was given the Ireland Chair of Poetry Bursary Award in 2009 and the Lawrence O&#8217;Shaughnessy Award for Irish Poetry in 2011, and received a UCC Alumni Award in 2012. Her work has been included in various anthologies, including Selina Guinness&#8217;s\u00a0<em>The New Irish Poets<\/em>\u00a0(Bloodaxe Books, 2004) and Billy Collins&#8217;s\u00a0<em>Poetry 180: A Turning Back to Poetry<\/em>\u00a0(Random House, 2003). Residencies and festival readings have taken her to France, India, China and America, amongst other locations.\u00a0She is currently teaching on the MA in Creative Writing at UCC.<br \/>\n\u00a0<br \/>\n<\/font><font color=\"silver\"><img loading=\"lazy\" decoding=\"async\" width=\"106\" height=\"100\" border=\"1\" align=\"right\" src=\"https:\/\/www.obheal.ie\/blog\/wp-content\/uploads\/2016\/05\/DoireannNiGhriofaSm.jpg\"\/><\/font><font size=\"1\"><strong>Doireann N\u00ed Ghr\u00edofa<\/strong> is a bilingual writer whose poems and prose regularly appear in literary journals in Ireland and internationally. Among her awards are the Ireland Chair of Poetry Bursary, the Michael Hartnett Award for Poetry and Scotland&#8217;s Wigtown Award for Gaelic Poetry.\u00a0Her third book, <em>Clasp<\/em> (Dedalus Press, 2015) was shortlisted for the\u00a02016 Irish Times Poetry Award.\u00a0She\u00a0writes <em>&#8220;with tenderness and unflinching curiosity&#8221;<\/em> (Poetry Magazine, Chicago). \u00a0\u00a0<a href=\"http:\/\/www.doireannnighriofa.com\" target=\"_blank\">www.doireannnighriofa.com<\/a><\/p>\n<p><\/font><font color=\"silver\"><img loading=\"lazy\" decoding=\"async\" width=\"106\" height=\"100\" border=\"1\" align=\"right\" src=\"https:\/\/www.obheal.ie\/blog\/wp-content\/uploads\/2016\/05\/MickOSheaSm.jpg\"\/><\/font><font size=\"1\"><strong>Mick O\u2019Shea<\/strong> lives and works in Cork city and is a member and director of the Cork Artists Collective and The Guesthouse art project <a href=\"http:\/\/www.theguesthouse.ie\" target=\"_blank\">www.theguesthouse.ie<\/a> and has been instrumental in establishing a vibrant and growing sound art scene in Cork city. He has exhibited in UK, Germany, Poland, Lithuania, Austria, Belgium, Finland, Tasmania, USA, China and Japan. All of his works spring from his essential experience in drawing. His medium includes sculpture, drawing, sound and cooking.<\/p>\n<p>In 2003 O\u2019Shea and fellow artist Stephen Brandes and Irene Murphy set up the collaborative practice, <em>The Domestic Godless<\/em> <a href=\"http:\/\/www.thedomesticgodless.com\" target=\"_blank\">www.thedomesticgodless.com<\/a> which, through performative cooking events, explores culinary activity as art practice and tests assumptions about the cultural traditions of food in challenging and often irreverent and absurdist ways. He also works with various sound artists and composers both national and international. <\/p>\n<p><\/font><font color=\"silver\"><img loading=\"lazy\" decoding=\"async\" width=\"188\" height=\"70\" border=\"0\" align=\"right\" src=\"https:\/\/www.obheal.ie\/blog\/TCFIBelongingsm.jpg\"\/><\/font><\/p>\n<p>&nbsp;<br \/>\n&nbsp;<br \/>\n&nbsp;<br \/>\n&nbsp;<\/p>\n<hr \/>\n<p><a name=\"25thJuly\"><\/a><br \/>\n<center><font size=\"2\"><em>25th July<\/em><\/font><\/p>\n<p><strong>Lorna Shaughnessy<\/strong><\/p>\n<p>You can listen to Lorna&#8217;s reading <a href=\"https:\/\/www.obheal.ie\/blog\/audio\/Guest Reading - Lorna Shaughnessy2016.mp3\">here<\/a>.<\/center><\/p>\n<p><font color=\"silver\"><img loading=\"lazy\" decoding=\"async\" width=\"108\" height=\"100\" border=\"1\" align=\"right\" src=\"https:\/\/www.obheal.ie\/blog\/wp-content\/uploads\/2016\/05\/LornaShaughnessySm.jpg\"\/><\/font><font size=\"1\"><strong>Lorna Shaughnessy<\/strong> was born in Belfast and lives in Co. Galway, Ireland. She has published three poetry collections with Salmon Poetry, <em>Torching the Brown River<\/em> (2008), <em>Witness Trees<\/em> (2011) and <em>Anchored<\/em> (2015). Her work was selected for the Forward Book of Poetry, 2009. She is also a translator of Spanish and South American Poetry. Her most recent translation was of poetry by Galician writer Manuel Rivas, <em>The Disappearance of Snow<\/em> (Shearsman Press, 2012), which was shortlisted for the UK Poetry Society\u2019s 2013 Popescu Prize for translation. She lectures in Spanish and Creative Writing in NUI, Galway. <\/p>\n<p><\/font><\/p>\n<p>&nbsp;<\/p>\n<hr \/>\n<p><a name=\"27thJuly\"><\/a><br \/>\n<center><font size=\"2\"><em>Wednesday 27th July @ 9pm<\/em><\/font><\/p>\n<p><font size=\"1\" color=\"green\"><strong>&#211; Bh&eacute;al<\/strong><\/font><font size=\"1\"> in association with <\/font><font size=\"1\" color=\"green\"><strong>The UCC School of English<\/strong><\/font><\/p>\n<p><font size=\"1\">presents a special <em>Wednesday<\/em> evening event for the<\/font> <\/p>\n<p><strong>International Association for the Study of Irish Literatures<\/strong><\/p>\n<p>You can listen to the guest readings from:<br \/>\nBenjamin Burns, Rosalin Blue, Charles Clarke, M\u00e1ir\u00edn-Rua N\u00ed Aodha,<br \/>\nHassan Baker, Rab Urquhart and Julie Goo, right <a href=\"https:\/\/www.obheal.ie\/blog\/audio\/Guest Reading - UCC IASIL 2016.mp3\">here<\/a>.<\/center><\/p>\n<p><font color=\"silver\"><img loading=\"lazy\" decoding=\"async\" width=\"210\" height=\"200\" border=\"1\" align=\"right\" src=\"https:\/\/www.obheal.ie\/blog\/wp-content\/uploads\/2016\/05\/UCCSm.jpg\"\/><\/font><font size=\"1\"><strong>The 2016 IASIL Annual Conference<\/strong>: From the 25th to the 29th July 2016, University College Cork is host to the annual meeting of the International Association for the Study of Irish Literatures. Gathering to discuss the theme of Change, writers and critics address the shaping role of literature in Irish life and consider the question of whether Irish Studies itself needs to change in the face of shifting social realities. Keynote lectures include talks by Prof Jahan Ramazani (University of Virginia), Dr Anne Mulhall (UCD) and Dr Heather Laird (UCC). The conference will feature readings by novelists Rob Doyle and Louise O&#8217;Neill; and poets Theo Dorgan, Nuala N\u00ed Dhomhnaill, Louis de Paor and Leanne O&#8217;Sullivan. There will be a Q&#038;A with filmmaker Gerry Stembridge (UCC Film Artist in Residence) and a special panel discussion of the creative legacy of Frank O&#8217;Connor.\u00a0<\/p>\n<p><center>The five word challenge will begin slightly earlier than usual at <strong>9pm<\/strong>, followed by short readings from local poets and an open-mic session.<\/p>\n<p>For full programme details, please visit the <a href=\"http:\/\/iasil2016.com\/\"><strong>IASIL Annual Conference website<\/strong><\/a>.<\/center><\/p>\n<hr \/>\n<p>&nbsp;<br \/>\n&nbsp;<br \/>\n&nbsp;<br \/>\n&nbsp;<br \/>\n&nbsp;<br \/>\n&nbsp;<br \/>\n&nbsp;<br \/>\n&nbsp;<br \/>\n&nbsp;<br \/>\n&nbsp;<\/font><\/p>\n<p><\/font><\/p>\n","protected":false},"excerpt":{"rendered":"<p>June and July 6th June Kate Dempsey You can listen to Kate&#8217;s reading here. Kate Dempsey is from Coventry and has lived in Maynooth, Co Kildare with her family for more than twenty years. Prizes for her writing include The Plough Prize, Cecil Day Lewis Award, shortlisting for the Hennessy New Irish Writing Award for [&hellip;]<\/p>\n","protected":false},"author":1,"featured_media":0,"parent":19,"menu_order":0,"comment_status":"closed","ping_status":"closed","template":"","meta":{"_uf_show_specific_survey":0,"_uf_disable_surveys":false,"footnotes":""},"class_list":["post-5671","page","type-page","status-publish","hentry"],"_links":{"self":[{"href":"https:\/\/www.obheal.ie\/blog\/wp-json\/wp\/v2\/pages\/5671","targetHints":{"allow":["GET"]}}],"collection":[{"href":"https:\/\/www.obheal.ie\/blog\/wp-json\/wp\/v2\/pages"}],"about":[{"href":"https:\/\/www.obheal.ie\/blog\/wp-json\/wp\/v2\/types\/page"}],"author":[{"embeddable":true,"href":"https:\/\/www.obheal.ie\/blog\/wp-json\/wp\/v2\/users\/1"}],"replies":[{"embeddable":true,"href":"https:\/\/www.obheal.ie\/blog\/wp-json\/wp\/v2\/comments?post=5671"}],"version-history":[{"count":0,"href":"https:\/\/www.obheal.ie\/blog\/wp-json\/wp\/v2\/pages\/5671\/revisions"}],"up":[{"embeddable":true,"href":"https:\/\/www.obheal.ie\/blog\/wp-json\/wp\/v2\/pages\/19"}],"wp:attachment":[{"href":"https:\/\/www.obheal.ie\/blog\/wp-json\/wp\/v2\/media?parent=5671"}],"curies":[{"name":"wp","href":"https:\/\/api.w.org\/{rel}","templated":true}]}}