{"id":56,"date":"2008-08-04T16:51:22","date_gmt":"2008-08-04T15:51:22","guid":{"rendered":"http:\/\/www.obheal.ie\/blog\/?page_id=56"},"modified":"2020-04-18T15:25:04","modified_gmt":"2020-04-18T15:25:04","slug":"o-bheal-open-mic-on-video","status":"publish","type":"page","link":"https:\/\/www.obheal.ie\/blog\/festival-videos-and-reviews\/o-bheal-open-mic-on-video\/","title":{"rendered":"\u00d3 Bh&eacute;al Open-Mic on Video"},"content":{"rendered":"<p><font color=\"silver\"><img loading=\"lazy\" decoding=\"async\" src=\"https:\/\/www.obheal.ie\/blog\/wp-content\/uploads\/2008\/04\/LongValley.jpg\" width=\"122\" height=\"120\" border=\"1\" align=\"right\"\/><\/font><\/p>\n<p><center><strong>\u00d3 Bh\u00e9al poets on Video<\/strong><\/center><\/p>\n<p><center>21 July 2008<\/center><\/p>\n<p>At \u00d3 Bh\u00e9al&#8217;s 65th open-mic, the camera came out for the night as Matthew Sweeney was filming for his new documentary, so we couldn&#8217;t let the opportunity pass to capture some of our famous open-micers.<br \/>\n<center><\/p>\n<hr \/>\n<p><strong>Alan Coakley<\/strong><br \/>\n<iframe loading=\"lazy\" src=\"https:\/\/www.youtube.com\/embed\/PsGMouJH29w\" allowfullscreen=\"\" width=\"490\" height=\"270\" frameborder=\"0\"><\/iframe><br \/>\n<strong>On Kevin Myers<\/strong><\/p>\n<p><iframe loading=\"lazy\" src=\"https:\/\/www.youtube.com\/embed\/HU-BgFYW4vs\" allowfullscreen=\"\" width=\"490\" height=\"270\" frameborder=\"0\"><\/iframe><br \/>\n<strong>I want to tell you<\/strong><\/p>\n<hr \/>\n<p><strong>Brian \u00d3 Murch\u00fa<\/strong><br \/>\n<iframe loading=\"lazy\" src=\"https:\/\/www.youtube.com\/embed\/nmipZeidGyE\" allowfullscreen=\"\" width=\"490\" height=\"270\" frameborder=\"0\"><\/iframe><br \/>\n<strong>I am Tree<\/strong><\/p>\n<hr \/>\n<p><strong>Konrad Fischer<\/strong><br \/>\n<iframe loading=\"lazy\" src=\"https:\/\/www.youtube.com\/embed\/29_33hbQeH0\" allowfullscreen=\"\" width=\"490\" height=\"270\" frameborder=\"0\"><\/iframe><br \/>\n<strong>The Glen<\/strong><\/p>\n<hr \/>\n<p><strong>Niall Herriott<\/strong><br \/>\n<iframe loading=\"lazy\" src=\"https:\/\/www.youtube.com\/embed\/dGvqaWyp8tQ\" allowfullscreen=\"\" width=\"490\" height=\"270\" frameborder=\"0\"><\/iframe><br \/>\n<strong>Song for a Pueblo Blanco<\/strong><\/p>\n<p><iframe loading=\"lazy\" src=\"https:\/\/www.youtube.com\/embed\/t5fOk2aQJII\" allowfullscreen=\"\" width=\"490\" height=\"270\" frameborder=\"0\"><\/iframe><br \/>\n<strong>Land of a Hundred Thousand Welcomes<\/strong><\/p>\n<hr \/>\n<p><strong>Patricia Walsh<\/strong><br \/>\n<iframe loading=\"lazy\" src=\"https:\/\/www.youtube.com\/embed\/EDS_gFN2Wm4\" allowfullscreen=\"\" width=\"490\" height=\"270\" frameborder=\"0\"><\/iframe><br \/>\n<strong>Untitled<\/strong><\/p>\n<p><iframe loading=\"lazy\" src=\"https:\/\/www.youtube.com\/embed\/Z5pH0fd25IA\" allowfullscreen=\"\" width=\"490\" height=\"270\" frameborder=\"0\"><\/iframe><br \/>\n<strong>If you still exist, sing me a song<\/strong><\/p>\n<hr \/>\n<p><\/center><\/p>\n","protected":false},"excerpt":{"rendered":"<p>\u00d3 Bh\u00e9al poets on Video 21 July 2008 At \u00d3 Bh\u00e9al&#8217;s 65th open-mic, the camera came out for the night as Matthew Sweeney was filming for his new documentary, so we couldn&#8217;t let the opportunity pass to capture some of our famous open-micers. Alan Coakley On Kevin Myers I want to tell you Brian \u00d3 [&hellip;]<\/p>\n","protected":false},"author":1,"featured_media":0,"parent":24,"menu_order":0,"comment_status":"open","ping_status":"open","template":"","meta":{"_uf_show_specific_survey":0,"_uf_disable_surveys":false,"footnotes":""},"class_list":["post-56","page","type-page","status-publish","hentry"],"_links":{"self":[{"href":"https:\/\/www.obheal.ie\/blog\/wp-json\/wp\/v2\/pages\/56","targetHints":{"allow":["GET"]}}],"collection":[{"href":"https:\/\/www.obheal.ie\/blog\/wp-json\/wp\/v2\/pages"}],"about":[{"href":"https:\/\/www.obheal.ie\/blog\/wp-json\/wp\/v2\/types\/page"}],"author":[{"embeddable":true,"href":"https:\/\/www.obheal.ie\/blog\/wp-json\/wp\/v2\/users\/1"}],"replies":[{"embeddable":true,"href":"https:\/\/www.obheal.ie\/blog\/wp-json\/wp\/v2\/comments?post=56"}],"version-history":[{"count":4,"href":"https:\/\/www.obheal.ie\/blog\/wp-json\/wp\/v2\/pages\/56\/revisions"}],"predecessor-version":[{"id":15321,"href":"https:\/\/www.obheal.ie\/blog\/wp-json\/wp\/v2\/pages\/56\/revisions\/15321"}],"up":[{"embeddable":true,"href":"https:\/\/www.obheal.ie\/blog\/wp-json\/wp\/v2\/pages\/24"}],"wp:attachment":[{"href":"https:\/\/www.obheal.ie\/blog\/wp-json\/wp\/v2\/media?parent=56"}],"curies":[{"name":"wp","href":"https:\/\/api.w.org\/{rel}","templated":true}]}}