{"id":5075,"date":"2016-01-24T15:06:28","date_gmt":"2016-01-24T15:06:28","guid":{"rendered":"http:\/\/www.obheal.ie\/blog\/?page_id=5075"},"modified":"2016-04-17T17:32:19","modified_gmt":"2016-04-17T17:32:19","slug":"guests-53-febmar-2016","status":"publish","type":"page","link":"https:\/\/www.obheal.ie\/blog\/guest-poets\/guests-53-febmar-2016\/","title":{"rendered":"Guests (53) Feb\/Mar 2016"},"content":{"rendered":"<hr \/>\n<p><center><strong>February and March<\/strong><\/center><\/p>\n<hr \/>\n<p><center><em>1st February<\/em><\/p>\n<p><strong>New Creative Writing from UCC<\/strong><\/center><\/p>\n<p><font size=\"1\">Poets and short fiction writers from the <strong>UCC MA Creative Writing<\/strong> programmes will be presented by Leanne O&#8217;Sullivan to read from their new work. Readers include<strong> Jenni deBie, Una Ni Cheallaigh, Ciara McCarthy, Rosi Lalor<\/strong> and <strong>Kathy D&#8217;Arcy<\/strong>. <\/p>\n<p><center><font size=\"2\">You can listen to Jenni&#8217;s reading <a href=\"https:\/\/www.obheal.ie\/blog\/audio\/Guest Reading - UCC Creative Writing - Jenny deBie 2016.mp3\">here<\/a>.<\/font><\/center><\/p>\n<p><\/font><font color=\"silver\"><img loading=\"lazy\" decoding=\"async\" width=\"91\" height=\"100\" border=\"1\" align=\"right\" src=\"https:\/\/www.obheal.ie\/blog\/wp-content\/uploads\/2016\/01\/JennyDeBieSm.jpg\"\/><\/font><font size=\"1\"><strong>Jenni deBie<\/strong> is a recent graduate of Angelo State University, a tiny east Texas school she is sure no one has heard of, where she had the opportunity to present her poetry at conferences across the US.  She is currently studying in Cork because if a native Texan wants to learn to be a proper poet, what better place than Ireland?<br \/>\n&nbsp;<\/p>\n<p><center><font size=\"2\">You can listen to Una&#8217;s reading <a href=\"https:\/\/www.obheal.ie\/blog\/audio\/Guest Reading - UCC Creative Writing - Una Ni Cheallaigh 2016.mp3\">here<\/a>.<\/font><\/center><\/p>\n<p><\/font><font color=\"silver\"><img loading=\"lazy\" decoding=\"async\" width=\"100\" height=\"100\" border=\"1\" align=\"right\" src=\"https:\/\/www.obheal.ie\/blog\/wp-content\/uploads\/2016\/01\/UnaNiCheallaighSm.jpg\"\/><\/font><font size=\"1\"><strong>Una Ni Cheallaigh<\/strong> was born in Dublin. Her first collection, <em>Salamander Crossing<\/em>, was published by Lapwing, Belfast in 2011. More recent poems are in the Autumn 2015 editions of <em>The Stony Thursday Book<\/em> and <em>Poetry Salzburg Review<\/em>.<br \/>\n&nbsp;<br \/>\n&nbsp;<\/p>\n<p><center><font size=\"2\">You can listen to Ciara&#8217;s reading <a href=\"https:\/\/www.obheal.ie\/blog\/audio\/Guest Reading - UCC Creative Writing - Ciara McCarthy 2016.mp3\">here<\/a>.<\/font><\/center><\/p>\n<p><\/font><font color=\"silver\"><img loading=\"lazy\" decoding=\"async\" width=\"98\" height=\"100\" border=\"1\" align=\"right\" src=\"https:\/\/www.obheal.ie\/blog\/wp-content\/uploads\/2016\/01\/CiaraMcCarthySm.jpg\"\/><\/font><font size=\"1\"><strong>Ciara McCarthy<\/strong> holds a BA in Irish and English from UCC and is in her second year of the MA in Creative Writing. Her favourite book is The Great Gatsby by F. Scott Fitzgerald. New York is her favourite city and it is Ciara\u2019s dream to live there some day. Her parents have encouraged her both personally and creatively throughout her life and she credits her love of literature to them both.<\/p>\n<p><center><font size=\"2\">You can listen to Rosi&#8217;s reading <a href=\"https:\/\/www.obheal.ie\/blog\/audio\/Guest Reading - UCC Creative Writing - Rosie Lalor 2016.mp3\">here<\/a>.<\/font><\/center><\/p>\n<p><\/font><font color=\"silver\"><img loading=\"lazy\" decoding=\"async\" width=\"100\" height=\"106\" border=\"1\" align=\"right\" src=\"https:\/\/www.obheal.ie\/blog\/wp-content\/uploads\/2016\/01\/RosiLalorSm.jpg\"\/><\/font><font size=\"1\"><strong>Rosi Lalor<\/strong> made her way to Cork from Liverpool via Madrid, Manchester, London, Brighton and Dublin. She made her way to poetry via all manner of trials, tribulations and observations. In 2012 she released an album of original songs called <em><a href=\"http:\/\/www.rosilalor.com\" target=\"_blank\">Flowers For The Living<\/a><\/em> and is currently on the MA in Creative Writing programme at UCC.<br \/>\n&nbsp;<br \/>\n&nbsp;<\/p>\n<p><center><font size=\"2\">You can listen to Kathy&#8217;s reading <a href=\"https:\/\/www.obheal.ie\/blog\/audio\/Guest Reading - UCC Creative Writing - Kathy Darcy 2016.mp3\">here<\/a>.<\/font><\/center><\/p>\n<p><\/font><font color=\"silver\"><img loading=\"lazy\" decoding=\"async\" width=\"83\" height=\"100\" border=\"1\" align=\"right\" src=\"https:\/\/www.obheal.ie\/blog\/wp-content\/uploads\/2016\/01\/KathyDarcySm.jpg\"\/><\/font><font size=\"1\"><strong>Kathy D&#8217;Arcy<\/strong> is a poet, workshop facilitator and youth worker based in Cork city.  Originally trained as a doctor she has published two collections of poetry &#8211; her most recent entitled <i>The Wild Pupil<\/i>.  In 2013 she was awarded an Arts Council Literature Bursary and in 2014 an Irish Research Council Award.  She is currently undertaking a PhD in Creative Writing at UCC.<br \/>\n&nbsp;<\/p>\n<p><\/font><\/p>\n<p>&nbsp;<\/p>\n<hr \/>\n<p><a name=\"8thFebruary\"><\/a><br \/>\n<center><em>8th February<\/em><\/p>\n<p><strong>Madelaine MacNamara<\/strong><\/p>\n<p>You can listen to Madelaine&#8217;s reading <a href=\"https:\/\/www.obheal.ie\/blog\/audio\/Guest Reading - Madelaine MacNamara.mp3\">here<\/a>.<\/center><\/p>\n<p><font color=\"silver\"><img loading=\"lazy\" decoding=\"async\" width=\"100\" height=\"100\" border=\"1\" align=\"right\" src=\"https:\/\/www.obheal.ie\/blog\/wp-content\/uploads\/2016\/01\/MadelineMacNamaraSm.jpg\"\/><\/font><font size=\"1\"><strong>Madelaine MacNamara<\/strong> grew up in France and has lived in Cork for 48 years. She has a French Arts Degree and an Irish H. Dip. Ed., and is a trained yoga teacher. She has been published in <em>Southword<\/em>, <em>The SHOp<\/em>, <em>Crann\u00f3g<\/em>, <em>Cyphers<\/em>, <em>Riposte<\/em>, <em>Women\u2019s Work<\/em>, <em>Poems for Lunasa<\/em> and many more journals besides. Her d\u00e9but collection <em>The Riddle of Waterfalls<\/em> (Bradshaw Books, 2015) has been shortlisted for 2016 Shine\/Strong Award for best first collection.<\/p>\n<p>She was a runner-up the <em>South Tipperary Writers Literary Competition<\/em> two years running, longlisted for the 2013 <em>Gregory O\u2019Donoghue Poetry Competition<\/em> and the 2014 <em>Fish Poetry Award<\/em>. In December 2014 she won the <em>Cork Literary Review International Poetry Competition<\/em> with her manuscript <em>The Riddle of Waterfalls<\/em>, which was launched in October 2015 at the Cork City Library. She is a member of the Ballyphehane Women\u2019s Poetry Group and <em>Cercle d\u2019Ecriture<\/em> at the Alliance Fran\u00e7aise de Cork.<br \/>\n<\/font><\/p>\n<p>&nbsp;<\/p>\n<hr \/>\n<p><a name=\"15thFebruary\"><\/a><br \/>\n<center><em>15th February<\/em><\/p>\n<p><strong>Maeve O\u2019Sullivan<\/strong><\/p>\n<p>You can listen to Maeve&#8217;s reading <a href=\"https:\/\/www.obheal.ie\/blog\/audio\/Guest Reading - Maeve O'Sullivan 2016.mp3\">here<\/a>.<\/center><\/p>\n<p><font color=\"silver\"><img loading=\"lazy\" decoding=\"async\" width=\"100\" height=\"100\" border=\"1\" align=\"right\" src=\"https:\/\/www.obheal.ie\/blog\/wp-content\/uploads\/2016\/01\/MaeveOSullivanSm.jpg\"\/><\/font><font size=\"1\"><strong>Maeve O\u2019Sullivan<\/strong> works as a Journalism and Communications lecturer in further education in Dublin. Her poems and haiku have been widely published, anthologized and translated in Irish and international journals over the last twenty years. She has published three collections with Alba Publishing (UK):  <em>Initial Response<\/em> (haiku, 2011), <em>Vocal Chords<\/em> (poetry, 2014) and <em>A Train Hurtles West<\/em> (haiku, 2015). Maeve is a founder member of <em>Haiku Ireland<\/em> and the <em>Hibernian Poetry Workshop<\/em>, and she also performs at festivals and other events with <em>The Poetry Divas<\/em> collective of women poets. She conducts workshops in haiku with adults and children. <a href=\"http:\/\/www.twitter.com\/maeveos\" target=\"_blank\">www.twitter.com\/maeveos<\/a> and <a href=\"http:\/\/www.albapublishing.com\" target=\"_blank\">www.albapublishing.com<\/a> (publisher).<br \/>\n<\/font><\/p>\n<p>&nbsp;<\/p>\n<hr \/>\n<p><a name=\"22ndFebruary\"><\/a><br \/>\n<center><em>22nd February<\/em><\/p>\n<p><strong>John MacKenna<\/strong><\/p>\n<p>You can listen to John&#8217;s reading <a href=\"https:\/\/www.obheal.ie\/blog\/audio\/Guest Reading - John MacKenna.mp3\">here<\/a>.<\/center><\/p>\n<p><font color=\"silver\"><img loading=\"lazy\" decoding=\"async\" width=\"99\" height=\"100\" border=\"1\" align=\"right\" src=\"https:\/\/www.obheal.ie\/blog\/wp-content\/uploads\/2016\/01\/JohnMacKennaSm.jpg\"\/><\/font><font size=\"1\"><strong>John MacKenna<\/strong> is the author of eighteen books &#8211; novels; short stories; memoir; poetry and a best-selling biography of Ernest Shackleton. He is a winner of the Irish Times, Hennessy and C Day Lewis Awards. He is currently Writer in Residence in Co. Carlow and reaches creative writing at NUI Maynooth. His most recent books are the poetry collection <em>By the Light of Four Moons<\/em> (Doire Press 2015) and the novel <em>Joseph<\/em> (New Island 2014). His collection <em>Where Sadness Begins<\/em> was published by Salmon Poetry in 2012. His adaptation for children of Ernest Shackleton&#8217;s <em>South<\/em> will be published in June (Real Reads in Britain) and his next collection of short-stories, <em>We Sang Once Like Other Men<\/em> will be published in Feb 2017 (New Island). MacKenna is the author of ten stage plays and a number of radio plays and is a frequent contributor to RTE. His play <em>Corner Boys<\/em> begins a national tour in March of this year.<\/p>\n<p><\/font><\/p>\n<p>&nbsp;<\/p>\n<hr \/>\n<p><a name=\"29thFebruary\"><\/a><br \/>\n<center><em>29th February<\/em><\/p>\n<p><strong>Anne Marie Kennedy<\/strong> and <strong>Sean Ruane<\/strong><\/p>\n<p><font size=\"2\">You can listen to Anne Marie&#8217;s reading <a href=\"https:\/\/www.obheal.ie\/blog\/audio\/Guest Reading - Anne Marie Kennedy.mp3\">here<\/a>.<\/font><\/center><\/p>\n<p><font color=\"silver\"><img loading=\"lazy\" decoding=\"async\" width=\"102\" height=\"100\" border=\"1\" align=\"right\" src=\"https:\/\/www.obheal.ie\/blog\/wp-content\/uploads\/2016\/01\/AnneMarieKennedySm.jpg\"\/><\/font><font size=\"1\"><strong>Anne Marie Kennedy<\/strong> is the winner of the Molly Keane Creative Writing Award 2014. She was shortlisted for the Irish Times New Writer\/Hennessy Award 2015 and long listed for Writing.ie Short Story of the Year 2015. Her prose and poetry has been published in <em>ROPES, Blackheart Magazine, the Colony, the Manchester Review, the SHOp, Boyne Berries, the Galway Review, Irish Central<\/em> and various others in Ireland and the UK. Her nonfiction essays are published in <em>The New Hibernia Review<\/em>, St. Paul, Minnesota, USA.    <\/p>\n<p>Anne Marie has performed at Boyle Arts Festival, Yeats Society Sligo, Inis Writers, Galway Fringe Festival, Shorelines Arts Festival, Baffle Poetry Festival, C\u00fairt International Festival of Literature and Electric Picnic 2015. As a freelance writer, she contributes to Sunday Miscellany on RTE Radio and Irish Music Magazine. She holds a Masters in Writing, (1st), from NUI Galway and mentors students of English &#038; Creative Writing at NUI Galway and facilitates writing workshops. <\/p>\n<p><center><font size=\"2\">You can listen to Sean&#8217;s reading <a href=\"https:\/\/www.obheal.ie\/blog\/audio\/Guest Reading - Sean Ruane.mp3\">here<\/a>.<\/font><\/center><\/p>\n<p><font color=\"silver\"><img loading=\"lazy\" decoding=\"async\" width=\"110\" height=\"100\" border=\"1\" align=\"right\" src=\"https:\/\/www.obheal.ie\/blog\/wp-content\/uploads\/2016\/01\/SeanRuaneSm.jpg\"\/><\/font><font size=\"1\"><strong>Sean Ruane<\/strong> is a poet from Meath. Having first been published by David Marcus in the <em>Phoenix Irish Short Stories<\/em> collection, Sean turned to poetry. He reads regularly around the country, recently at Trinity College and at Dublin Castle. He brought his work to the 2015 <em>Lingo<\/em> Festival in Dublin and to the <em>Fringe<\/em> in Edinburgh in 2013. Sean has published his poems and short stories in a number of journals, including <em>Kaleidotrope<\/em>, <em>Boyne Berries<\/em> and most recently in <i><a href=\"http:\/\/issuu.com\/thepickledbody\/docs\/the_pickled_body_2.1_quantum\">The Pickled Body<\/a><\/i>.<\/p>\n<p><\/font><\/p>\n<p><\/font><\/p>\n<p>&nbsp;<\/p>\n<hr \/>\n<p><a name=\"7thMarch\"><\/a><br \/>\n<center><em>7th March<\/em><\/p>\n<p><font size=\"1\" color=\"green\"><strong>&#211; Bh&eacute;al<\/strong><\/font><font size=\"1\"> in association with <\/font><font size=\"1\" color=\"green\"><strong>Foras na Gaeilge<\/strong><\/font><font size=\"1\"> presents<\/font><\/p>\n<p><strong>Paul \u00d3 Colm\u00e1in<\/strong><\/p>\n<p>You can listen to Paul&#8217;s performance <a href=\"https:\/\/www.obheal.ie\/blog\/audio\/Guest Reading - Paul O Colmain.mp3\">here<\/a>.<\/center><\/p>\n<p><font color=\"silver\"><img loading=\"lazy\" decoding=\"async\" width=\"128\" height=\"100\" border=\"1\" align=\"right\" src=\"https:\/\/www.obheal.ie\/blog\/wp-content\/uploads\/2016\/01\/PaulOColmainSm.jpg\"\/><\/font><font size=\"1\"><strong>Paul \u00d3 Colm\u00e1in<\/strong> is a poet, musician, songwriter and visual artist living and working in West Cork, Ireland. Along with his partner Marie he manages the Working Artist Studios (WAS), a popular art centre in Skibbereen where they curate exhibitions and events, including an annual 12-hour poetry marathon. He was a winner of the inaugural <em>Poet\u2019s Podium<\/em>, 1995 run by Samhla\u00edocht Chiarra\u00ed and is a regular contributor of poems in both Irish and English to many journals and anthologies. He is also an Irish language teacher and leads walking tours so that he can eat. For more about Paul visit <a href=\"http:\/\/www.paulocolmain.com\" target=\"_blank\">www.paulocolmain.com<\/a><\/p>\n<p><em>\u201cIn his poetry, Paul is known for the delicacy of his lyrics and the musicality of his lines, while his music shows his humour and tenderness, as well as his deeply romantic and questing soul.\u201d<\/em> &#8211;  <strong>James Harpur<\/strong><\/p>\n<p><\/font><\/p>\n<p>&nbsp;<\/p>\n<hr \/>\n<p><a name=\"14thMarch\"><\/a><br \/>\n<center><em>14th March<\/em><\/p>\n<p><strong>Connie Voisine<\/strong><\/p>\n<p>You can listen to Connie&#8217;s reading <a href=\"https:\/\/www.obheal.ie\/blog\/audio\/Guest Reading - Connie Voisine.mp3\">here<\/a>.<\/center><\/p>\n<p><font color=\"silver\"><img loading=\"lazy\" decoding=\"async\" width=\"100\" height=\"100\" border=\"1\" align=\"right\" src=\"https:\/\/www.obheal.ie\/blog\/wp-content\/uploads\/2016\/01\/ConnieVoisineSm.jpg\"\/><\/font><font size=\"1\"><strong>Connie Voisine<\/strong> is the author of the forthcoming book of poems, <em>Calle Florista<\/em>, from University of Chicago Press. Her previous book, <em>Rare High Meadow of Which I Might Dream<\/em> (2008), also published by University of Chicago Press, was a finalist for the Los Angeles Times Book Award. Her first book, <em>Cathedral of the North<\/em> (University of Pittsburgh Press, 2001), won the Associated Writing Program&#8217;s Award in Poetry. <\/p>\n<p>She has poems published in <em>The Georgia Review, Ploughshares, Poetry Magazine, Black Warrior Review, The Threepenny Review<\/em>, and elsewhere. Her work was featured at <em>The Lab at Belmar<\/em>, a museum show pairing prehistoric stone tools with poems. <\/p>\n<p>Educated at Yale University, University of California at Irvine, and University of Utah, Voisine teaches in the creative writing program at New Mexico State University and also coordinates La Sociedad para las Artes, its outreach organization. A past fellow at Breadloaf, she is returning to Belfast, Northern Ireland for a sabbatical, where she was a Fulbright Fellow in the School of English at Queen&#8217;s University in 2012.<br \/>\n<\/font><\/p>\n<p>&nbsp;<\/p>\n<hr \/>\n<p><a name=\"21stMarch\"><\/a><br \/>\n<center><em>21st March<\/em><\/p>\n<p><strong>James Arthur<\/strong><\/p>\n<p>You can listen to James&#8217; reading <a href=\"https:\/\/www.obheal.ie\/blog\/audio\/Guest Reading - James Arthur.mp3\">here<\/a>.<\/center><\/p>\n<p><font color=\"silver\"><img loading=\"lazy\" decoding=\"async\" width=\"79\" height=\"100\" border=\"1\" align=\"right\" src=\"https:\/\/www.obheal.ie\/blog\/wp-content\/uploads\/2016\/01\/JamesArthurSm.jpg\"\/><\/font><font size=\"1\"><strong>James Arthur<\/strong>\u2019s poems have appeared in <em>The New Yorker, Poetry, The New York Review of Books, The New Republic<\/em> and <em>The American Poetry Review<\/em>. He has received an Amy Lowell Travelling Poetry Scholarship, a Wallace Stegner Fellowship, a Hodder Fellowship and a Discovery\/The Nation Prize. His d\u00e9but is <em>Charms Against Lightning<\/em> (Copper Canyon Press, 2012). He lives in Baltimore and teaches in the Writing Seminars at Johns Hopkins University. In 2016 he will be the Fulbright Distinguished Scholar in Creative Writing at Queen\u2019s University Belfast.<\/p>\n<p><\/font><\/p>\n<p>&nbsp;<\/p>\n<hr \/>\n<p><a name=\"28thMarch\"><\/a><br \/>\n<center><em>28th March<\/em><\/p>\n<p><font size=\"1\" color=\"green\"><strong>&#211; Bh&eacute;al<\/strong><\/font><font size=\"1\"> in association with <\/font><font size=\"1\" color=\"green\"><strong>The Community Foundation for Ireland<\/strong><\/font><\/p>\n<p><font size=\"1\">and <\/font><font size=\"1\" color=\"green\"><strong>Foras na Gaeilge<\/strong><\/font><font size=\"1\"> presents<\/font><\/p>\n<p><font color=\"green\"><strong>2016 Commemoration Series<\/strong> (Event 2 of 8): <strong>Easter Monday<\/strong><\/font><\/p>\n<p><em>Blood on the Rose \/ Fuil ar an R\u00f3s &#8211; <strong>The poems of 1916<\/strong><\/em><\/p>\n<p><strong>Gabriel Rosenstock<\/strong>, <strong>Cathal Quinn<\/strong> &#038; <strong>Enda Reilly<\/strong><\/p>\n<p>You can listen to the entire performance <a href=\"https:\/\/www.obheal.ie\/blog\/audio\/Guest Reading - Blood on the Rose.mp3\">here<\/a>.<\/center><\/p>\n<p><font color=\"silver\"><img loading=\"lazy\" decoding=\"async\" width=\"199\" height=\"106\" border=\"1\" align=\"right\" src=\"https:\/\/www.obheal.ie\/blog\/wp-content\/uploads\/2016\/01\/bloodroseSm.jpg\"\/><\/font><font size=\"1\">The CD <em>Blood on the Rose\/Fuil ar an R\u00f3s<\/em> features the poetry of 1916 with music and song; with poems translated by Gabriel Rosenstock it features Gabriel, Cathal Quinn, Enda Reilly, S\u00edle Denvir, Sadhbh Ni Fhloinn, John Blake, Ois\u00edn Mac Diarmada and was produced by Tristan Rosenstock. It has been supported by <em>Foras na Gaeilge<\/em> and UNESCO Dublin City of Literature. For \u00d3 Bh\u00e9al, Gabriel, Cathal and Enda will be reciting and singing some of the material on the CD, plus more poems by Yeats in English and Irish, translated by Gabriel. <\/p>\n<p>The evening will also feature additional readings of a variety of poems from 1916 by local poets, as well as screenings of silent footage from the era.<\/font><\/p>\n<p><font color=\"silver\"><img loading=\"lazy\" decoding=\"async\" width=\"79\" height=\"100\" border=\"1\" align=\"right\" src=\"https:\/\/www.obheal.ie\/blog\/wp-content\/uploads\/2016\/01\/GabrielRosenstockSm.jpg\"\/><\/font><font size=\"1\"><strong>Gabriel Rosenstock<\/strong> was born c. 1949 in the barony of Cois Sl\u00e9ibhe in postcolonial Ireland. Author-translator of over 180 books, his latest title is <i>Antlered Stag of Dawn<\/i>, haiku in Irish, Scots, English and Japanese. (The Onslaught Press, Oxford, UK). Gabriel is a Lineage Holder of Celtic Buddhism.<br \/>\n&nbsp;<br \/>\n&nbsp;<\/p>\n<p><\/font><font color=\"silver\"><img loading=\"lazy\" decoding=\"async\" width=\"100\" height=\"100\" border=\"1\" align=\"right\" src=\"https:\/\/www.obheal.ie\/blog\/wp-content\/uploads\/2016\/01\/CathalQuinnSm.jpg\"\/><\/font><font size=\"1\"><strong>Cathal Quinn<\/strong> is Artistic Director of <em>Guthanna Binne S\u00edora\u00ed\/Everlasting Voices<\/em> and <em>Mouth on Fire Theatre Company<\/em>. He is Head of Voice at <em>The Lir<\/em>, Trinity College and has worked on more than twenty plays for the Gate Theatre. Cathal has brought the poetry of Beckett, Heaney and Yeats to Japan, India, Dublin and Belfast. He has directed more than twenty of Beckett\u2019s plays and prose, five in Irish; three of Yeats\u2019s plays and numerous works of Shakespeare. He has also adapted stories by Oscar Wilde, Shakespeare\u2019s <em>A Midsummer Night&#8217;s Dream<\/em> and has written plays about Keats \u2013 which toured to Toronto, Edinburgh, London and St Petersburg &#8211; and World War I which played in Dublin Castle\u2019s Chapel Royal. Film\/TV work includes, notably: <em>Charlie, Albert Nobbs, Eden, Love\/Hate, Stella Days<\/em> and <em>Parked<\/em>. <\/p>\n<p><\/font><font color=\"silver\"><img loading=\"lazy\" decoding=\"async\" width=\"100\" height=\"100\" border=\"1\" align=\"right\" src=\"https:\/\/www.obheal.ie\/blog\/wp-content\/uploads\/2016\/01\/EndaReillySm.jpg\"\/><\/font><font size=\"1\"><strong>Enda Reilly<\/strong> is a singer, guitarist and songwriter from Dublin whose projects include <em>New Songs In Irish<\/em>, his <em>Climate Change Songs Workshops<\/em>, <em>Arise and Go!<\/em> a collaboration with poet Stephen James Smith. He has also written music as part of a poetic play, <em>Everlasting Voices<\/em> which has taken him to India and Japan. He has been facilitating his Climate Change Songs Workshops in schools and libraries for the last 5 years in the greater Dublin area. These are based on his songs about Climate Change and his love of science which he has never lost since getting his degree in Geology from UCD.<\/p>\n<p>Enda is a former winner of the <em>Christie Hennessy Song Competition<\/em>, <em>Com\u00f3rtas Amhr\u00e1in R\u00f3n\u00e1n Beo @3<\/em> and has represented Ireland with songs in minority language song competitions. He has played concerts with John Spillane, Kila, Liam O Maonlai, \u00a0R\u00f3n\u00e1n O Snodaigh and John Prine amongst others. He has recently released his latest album, Whorls, a selection of WB Yeats&#8217;s poetry set to music. <a href=\"http:\/\/www.endareilly.com\" target=\"_blank\">www.endareilly.com<\/a><\/p>\n<p><\/font><font color=\"silver\"><img loading=\"lazy\" decoding=\"async\" width=\"188\" height=\"70\" border=\"0\" align=\"right\" src=\"https:\/\/www.obheal.ie\/blog\/TCFIBelongingsm.jpg\"\/><\/font><br \/>\n&nbsp;<br \/>\n&nbsp;<br \/>\n&nbsp;<\/p>\n<hr \/>\n<p>&nbsp;<br \/>\n&nbsp;<br \/>\n&nbsp;<br \/>\n&nbsp;<br \/>\n&nbsp;<br \/>\n&nbsp;<br \/>\n&nbsp;<br \/>\n&nbsp;<br \/>\n&nbsp;<br \/>\n&nbsp;<\/p>\n","protected":false},"excerpt":{"rendered":"<p>February and March 1st February New Creative Writing from UCC Poets and short fiction writers from the UCC MA Creative Writing programmes will be presented by Leanne O&#8217;Sullivan to read from their new work. Readers include Jenni deBie, Una Ni Cheallaigh, Ciara McCarthy, Rosi Lalor and Kathy D&#8217;Arcy. You can listen to Jenni&#8217;s reading here. [&hellip;]<\/p>\n","protected":false},"author":1,"featured_media":0,"parent":19,"menu_order":0,"comment_status":"closed","ping_status":"closed","template":"","meta":{"_uf_show_specific_survey":0,"_uf_disable_surveys":false,"footnotes":""},"class_list":["post-5075","page","type-page","status-publish","hentry"],"_links":{"self":[{"href":"https:\/\/www.obheal.ie\/blog\/wp-json\/wp\/v2\/pages\/5075","targetHints":{"allow":["GET"]}}],"collection":[{"href":"https:\/\/www.obheal.ie\/blog\/wp-json\/wp\/v2\/pages"}],"about":[{"href":"https:\/\/www.obheal.ie\/blog\/wp-json\/wp\/v2\/types\/page"}],"author":[{"embeddable":true,"href":"https:\/\/www.obheal.ie\/blog\/wp-json\/wp\/v2\/users\/1"}],"replies":[{"embeddable":true,"href":"https:\/\/www.obheal.ie\/blog\/wp-json\/wp\/v2\/comments?post=5075"}],"version-history":[{"count":0,"href":"https:\/\/www.obheal.ie\/blog\/wp-json\/wp\/v2\/pages\/5075\/revisions"}],"up":[{"embeddable":true,"href":"https:\/\/www.obheal.ie\/blog\/wp-json\/wp\/v2\/pages\/19"}],"wp:attachment":[{"href":"https:\/\/www.obheal.ie\/blog\/wp-json\/wp\/v2\/media?parent=5075"}],"curies":[{"name":"wp","href":"https:\/\/api.w.org\/{rel}","templated":true}]}}