{"id":4952,"date":"2015-11-29T13:11:58","date_gmt":"2015-11-29T13:11:58","guid":{"rendered":"http:\/\/www.obheal.ie\/blog\/?page_id=4952"},"modified":"2025-06-09T13:55:55","modified_gmt":"2025-06-09T13:55:55","slug":"guests-52-dec-15jan-16","status":"publish","type":"page","link":"https:\/\/www.obheal.ie\/blog\/guest-poets\/guests-52-dec-15jan-16\/","title":{"rendered":"Guests (52) Dec 15\/Jan 16"},"content":{"rendered":"<hr \/>\n<p><center><strong>December and January<\/strong><\/center><\/p>\n<hr \/>\n<p><center><em>7th December<\/em><\/p>\n<p><strong>Rozalie Hirs<\/strong><\/p>\n<p>You can listen to Rozalie&#8217;s reading <a href=\"https:\/\/www.obheal.ie\/blog\/audio\/Guest Reading - Rozalie Hirs 2015.mp3\">here<\/a>.<\/center><\/p>\n<p><font color=\"grey\" size=\"1\">Photo: Bianca Sistermans<\/font><br \/>\n<font color=\"silver\"><img loading=\"lazy\" decoding=\"async\" width=\"100\" height=\"100\" border=\"1\" align=\"right\" src=\"https:\/\/www.obheal.ie\/blog\/wp-content\/uploads\/2015\/11\/RozalieHirsSm.jpg\"\/><\/font><font size=\"1\"><strong>Rozalie Hirs<\/strong> is a contemporary Dutch composer and poet. Her poetry and music are lyrical as well as experimental. The principal concerns of her work are in the adventure of listening, reading, and the imagination. Her poetry includes both printed collections and digital poetry: interactive poems created in collaboration with visual artists, and graphic designers. Her music consists of vocal, orchestral, and electronic compositions. She often combines traditional instruments with electronic sounds. She is a regular performer of her compositions for voice and electronic sounds; mostly at international poetry festivals. Her music scores are published by Donemus and her CDs by Attacca. <\/p>\n<p>Her poetry books, all from Querido (Amsterdam) are <em>Locus<\/em> (1998), <em>Logos<\/em> (2002), <em>Speling<\/em> (2005), <em>Geluksbrenger<\/em> (2008) and <em>work in stuttering<\/em> (2012). Performers of her music include Amsterdam Sinfonietta, Asko|Sch\u00f6nberg, Bozzini Quartet, Klangforum Wien, the Netherlands Radio Philharmonic Orchestra, and Slagwerk Den Haag.<\/p>\n<p><em>&#8220;It should be said that Rozalie Hirs writes beautiful poetry. She has great control of language and sensibility and often invents original metaphors.\u201d<\/em> &#8211;  <b>Rogi Wieg<\/b>, Het Parool<\/p>\n<p><center><font color=\"green\"><a href=\"http:\/\/www.rozaliehirs.com\" target=\"_blank\">www.rozaliehirs.com<\/a><\/font><\/center><\/p>\n<p><\/font><\/p>\n<hr \/>\n<p><a name=\"14thDecember\"><\/a><br \/>\n<center><em>14th December<\/em><\/p>\n<p><strong>Philippe Beck<\/strong><\/p>\n<p>You can listen to Philippe&#8217;s reading <a href=\"https:\/\/www.obheal.ie\/blog\/audio\/Guest Reading - Philippe Beck.mp3\">here<\/a>.<\/center><\/p>\n<p><font color=\"silver\"><img loading=\"lazy\" decoding=\"async\" width=\"100\" height=\"100\" border=\"1\" align=\"right\" src=\"https:\/\/www.obheal.ie\/blog\/wp-content\/uploads\/2015\/11\/PhilippeBeckSm.jpg\"\/><\/font><font size=\"1\"><strong>Philippe Beck<\/strong> was born in Strasbourg in 1963 and is a leading French poet, writer and professor for Philosophy at both the University of Nantes in France and the European Graduate School in Saas-Fee, Switzerland. He is the author of some fifteen books of poetry, including <em>Garde-manche hypocrite<\/em> (Fourbis, 1996), <em>Chambre \u00e0 roman fusible<\/em> (Al Dante, 1997), <em>Verre de l&#8217;\u00e9poque Sur-Eddy<\/em> (Al Dante, 1998), <em>Rude merveilleux<\/em> (Al Dante, 1998), <em>Le Ferm\u00e9 de l&#8217;\u00e9poque<\/em> (Al Dante, 1999), <em>Derni\u00e8re mode familiale<\/em> (Flammarion, postface de Jean-Luc Nancy, 2000) , <em>Inciseiv<\/em> (MeMo, 2000), <em>Po\u00e9sies didactiques<\/em> (Th\u00e9\u00e2tre typographique, 2001), <em>Aux recensions<\/em> (Flammarion, 2002), <em>Dans de la nature<\/em> (Flammarion, 2003), <em>Garde-manche Deux<\/em> (Textuel, 2004), <em>\u00c9l\u00e9gies H\u00e9<\/em> (Th\u00e9\u00e2tre typographique, 2005), <em>D\u00e9ductions<\/em> (Al Dante, 2005), <em>Chants populaires<\/em> (Flammarion, 2007), <em>De la Loire<\/em> (Argol, 2008), <em>Lyre Dure<\/em> (Nous, 2009), <em>Po\u00e9sies premi\u00e8res (1997\u20132000)<\/em> (Flammarion, 2011) and <em>Boustrophes<\/em> (Texts &#038; Crafts, 2011).<\/p>\n<p>In 1990, he was a founding member of <em>Alter<\/em>, a journal of phenomenology (Ecole Normale Sup\u00e9rieure of Saint-Cloud). He was also the founder and editor in chief of the poetry magazine <em>Quaderno <\/em>. He is a member of the editorial board of <em>Cit\u00e9s <\/em>(Cities) and <em>Droits de cit\u00e9s<\/em> (Laws of Cities) and of the journal <em>Agenda de la Pens\u00e9e Contemporaine<\/em> (Calendar of Contemporary Thought, by Flammarion). He was Writer in Residence at Ch\u00e2teau de Blandy-les-Tours in 2008 and at Mission Stendhal Laureate in China in 2009. His poetic works have been featured in numerous magazines and anthologies. Some of his books and poems have been translated into English, Dutch, Korean and German.<\/p>\n<p>Through his poetic work, Philippe Beck has collaborated with contemporary musicians and composers on many occasions. He is one of the co-writers of G\u00e9rard Pesson&#8217;s opera libretto <em>Pastorale<\/em>. A number of Beck&#8217;s works have also been put to music by Pesson: <em>Chants populaires<\/em> (Popular Songs) for the vocal ensemble Accentus. Beck&#8217;s <em>Lyre Dure<\/em> (NOUS \u00e9ditons, 2009) was also the basis for <em>Philippe Mion&#8217;s Oeuvre acousmatique<\/em> (Acousmatic work), the premiere of which was held in 2009. In March 2013, the Montreal Symphony Orchestra under the direction of Kent Nagano premiered a work by Maxime McKinley, which was based on Beck&#8217;s book <em>In Nature<\/em>. Since October 2012 Beck has served as President of the Commission of poetry at the Centre national du livre (National Book Centre) in Paris.<\/p>\n<p>Philippe recently won the distinguished 2015 <em>Grand Prix de Po\u00e9sie<\/em>, from Acad\u00e9mie Fran\u00e7aise, for the entire oeuvre of his work. He will be reading from <i>Didactic poems<\/i>, due out in March 2016 from Minnesota University Press, Univocal Series &#8211; with translations by Nicola Marae Allain of his acclaimed work <em>Po\u00e9sies didactiques<\/em> (Th\u00e9\u00e2tre typographique, 2001).<\/p>\n<p><\/font><\/p>\n<p>&nbsp;<\/p>\n<hr \/>\n<p><a name=\"11thJanuary\"><\/a><br \/>\n<center><em>11th January<\/em><\/p>\n<p><font size=\"1\" color=\"green\"><strong>&#211; Bh&eacute;al<\/strong><\/font><font size=\"1\"> in association with <\/font><font size=\"1\" color=\"green\"><strong>The Community Foundation for Ireland<\/strong><\/font><font size=\"1\"> presents<\/font><\/p>\n<p><font color=\"green\"><strong>2016 Commemoration Series<\/strong> (Event 1 of 8):<\/font> <em>Breakfast with P\u00e1draig<\/em><\/p>\n<p><strong>Colm Scully &#038; Conor McManus<\/strong><\/p>\n<p>You can listen to Colm and Conor&#8217;s performance <a href=\"https:\/\/www.obheal.ie\/blog\/audio\/Guest Reading - Conor and Colm 2016.mp3\">here<\/a>.<\/center><\/p>\n<p><font color=\"silver\"><img loading=\"lazy\" decoding=\"async\" width=\"300\" height=\"150\" border=\"1\" align=\"right\" src=\"https:\/\/www.obheal.ie\/blog\/wp-content\/uploads\/2015\/11\/Colm Conor Final.png\"\/><\/font><\/p>\n<p><font size=\"1\"><strong>Colm Scully<\/strong> and <strong>Conor McManus<\/strong>&#8216;s <em>Breakfast with P\u00e1draig<\/em> is  a sideways glance at the 1916 rising and the shadow it has cast across our collective cultural consciousness. Expressed through the ideas and work of two writers, one from Leitrim and one from Cork, it is sometimes funny, sometimes thought provoking. Performed through the media of Poetry, Story, Song, Music and Film, it is not a parody and not a history lesson. Its aim is to be an entertaining way to commemorate the rising.<\/p>\n<p><em>&#8220;Cleverly interwoven with song and poetry, the work cast a very human eye on the effects of the 1916 Rising over the last one hundred years.&#8221;<\/em> &#8211; <strong>Nick Smith<\/strong>, <em>Psoken Wrod<\/em>, Clonakilty<\/p>\n<p><strong>Conor McManus<\/strong>&#8216;s stories and poems have been published in <em>The Stinging Fly, Crannog, The Shakings of the Bag<\/em>, and <em>The Moth<\/em>. He has performed at many festivals and venues such as Electric Picnic, Winter Warmer Festival and White House Limerick<\/p>\n<p><strong>Colm Scully<\/strong> has been published in many journals. He won the Cuirt New Writing prize 2014, and was selected for Poetry Ireland Introductory series 2014. His first collection <em>What News, Centurions?<\/em> was published by New Binary Press in 2014.<\/p>\n<p>Colm and Conor have collaborated on a number of poetry films, one of which, <em>Crow<\/em>, was shortlisted for the Indie Cork Poetry Film competition 2014 and  was Curators Choice at the Rabbit Heart Poetry Film festival 2015. <\/p>\n<p><\/font><font color=\"silver\"><img loading=\"lazy\" decoding=\"async\" width=\"188\" height=\"70\" border=\"0\" align=\"right\" src=\"https:\/\/www.obheal.ie\/blog\/TCFIBelongingsm.jpg\"\/><\/font><\/p>\n<p>&nbsp;<br \/>\n&nbsp;<br \/>\n&nbsp;<br \/>\n&nbsp;<\/p>\n<hr \/>\n<p><a name=\"18thJanuary\"><\/a><br \/>\n<center><em>18th January<\/em><\/p>\n<p><strong>Helen Harrison<\/strong> and <strong>Marian O&#8217;Rourke<\/strong><\/p>\n<p>You can listen to Helen&#8217;s reading <a href=\"https:\/\/www.obheal.ie\/blog\/audio\/Guest Reading - Helen Harrison.mp3\">here<\/a>.<\/center><\/p>\n<p><font color=\"silver\"><img loading=\"lazy\" decoding=\"async\" width=\"100\" height=\"100\" border=\"1\" align=\"right\" src=\"https:\/\/www.obheal.ie\/blog\/wp-content\/uploads\/2015\/11\/HelenHarrisonSm.jpg\"\/><\/font><font size=\"1\"><strong>Helen Harrison<\/strong> was raised on the Wirral, seven miles from Liverpool, by Irish parents, and has lived most of her adult life in the countryside of County Monaghan. Her poems have been published in <em>A New Ulster, North West Words, Mad Swirl<\/em>, and <em>Bray Journal<\/em> and on the <em>Poethead<\/em> blog. Helen&#8217;s d\u00e9but collection of poetry <em>The Last Fire<\/em> was published in 2015 by Lapwing. You can read some of Helen&#8217;s poetry at: <a href=\"http:\/\/www.poetry4on.blogspot.com\" target=\"_blank\">poetry4on.blogspot.com<\/a><\/p>\n<p><i>Balanced  thought  combined  with  strong  emotion  and  perfectly wrought original lines lead us to believe we will hear much more from Helen Harrison in the future.<\/i> &#8211; <strong>Carmen Cullen<\/strong>, Bray Arts Journal. <\/p>\n<p><center>You can listen to Marian&#8217;s reading <a href=\"https:\/\/www.obheal.ie\/blog\/audio\/Guest Reading - Marian ORourke 2016.mp3\">here<\/a>.<\/center><\/p>\n<p><\/font><font color=\"silver\"><img loading=\"lazy\" decoding=\"async\" width=\"100\" height=\"100\" border=\"1\" align=\"right\" src=\"https:\/\/www.obheal.ie\/blog\/wp-content\/uploads\/2015\/11\/MarianORourkeSm.jpg\"\/><\/font><font size=\"1\"><strong>Marian O&#8217;Rourke<\/strong> is from Limerick and has spent most of her life in North America. Her poems have been published in a variety of journals and anthologies both in Ireland, England and Canada. She has read her poetry on WBAI Radio (New York City), and Lyric FM and has read at events in Ireland, England, Canada and The United States. Her short stories have been accepted by RTE&#8217;s Sunday Miscellany.<\/p>\n<p><em>Uprooted <\/em>was published by Horn Press in 2008 followed by <em>Inhaling The Light<\/em> published by Lapwing Press in 2009. Marian Holds an M.A. in Creative Writing from Waterford Institute of technology.<\/p>\n<p><em>&#8230; in all her modes we find the essential dialogue with feeling, and the frequent spark of lyric transformation. Her willingness to vary her approaches, creating a rage of poetic possibilities, is remarkable. She has both the ambition and the talent<\/em>. &#8211; Ciaran O&#8217;Driscoll<\/p>\n<p><\/font><\/p>\n<p>&nbsp;<\/p>\n<hr \/>\n<p><a name=\"25thJanuary\"><\/a><br \/>\n<center><em>25th January<\/em><\/p>\n<p><strong>John McGrath<\/strong><\/p>\n<p>You can listen to John&#8217;s reading <a href=\"https:\/\/www.obheal.ie\/blog\/audio\/Guest Reading - John McGrath.mp3\">here<\/a>.<\/center><\/p>\n<p><font color=\"silver\"><img loading=\"lazy\" decoding=\"async\" width=\"101\" height=\"100\" border=\"1\" align=\"right\" src=\"https:\/\/www.obheal.ie\/blog\/wp-content\/uploads\/2015\/11\/JohnMcGrathSm.jpg\"\/><\/font><font size=\"1\"><strong>John McGrath<\/strong> is a poet, writer and retired teacher who lives in Lisselton, North Kerry with his wife Kate. He is a founder member of the Seancha\u00ed Writers\u2019 Group in Listowel and a member of the Listowel Writers\u2019 Week Committee. His work has previously been included in <em>The Ballydonoghue Magazine, The Malpais Review, Santa Fe<\/em>, and online in <em>The First Cut<\/em>.<\/p>\n<p>John\u2019s first poetry collection, <em>Blue Sky Day<\/em>, was published by Moybella Press in 2007. He also co-wrote <em>Rebel Mind<\/em>, Conor O\u2019Sullivan\u2019s biography published by Moybella Press in 2011. His latest collection, <em>Closing the Circle<\/em>, also published by Moybella Press, was launched at Listowel Writers\u2019 Week in 2015.<\/p>\n<p><\/font>\n<\/p>\n<p>&nbsp;<\/p>\n<hr \/>\n","protected":false},"excerpt":{"rendered":"<p>December and January 7th December Rozalie Hirs You can listen to Rozalie&#8217;s reading here. Photo: Bianca Sistermans Rozalie Hirs is a contemporary Dutch composer and poet. Her poetry and music are lyrical as well as experimental. The principal concerns of her work are in the adventure of listening, reading, and the imagination. Her poetry includes [&hellip;]<\/p>\n","protected":false},"author":1,"featured_media":0,"parent":19,"menu_order":0,"comment_status":"closed","ping_status":"closed","template":"","meta":{"_uf_show_specific_survey":0,"_uf_disable_surveys":false,"footnotes":""},"class_list":["post-4952","page","type-page","status-publish","hentry"],"_links":{"self":[{"href":"https:\/\/www.obheal.ie\/blog\/wp-json\/wp\/v2\/pages\/4952","targetHints":{"allow":["GET"]}}],"collection":[{"href":"https:\/\/www.obheal.ie\/blog\/wp-json\/wp\/v2\/pages"}],"about":[{"href":"https:\/\/www.obheal.ie\/blog\/wp-json\/wp\/v2\/types\/page"}],"author":[{"embeddable":true,"href":"https:\/\/www.obheal.ie\/blog\/wp-json\/wp\/v2\/users\/1"}],"replies":[{"embeddable":true,"href":"https:\/\/www.obheal.ie\/blog\/wp-json\/wp\/v2\/comments?post=4952"}],"version-history":[{"count":1,"href":"https:\/\/www.obheal.ie\/blog\/wp-json\/wp\/v2\/pages\/4952\/revisions"}],"predecessor-version":[{"id":22005,"href":"https:\/\/www.obheal.ie\/blog\/wp-json\/wp\/v2\/pages\/4952\/revisions\/22005"}],"up":[{"embeddable":true,"href":"https:\/\/www.obheal.ie\/blog\/wp-json\/wp\/v2\/pages\/19"}],"wp:attachment":[{"href":"https:\/\/www.obheal.ie\/blog\/wp-json\/wp\/v2\/media?parent=4952"}],"curies":[{"name":"wp","href":"https:\/\/api.w.org\/{rel}","templated":true}]}}