{"id":495,"date":"2009-11-30T13:43:00","date_gmt":"2009-11-30T13:43:00","guid":{"rendered":"http:\/\/www.obheal.ie\/blog\/?page_id=495"},"modified":"2019-06-25T13:42:21","modified_gmt":"2019-06-25T13:42:21","slug":"feile-bheag-filiochta-09","status":"publish","type":"page","link":"https:\/\/www.obheal.ie\/blog\/festival-videos-and-reviews\/feile-bheag-filiochta-09\/","title":{"rendered":"F&eacute;ile Bheag Fil&iacute;ochta 09"},"content":{"rendered":"<p><font color=\"silver\"><img loading=\"lazy\" decoding=\"async\" src=\"https:\/\/www.obheal.ie\/blog\/wp-content\/uploads\/2009\/11\/Ballyferriter.jpg\" width=\"209\" height=\"120\" border=\"1\" align=\"right\"\/><\/font><\/p>\n<p><center><strong>F\u00e9ile Bheag Fil\u00edochta<\/strong><\/p>\n<p>6-8 November 2009<\/p>\n<p><\/center><\/p>\n<p>It marked another magical excursion into the north Kerry gaeltacht as ten poets from \u00d3 Bh\u00e9al and as many from Limerick and Tralee descended on Ballyferriter&#8217;s little poetry festival. Due to rapid expansion and popularity since it began a few years ago, the festival committee are now calling for a new name for this annual event.<\/p>\n<p>This year featured workshops and a reading by Waterville-based Paddy Bushe as well as a lecture on local history by Dr. Deirdre Nic Mhath\u00fana. After settling into the local cuisine on Saturday evening, we were welcomed by M\u00e1ir\u00edn Feirt\u00e9ar (the last living descendant of Piaras Feirt\u00e9ar) and Domhnall MacSithigh, in the theatre at Tigh ui Chath\u00e1in. After a short reading by Paddy Bushe, M\u00e1ir\u00edn and Domhnall then chaired the yearly open-mic, which is for me the festival highlight, giving stage to a variety of quality poets, chiefly from across Munster.<\/p>\n<p>As per last year, the next morning we found ourselves once again comfortably gathered in Dingle, packed into Diseart chapel and bathing under the magnificent stained-glass windows of Harry Clarke. Firstly we were treated to an excerpt and dramatisation from Noel \u00d3 Briain&#8217;s translation of C\u00fairt an M\u00e9an-O\u00edche (The Midnight Court), played out by Noel and \u00c1ine Moynihan. This was followed by readings from all the poets present from Limerick&#8217;s Whitehouse, Cork&#8217;s \u00d3 Bh\u00e9al, Tralee&#8217;s Doghouse and local poets, chaired by Br\u00edd N\u00ed Mh\u00f3rain, Billy Ramsell and Bertha McCullagh.<\/p>\n<p>The festival closed over a well-deserved breakfast at the Garden Caf\u00e9 where much talk was given to next year&#8217;s return to Ballyferriter. A big thanks is due to the F\u00e9ile Bheag Fil\u00edochta committee for organising this event, which holds a uniquely special place on Munster&#8217;s annual poetry landscape. Make it next year if you can!<\/p>\n<hr \/>\n<p><center><strong><font size=\"1\">Here are the videos from the Sunday Morning<\/font><\/strong><\/p>\n<hr \/>\n<p><strong>C\u00fairt an Me\u00e1n-O\u00edche \/ The Midnight Court &#8211; Introduction<\/strong><br \/>\n<object width=\"425\" height=\"344\"><param name=\"movie\" value=\"http:\/\/www.youtube.com\/v\/-TPtcU7uzng&amp;hl=en&amp;fs=1\"\/><param name=\"allowFullScreen\" value=\"true\"\/><param name=\"allowscriptaccess\" value=\"always\"\/>Noel \u00d3 Briain<\/object><\/p>\n<hr \/>\n<p><strong>C\u00fairt an Me\u00e1n-O\u00edche \/ The Midnight Court &#8211; Extract of dramatisation<\/strong><br \/>\n<object width=\"425\" height=\"344\"><param name=\"movie\" value=\"http:\/\/www.youtube.com\/v\/GLGjCiocKzI&amp;hl=en&amp;fs=1\"\/><param name=\"allowFullScreen\" value=\"true\"\/><param name=\"allowscriptaccess\" value=\"always\"\/>Noel \u00d3 Briain and Aine Moynihan<\/object><\/p>\n<hr \/>\n<p><strong>P\u00e1draig \u00d3 Fiannachta<\/strong><br \/>\n<object width=\"425\" height=\"344\"><param name=\"movie\" value=\"http:\/\/www.youtube.com\/v\/UZuClARByQA&amp;hl=en&amp;fs=1\"\/><param name=\"allowFullScreen\" value=\"true\"\/><param name=\"allowscriptaccess\" value=\"always\"\/>Aifreann Aonair<\/object><\/p>\n<hr \/>\n<p><strong>P\u00e1draig \u00d3 Fiannachta<\/strong><br \/>\n<object width=\"425\" height=\"344\"><param name=\"movie\" value=\"http:\/\/www.youtube.com\/v\/7B2ApAHBN_4&amp;hl=en&amp;fs=1\"\/><param name=\"allowFullScreen\" value=\"true\"\/><param name=\"allowscriptaccess\" value=\"always\"\/>Pota\u00ed sa Ghazebo<\/object><\/p>\n<hr \/>\n<p><strong>Teri Murray<\/strong><br \/>\n<object width=\"425\" height=\"344\"><param name=\"movie\" value=\"http:\/\/www.youtube.com\/v\/U8ykvCbM4Ys&amp;hl=en&amp;fs=1\"\/><param name=\"allowFullScreen\" value=\"true\"\/><param name=\"allowscriptaccess\" value=\"always\"\/>Flowers by Sheila<\/object><\/p>\n<hr \/>\n<p><strong>Teri Murray<\/strong><br \/>\n<object width=\"425\" height=\"344\"><param name=\"movie\" value=\"http:\/\/www.youtube.com\/v\/UwKWRzY_CsU&amp;hl=en&amp;fs=1\"\/><param name=\"allowFullScreen\" value=\"true\"\/><param name=\"allowscriptaccess\" value=\"always\"\/>Sinann<\/object><\/p>\n<hr \/>\n<p><strong>Marian O&#8217;Rourke<\/strong><br \/>\n<object width=\"425\" height=\"344\"><param name=\"movie\" value=\"http:\/\/www.youtube.com\/v\/p4c0CZb2iiY&amp;hl=en&amp;fs=1\"\/><param name=\"allowFullScreen\" value=\"true\"\/><param name=\"allowscriptaccess\" value=\"always\"\/>Sacred Place<\/object><\/p>\n<hr \/>\n<p><strong>Sheila Fitzpatrick O&#8217;Donnell<\/strong><br \/>\n<object width=\"425\" height=\"344\"><param name=\"movie\" value=\"http:\/\/www.youtube.com\/v\/fVsai3ch0cQ&amp;hl=en&amp;fs=1\"\/><param name=\"allowFullScreen\" value=\"true\"\/><param name=\"allowscriptaccess\" value=\"always\"\/>The Forgotten Dead<\/object><\/p>\n<hr \/>\n<p><strong>Domhnall MacS\u00edthigh<\/strong><br \/>\n<object width=\"425\" height=\"344\"><param name=\"movie\" value=\"http:\/\/www.youtube.com\/v\/kDEMCPOPbQA&amp;hl=en&amp;fs=1\"\/><param name=\"allowFullScreen\" value=\"true\"\/><param name=\"allowscriptaccess\" value=\"always\"\/>Ith a n\u00d3ltar<\/object><\/p>\n<hr \/>\n<p><strong>Donal O&#8217;Flynn<\/strong><br \/>\n<object width=\"425\" height=\"344\"><param name=\"movie\" value=\"http:\/\/www.youtube.com\/v\/ocFkFAr2gUQ&amp;hl=en&amp;fs=1\"\/><param name=\"allowFullScreen\" value=\"true\"\/><param name=\"allowscriptaccess\" value=\"always\"\/>Epigraph from The Tailor and Ansty<\/object><\/p>\n<hr \/>\n<p><strong>Daw Harding<\/strong><br \/>\n<object width=\"425\" height=\"344\"><param name=\"movie\" value=\"http:\/\/www.youtube.com\/v\/SLbs7G9eJ6M&amp;hl=en&amp;fs=1\"\/><param name=\"allowFullScreen\" value=\"true\"\/><param name=\"allowscriptaccess\" value=\"always\"\/>Athair<\/object><\/p>\n<hr \/>\n<p><strong>\u00c1ine Moynihan<\/strong><br \/>\n<object width=\"425\" height=\"344\"><param name=\"movie\" value=\"http:\/\/www.youtube.com\/v\/6xZ-HQ9AolI&amp;hl=en&amp;fs=1\"\/><param name=\"allowFullScreen\" value=\"true\"\/><param name=\"allowscriptaccess\" value=\"always\"\/>Surviving the Night<\/object><\/p>\n<hr \/>\n<p><strong>Colm Scully<\/strong><br \/>\n<object width=\"425\" height=\"344\"><param name=\"movie\" value=\"http:\/\/www.youtube.com\/v\/xkC_95EpKRo&amp;hl=en&amp;fs=1\"\/><param name=\"allowFullScreen\" value=\"true\"\/><param name=\"allowscriptaccess\" value=\"always\"\/>God&#8217;s Footballer<\/object><\/p>\n<hr \/>\n<p><strong>Louis Mulcahy<\/strong><br \/>\n<object width=\"425\" height=\"344\"><param name=\"movie\" value=\"http:\/\/www.youtube.com\/v\/IsWM4YKbJtI&amp;hl=en&amp;fs=1\"\/><param name=\"allowFullScreen\" value=\"true\"\/><param name=\"allowscriptaccess\" value=\"always\"\/>Beann\u00fa na mB\u00e1id<\/object><\/p>\n<hr \/>\n<p><strong>Noel King<\/strong><br \/>\n<object width=\"425\" height=\"344\"><param name=\"movie\" value=\"http:\/\/www.youtube.com\/v\/6wve2aYMhxQ&amp;hl=en&amp;fs=1\"\/><param name=\"allowFullScreen\" value=\"true\"\/><param name=\"allowscriptaccess\" value=\"always\"\/>PROM 64<\/object><\/p>\n<hr \/>\n<p><strong>Ceait\u00ed N\u00ed Bheidi\u00fain<\/strong><br \/>\n<object width=\"425\" height=\"344\"><param name=\"movie\" value=\"http:\/\/www.youtube.com\/v\/aJOJQZ43DlM&amp;hl=en&amp;fs=1\"\/><param name=\"allowFullScreen\" value=\"true\"\/><param name=\"allowscriptaccess\" value=\"always\"\/>The Butterfly&#8217;s Wake &#8211; T\u00f3rramh na bPeidhleac\u00e1in<\/object><\/p>\n<hr \/>\n<p><strong>Paddy Doyle<\/strong><br \/>\n<object width=\"425\" height=\"344\"><param name=\"movie\" value=\"http:\/\/www.youtube.com\/v\/N8keI-KTcRk&amp;hl=en&amp;fs=1\"\/><param name=\"allowFullScreen\" value=\"true\"\/><param name=\"allowscriptaccess\" value=\"always\"\/>Maybe Some Day<\/object><\/p>\n<hr \/>\n<p><strong>Simon \u00d3 Faol\u00e1in<\/strong><br \/>\n<object width=\"425\" height=\"344\"><param name=\"movie\" value=\"http:\/\/www.youtube.com\/v\/QNfAdIiVV-0&amp;hl=en&amp;fs=1\"\/><param name=\"allowFullScreen\" value=\"true\"\/><param name=\"allowscriptaccess\" value=\"always\"\/>Ag Caitheadh<\/object><\/p>\n<hr \/>\n<p><strong>Sue Cosgrave<\/strong><br \/>\n<object width=\"425\" height=\"344\"><param name=\"movie\" value=\"http:\/\/www.youtube.com\/v\/Cv-ra7TmMPk&amp;hl=en&amp;fs=1\"\/><param name=\"allowFullScreen\" value=\"true\"\/><param name=\"allowscriptaccess\" value=\"always\"\/>The Sea Stallion<\/object><\/p>\n<hr \/>\n<p><strong>Paddy Bushe<\/strong><br \/>\n<object width=\"425\" height=\"344\"><param name=\"movie\" value=\"http:\/\/www.youtube.com\/v\/FhoMlPVAkzY&amp;hl=en&amp;fs=1\"\/><param name=\"allowFullScreen\" value=\"true\"\/><param name=\"allowscriptaccess\" value=\"always\"\/>After Love<\/object><\/p>\n<hr \/>\n<p><strong>Simon \u00d3 Faol\u00e1in<\/strong><br \/>\n<object width=\"425\" height=\"344\"><param name=\"movie\" value=\"http:\/\/www.youtube.com\/v\/zILpkLOPndk&amp;hl=en&amp;fs=1\"\/><param name=\"allowFullScreen\" value=\"true\"\/><param name=\"allowscriptaccess\" value=\"always\"\/>An Cl\u00e1r Bog D\u00e9il<\/object><\/p>\n<hr \/>\n<p><strong>Noel \u00d3 Briain<\/strong><br \/>\n<object width=\"425\" height=\"344\"><param name=\"movie\" value=\"http:\/\/www.youtube.com\/v\/4PFyOscYnAY&amp;hl=en&amp;fs=1\"\/><param name=\"allowFullScreen\" value=\"true\"\/><param name=\"allowscriptaccess\" value=\"always\"\/>How Shall I Know You?<\/object><\/p>\n<hr \/>\n<p><strong>Billy Ramsell<\/strong><br \/>\n<object width=\"425\" height=\"344\"><param name=\"movie\" value=\"http:\/\/www.youtube.com\/v\/e2tQcbhq2HE&amp;hl=en&amp;fs=1\"\/><param name=\"allowFullScreen\" value=\"true\"\/><param name=\"allowscriptaccess\" value=\"always\"\/>Poem<\/object><\/p>\n<hr \/>\n<p><strong>Br\u00edd N\u00ed Mh\u00f3r\u00e1in<\/strong><br \/>\n<object width=\"425\" height=\"344\"><param name=\"movie\" value=\"http:\/\/www.youtube.com\/v\/E2lo5W64D4M&amp;hl=en&amp;fs=1\"\/><param name=\"allowFullScreen\" value=\"true\"\/><param name=\"allowscriptaccess\" value=\"always\"\/>Ceist c\u00e9 a Cheann\u00f3dh \u00c9adach<\/object><\/p>\n<hr \/>\n<p><\/center><br \/>\nAn F\u00e9ile Bheag Fil\u00edochta<\/p>\n<p>Paul Casey<br \/>\n\u00d3 Bh\u00e9al<br \/>\nThe Long Valley Bar<br \/>\nWinthrop Street<br \/>\nCork.<\/p>\n<p>2 12 09<\/p>\n<p>Dear Paul,<br \/>\nAt a recent meeting of the Committee of an Fh\u00e9ile Bheag Fil\u00edochta gratitude was expressed for your part in making such a success of this year&#8217;s Festival by publicising the event so well at the \u00d3 Bh\u00e9al meetings.<\/p>\n<p>The presence and contributions by you and Rosie and all the Cork contingent were central to the achievement of the Festival aims.<\/p>\n<p>We hope to have you all back again next year.<\/p>\n<p>Again many, many thanks for your support<\/p>\n<p>Best regards,<\/p>\n<p>Louis Mulcahy<\/p>\n<p>Ar son Coiste Fh\u00e9ile Bheag Fil\u00edochta:<br \/>\nM\u00e1ir\u00edn Feirt\u00e9ar; Br\u00edd N\u00ed Mh\u00f3r\u00e1in; Ceat\u00ed N\u00ed Bheildi\u00fain; Domhnall MacSithigh; Louis Mulcahy.<\/p>\n","protected":false},"excerpt":{"rendered":"<p>F\u00e9ile Bheag Fil\u00edochta 6-8 November 2009 It marked another magical excursion into the north Kerry gaeltacht as ten poets from \u00d3 Bh\u00e9al and as many from Limerick and Tralee descended on Ballyferriter&#8217;s little poetry festival. Due to rapid expansion and popularity since it began a few years ago, the festival committee are now calling for [&hellip;]<\/p>\n","protected":false},"author":1,"featured_media":0,"parent":24,"menu_order":0,"comment_status":"open","ping_status":"open","template":"","meta":{"_uf_show_specific_survey":0,"_uf_disable_surveys":false,"footnotes":""},"class_list":["post-495","page","type-page","status-publish","hentry"],"_links":{"self":[{"href":"https:\/\/www.obheal.ie\/blog\/wp-json\/wp\/v2\/pages\/495","targetHints":{"allow":["GET"]}}],"collection":[{"href":"https:\/\/www.obheal.ie\/blog\/wp-json\/wp\/v2\/pages"}],"about":[{"href":"https:\/\/www.obheal.ie\/blog\/wp-json\/wp\/v2\/types\/page"}],"author":[{"embeddable":true,"href":"https:\/\/www.obheal.ie\/blog\/wp-json\/wp\/v2\/users\/1"}],"replies":[{"embeddable":true,"href":"https:\/\/www.obheal.ie\/blog\/wp-json\/wp\/v2\/comments?post=495"}],"version-history":[{"count":1,"href":"https:\/\/www.obheal.ie\/blog\/wp-json\/wp\/v2\/pages\/495\/revisions"}],"predecessor-version":[{"id":12853,"href":"https:\/\/www.obheal.ie\/blog\/wp-json\/wp\/v2\/pages\/495\/revisions\/12853"}],"up":[{"embeddable":true,"href":"https:\/\/www.obheal.ie\/blog\/wp-json\/wp\/v2\/pages\/24"}],"wp:attachment":[{"href":"https:\/\/www.obheal.ie\/blog\/wp-json\/wp\/v2\/media?parent=495"}],"curies":[{"name":"wp","href":"https:\/\/api.w.org\/{rel}","templated":true}]}}