{"id":4479,"date":"2015-07-25T21:46:14","date_gmt":"2015-07-25T21:46:14","guid":{"rendered":"http:\/\/www.obheal.ie\/blog\/?page_id=4479"},"modified":"2016-01-06T11:21:22","modified_gmt":"2016-01-06T11:21:22","slug":"guests-50-augsept-2015","status":"publish","type":"page","link":"https:\/\/www.obheal.ie\/blog\/guest-poets\/guests-50-augsept-2015\/","title":{"rendered":"Guests (50) Aug\/Sept 2015"},"content":{"rendered":"<hr \/>\n<p><center><strong>August and September<\/strong><\/center><\/p>\n<hr \/>\n<p><center><em>3rd August<\/em><\/p>\n<p><strong>Celine McGlynn<\/strong><\/p>\n<p>You can listen to Celine&#8217;s reading <a href=\"https:\/\/www.obheal.ie\/blog\/audio\/Guest Reading - Celine McGlynn.mp3\">here<\/a>.<\/center><\/p>\n<p><font color=\"silver\"><img loading=\"lazy\" decoding=\"async\" width=\"100\" height=\"100\" border=\"1\" align=\"right\" src=\"https:\/\/www.obheal.ie\/blog\/wp-content\/uploads\/2015\/07\/CelineMcGlynnSm.jpg\"\/><\/font><font size=\"1\"><strong>Celine McGlynn<\/strong> is best known as the editor of the <i>Finn Valley Voice<\/i>, the long-established local newspaper covering the Finn Valley and neighbouring areas. She is also a successful artist with several solo exhibitions to her credit. Writing and poetry have always been central to her life. A founder member of the Errigal Writers her poetry collection <i>Forged in the Stars<\/i> was published by Summer Palace Press in November 2011. In her capacity as editor of \u201cThe Arched Window\u201d section of the <i>Finn Valley Voice<\/i>, she has been personally responsible for introducing a wealth of new talent. She has also been responsible for reviving interest in the work of prominent local writers from the past.<\/p>\n<p>McGlynn has published two previous books, <i>The Best of William Allingham<\/i> and <i>Sarah Leech: The Ulster-Scots Poetess of Raphoe, Co. Donegal<\/i>, both anthologies of work by unjustly neglected writers. She is an experienced workshop facilitator and regularly works with writing and painting groups. She is married with three grown-up children, and has spent most of her life in the Finn Valley.<\/p>\n<p><\/font><\/p>\n<p>&nbsp;<\/p>\n<hr \/>\n<p><a name=\"10thAugust\"><\/a><br \/>\n<center><em>10th August<\/em><\/p>\n<p><strong>Mark Granier<\/strong><\/p>\n<p>You can listen to Mark&#8217;s reading <a href=\"https:\/\/www.obheal.ie\/blog\/audio\/Guest Reading - Mark Granier.mp3\">here<\/a>.<\/center><\/p>\n<p><font color=\"silver\"><img loading=\"lazy\" decoding=\"async\" width=\"127\" height=\"100\" border=\"1\" align=\"right\" src=\"https:\/\/www.obheal.ie\/blog\/wp-content\/uploads\/2015\/07\/MarkGranierSm.jpg\"\/><\/font><font size=\"1\"><strong>Mark Granier<\/strong>, born in 1957, is a Dublin-based poet and photographer. His fourth poetry collection <i>Haunt<\/i> was published by Salmon in 2015. His previous collections are: <i>Airborne<\/i> (Salmon Poetry, 2001); <i>The Sky Road<\/i> (Salmon Poetry, 2007); and <i>Fade Street<\/i> (Salt Publishing, 2010). His photography work includes portraits of some well-known writers and performers such as Allen Ginsberg and Jo Brand. Apart from furnishing the cover photography for his four poetry collections, he has done cover work for a number of publishers, including Faber &#038; Faber, The O\u2019Brien Press, Salmon Poetry, Poetry Ireland Review and The Stinging Fly.<\/p>\n<p>Awards include the Vincent Buckley Poetry Prize and a Patrick and Katherine Kavanagh Fellowship. He holds an MA in Poetry\/Creative Writing with Lancaster University and currently teaches Creative Writing for UCD&#8217;s Adult Education programme and The Irish Writers&#8217; Centre. <\/p>\n<p><\/font><\/p>\n<p>&nbsp;<\/p>\n<hr \/>\n<p><a name=\"17thAugust\"><\/a><br \/>\n<center><em>17th August<\/em><\/p>\n<p><strong>Adam Rudden<\/strong><\/p>\n<p>You can listen to Adam&#8217;s reading <a href=\"https:\/\/www.obheal.ie\/blog\/audio\/Guest Reading - Adam Rudden.mp3\">here<\/a>.<\/center><\/p>\n<p><font color=\"silver\"><img loading=\"lazy\" decoding=\"async\" width=\"128\" height=\"100\" border=\"1\" align=\"right\" src=\"https:\/\/www.obheal.ie\/blog\/wp-content\/uploads\/2015\/07\/AdamRuddenSm.jpg\"\/><\/font><font size=\"1\"><strong>Adam Rudden<\/strong> is a Dublin-based Irish Poet. He has been published widely in poetry periodicals, including: <i>Poetry Ireland Review, Cyphers, Electric Acorn, Jacobyte Poetry, Agenda Broadsheet, Horizons, Earls Court, Minus 9 Squared, The Green Door, The Furrow<\/i> and <i>Shamrock Haiku Journal<\/i>. His editorial work includes <i>The New Binary Press Anthology of Poetry<\/i> (Volume I), <i>The Green Door<\/i> (Issue 11) and <i>The Weary Blues<\/i> (Issue 1). <\/p>\n<p>Adam has published four collections of poetry with Lapwing Publications: <i>Fallen Eyelashes<\/i> (2004), <i>Braille lips in the Dark<\/i> (2007), <i>Stopwatch<\/i> (2009) and <i>Solar Winds and Ions<\/i> (2011).<\/p>\n<p><\/font><\/p>\n<p>&nbsp;<\/p>\n<hr \/>\n<p><a name=\"24thAugust\"><\/a><br \/>\n<center><em>24th August<\/em><\/p>\n<p><font size=\"1\" color=\"green\"><strong>&Oacute; Bh&eacute;al<\/strong><\/font><font size=\"1\"> in association with <\/font><font size=\"1\" color=\"green\"><strong>Foras na Gaeilge<\/strong><\/font> <font size=\"1\">presents<\/font><\/p>\n<p><strong>Liam Pr\u00fat<\/strong><\/p>\n<p>You can listen to Liam&#8217;s reading <a href=\"https:\/\/www.obheal.ie\/blog\/audio\/Guest Reading - Liam Prut.mp3\">here<\/a>.<\/center><\/p>\n<p><font color=\"silver\"><img loading=\"lazy\" decoding=\"async\" width=\"100\" height=\"100\" border=\"1\" align=\"right\" src=\"https:\/\/www.obheal.ie\/blog\/wp-content\/uploads\/2015\/07\/LiamPrutSm.jpg\"\/><\/font><font size=\"1\">Born in 1940 in Co. Tipperary and educated with the Christian Brothers, <b>Liam Pr\u00fat<\/b> taught at all three levels. He retired in 2002 as a senior translator, 30 years after first poetry collection <i>F\u00edon as Seith\u00ed \u00d3ir<\/i> appeared from An Cl\u00f3chomhar Teoranta. He wrote, edited and translated some forty Gaelic books, including nine poetry collections\u2014latest being <i>Eineachlann Iosraelach<\/i> (2013). He wrote <i>M\u00e1irt\u00edn \u00d3 Dire\u00e1in File Tr\u00e9ad\u00fail<\/i>  (1982) and has written about Scots-Gaelic poetry, Breand\u00e1n  \u00d3 Doibhlin, the Innti movement, Se\u00e1n \u00d3 S\u00e9 and Se\u00e1n \u00d3 h\u00d3g\u00e1in and a book on the Humanitas (1930-31) controversy. Most noteworthy was the discovery of additional poems of  eighteenth century Liam Dall \u00d3 hIfearn\u00e1in, the originator of Caitl\u00edn N\u00ed Uallach\u00e1in, who spent much of his life in Cork. <i>Fil\u00ed le Dealramh<\/i>, his latest book, deals with Se\u00e1n \u00d3 Curraoin, Br\u00edd D\u00e1ibh\u00eds and D\u00e9agl\u00e1n Collinge. Author of novels, short stories, three children\u2019s books for Cl\u00f3 Mhaigh Eo about the foal, <i>Cr\u00faib\u00edn<\/i>; also <i>Crogaill\u00edn<\/i> (young crocodile) for An G\u00fam. The literary biography, <i>Fear Droichid an R\u00edsigh<\/i>, of Christian Brother Se\u00e1n E. \u00d3 Cearbhaill, his most recent challenge and privilege, is now with the printers. \u00d3 Cearbhaill spent 4 years in Cork and has been celebrated by Michael Davitt in the poem <i>Pr\u00f3iseas<\/i>. A religious and inspirational poet and thinker, \u00d3 Cearbhaill discovered the spark and seed of Edmund Rice towards whom he has made himself a bridge. The literary memoir, <i>Sna Flaithis go hArd<\/i>, (Coisc\u00e9im, 2011), Pr\u00fat considers his most important work, largely ignored, however, by readers of Gaelic. In it he somewhat disregards the rules and provides echoes of each person, book and historical event which have influenced its chief character. The book took nine years to write. Among his other novels are <i>D\u00e9sir\u00e9e, Geineasas, An Leanbh sa Lamborghini<\/i>.<\/p>\n<p>Rugadh <strong>Liam Pr\u00fat<\/strong>, Tiobraid \u00c1rannach, sa bhliain 1940. Oileadh leis na Br\u00e1ithre Cr\u00edosta\u00ed \u00e9 agus chaith blianta fada mar mh\u00fainteoir ar na tr\u00ed leibh\u00e9al. \u00c9 ina aistritheoir sinsearach i Rann\u00f3g an Aistri\u00fach\u00e1in ar dhul ar pinsean d\u00f3 sa bhliain 2002, tr\u00edocha bliain tar \u00e9is fhoilsi\u00fa a ch\u00e9ad chnuasach <i>F\u00edon as Seith\u00ed \u00d3ir<\/i>. Breis agus dh\u00e1 sc\u00f3r leabhar scr\u00edofa, c\u00f3irithe n\u00f3 tiontaithe go Gaeilge aige\u2014naoi gcnuasach fil\u00edochta ina measc. <i>Eineachlann Iosraelach<\/i> (Coisc\u00e9im, 2013) is d\u00e9ana\u00ed. Scr\u00edobh <i>M\u00e1irt\u00edn \u00d3 Dire\u00e1in File Tr\u00e9ad\u00fail<\/i> (1982) agus m\u00f3r\u00e1n l\u00e9irmheast\u00f3ireachta: ar fhil\u00ed Gaeilge na hAlban, Breand\u00e1n \u00d3 Doibhlin, gluaiseacht Innti, Se\u00e1n \u00d3 S\u00e9, Se\u00e1n \u00d3 h\u00d3g\u00e1in; scr\u00edobh leabhar faoi chonsp\u00f3id Humanitas (1930-31). Is t\u00e1bhachtach leis an taighde tr\u00ednar aims\u00edodh d\u00e1nta \u2018nua\u2019 le Liam Dall \u00d3 hIfearn\u00e1in a chaith cuid d\u00e1 shaol i gCorcaigh. Scr\u00edobh s\u00e9 <i>Fil\u00ed le Dealramh<\/i> (Coisc\u00e9im, 2014) faoi She\u00e1n \u00d3 Curraoin, Br\u00edd D\u00e1ibh\u00eds, D\u00e9agl\u00e1n Collinge. Scr\u00edobh scata gearrsc\u00e9alta agus na h\u00farsc\u00e9alta D\u00e9sir\u00e9e, Geineasas, An Leanbh sa Lamborghini. Scr\u00edobh tr\u00ed leabhar do ph\u00e1ist\u00ed faoin gcapaill\u00edn <i>Cr\u00faib\u00edn<\/i> (Cl\u00f3 Mhaigh Eo) agus <i>Crogaill\u00edn<\/i> (An G\u00fam). Is \u00e9 <i>Fear Droichid an R\u00edsigh<\/i>, beathaisn\u00e9is liteartha an Bhr\u00e1thar Se\u00e1n E. \u00d3 Cearbhaill, an d\u00fashl\u00e1n agus an phribhl\u00e9id is d\u00e9ana\u00ed aige. File \u00e9 \u00d3 Cearbhaill a chaith ceithre bliana geala i gCorcaigh agus t\u00e1 com\u00f3radh d\u00e9anta ag Michael Davitt air. T\u00e1 an bheathaisn\u00e9is sin faoi bhr\u00e1id na gcl\u00f3d\u00f3ir\u00ed. File inspior\u00e1ideach agus fear creidimh \u00e9 Se\u00e1n a d\u2019aimsigh s\u00edol agus spr\u00e9ach an R\u00edsigh agus a dhein ear droichid de f\u00e9in chuige. Chaith Pr\u00fat naoi mbliana d\u00e1 shaol i mbun an ch\u00edn lae liteartha, <i>Sna Flaithis go hArd<\/i>, (Coisc\u00e9im, 2011) an saothar is t\u00e1bhachta\u00ed leis, b\u00edodh n\u00e1r tugadh puinn airde air. D\u00e9antar neamhaird ann ar fhormh\u00f3r na rialacha agus t\u00e1 macalla\u00ed le brath ann de na daoine, na leabhair agus na himeachta\u00ed stairi\u00fala a chuaigh i bhfeidhm ar a phr\u00edomhcharachtar. <\/p>\n<p><\/font><\/p>\n<p>&nbsp;<\/p>\n<hr \/>\n<p><a name=\"31stAugust\"><\/a><br \/>\n<center><em>31st August<\/em><\/p>\n<p><strong>Mary O\u2019Donnell<\/strong><\/p>\n<p>You can listen to Mary&#8217;s reading <a href=\"https:\/\/www.obheal.ie\/blog\/audio\/Guest Reading - Mary ODonnell.mp3\">here<\/a>.<\/center><\/p>\n<p><font color=\"silver\"><img loading=\"lazy\" decoding=\"async\" width=\"100\" height=\"100\" border=\"1\" align=\"right\" src=\"https:\/\/www.obheal.ie\/blog\/wp-content\/uploads\/2015\/07\/MaryODonnellSm.jpg\"\/><\/font><font size=\"1\"><strong>Mary O\u2019Donnell<\/strong>\u2019s seventh collection of poems, <i>Those April Fevers<\/i> (Arc Poetry, UK), was published this year. Other collections include <i>September Elegies<\/i> (Lapwing Press, Belfast 2003) and her selected poems, <i>The Place of Miracles<\/i> (New Island, 2006), followed by an anthology of Galician poetry in translation \u2013 <i>To the Winds Our Sails: Irish Poets Translate Galician Poetry<\/i> \u2013 which she co-edited with Dr. Manuela Palacios. Her <i>Selected Poems<\/i> were published in Hungarian in 2011 and she was co-winner of the Irod\u00e4lmi Jelen translation prize. She has written four novels and two collections of short fiction, including her latest novel <i>Where They Lie<\/i> (New Island, Dublin 2014), described by critic Maureen Boyle as \u201ca darkly passionate tribute to the lost, and most particularly, to those who are left behind. It is a com-pelling, compassionate and astonishing read.\u201d <\/p>\n<p>Awards include a Listowel Poetry Prize, a Listowel Fiction Prize, a V.S.Pritchett Short Story prize, the Fish International Short Story Prize, prize-winner in the Cardiff International Poetry Competition, &#038; the James Joyce Ireland-Australia Prize. She has held residencies in Ireland, Australia and at the Princess Grace Irish Library, Monaco. She has judged the International IMPAC Dublin Literary Award, the Hennessy Literary Award, the Strokestown International Poetry Competition and in 2013 the Irish Times\/Mountains to Sea Poetry Prize. Currently on the board of the Irish Writers\u2019 Centre, she is also a member of Aosdana. <\/p>\n<p>For more about Mary, visit: <a href=\"http:\/\/www.maryodonnell.com\">www.maryodonnell.com<\/a> <\/p>\n<p><\/font><\/p>\n<p>&nbsp;<\/p>\n<hr \/>\n<p><a name=\"7thSeptember\"><\/a><br \/>\n<center><em>7th September<\/em><\/p>\n<p><strong>Munster Slam Championships<\/strong><\/p>\n<p><font size=\"1\">and Munster heat of the <\/font><font color=\"green\" size=\"1\"><strong>2015 All-Ireland Slam Championships<\/strong><\/font><br \/>\n<font size=\"1\">(final to be held in Ulster)<\/p>\n<p><b>From 9.30pm sharp<\/b> \u2026 Fourteen poets competed over two rounds. Congratulations to winner <b>Cormac Lally<\/b> and runner-up <b>Se\u00e1n MacNamara<\/b>!<\/p>\n<p><i>followed with a performance by<\/i><\/font><\/p>\n<p><strong>Tina Pisco<\/strong><\/p>\n<p>You can listen to Tina&#8217;s reading <a href=\"https:\/\/www.obheal.ie\/blog\/audio\/Guest Reading - Tina Pisco 2015.mp3\">here<\/a>.<\/center><\/p>\n<p><font color=\"silver\"><img loading=\"lazy\" decoding=\"async\" width=\"129\" height=\"100\" border=\"1\" align=\"right\" src=\"https:\/\/www.obheal.ie\/blog\/wp-content\/uploads\/2015\/07\/TinaPiscoSm.jpg\"\/><\/font><font size=\"1\"><strong>Tina Pisco<\/strong> has worked as a professional writer for over thirty years, writing for every medium except radio, but including internet drama and comic books. Before moving to Ireland in 1992, she was a freelance journalist, and television writer\/producer in Brussels. Since moving to West Cork she has continued to write freelance for local, national and international publications and audio-visual projects (video, broadcast television, internet drama). <\/p>\n<p>Tina has published two best-selling novels that were translated into five different languages: <i>Only a Paper Moon<\/i> (Poolbeg 1998), and <i>Catch the Magpie<\/i> (Poolbeg 1999). Her short stories and flash fiction have been published in the <i>Fish Anthology, Spolia magazine, Colony<\/i>, among other journals. Her first collection of short stories will be published in 2016. Tina took up the post of Writer-in-Residence at Tigh Fili, Civic Trust House in September 2009. During her residency she worked on her first poetry collection, <i>She be<\/i>, which was published by Bradshaw Books in November 2010. She was awarded an ECEA translation grant to translate a young Andalusian poet from Spanish to English. <i>Adolescence2:hormonised poems<\/i> was published by Bradshaw Books in October 2011. She is founder of the performance poetry groups <i>Catch the Magpie, Gifted Eccentric<\/i> and <i>The Bogman\u2019s Cannon Performance Roadshow<\/i>.<\/p>\n<p><\/font><\/p>\n<p>&nbsp;<\/p>\n<hr \/>\n<p><a name=\"14thSeptember\"><\/a><br \/>\n<center><em>14th September<\/em><\/p>\n<p><strong>Carmel Macdonald Grahame<\/strong><\/p>\n<p>You can listen to Carmel&#8217;s reading <a href=\"https:\/\/www.obheal.ie\/blog\/audio\/Guest Reading - Carmel Macdonald Grahame.mp3\">here<\/a>.<\/center><\/p>\n<p><font color=\"silver\"><img loading=\"lazy\" decoding=\"async\" width=\"108\" height=\"100\" border=\"1\" align=\"right\" src=\"https:\/\/www.obheal.ie\/blog\/wp-content\/uploads\/2015\/07\/CarmelMacdonald-GrahameSm.jpg\"\/><\/font><font size=\"1\">For more than two decades <strong>Carmel Macdonald Grahame<\/strong>\u2019s short fiction, poetry, critical essays and reviews have appeared in literary journals and anthologies in Australia and Canada, most recently in <i>Now You Shall Know: Newcastle Poetry Prize Anthology 2013<\/i>, and <i>Fire: A Collection of Stories, Poems and Visual Images<\/i>, Delys Bird, ed. Margaret River Press. Her novel, <i>Personal Effects<\/i> published with University of Western Australia Publishing in 2014, is set in the contemporary context of the oil industry and concerns the domestic complexities of expatriate journeys: \u201cPersonal Effects explores the ambiguities of life, and the decisions we make in the hope that change will be for the better.&#8221;<\/p>\n<p>Among her many prizes and awards, Carmel is the 2014 winner of the Melbourne Poets Union Prize and 2013 co-winner of the Patricia Hackett Prize in Western Australia, again for her poetry. After several years living and writing in Canada, England and South Korea, she has settled in Victoria where she writes full time. Carmel has spent many years as a teacher of literature and creative writing at secondary and tertiary institutions in her home state of Western Australia, including the University of Western Australia, Murdoch University and Edith Cowan University. She holds a PhD in Australian Women\u2019s literature.<\/p>\n<p><\/font><\/p>\n<p>&nbsp;<\/p>\n<hr \/>\n<p><a name=\"18thSeptember\"><\/a><br \/>\n<center><em>18th September<\/em><\/p>\n<p><font size=\"1\" color=\"green\"><strong>&Oacute; Bh&eacute;al<\/strong><\/font> <font size=\"1\">in association with <\/font><font size=\"1\" color=\"green\"><strong>Cork City Council<\/strong><\/font> <font size=\"1\">presents<br \/>\na special <em>Friday edition<\/em> of &Oacute; Bh&eacute;al for<\/font><\/p>\n<p><font size=\"2\" color=\"green\"><strong>Cork Culture Night<\/strong><\/font> <font size=\"2\"><strong>2015<\/strong><\/font><\/p>\n<p><strong>Abby Oliveira<\/strong><\/p>\n<p>You can listen to Abby&#8217;s performance <a href=\"https:\/\/www.obheal.ie\/blog\/audio\/Guest Reading - Abby Oliveira.mp3\">here<\/a>.<\/center><\/p>\n<p><font color=\"silver\"><img loading=\"lazy\" decoding=\"async\" width=\"97\" height=\"100\" border=\"1\" align=\"right\" src=\"https:\/\/www.obheal.ie\/blog\/wp-content\/uploads\/2015\/07\/AbbyOliveiraSm.jpg\"\/><\/font><font size=\"1\"><strong>Abby Oliveira<\/strong> is a performance poet\/writer\/performer based in Derry.  She has performed poetry throughout the UK and Ireland since 2006, and has been a solo performer since 2012.  She has performed at countless events and festivals, including at <i>Lingo festival, Glastonbury, Electric Picnic, Dublin Book festival<\/i>.  She recently won the inaugural Lingo fest poetry slam which saw her go on to support Damien Dempsey at the London Irish Centre in 2014, she has also supported artists such as Scroobius Pip and Polar Bear. She is currently working on her first collection of poetry, which will be produced alongside a live show.<br \/>\n&nbsp;<\/p>\n<p><\/font><\/p>\n<p>&nbsp;<\/p>\n<hr \/>\n<p><a name=\"21stSeptember\"><\/a><br \/>\n<center><em>21st September<\/em><\/p>\n<p><strong>Brendan Constantine<\/strong><\/p>\n<p>You can listen to Brendan&#8217;s reading <a href=\"https:\/\/www.obheal.ie\/blog\/audio\/Guest Reading - Brendan Constantine.mp3\">here<\/a>.<\/p>\n<p>The RTE Poetry Programme aired a six-minute segment about the evening, which is <a href=\"https:\/\/www.obheal.ie\/blog\/audio\/RTE 1 Poetry Programme 5th Dec 2015.mp3\">here<\/a>.<\/center><\/p>\n<p><font color=\"silver\"><img loading=\"lazy\" decoding=\"async\" width=\"118\" height=\"100\" border=\"1\" align=\"right\" src=\"https:\/\/www.obheal.ie\/blog\/wp-content\/uploads\/2015\/07\/BrendanConstantineSm.jpg\"\/><\/font><font size=\"1\"><strong>Brendan Constantine<\/strong>&#8216;s work has appeared in <i>FIELD, Ploughshares, Virginia Quarterly Review, Zyzzyva, Ninth Letter<\/i> and many other journals. His first book, <i>Letters To Guns<\/i> (2009 Red Hen Press) is now taught extensively in schools across America. His most recent collections are <i>Birthday Girl With Possum<\/i> (Write Bloody Publishing, 2011) and <i>Calamity Joe<\/i> (Red Hen Press, 2012). His work has inspired artists in a variety of other mediums, from the canvas to the concert hall. Most recently composer Andrew McIntosh released his first album, <i>Hyenas in the Temples of Pleasure<\/i> (Populist Records) which draws its themes (and title) from Constantine&#8217;s work. A new collection, <i>Dementia, My Darling<\/i> is due out in 2016.<\/p>\n<p>Mr. Constantine has received grants and commissions from the Getty Museum, James Irvine Foundation, and the National Endowment for the Arts. A popular performer, Brendan has presented his work to audiences throughout the U.S. and Europe, also appearing on NPR&#8217;s <i>All Things Considered<\/i>, KPFK&#8217;s <i>Inspiration House<\/i>, in numerous podcasts and on YouTube. In 2014 he headlined at the Dodge Poetry Festival with many of the nation&#8217;s most celebrated authors. He currently teaches poetry at the Windward School in Los Angeles, California. In addition, he regularly conducts workshops for hospitals, foster homes, &#038; with the Alzheimer&#8217;s Poetry Project.<\/p>\n<p>To find out more about Brendan, visit <a href=\"http:\/\/brendanconstantine.com\">brendanconstantine.com<\/a><\/p>\n<p><\/font>\n<\/p>\n<p>&nbsp;<\/p>\n<hr \/>\n<p><a name=\"28thSeptember\"><\/a><br \/>\n<center><em>28th September<\/em><\/p>\n<p><strong>Matt Mooney<\/strong><\/p>\n<p>You can listen to Matt&#8217;s reading <a href=\"https:\/\/www.obheal.ie\/blog\/audio\/Guest Reading - Matt Mooney.mp3\">here<\/a>.<\/center><\/p>\n<p><font color=\"silver\"><img loading=\"lazy\" decoding=\"async\" width=\"112\" height=\"100\" border=\"1\" align=\"right\" src=\"https:\/\/www.obheal.ie\/blog\/wp-content\/uploads\/2015\/07\/MattMooneySm.jpg\"\/><\/font><font size=\"1\"><strong>Matt Mooney<\/strong> was born in Kilchreest, Co. Galway. He has lived in Listowel since 1966. His first book of poetry <i>Droving<\/i> was published in 2003 and this was followed in 2010 by <i>Falling Apples<\/i>. <i>Earth to Earth<\/i> is the title of his latest collection, from Galway Academic Press, 2015. His poems have appeared in <i>Feasta, West 47, First Cut, The Applicant, The Kerryman, The Connaught Tribune, The Galway Review online, Galway Review 3<\/i> and <i>The Galway Advertiser<\/i> (Peann agus P\u00e1r).  He has read at The Baffle Poetry Festival in Loughrea, The West Cork Literary Festival, The White House Pub, Limerick and The Forge at Gort Literary Festival.<\/p>\n<hr \/>\n<p>&nbsp;<br \/>\n&nbsp;<br \/>\n&nbsp;<br \/>\n&nbsp;<br \/>\n&nbsp;<br \/>\n&nbsp;<br \/>\n&nbsp;<br \/>\n&nbsp;<br \/>\n&nbsp;<br \/>\n&nbsp;<\/font><\/p>\n","protected":false},"excerpt":{"rendered":"<p>August and September 3rd August Celine McGlynn You can listen to Celine&#8217;s reading here. Celine McGlynn is best known as the editor of the Finn Valley Voice, the long-established local newspaper covering the Finn Valley and neighbouring areas. She is also a successful artist with several solo exhibitions to her credit. Writing and poetry have [&hellip;]<\/p>\n","protected":false},"author":1,"featured_media":0,"parent":19,"menu_order":0,"comment_status":"closed","ping_status":"open","template":"","meta":{"_uf_show_specific_survey":0,"_uf_disable_surveys":false,"footnotes":""},"class_list":["post-4479","page","type-page","status-publish","hentry"],"_links":{"self":[{"href":"https:\/\/www.obheal.ie\/blog\/wp-json\/wp\/v2\/pages\/4479","targetHints":{"allow":["GET"]}}],"collection":[{"href":"https:\/\/www.obheal.ie\/blog\/wp-json\/wp\/v2\/pages"}],"about":[{"href":"https:\/\/www.obheal.ie\/blog\/wp-json\/wp\/v2\/types\/page"}],"author":[{"embeddable":true,"href":"https:\/\/www.obheal.ie\/blog\/wp-json\/wp\/v2\/users\/1"}],"replies":[{"embeddable":true,"href":"https:\/\/www.obheal.ie\/blog\/wp-json\/wp\/v2\/comments?post=4479"}],"version-history":[{"count":0,"href":"https:\/\/www.obheal.ie\/blog\/wp-json\/wp\/v2\/pages\/4479\/revisions"}],"up":[{"embeddable":true,"href":"https:\/\/www.obheal.ie\/blog\/wp-json\/wp\/v2\/pages\/19"}],"wp:attachment":[{"href":"https:\/\/www.obheal.ie\/blog\/wp-json\/wp\/v2\/media?parent=4479"}],"curies":[{"name":"wp","href":"https:\/\/api.w.org\/{rel}","templated":true}]}}