{"id":4198,"date":"2015-03-29T13:37:30","date_gmt":"2015-03-29T13:37:30","guid":{"rendered":"http:\/\/www.obheal.ie\/blog\/?page_id=4198"},"modified":"2015-05-29T16:18:45","modified_gmt":"2015-05-29T16:18:45","slug":"guests-48-aprmay-2015","status":"publish","type":"page","link":"https:\/\/www.obheal.ie\/blog\/guest-poets\/guests-48-aprmay-2015\/","title":{"rendered":"Guests (48) Apr\/May 2015"},"content":{"rendered":"<hr \/>\n<p><center><strong>April and May<\/strong><\/center><\/p>\n<hr \/>\n<p><center><em>6th April<\/em><\/p>\n<p><strong>Jim Maguire<\/strong><\/p>\n<p>You can listen to Jim&#8217;s reading <a href=\"https:\/\/www.obheal.ie\/blog\/audio\/Guest Reading - Jim Maguire.mp3\">here<\/a>.<\/center><\/p>\n<p><font color=\"silver\"><img loading=\"lazy\" decoding=\"async\" width=\"131\" height=\"100\" border=\"1\" align=\"right\" src=\"https:\/\/www.obheal.ie\/blog\/wp-content\/uploads\/2015\/03\/JimMaguireSm.jpg\"\/><\/font><font size=\"1\"><strong>Jim Maguire<\/strong>&#8216;s work has been published widely in journals in Ireland and the UK.  For many years he lived in Korea, the setting for his collection of short stories <em>Quiet People<\/em> (Lapwing). A past winner of the Strokestown International Poetry Prize, his first book of poems <em>Music Field<\/em> was shortlisted for the 2014 Shine\/Strong Award.  He works an adult education tutor in his hometown of Wexford, where he lives with his family.<br \/>\n<\/font><\/p>\n<p>&nbsp;<\/p>\n<hr \/>\n<p><a name=\"13thApril\"><\/a><br \/>\n<center><em>13th April<\/em><\/p>\n<p><strong><font color=\"green\">&Oacute; Bh\u00e9al&#8217;s 8th Anniversary<\/font><\/strong><br \/>\n<font size=\"1\">(400+ nights of Poetry)<\/font><\/p>\n<p><font size=\"1\">celebrates <strong>Five Words Volume VIII<\/strong> and an open-mic for <strong>Only Other Poets&#8217; Poetry<\/strong><\/font><\/center><\/p>\n<p><font color=\"silver\"><img loading=\"lazy\" decoding=\"async\" width=\"198\" height=\"160\" border=\"1\" align=\"right\" src=\"https:\/\/www.obheal.ie\/blog\/wp-content\/uploads\/2015\/03\/FiveWordsVol8sm.jpg\"\/><\/font><font size=\"1\">&Oacute; Bh&eacute;al&#8217;s <strong>8th Anniversary<\/strong> event celebrates the launch of <em>Five Words Volume VIII<\/em> &#8211; with readings by contributors, shortlistees &#8211; and the winner of our 2nd Five Words International Poetry competition, <strong><font color=\"green\">Derek Sellen<\/font><\/strong>. A number of the short-listed poets will be reading on the night, including both commended entrants, <strong>Adannaya Igwe<\/strong> and <strong>Afric McGlinchey<\/strong>,  as will contributors to the last fifty Five-Word Challenges held at \u00d3 Bh\u00e9al. As per every year, the open-mic is for poems written by <em>any poet other than yourself<\/em>, so bring a couple of your favourites!<\/font><\/p>\n<p><center><font size=\"1\"><em>Our congratulations to <\/em><\/font> <strong>Derek Sellen<\/strong><\/p>\n<p><font size=\"1\">winner of the 2nd <\/font><strong><font size=\"1\" color=\"green\">Five Words International Poetry Competition<\/font><\/strong><\/p>\n<p>You can listen to Derek&#8217;s reading <a href=\"https:\/\/www.obheal.ie\/blog\/audio\/Guest Reading - Derek Sellen.mp3\">here<\/a>.<\/p>\n<p>And to some of the shortlisted poets <a href=\"https:\/\/www.obheal.ie\/blog\/audio\/FiveWordsVolVIIIShortlist.mp3\">here<\/a>.<\/center><\/p>\n<p><font color=\"silver\"><img loading=\"lazy\" decoding=\"async\" width=\"127\" height=\"100\" border=\"1\" align=\"right\" src=\"https:\/\/www.obheal.ie\/blog\/wp-content\/uploads\/2015\/03\/DerekSellenSm.jpg\"\/><\/font><font size=\"1\"><strong>Derek Sellen<\/strong> lives in Canterbury and writes poetry, plays and short stories as well as EFL materials for foreign students. His poems have been widely published in magazines, newspapers and anthologies and he has published a collection <em>The Arch and its Shadow<\/em>. He has written poems on topics as diverse as Spanish painters, Korean musicians and Indian cave-paintings. His work has won prizes and been shortlisted in various national and international competitions, including Poetry on the Lake, Rhyme International and Cinnamon Press Competitions. In 2014 he won the Hungry Hill <em>Poets Meet Politics<\/em> prize and as a result came to know the wonderful landscape of the Beara Peninsula and some members of the West Cork writing community. <\/p>\n<p><\/font><\/p>\n<p>&nbsp;<\/p>\n<hr \/>\n<p><font color=\"silver\"><img loading=\"lazy\" decoding=\"async\" width=\"115\" height=\"94\" border=\"1\" align=\"right\" src=\"https:\/\/www.obheal.ie\/blog\/5wordscompSm.jpg\"\/><\/font><font size=\"1\">The <strong>3rd<\/strong> <strong><font color=\"green\">Five Words International Poetry Competition<\/font><\/strong> will commence on Tuesday April 14th 2015 (at midday GMT), and will run for 41 weeks until the last week of January 2016. The judges this year are <strong>Marie Coveney<\/strong> and <strong>Colm Scully<\/strong>. <a href=\"https:\/\/www.obheal.ie\/blog\/?page_id=2371\">Watch this space &#8230;<\/a><\/p>\n<p><\/font><\/p>\n<p>&nbsp;<\/p>\n<hr \/>\n<p><a name=\"20thApril\"><\/a><br \/>\n<center><em>20th April<\/em><\/p>\n<p><strong>John Pinschmidt<\/strong><\/p>\n<p>You can listen to John&#8217;s reading <a href=\"https:\/\/www.obheal.ie\/blog\/audio\/Guest Reading - John Pinschmidt.mp3\">here<\/a>.<\/center><\/p>\n<p><font color=\"silver\"><img loading=\"lazy\" decoding=\"async\" width=\"96\" height=\"100\" border=\"1\" align=\"right\" src=\"https:\/\/www.obheal.ie\/blog\/wp-content\/uploads\/2015\/03\/JohnPinschmidtSm.jpg\"\/><\/font><font size=\"1\"><strong>John Pinschmidt<\/strong> was born in Denver, Colorado, in 1947, and received a BA in English and Drama from the University of California, Berkeley in 1969.  He taught high school English and Drama for 35 years, all but one for the U. S. Department of Defense Overseas Schools in England and Germany. His Irish connection is his wife Teasie, of Herbertstown, Co. Limerick.  They met the summer of 1968 while hitchhiking across Europe, and were married in California in July, 1969.  They have two married children in the States, and five grandchildren. Retired to Herbertstown in 2005, they have since restored Teasie\u2019s family farmhouse.<\/p>\n<p>John has been writing poetry for over 40 years, but only pursued publication seriously after he finished second in the 2009 Cuisle Limerick City International Poetry Festival Slam.  This led to poems in the <em>Revival Literary Journal, Stony Thursday, Boyne Berries<\/em> and other publications, including Revival\u2019s six emerging-poets\u2019 collection <em>Sextet<\/em> in 2010, edited by Edward O\u2019Dwyer.  In February 2014, his first collection <em>Maiden Voyage<\/em> was launched in Limerick by Revival Press.<\/p>\n<p>&#8220;<em>There&#8217;s an ever-present sense of these poems as punctuation marks in the unfolding of the poet&#8217;s life &#8212; as man, as American, as Irish, as husband, as father, as friend, as poet, as teacher. He writes with a conscientious sense of taking stock. Even the framing poems\u2019 titles &#8212; &#8216;Looking for a Better Past&#8217; and &#8216;Before we Disappear&#8217; &#8212; are emblematic of Pinschmidt&#8217;s desire to remember well those moments that have brought him to where he is: in time, place, circumstance, and company.<\/em>&#8221;<br \/>\n&#8211; <strong>Ed O&#8217;Dwyer<\/strong>.<\/p>\n<p><\/font><\/p>\n<p>&nbsp;<\/p>\n<hr \/>\n<p><a name=\"27thApril\"><\/a><br \/>\n<center><em>27th April<\/em><\/p>\n<p><strong>Gabriel FitzMaurice<\/strong><\/p>\n<p>You can listen to Gabriel&#8217;s reading <a href=\"https:\/\/www.obheal.ie\/blog\/audio\/Guest Reading - Gabriel FitzMaurice 2015.mp3\">here<\/a>.<\/center><\/p>\n<p><font color=\"silver\"><img loading=\"lazy\" decoding=\"async\" width=\"109\" height=\"100\" border=\"1\" align=\"right\" src=\"https:\/\/www.obheal.ie\/blog\/wp-content\/uploads\/2015\/03\/GabrielFitzMauriceSm.jpg\"\/><\/font><font size=\"1\"><strong>Gabriel Fitzmaurice<\/strong>&#8216;s <i>The Lonesome Road: Collected And New Poems, 1984\u20132014<\/i> has recently been published by Liberties Press. He was born in 1952 in the village of Moyvane, Co. Kerry where he still lives. For over thirty years he taught in the local primary school from which he retired as principal in 2007. He is author of more than fifty books, including collections of poetry in English and Irish as well as several collections of verse for children. Some of his collections in English include <em>Rainsong<\/em> (Dublin, Beaver Row Press, 1984), <em>The Space Between: New and Selected Poems 1984-92<\/em> (Gallimh, Cl\u00f3 Iar-Chonnachta Teo, 1993), <em>The Wrenboy\u2019s Carnival: Poems 1980-2000<\/em> (Dublin, Merlin Publishing, 2000) and <em>The Boghole Boys<\/em> with an introduction by Bernard O\u2019Donoghue (Cork, Mercier Press, 2005). <em>Poems of Faith and Doubt<\/em> appeared from Salmon Poetry in 2011.<\/p>\n<p>He has translated extensively from the Irish and has edited a number of anthologies of poetry in English and Irish. He has published two volumes of essays and collections of songs and ballads. Poems of his have been set to music and recorded by Brian Kennedy and by RT\u00c9 C\u00f3r an n\u00d3g with the RT\u00c9 National Symphony Orchestra. He frequently broadcasts on radio and television on education and the arts. He has been described as <em>\u201cthe best contemporary, traditional, popular poet in English\u201d<\/em> in Booklist (U.S), <em>\u201ca wonderful poet\u201d<\/em> in the Guardian, <em>\u201cone of Ireland\u2019s leading poets\u201d<\/em> in Books Ireland, <em>\u201cIreland\u2019s favourite poet for children\u201d<\/em> in Best Books! and <em>\u201cthe Irish A.A. Milne\u201d<\/em> by Declan Kiberd in the Sunday Tribune.<\/p>\n<p><\/font><\/p>\n<p>&nbsp;<\/p>\n<hr \/>\n<p><a name=\"4thMay\"><\/a><br \/>\n<center><em>4th May<\/em><\/p>\n<p><font size=\"1\" color=\"green\"><strong>&Oacute; Bh&eacute;al<\/strong><\/font> <font size=\"1\">in association with <\/font><font size=\"1\" color=\"green\"><strong>Foras na Gaeilge<\/strong><\/font><font size=\"1\"> presents<\/font><\/p>\n<p><strong>\u00c1ine U\u00ed Fhoghl\u00fa<\/strong><\/p>\n<p>You can listen to \u00c1ine&#8217;s reading <a href=\"https:\/\/www.obheal.ie\/blog\/audio\/Guest Reading - Aine Ui Fhoghlu 2015.mp3\">here<\/a>.<\/center><\/p>\n<p><font color=\"silver\"><img loading=\"lazy\" decoding=\"async\" width=\"106\" height=\"100\" border=\"1\" align=\"right\" src=\"https:\/\/www.obheal.ie\/blog\/wp-content\/uploads\/2015\/03\/AineUiFhoghluSm.jpg\"\/><\/font><font size=\"1\"><strong>\u00c1ine U\u00ed Fhoghl\u00fa<\/strong> comes from the Gaeltacht area of An Rinn in County Waterford. A Poet and prose writer, her poetry collections are <em>Aistear Aonair<\/em> (Coisc\u00e9im, 1999), <em>An Li\u00fa sa Chuan<\/em> (Coisc\u00e9im, 2007) and <em>Ar an Imeall<\/em> (Coisc\u00e9im, 2011). Fiction for adult learners of Irish include <em>Cr\u00faba na Cinni\u00fana<\/em> (2009) and <em>Uisce faoi Thalamh<\/em> (2011); teenage fiction <em>Pinc\u00ed sa Ghaeltacht<\/em> (2012) and adult fiction <em>\u00c9al\u00fa<\/em> (2013). She works as a secondary school teacher and edited the first two editions of the new Irish language magazine for young writers <em>Comhar \u00d3g<\/em> (2012\/13). \u00c1ine teaches creative writing to her own Transition Year students. Has won many literary awards for both prose and poetry including the Michael Hartnett Poetry Prize in 2008.<\/p>\n<p><\/font><\/p>\n<p>&nbsp;<\/p>\n<hr \/>\n<p><a name=\"11thMay\"><\/a><br \/>\n<center><em>11th May<\/em><\/p>\n<p><strong>Rachel Warriner<\/strong><\/p>\n<p>You can listen to Rachel&#8217;s reading <a href=\"https:\/\/www.obheal.ie\/blog\/audio\/Guest Reading - Rachel Warriner.mp3\">here<\/a>.<\/center><\/p>\n<p><font color=\"silver\"><img loading=\"lazy\" decoding=\"async\" width=\"146\" height=\"100\" border=\"1\" align=\"right\" src=\"https:\/\/www.obheal.ie\/blog\/wp-content\/uploads\/2015\/03\/RachelWarrinerSm.jpg\"\/><\/font><font size=\"1\"><strong>Rachel Warriner<\/strong> is a poet based in Cork City. Her works include the three-part simultaneous poem <em>Primary<\/em> (Default, 2009), the psychogeographic photo\/text work <em>Detritus<\/em> (Dusie\/Default, 2010), the poems of the high-speed anti-IMF protest <em>Eleven Days<\/em> (RunAmok, 2011) and her book length examination of amateur operatics <em>Fine Lament<\/em> (Critical Documents 2012). <\/p>\n<p>Her work has appeared in <em>Cleaves, Dusie, Hi Zero, Poetry Salzburg Review, International Egg, Poultry Review<\/em> and <em>Default<\/em>. She is also involved in organising the annual SoundEye Poetry Festival and has been involved in small presses DEFAULT and RunAmok.<\/p>\n<p><\/font><\/p>\n<p>&nbsp;<\/p>\n<hr \/>\n<p><a name=\"18thMay\"><\/a><br \/>\n<center><em>18th May<\/em><\/p>\n<p><strong>Vivienne McKechnie<\/strong><\/p>\n<p>You can listen to Vivienne&#8217;s reading <a href=\"https:\/\/www.obheal.ie\/blog\/audio\/Guest Reading - Vivienne McKechnie.mp3\">here<\/a>.<\/center><\/p>\n<p><font color=\"silver\"><img loading=\"lazy\" decoding=\"async\" width=\"124\" height=\"100\" border=\"1\" align=\"right\" src=\"https:\/\/www.obheal.ie\/blog\/wp-content\/uploads\/2015\/03\/VivienneMcKechnieSm.jpg\"\/><\/font><font size=\"1\"><strong>Vivienne McKechnie<\/strong>  (<em>nee<\/em> Darling) was born in Dublin and now lives in Limerick.  She is a graduate of Trinity College Dublin, has taught English in Dublin, Limerick and Kenya and is currently teaching Creative Writing in the Limerick College of Further Education. She was guest poet in The White House, Limerick and has given poetry readings at the Cuisle International Poetry Festival, in the Hunt Museum, in the Banner Bookshop, Ennistymon and in Flannery\u2019s with poet Michael Coady.  Her poetry has been broadcast on Lyric FM.<\/p>\n<p>Vivienne has lectured on Yeats to the Mid-Western English Teacher\u2019s Association and Jennifer Johnston in the University of Limerick.  She has given a course on the Short Story and on the Modern Novel in the University of Limerick.  She was involved in the Writers in Schools scheme while teaching, inviting writers to Limerick and Dublin.  She is a member of the Kate O\u2019Brien Weekend\/Limerick Literary Festival and the Limerick City of Culture committee.  Vivienne was editor of <em>Dream of a City, An Anthology of Contemporary Poetry<\/em> from Limerick City of Culture 2014. Her d\u00e9but poetry collection <em>A Butterfly\u2019s Wing<\/em> was published by Arlen House in November 2013.<\/p>\n<p><\/font><\/p>\n<p>&nbsp;<\/p>\n<hr \/>\n<p><a name=\"25thMay\"><\/a><br \/>\n<center><em>25th May<\/em><\/p>\n<p><strong>Noel Monahan<\/strong><\/p>\n<p>You can listen to Noel&#8217;s reading <a href=\"https:\/\/www.obheal.ie\/blog\/audio\/Guest Reading - Noel Monaghan.mp3\">here<\/a>.<\/center><\/p>\n<p><font color=\"silver\"><img loading=\"lazy\" decoding=\"async\" width=\"120\" height=\"100\" border=\"1\" align=\"right\" src=\"https:\/\/www.obheal.ie\/blog\/wp-content\/uploads\/2015\/03\/NoelMonaghanSm.jpg\"\/><\/font><font size=\"1\"><strong>Noel Monahan<\/strong> was born in Granard, Co. Longford. He has won numerous awards for his poetry and writing. His awards include: The SeaCat National Poetry Award, organised by Poetry Ireland, The RTE P.J. O\u2019Connor Award for drama, The ASTI Achievements Award, The Hiberno-English Poetry Award and The Irish Writers\u2019 Union Poetry Award. He has read his work on Sunday Miscellany, RTE 1, on a number of occasions.  His poetry was prescribed text for Leaving Certificate English, 2011 &#038; 2012. <\/p>\n<p><em>Where The Wind Sleeps<\/em> is Noel Monahan\u2019s sixth collection of poetry, published in 2014 by Salmon Poetry. HIs previous collections, also from Salmon are <em>Opposite Walls<\/em> (1991), <em>Snowfire<\/em> (1995), <em>Curse of The Birds<\/em> (2000), <em>The Funeral Game<\/em> (2004) and <em>Curve Of The Moon<\/em> (2010). A number of his poems have been translated into: Italian, Russian, French and Romanian. His most recent plays include <em>The Children of Lir<\/em>, performed by Livin Dred Theatre and <em>Lovely Husbands<\/em>, a play for young people, based on the work of Henry James. For twenty three years he has worked with Heather Brett as co editor of Windows Publications.  A seventh collection, <em>Celui Qui Porte Un Veau<\/em>, a selection of French translations of Noel Monahan\u2019s work was published by Alidades in 2014. Noel Monahan holds an M.A. in Creative Writing. <\/p>\n<p><\/font><\/p>\n<p>&nbsp;<\/p>\n<hr \/>\n<p>&nbsp;<br \/>\n&nbsp;<br \/>\n&nbsp;<br \/>\n&nbsp;<br \/>\n&nbsp;<br \/>\n&nbsp;<br \/>\n&nbsp;<br \/>\n&nbsp;<br \/>\n&nbsp;<br \/>\n&nbsp;<\/p>\n","protected":false},"excerpt":{"rendered":"<p>April and May 6th April Jim Maguire You can listen to Jim&#8217;s reading here. Jim Maguire&#8216;s work has been published widely in journals in Ireland and the UK. For many years he lived in Korea, the setting for his collection of short stories Quiet People (Lapwing). A past winner of the Strokestown International Poetry Prize, [&hellip;]<\/p>\n","protected":false},"author":1,"featured_media":0,"parent":19,"menu_order":0,"comment_status":"closed","ping_status":"open","template":"","meta":{"_uf_show_specific_survey":0,"_uf_disable_surveys":false,"footnotes":""},"class_list":["post-4198","page","type-page","status-publish","hentry"],"_links":{"self":[{"href":"https:\/\/www.obheal.ie\/blog\/wp-json\/wp\/v2\/pages\/4198","targetHints":{"allow":["GET"]}}],"collection":[{"href":"https:\/\/www.obheal.ie\/blog\/wp-json\/wp\/v2\/pages"}],"about":[{"href":"https:\/\/www.obheal.ie\/blog\/wp-json\/wp\/v2\/types\/page"}],"author":[{"embeddable":true,"href":"https:\/\/www.obheal.ie\/blog\/wp-json\/wp\/v2\/users\/1"}],"replies":[{"embeddable":true,"href":"https:\/\/www.obheal.ie\/blog\/wp-json\/wp\/v2\/comments?post=4198"}],"version-history":[{"count":0,"href":"https:\/\/www.obheal.ie\/blog\/wp-json\/wp\/v2\/pages\/4198\/revisions"}],"up":[{"embeddable":true,"href":"https:\/\/www.obheal.ie\/blog\/wp-json\/wp\/v2\/pages\/19"}],"wp:attachment":[{"href":"https:\/\/www.obheal.ie\/blog\/wp-json\/wp\/v2\/media?parent=4198"}],"curies":[{"name":"wp","href":"https:\/\/api.w.org\/{rel}","templated":true}]}}