{"id":4057,"date":"2015-01-25T15:56:05","date_gmt":"2015-01-25T15:56:05","guid":{"rendered":"http:\/\/www.obheal.ie\/blog\/?page_id=4057"},"modified":"2015-04-06T16:01:07","modified_gmt":"2015-04-06T16:01:07","slug":"guests-47-febmar-2014","status":"publish","type":"page","link":"https:\/\/www.obheal.ie\/blog\/guest-poets\/guests-47-febmar-2014\/","title":{"rendered":"Guests (47) Feb\/Mar 2015"},"content":{"rendered":"<hr \/>\n<p><center><strong>February and March<\/strong><\/center><\/p>\n<hr \/>\n<p><center><em>2nd February<\/em><\/p>\n<p><strong>New Creative Writing from UCC<\/strong><\/center><\/p>\n<p><font size=\"1\">Poets and short fiction writers from the <strong>UCC<\/strong> MA and PhD Creative Writing programmes will be presented by Leanne O&#8217;Sullivan, and will read from their new work. Readers include <strong>Ciara McCarthy, Adrian Wistreich, Niamh Prior<\/strong> and <strong>Claire Creely<\/strong>. <\/p>\n<p><\/font><font size=\"2\"><center>You can listen to Ciara&#8217;s reading <a href=\"https:\/\/www.obheal.ie\/blog\/audio\/Guest Reading - Ciara McCarthy UCC2015.mp3\">here<\/a>.<\/center><\/font><\/p>\n<p><font color=\"silver\"><img loading=\"lazy\" decoding=\"async\" width=\"107\" height=\"100\" border=\"1\" align=\"right\" src=\"https:\/\/www.obheal.ie\/blog\/wp-content\/uploads\/2015\/01\/CiaraMcCarthySm.jpg\"\/><\/font><font size=\"1\"><strong>Ciara McCarthy<\/strong> is a twenty-two year old student from Cork City. She holds a BA in English and Irish and is currently studying the MA in Creative Writing in University College Cork. She works part-time in GameStop on Patrick Street and is the younger of two children. She credits her parents for always supporting her love of writing and has literary influences on both sides of the family. Ciara&#8217;s motto is &#8220;excelsior&#8221;, a Latin term meaning &#8220;ever upward.&#8221;<\/p>\n<p><\/font><font size=\"2\"><center>You can listen to Adrian&#8217;s reading <a href=\"https:\/\/www.obheal.ie\/blog\/audio\/Guest Reading - Adrian Wistreich UCC2015.mp3\">here<\/a>.<\/center><\/font><\/p>\n<p><font color=\"silver\"><img loading=\"lazy\" decoding=\"async\" width=\"74\" height=\"100\" border=\"1\" align=\"right\" src=\"https:\/\/www.obheal.ie\/blog\/wp-content\/uploads\/2015\/01\/AdrianWistreichSm.jpg\"\/><\/font><font size=\"1\"><strong>Adrian Wistreich<\/strong> studied ceramics and design in London in 1999, after 22 years in business as a research publisher. He moved to Kinsale and set up Kinsale Pottery &#038; Arts Centre, a craft teaching centre. In 2014, he joined the new Masters in Creative Writing at UCC. A winner of the Fish Flash Fiction prize, his writing aspirations currently lie in short story and interactive fiction.<br \/>\n&nbsp;<\/p>\n<p><\/font><font size=\"2\"><center>You can listen to Niamh&#8217;s reading <a href=\"https:\/\/www.obheal.ie\/blog\/audio\/Guest Reading - Niamh Prior UCC2015.mp3\">here<\/a>.<\/center><\/font><\/p>\n<p><font color=\"silver\"><img loading=\"lazy\" decoding=\"async\" width=\"85\" height=\"100\" border=\"1\" align=\"right\" src=\"https:\/\/www.obheal.ie\/blog\/wp-content\/uploads\/2015\/01\/NiamhPriorSm.jpg\"\/><\/font><font size=\"1\"><strong>Niamh Prior<\/strong> is from Kinsale. Her work has appeared in publications including the <em>Holly Bough, Revival<\/em> and <em>The Stinging Fly<\/em>. She completed her MA in Creative Writing at UCC last year, producing for her thesis a collection of poetry. She is currently in the first year of her PhD in Creative writing, for which she is concentrating of writing fiction.<br \/>\n&nbsp;<\/p>\n<p><\/font><font size=\"2\"><center>You can listen to Claire&#8217;s reading <a href=\"https:\/\/www.obheal.ie\/blog\/audio\/Guest Reading - Claire Creely UCC2015.mp3\">here<\/a>.<\/center><\/font><\/p>\n<p><font color=\"silver\"><img loading=\"lazy\" decoding=\"async\" width=\"105\" height=\"100\" border=\"1\" align=\"right\" src=\"https:\/\/www.obheal.ie\/blog\/wp-content\/uploads\/2015\/01\/ClaireCreelySm.jpg\"\/><\/font><font size=\"1\"><strong>Claire Creely<\/strong> is a student at the University College Cork pursuing a MA in Creative Writing. Claire graduated from Saint Mary&#8217;s College with a BA in Psychology and a minor in Creative Writing. Her poetry has previously been published in <em>Chimes Literary Magazine<\/em>. She is originally from Louisville, Kentucky.<br \/>\n<\/font><\/p>\n<p>&nbsp;<\/p>\n<p><font size=\"2\"><center>You can listen to Kathy&#8217;s reading <a href=\"https:\/\/www.obheal.ie\/blog\/audio\/Guest Reading - Kathy Darcy UCC2015.mp3\">here<\/a>.<\/center><\/font><\/p>\n<p><font color=\"silver\"><img loading=\"lazy\" decoding=\"async\" width=\"83\" height=\"100\" border=\"1\" align=\"right\" src=\"https:\/\/www.obheal.ie\/blog\/wp-content\/uploads\/2015\/01\/KathyDarcySm.jpg\"\/><\/font><font size=\"1\"><strong>Kathy D&#8217;Arcy<\/strong> is a poet, workshop facilitator and and youth worker based in Cork city. Originally trained as a doctor, she is currently writer in residence with Tigh Fili Cultural Centre. Her second collection <em>The Wild Pupil<\/em>, was recently launched in Dublin by Jean O&#8217; Brien and in Cork by Thomas McCarthy. In 2013 she was awarded an Arts Council Literature Bursary and in 2014 an Irish Research Council Award to support the future development of her work. She is currently undertaking a PhD in Creative Writing at UCC.<br \/>\n<\/font><br \/>\n&nbsp;<\/p>\n<hr \/>\n<p><a name=\"9thFebruary\"><\/a><br \/>\n<center><em>9th February<\/em><\/p>\n<p><strong>Erin Fornoff<\/strong> &#038; <strong>Caleb Brennan<\/strong><\/p>\n<p>You can listen to Erin&#8217;s reading <a href=\"https:\/\/www.obheal.ie\/blog\/audio\/Guest Reading - Erin Fornoff.mp3\">here<\/a>.<\/center><\/p>\n<p><font color=\"silver\"><img loading=\"lazy\" decoding=\"async\" width=\"107\" height=\"100\" border=\"1\" align=\"right\" src=\"https:\/\/www.obheal.ie\/blog\/wp-content\/uploads\/2015\/01\/ErinFornoffSm.jpg\"\/><\/font><font size=\"1\">Appalachian-born <strong>Erin Fornoff<\/strong> is an American poet living and working in Dublin. She has performed her poems at major music festivals such as Glastonbury, Electric Picnic, Indiependence, and dozens of others. She has been featured poet at Farmleigh House alongside Hozier, and featured at spoken word nights across Ireland. She is artistic director of <em>Lingo<\/em>, Ireland&#8217;s first ever spoken word festival. She has been featured live on RTE Arena Stage, and has been published in <em>The Stinging Fly, New Planet Cabaret, Penduline, Cyphers<\/em> and many others. She won First Prize for Poetry in The Cellar Door, 3rd Prize in the Strokestown Poetry Award, and won the 2013 StAnza Digital Slam. She was selected for the 2014 Poetry Ireland Introductions Series and has an M.Phil in Creative Writing (Distinction) from Trinity College Dublin. She is opening for Hollie McNish&#8217;s upcoming Irish tour in Dublin, Cork, and Galway.<\/p>\n<p><\/font><font size=\"2\"><center>You can listen to Caleb&#8217;s reading <a href=\"https:\/\/www.obheal.ie\/blog\/audio\/Guest Reading - Caleb Brennan.mp3\">here<\/a>.<\/center><\/font><\/p>\n<p><font color=\"silver\"><img loading=\"lazy\" decoding=\"async\" width=\"96\" height=\"100\" border=\"1\" align=\"right\" src=\"https:\/\/www.obheal.ie\/blog\/wp-content\/uploads\/2015\/01\/CalebBrennanSm.jpg\"\/><\/font><font size=\"1\"><strong>Caleb Brennan<\/strong> (b. 1994) is a native of Limerick city. Caleb\u2019s work has appeared in numerous magazines around Ireland, the UK and the US such as <em>Wordlegs, The Linnet\u2019s Wing, Skylight 47<\/em> and <em>The Blue Hour<\/em> magazine. In 2014, his Chapbook entitled <em>Unsocial Media<\/em> was highly commended by the judges in the BYOB poetry magazine pamphlet competition (NY, USA). He was also the youngest ever programmed poet for Cuisle Limerick City International Poetry Festival in Oct, 2014, and has been a featured reader in several other events. A freelance journalist by trade, he is currently growing his first beard. <\/p>\n<p>&nbsp;<br \/>\n<\/font><\/p>\n<hr \/>\n<p><a name=\"16thFebruary\"><\/a><br \/>\n<center><em>16th February<\/em><\/p>\n<p><strong>Martin Dyar<\/strong><\/p>\n<p>You can listen to Martin&#8217;s reading <a href=\"https:\/\/www.obheal.ie\/blog\/audio\/Guest Reading - Martin Dyar.mp3\">here<\/a>.<\/center><\/p>\n<p><font color=\"silver\"><img loading=\"lazy\" decoding=\"async\" width=\"97\" height=\"100\" border=\"1\" align=\"right\" src=\"https:\/\/www.obheal.ie\/blog\/wp-content\/uploads\/2015\/01\/MartinDyarSm.jpg\"\/><\/font><font size=\"1\"><strong>Martin Dyar<\/strong> grew up in Swinford in County Mayo. His d\u00e9but collection of poems <em>Maiden Names<\/em> (Arlen House, 2013) was chosen as a book of the year in both the Guardian and The Irish Times, and was shortlisted for the Pigott Poetry Prize and the Shine\/Strong Award. His play <em>Tom Loves a Lord<\/em> about the life of the Irish poet Thomas Moore was staged at the Samuel Beckett Theatre in 2011. Martin Dyar won the Patrick Kavanagh Award in 2009, and the Strokestown International Poetry Award in 2001. He has also been a recipient of two Irish Arts Council Bursary Awards for literature. Most recently, Martin was a writer in residence at the International Writing Program at the University of Iowa, where he was a Dublin UNESCO City of Literature Fellow.<\/p>\n<p><\/font><\/p>\n<p>&nbsp;<\/p>\n<hr \/>\n<p><a name=\"23rdFebruary\"><\/a><br \/>\n<center><em>23rd February<\/em><\/p>\n<p><strong>Melissa Diem<\/strong><\/p>\n<p>You can listen to Melissa&#8217;s reading <a href=\"https:\/\/www.obheal.ie\/blog\/audio\/Guest Reading - Melissa Diem.mp3\">here<\/a>.<\/center><\/p>\n<p><font color=\"silver\"><img loading=\"lazy\" decoding=\"async\" width=\"128\" height=\"100\" border=\"1\" align=\"right\" src=\"https:\/\/www.obheal.ie\/blog\/wp-content\/uploads\/2015\/01\/MelissaDiemSm.jpg\"\/><\/font><font size=\"1\"><strong>Melissa Diem<\/strong> was born in New York and has lived in Ireland since she was twelve. She has a degree in psychology and an MPhil in Creative Writing from Trinity College Dublin and was awarded a Bank of Ireland Millennium Scholarship. She has published the novel <em>Changeling<\/em> [Pan (UK) and Gill &#038; Macmillan (Ireland), 2014] and poetry in several journals. She was the Featured Poet in <em>The Stinging Fly<\/em> Spring issue 2010. She was shortlisted for both the Hennessy Literary Awards and the Bradshaw Cork Literary Review Poetry Manuscript Competition and joint runner up for the Patrick Kavanagh Poetry Award. Melissa has exhibited visual media throughout Ireland including at the RHA, Iontas, Guinness Hopstore and The Ark. Recently Melissa began making poetry films based on her poems which have been screened at festivals worldwide, she was a finalist at the La Parola Immaginata- Trevigliopoesia 2013, Italy and recently commissioned for a film by Filmpoem and Felix Poetry Festival in association with The Poetry Society UK, 2014. Her d\u00e9but poetry collection <em>This Is What Happened<\/em> includes her own artwork and is published by The Poetry Bus Press, Spring 2015. <\/p>\n<p><\/font><\/p>\n<p>&nbsp;<\/p>\n<hr \/>\n<p><a name=\"2ndMarch\"><\/a><br \/>\n<center><em>2nd March<\/em><\/p>\n<p><font color=\"green\" size=\"1\"><strong>&Oacute; Bh&eacute;al<\/strong><\/font><font size=\"1\"> in association with <\/font><font color=\"green\" size=\"1\"><strong>Foras na Gaeilge <\/strong><\/font><font size=\"1\">presents a bi-lingual evening with<\/font><\/p>\n<p><strong>Aifric MacAodha<\/strong><\/p>\n<p>You can listen to Aifric&#8217;s reading <a href=\"https:\/\/www.obheal.ie\/blog\/audio\/Guest Reading - Aifric MacAodha 2015.mp3\">here<\/a>.<\/center><\/p>\n<p><font color=\"silver\"><img loading=\"lazy\" decoding=\"async\" width=\"77\" height=\"100\" border=\"1\" align=\"right\" src=\"https:\/\/www.obheal.ie\/blog\/wp-content\/uploads\/2015\/01\/AifricMacAodhaSm.jpg\"\/><\/font><font size=\"1\">T\u00e1 <strong>Aifric Mac Aodha<\/strong> ag obair ina heagarth\u00f3ir c\u00fanta leis <em>an nG\u00fam<\/em>. Foils\u00edodh a c\u00e9ad chnuasach <em>Gabh\u00e1il Syrinx<\/em> (An Sagart) sa bhliain 2010. T\u00e1 s\u00ed ina comhairleoir Gaeilge ag <em>Poetry Ireland<\/em> agus ina heagarth\u00f3ir fil\u00edochta leis an <em>Stinging Fly<\/em>. T\u00e1 a saothar aistrithe go neart teangacha eile, an tSeicis, an R\u00faisis, an Fhraincis agus an Iod\u00e1ilis san \u00e1ireamh. <\/p>\n<p><strong>Aifric Mac Aodha<\/strong> is an assistant editor with the Irish language publisher <em>An G\u00fam<\/em>. Her first collection <em>Gabh\u00e1il Syrinx<\/em> [The Capture of Syrinx (An Sagart)] was published in 2010. She works as an Irish language consultant for <em>Poetry Ireland<\/em> and is the Irish language poetry editor for <em>The Stinging Fly<\/em>. Her work has been translated into many languages, including Czech, Russian, French and Italian.<\/p>\n<p><\/font><\/p>\n<p>&nbsp;<\/p>\n<hr \/>\n<p><a name=\"9thMarch\"><\/a><br \/>\n<center><em>9th March<\/em><\/p>\n<p><strong>Alan McMonagle<\/strong><\/p>\n<p>You can listen to Alan&#8217;s reading <a href=\"https:\/\/www.obheal.ie\/blog\/audio\/Guest Reading - Alan McMonagle.mp3\">here<\/a>.<\/center><\/p>\n<p><font color=\"silver\"><img loading=\"lazy\" decoding=\"async\" width=\"110\" height=\"100\" border=\"1\" align=\"right\" src=\"https:\/\/www.obheal.ie\/blog\/wp-content\/uploads\/2015\/01\/AlanMcMonagleSm.jpg\"\/><\/font><font size=\"1\"><strong>Alan McMonagle<\/strong>  is a short fiction writer, playwright and poet based in Galway. His work has received awards from the Banff Centre for Creativity (Canada), the Professional Artists&#8217; Retreat in Yaddo (New York), La Fundaci\u00f3n Valparaiso (Spain) and the Arts Council of Ireland. His poems have appeared in many journals, among them <em>The Shop, The Moth, The Stony Thursday Book, Orbit, Freefall, The C\u00fairt Annual, Skylight47<\/em> and <em>Crann\u00f3g<\/em>. He has also published two collections of stories, <em>Liar Liar<\/em> (Wordsonthestreet, 2009) and <em>Psychotic Episodes<\/em> (Arlen House, 2013). Last year, his radio play <em>Oscar Night<\/em> was produced and broadcast as part of RTE&#8217;s Drama on One season. <\/p>\n<p>For more visit <a href=\"http:\/\/www.alanmcmonagle.com\">www.alanmcmonagle.com<\/a> <\/p>\n<p><\/font><\/p>\n<p>&nbsp;<\/p>\n<hr \/>\n<p><a name=\"16thMarch\"><\/a><br \/>\n<center><em>16th March<\/em><\/p>\n<p><strong>Richard Halperin<\/strong><\/p>\n<p>You can listen to Richard&#8217;s reading <a href=\"https:\/\/www.obheal.ie\/blog\/audio\/Guest Reading - Richard Halperin 2015.mp3\">here<\/a>.<\/center><\/p>\n<p><font color=\"silver\"><img loading=\"lazy\" decoding=\"async\" width=\"83\" height=\"100\" border=\"1\" align=\"right\" src=\"https:\/\/www.obheal.ie\/blog\/wp-content\/uploads\/2015\/01\/RichardHalperinSm.jpg\"\/><\/font><font size=\"1\"><strong>Richard W. Halperin<\/strong> has seen over 230 of his poems published in magazines in Ireland and the UK since 2005. His full collections are via Salmon: <em>Anniversary<\/em> (2010); <em>Shy White Tiger<\/em> (2013); <em>Quiet in a Quiet House<\/em> (listed for Autumn 2015). In 2014 four chapbooks appeared via Lapwing: <em>Mr Sevridge Sketches &#038; A Wet Day; Pink, Ochre, Yellow; The Centreless Astonishment of Things<\/em>. Richard will read mainly from <em>Shy White Tiger<\/em> and <em>The Centreless Astonishment of Things<\/em>, as well as from a work-in-progress. <\/p>\n<p><\/font><\/p>\n<p>&nbsp;<\/p>\n<hr \/>\n<p><a name=\"23rdMarch\"><\/a><br \/>\n<center><em>23rd March<\/em><\/p>\n<p><strong>Bernadette Cremin<\/strong><\/p>\n<p>You can listen to Bernadette&#8217;s performance <a href=\"https:\/\/www.obheal.ie\/blog\/audio\/Guest Reading - Bernadette Cremin 2015.mp3\">here<\/a>.<\/center><\/p>\n<p><font color=\"silver\"><img loading=\"lazy\" decoding=\"async\" width=\"128\" height=\"100\" border=\"1\" align=\"right\" src=\"https:\/\/www.obheal.ie\/blog\/wp-content\/uploads\/2015\/01\/BernadetteCreminSm.jpg\"\/><\/font><font size=\"1\"><strong>Bernadette Cremin<\/strong> is touring her new show <em>altered egos<\/em>, an award winning one woman show that tells the tales of six untidy lives (edited for \u00d3 Bh\u00e9al). It includes 6 monologues that weave narrative and poetry from Bernadette&#8217;s first 3 published collections. Her fourth collection <em>Loose Ends<\/em> was published by PigHog in 2013 and <em>Papercuts<\/em>, her new and selected collection is imminent with Salmon Poetry, Eire. Valentine&#8217;s day is also set to be the launch date for her second spoken word\/song\/music album <em>guilty fist<\/em>, with musician\/producer Paul Mex. <\/p>\n<p>Bernadette was the outright winner of the 2005 Biscuit Publishing \u201cChallenge\u201d themed poetry competition. <em>Perfect Mess<\/em> is her prize award collection. Bernadette lives in Brighton, has won a Year Of The Artist award, a performance poetry bursary and has been published in the UK and Eire. Alongside solo commissions she has collaborated with a music producer (State Art), a film-maker (Indifference Productions) a photographer (ProjectPoetry) and a geneticist (Promise of Threat). Her collection <em>Speechless<\/em> (Waterloo Press) followed in 2007.<\/p>\n<p>Bernadette has previously worked as a social worker, tea lady, sociology lecturer, TEFL teacher, bank clerk and waitress. This chequered and eclectic career path has invaluably enriched her true vocation as poet and performer.<\/p>\n<p><em>\u201cCremin has built a magic bridge between performance and the page; she has proven palpably and infectiously, how there needn\u2019t be such a divide in the first place. Speechless is quite aptly titled, for that\u2019s exactly how it leaves one: it proves that Cremin\u2019s poetry is as tangible and affecting on the page as it is when uttered from her lips like subtle spells.\u201d<\/em> \u2013 Alan Morrison<\/p>\n<p><\/font><\/p>\n<p>&nbsp;<\/p>\n<hr \/>\n<p><a name=\"30thMarch\"><\/a><br \/>\n<center><em>30th March<\/em><\/p>\n<p><strong>Noel Duffy<\/strong><\/p>\n<p>You can listen to Noel&#8217;s reading <a href=\"https:\/\/www.obheal.ie\/blog\/audio\/Guest Reading - Noel Duffy.mp3\">here<\/a>.<\/center><\/p>\n<p><font color=\"silver\"><img loading=\"lazy\" decoding=\"async\" width=\"139\" height=\"100\" border=\"1\" align=\"right\" src=\"https:\/\/www.obheal.ie\/blog\/wp-content\/uploads\/2015\/01\/NoelDuffySm.jpg\"\/><\/font><font size=\"1\"><strong>Noel Duffy<\/strong> was born in 1971 and studied Experimental Physics at Trinity College, Dublin. After a short period in research, he turned to writing and went on to co-edit (with Theo Dorgan) the anthology <em>Watching the River Flow: A Century in Irish Poetry<\/em> (Poetry Ireland, 1999) and was winner of the START Chapbook Prize in 2003 for his collection <em>The Silence After<\/em>. His d\u00e9but collection <em>In the Library of Lost Objects<\/em> (Ward Wood Publishing, London, 2011) was shortlisted for the Strong Award for Best First Collection by an Irish poet. His second collection <em>On Light &#038; Carbon<\/em> followed in autumn 2013, again published with Ward Wood. His poems have been published widely in magazines and journals both in Ireland and abroad, including <em>Poetry Ireland Review, The Financial Times<\/em> and <em>The Irish Times<\/em>. His work has also been broadcast on RTE Radio 1&#8217;s <em>Sunday Miscellany<\/em> and Today with Pat Kenny, as well as been included in the anthologies, <em>The Open Door Book of Poetry<\/em> and <em>Slow Time: 100 Poems to Take you There<\/em>, both edited by Niall MacMonagle and more recently in <em>If Ever You Go: A Map of Dublin in Poetry and Song<\/em> (Dedalus Press, 2014) edited by Pat Boran and Gerard Smyth. Noel is currently completing work on a third collection, <em>Summer Rain<\/em>.<br \/>\n&nbsp;<\/p>\n<p><\/font><\/p>\n<hr \/>\n<p>&nbsp;<br \/>\n&nbsp;<br \/>\n&nbsp;<br \/>\n&nbsp;<br \/>\n&nbsp;<br \/>\n&nbsp;<br \/>\n&nbsp;<br \/>\n&nbsp;<br \/>\n&nbsp;<br \/>\n&nbsp;<\/p>\n","protected":false},"excerpt":{"rendered":"<p>February and March 2nd February New Creative Writing from UCC Poets and short fiction writers from the UCC MA and PhD Creative Writing programmes will be presented by Leanne O&#8217;Sullivan, and will read from their new work. Readers include Ciara McCarthy, Adrian Wistreich, Niamh Prior and Claire Creely. You can listen to Ciara&#8217;s reading here. [&hellip;]<\/p>\n","protected":false},"author":1,"featured_media":0,"parent":19,"menu_order":0,"comment_status":"closed","ping_status":"open","template":"","meta":{"_uf_show_specific_survey":0,"_uf_disable_surveys":false,"footnotes":""},"class_list":["post-4057","page","type-page","status-publish","hentry"],"_links":{"self":[{"href":"https:\/\/www.obheal.ie\/blog\/wp-json\/wp\/v2\/pages\/4057","targetHints":{"allow":["GET"]}}],"collection":[{"href":"https:\/\/www.obheal.ie\/blog\/wp-json\/wp\/v2\/pages"}],"about":[{"href":"https:\/\/www.obheal.ie\/blog\/wp-json\/wp\/v2\/types\/page"}],"author":[{"embeddable":true,"href":"https:\/\/www.obheal.ie\/blog\/wp-json\/wp\/v2\/users\/1"}],"replies":[{"embeddable":true,"href":"https:\/\/www.obheal.ie\/blog\/wp-json\/wp\/v2\/comments?post=4057"}],"version-history":[{"count":1,"href":"https:\/\/www.obheal.ie\/blog\/wp-json\/wp\/v2\/pages\/4057\/revisions"}],"predecessor-version":[{"id":4077,"href":"https:\/\/www.obheal.ie\/blog\/wp-json\/wp\/v2\/pages\/4057\/revisions\/4077"}],"up":[{"embeddable":true,"href":"https:\/\/www.obheal.ie\/blog\/wp-json\/wp\/v2\/pages\/19"}],"wp:attachment":[{"href":"https:\/\/www.obheal.ie\/blog\/wp-json\/wp\/v2\/media?parent=4057"}],"curies":[{"name":"wp","href":"https:\/\/api.w.org\/{rel}","templated":true}]}}