{"id":3979,"date":"2015-01-10T19:28:55","date_gmt":"2015-01-10T19:28:55","guid":{"rendered":"http:\/\/www.obheal.ie\/blog\/?page_id=3979"},"modified":"2020-10-17T10:27:18","modified_gmt":"2020-10-17T10:27:18","slug":"winter-warmer-videos-2014","status":"publish","type":"page","link":"https:\/\/www.obheal.ie\/blog\/winter-warmer-poetry-festival\/winter-warmer-videos-2014\/","title":{"rendered":"Winter Warmer Videos 2014"},"content":{"rendered":"<p><font color=\"silver\"><img decoding=\"async\" border=\"0\" src=\"https:\/\/www.obheal.ie\/winterwarmer\/Winter Warmer 2014vsm.jpg\"\/><\/font><\/p>\n<p>&nbsp;<\/p>\n<p><center><strong>Winter Warmer Videos 2014<\/strong><br \/>\n<font size=\"1\">(also on the <a href=\"http:\/\/www.youtube.com\/user\/OBheal\" target=\"_blank\" rel=\"noopener noreferrer\">\u00d3 Bh\u00e9al Youtube channel)<\/a><\/font><\/center><\/p>\n<p><center>21st-22nd November<\/center><\/p>\n<p>&nbsp;<\/p>\n<p>One video from each guest poet at the 2nd Winter Warmer (in order of appearance) followed by the closed-mic.<\/p>\n<p><center><br \/>\n&nbsp;<\/p>\n<hr \/>\n<p><strong>Eleanor Hooker<\/strong><br \/>\n<iframe loading=\"lazy\" width=\"560\" height=\"315\" src=\"https:\/\/www.youtube.com\/embed\/bopNg1If-LU?list=PLZaKHHqXojc3zVfXiFYYmj69HbygRC5pm\" frameborder=\"0\" allowfullscreen><\/iframe><br \/>\nMirrored<\/p>\n<hr \/>\n<p><strong>Eugene O&#8217;Connell<\/strong><br \/>\n<iframe loading=\"lazy\" width=\"560\" height=\"315\" src=\"https:\/\/www.youtube.com\/embed\/A6SxTI7o_WI?list=PLZaKHHqXojc3zVfXiFYYmj69HbygRC5pm\" frameborder=\"0\" allowfullscreen><\/iframe><br \/>\nOn the Pier<\/p>\n<hr \/>\n<p><strong>Fergal Gaynor<\/strong><br \/>\n<iframe loading=\"lazy\" width=\"560\" height=\"315\" src=\"https:\/\/www.youtube.com\/embed\/KDMw47Jm0Lo?list=PLZaKHHqXojc3zVfXiFYYmj69HbygRC5pm\" frameborder=\"0\" allowfullscreen><\/iframe><br \/>\n&#8216;The Sclerotic Being &#8230;&#8217;<\/p>\n<hr \/>\n<p><strong>David Toms<\/strong><br \/>\n<iframe loading=\"lazy\" width=\"560\" height=\"315\" src=\"https:\/\/www.youtube.com\/embed\/ffCP3Hrg1OE?list=PLZaKHHqXojc3zVfXiFYYmj69HbygRC5pm\" frameborder=\"0\" allowfullscreen><\/iframe><br \/>\nIt Is This<\/p>\n<hr \/>\n<p><strong>Mary O\u2019Donnell<\/strong><br \/>\n<iframe loading=\"lazy\" width=\"560\" height=\"315\" src=\"https:\/\/www.youtube.com\/embed\/7olIGwN26U0?list=PLZaKHHqXojc3zVfXiFYYmj69HbygRC5pm\" frameborder=\"0\" allowfullscreen><\/iframe><br \/>\nThe Parts<\/p>\n<hr \/>\n<p><strong>Snatch<\/strong><br \/>\n<iframe loading=\"lazy\" width=\"560\" height=\"315\" src=\"https:\/\/www.youtube.com\/embed\/dz8Qx0xm8tg?list=PLZaKHHqXojc3zVfXiFYYmj69HbygRC5pm\" frameborder=\"0\" allowfullscreen><\/iframe><br \/>\nImprov Poem<\/p>\n<hr \/>\n<p><strong>Temper-Mental MissElayneous<\/strong><br \/>\n<iframe loading=\"lazy\" width=\"560\" height=\"315\" src=\"https:\/\/www.youtube.com\/embed\/iNIUk68Gp6k?list=PLZaKHHqXojc3zVfXiFYYmj69HbygRC5pm\" frameborder=\"0\" allowfullscreen><\/iframe><br \/>\nHeart Lose Tempo acoustic<\/p>\n<hr \/>\n<p><strong>Astrid Alben<\/strong><br \/>\n<iframe loading=\"lazy\" width=\"560\" height=\"315\" src=\"https:\/\/www.youtube.com\/embed\/EnAqg3biyhQ?list=PLZaKHHqXojc3zVfXiFYYmj69HbygRC5pm\" frameborder=\"0\" allowfullscreen><\/iframe><br \/>\nMan on Train with Spirit-Level in Yellow Canvas Bag<\/p>\n<hr \/>\n<p><strong>Maighread Medbh<\/strong><br \/>\n<iframe loading=\"lazy\" width=\"560\" height=\"315\" src=\"https:\/\/www.youtube.com\/embed\/vAEJ8WAyHQQ?list=PLZaKHHqXojc3zVfXiFYYmj69HbygRC5pm\" frameborder=\"0\" allowfullscreen><\/iframe><br \/>\nClimacteric in the Extreme<\/p>\n<hr \/>\n<p><strong>Sawa-Le<\/strong><br \/>\n<iframe loading=\"lazy\" width=\"560\" height=\"315\" src=\"https:\/\/www.youtube.com\/embed\/aP2mRiHPCJo?list=PLZaKHHqXojc3zVfXiFYYmj69HbygRC5pm\" frameborder=\"0\" allowfullscreen><\/iframe><br \/>\nWhom am I?<\/p>\n<hr \/>\n<p><strong>Ciar\u00e1n MacArtain<\/strong> with <strong>Michael O\u2019Callaghan<\/strong><br \/>\n<iframe loading=\"lazy\" width=\"560\" height=\"315\" src=\"https:\/\/www.youtube.com\/embed\/DiIS9QfaasE?list=PLZaKHHqXojc3zVfXiFYYmj69HbygRC5pm\" frameborder=\"0\" allowfullscreen><\/iframe><br \/>\nFree The Puppet<\/p>\n<hr \/>\n<p><strong>Simon \u00d3 Faol\u00e1in<\/strong><br \/>\n<iframe loading=\"lazy\" width=\"560\" height=\"315\" src=\"https:\/\/www.youtube.com\/embed\/4_DWDIADP6M?list=PLZaKHHqXojc3zVfXiFYYmj69HbygRC5pm\" frameborder=\"0\" allowfullscreen><\/iframe><br \/>\nBedouin<\/p>\n<hr \/>\n<p><strong>Christodoulos Makris<\/strong><br \/>\n<iframe loading=\"lazy\" width=\"560\" height=\"315\" src=\"https:\/\/www.youtube.com\/embed\/ykzmG5Yp0qU?list=PLZaKHHqXojc3zVfXiFYYmj69HbygRC5pm\" frameborder=\"0\" allowfullscreen><\/iframe><br \/>\nConsequences<\/p>\n<hr \/>\n<p><strong>Eimear Ryan<\/strong><br \/>\n<iframe loading=\"lazy\" width=\"560\" height=\"315\" src=\"https:\/\/www.youtube.com\/embed\/LJeIVBsqKN8?list=PLZaKHHqXojc3zVfXiFYYmj69HbygRC5pm\" frameborder=\"0\" allowfullscreen><\/iframe><br \/>\nextract from a forthcoming novel<\/p>\n<hr \/>\n<p><strong>Colm Scully<\/strong><br \/>\n<iframe loading=\"lazy\" width=\"560\" height=\"315\" src=\"https:\/\/www.youtube.com\/embed\/MfZy9dIOdUM?list=PLZaKHHqXojc3zVfXiFYYmj69HbygRC5pm\" frameborder=\"0\" allowfullscreen><\/iframe><br \/>\nCulture Night<\/p>\n<hr \/>\n<p><strong>Sarah Clancy<\/strong><br \/>\n<iframe loading=\"lazy\" width=\"560\" height=\"315\" src=\"https:\/\/www.youtube.com\/embed\/bhww9_3Ow20?list=PLZaKHHqXojc3zVfXiFYYmj69HbygRC5pm\" frameborder=\"0\" allowfullscreen><\/iframe><br \/>\nSomeone&#8217;s always losing someone else<\/p>\n<hr \/>\n<p><strong>Thomas McCarthy<\/strong><br \/>\n<iframe loading=\"lazy\" width=\"560\" height=\"315\" src=\"https:\/\/www.youtube.com\/embed\/9zp6wP36dWk?list=PLZaKHHqXojc3zVfXiFYYmj69HbygRC5pm\" frameborder=\"0\" allowfullscreen><\/iframe><br \/>\nThe Land is Not Settled<\/p>\n<hr \/>\n<p><strong>Wioletta Greg<\/strong><br \/>\n<iframe loading=\"lazy\" width=\"560\" height=\"315\" src=\"https:\/\/www.youtube.com\/embed\/d4uPH7pVaCQ?list=PLZaKHHqXojc3zVfXiFYYmj69HbygRC5pm\" frameborder=\"0\" allowfullscreen><\/iframe><br \/>\nKo\u0142ysanka (Lullaby) with translation read by Astrid Alben<\/p>\n<hr \/>\n<p><strong>Ailbhe N\u00ed Ghearbh\u00faigh<\/strong> with <strong>\u00dana N\u00ed Fhlannag\u00e1in<\/strong><br \/>\n<iframe loading=\"lazy\" width=\"560\" height=\"315\" src=\"https:\/\/www.youtube.com\/embed\/Do4JrUfoB50?list=PLZaKHHqXojc3zVfXiFYYmj69HbygRC5pm\" frameborder=\"0\" allowfullscreen><\/iframe><br \/>\nConriocht<\/p>\n<hr \/>\n<p><strong>Louis de Paor<\/strong><br \/>\n<iframe loading=\"lazy\" width=\"560\" height=\"315\" src=\"https:\/\/www.youtube.com\/embed\/X2UYLo9TgA0?list=PLZaKHHqXojc3zVfXiFYYmj69HbygRC5pm\" frameborder=\"0\" allowfullscreen><\/iframe><br \/>\nMarmalade<\/p>\n<hr \/>\n<p><strong>Alan Jude Moore<\/strong><br \/>\n<iframe loading=\"lazy\" width=\"560\" height=\"315\" src=\"https:\/\/www.youtube.com\/embed\/yun_zBpjo8w?list=PLZaKHHqXojc3zVfXiFYYmj69HbygRC5pm\" frameborder=\"0\" allowfullscreen><\/iframe><br \/>\nSukharevskaya<\/p>\n<hr \/>\n<p><strong>Paula Meehan<\/strong><br \/>\n<iframe loading=\"lazy\" width=\"560\" height=\"315\" src=\"https:\/\/www.youtube.com\/embed\/AaUfixbKcxI?list=PLZaKHHqXojc3zVfXiFYYmj69HbygRC5pm\" frameborder=\"0\" allowfullscreen><\/iframe><br \/>\nDharmakaya<\/p>\n<hr \/>\n<hr \/>\n<p><\/center><center><strong>closed-mic poets<\/strong><strong><\/strong><\/center><\/p>\n<hr \/>\n<hr \/>\n<p><center><strong>John McNally<\/strong><br \/>\n<iframe loading=\"lazy\" width=\"560\" height=\"315\" src=\"https:\/\/www.youtube.com\/embed\/39fXz1YXd4E?list=PLZaKHHqXojc3zVfXiFYYmj69HbygRC5pm\" frameborder=\"0\" allowfullscreen><\/iframe><br \/>\na five word poem AND Grand Princess Parading<\/p>\n<hr \/>\n<p><strong>Hassan Baker<\/strong><br \/>\n<iframe loading=\"lazy\" width=\"560\" height=\"315\" src=\"https:\/\/www.youtube.com\/embed\/IaVB7JHM1tY?list=PLZaKHHqXojc3zVfXiFYYmj69HbygRC5pm\" frameborder=\"0\" allowfullscreen><\/iframe><br \/>\nA poem<\/p>\n<hr \/>\n<p><strong>Joseph Sweeney<\/strong><br \/>\n<iframe loading=\"lazy\" width=\"560\" height=\"315\" src=\"https:\/\/www.youtube.com\/embed\/f9XxYZIg0N8?list=PLZaKHHqXojc3zVfXiFYYmj69HbygRC5pm\" frameborder=\"0\" allowfullscreen><\/iframe><br \/>\nStarry-eyed on Sherkin<\/p>\n<hr \/>\n<p><strong>C\u00e9dric Bikond<\/strong><br \/>\n<iframe loading=\"lazy\" width=\"560\" height=\"315\" src=\"https:\/\/www.youtube.com\/embed\/gO_K1a53oXA?list=PLZaKHHqXojc3zVfXiFYYmj69HbygRC5pm\" frameborder=\"0\" allowfullscreen><\/iframe><br \/>\nSleep Maria<\/p>\n<hr \/>\n<p><strong>Stanley Notte<\/strong><br \/>\n<iframe loading=\"lazy\" width=\"560\" height=\"315\" src=\"https:\/\/www.youtube.com\/embed\/OskkAvmwUEU?list=PLZaKHHqXojc3zVfXiFYYmj69HbygRC5pm\" frameborder=\"0\" allowfullscreen><\/iframe><br \/>\nPublic Service Announcement (after eminem)<\/p>\n<hr \/>\n<p><strong>Bernadette McCarthy<\/strong><br \/>\n<iframe loading=\"lazy\" width=\"560\" height=\"315\" src=\"https:\/\/www.youtube.com\/embed\/cQenJiV3miw?list=PLZaKHHqXojc3zVfXiFYYmj69HbygRC5pm\" frameborder=\"0\" allowfullscreen><\/iframe><br \/>\nCommonage<\/p>\n<hr \/>\n<p><strong>Richard Clare<\/strong><br \/>\n<iframe loading=\"lazy\" width=\"560\" height=\"315\" src=\"https:\/\/www.youtube.com\/embed\/kYJCmyc0Ix8?list=PLZaKHHqXojc3zVfXiFYYmj69HbygRC5pm\" frameborder=\"0\" allowfullscreen><\/iframe><br \/>\nThe Crystal Maze<\/p>\n<hr \/>\n<p><strong>Emily Davis-Fletcher<\/strong><br \/>\n<iframe loading=\"lazy\" width=\"560\" height=\"315\" src=\"https:\/\/www.youtube.com\/embed\/tsKoJxM-evE?list=PLZaKHHqXojc3zVfXiFYYmj69HbygRC5pm\" frameborder=\"0\" allowfullscreen><\/iframe><br \/>\nPlaces to Part<\/p>\n<hr \/>\n<p><\/center><\/p>\n","protected":false},"excerpt":{"rendered":"<p>&nbsp; Winter Warmer Videos 2014 (also on the \u00d3 Bh\u00e9al Youtube channel) 21st-22nd November &nbsp; One video from each guest poet at the 2nd Winter Warmer (in order of appearance) followed by the closed-mic. &nbsp; Eleanor Hooker Mirrored Eugene O&#8217;Connell On the Pier Fergal Gaynor &#8216;The Sclerotic Being &#8230;&#8217; David Toms It Is This Mary [&hellip;]<\/p>\n","protected":false},"author":1,"featured_media":0,"parent":12873,"menu_order":0,"comment_status":"closed","ping_status":"open","template":"","meta":{"_uf_show_specific_survey":0,"_uf_disable_surveys":false,"footnotes":""},"class_list":["post-3979","page","type-page","status-publish","hentry"],"_links":{"self":[{"href":"https:\/\/www.obheal.ie\/blog\/wp-json\/wp\/v2\/pages\/3979","targetHints":{"allow":["GET"]}}],"collection":[{"href":"https:\/\/www.obheal.ie\/blog\/wp-json\/wp\/v2\/pages"}],"about":[{"href":"https:\/\/www.obheal.ie\/blog\/wp-json\/wp\/v2\/types\/page"}],"author":[{"embeddable":true,"href":"https:\/\/www.obheal.ie\/blog\/wp-json\/wp\/v2\/users\/1"}],"replies":[{"embeddable":true,"href":"https:\/\/www.obheal.ie\/blog\/wp-json\/wp\/v2\/comments?post=3979"}],"version-history":[{"count":4,"href":"https:\/\/www.obheal.ie\/blog\/wp-json\/wp\/v2\/pages\/3979\/revisions"}],"predecessor-version":[{"id":15969,"href":"https:\/\/www.obheal.ie\/blog\/wp-json\/wp\/v2\/pages\/3979\/revisions\/15969"}],"up":[{"embeddable":true,"href":"https:\/\/www.obheal.ie\/blog\/wp-json\/wp\/v2\/pages\/12873"}],"wp:attachment":[{"href":"https:\/\/www.obheal.ie\/blog\/wp-json\/wp\/v2\/media?parent=3979"}],"curies":[{"name":"wp","href":"https:\/\/api.w.org\/{rel}","templated":true}]}}