{"id":3776,"date":"2014-11-16T17:15:37","date_gmt":"2014-11-16T17:15:37","guid":{"rendered":"http:\/\/www.obheal.ie\/blog\/?page_id=3776"},"modified":"2015-02-01T11:51:02","modified_gmt":"2015-02-01T11:51:02","slug":"guests-46-dec-14jan-15","status":"publish","type":"page","link":"https:\/\/www.obheal.ie\/blog\/guest-poets\/guests-46-dec-14jan-15\/","title":{"rendered":"Guests (46) Dec 14\/Jan 15"},"content":{"rendered":"<hr \/>\n<p><center><strong>December and January<\/strong><\/center><\/p>\n<hr \/>\n<p><center><em>1st December<\/em><\/p>\n<p><strong>Mart\u00edn Veiga<\/strong><\/p>\n<p>You can listen to Mart\u00edn&#8217;s reading <a href=\"https:\/\/www.obheal.ie\/blog\/audio\/Guest Reading - Mart\u00edn Veiga.mp3\">here<\/a>.<\/center><\/p>\n<p><font color=\"silver\"><img loading=\"lazy\" decoding=\"async\" width=\"112\" height=\"100\" border=\"1\" align=\"right\" src=\"https:\/\/www.obheal.ie\/blog\/wp-content\/uploads\/2014\/11\/MartinVeigaSm.jpg\"\/><\/font><font size=\"1\"><strong>Mart\u00edn Veiga<\/strong> is a poet from Galicia. He has published four award-winning poetry collections in the Galician language entitled <em>Tempo van de porcelana<\/em> (Casa de Cultura, Noia, 1990), <em>As \u00faltimas ru\u00ednas<\/em> (Espiral Maior, 1994), <em>Ollos de \u00e1mbar<\/em> (Sociedade de Cultura Valle-Incl\u00e1n, 2005) and <em>Fundaxes<\/em> (Espiral Maior, 2006). He has been living in Cork since 1999 and works as a lecturer in the department of Spanish, Portuguese and Latin American Studies at UCC, where he also directs the Irish Centre for Galician Studies.<\/p>\n<p><\/font><\/p>\n<p>&nbsp;<\/p>\n<hr \/>\n<p><a name=\"8thDecember\"><\/a><br \/>\n<center><em>8th December<\/em><\/p>\n<p><strong>Bonny Cassidy<\/strong><\/p>\n<p>You can listen to Bonny&#8217;s reading <a href=\"https:\/\/www.obheal.ie\/blog\/audio\/Guest Reading - Bonny Cassidy.mp3\">here<\/a>.<\/center><\/p>\n<p><center><font size=\"1\">Bonny will also hold a <\/font><font size=\"1\" color=\"green\"><strong>wordshop<\/strong><\/font><br \/>\n<font size=\"1\"><em><strong>Still life with smokestack \u2013 reading and writing the built environment<\/strong><\/em><\/font><br \/>\n<font size=\"1\">from 7.00pm to 8.30pm at \u00d3 Bh\u00e9al. For more details click <a href=\"https:\/\/www.obheal.ie\/blog\/?page_id=46#Guest%20Poet\">here<\/a>.<\/font><\/center><\/p>\n<p><font color=\"silver\"><img loading=\"lazy\" decoding=\"async\" width=\"141\" height=\"100\" border=\"1\" align=\"right\" src=\"https:\/\/www.obheal.ie\/blog\/wp-content\/uploads\/2014\/11\/BonnyCassidySm.jpg\"\/><\/font><font size=\"1\"><strong>Bonny Cassidy<\/strong>&#8216;s most recent collection is <em>Final Theory<\/em> (Giramondo, 2014). Her work has been anthologised in J<em>acket2, Young Poets: An Australian Anthology<\/em> (John Leonard Press) and <em>Best Australian Poems<\/em> (Black Inc). She teaches creative writing at RMIT University in Melbourne, and is reviews editor for <em>Cordite Poetry Journal<\/em>. Bonny is travelling through Ireland this December, as a recipient of the annual Australian Poetry Tour of Ireland.<br \/>\n<\/font>\n<\/p>\n<p>&nbsp;<\/p>\n<hr \/>\n<p><a name=\"15thDecember\"><\/a><br \/>\n<center><em>15th December<\/em><\/p>\n<p><strong>Liz Lochhead<\/strong><\/p>\n<p>You can listen to Liz&#8217;s reading <a href=\"https:\/\/www.obheal.ie\/blog\/audio\/Guest Reading - Liz Lochhead.mp3\">here<\/a>.<\/p>\n<p>And to Liz&#8217;s earlier interview for RTE 1&#8217;s Poetry Programme <a href=\"http:\/\/www.rte.ie\/radio1\/the-poetry-programme\/programmes\/2015\/0124\/675410-the-poetry-programme-saturday-24-january-2015\/\">here<\/a>.<\/center><\/p>\n<p>&nbsp; <font color=\"grey\" size=\"1\">Photo By Norman McBeath<\/font><br \/>\n<font color=\"silver\"><img loading=\"lazy\" decoding=\"async\" width=\"152\" height=\"100\" border=\"1\" align=\"right\" src=\"https:\/\/www.obheal.ie\/blog\/wp-content\/uploads\/2014\/11\/LizLochheadSm.jpg\"\/><\/font><font size=\"1\"><strong>Liz Lochhead<\/strong> lives in Glasgow where she became poet laureate in 2005. She was later appointed as The Scots Makar in 2011 (the national poet of Scotland). Commenting on the role, Liz said the following: <em>\u201cThe point of the Makar role is to \ufb01ght the corner for poetry &#8230;  I want to do that in a down-to-earth way, because to a lot of us, Scots poetry is a right, something as natural as a song and a dance.\u201d<\/em><\/p>\n<p>Lochhead was born in Motherwell (south east of Glasgow) and studied at the Glasgow School of Art, where she wrote her first poem <em>The Visit<\/em>, in 1965. In the early 1970&#8217;s she joined Philip Hobsbaum&#8217;s writers&#8217; group, and shortly thereafter published her first collection <em>Memo For Spring<\/em> (Reprographia, 1972), which won the Scottish Arts Council Book Award and was an immediate success in what was a largely male-dominated poetry scene. She then lectured in the fine arts for 8 years before becoming a professional writer. She has since published many collections including <em>Dreaming Frankenstein and Collected Poems 1967\u20131984<\/em> (Polygon, 1984) and <em>Bagpipe Muzak<\/em> (Penguin, 1991). <em>The Colour of Black and White: Poems 1984-2003<\/em> was published by Polygon in 2003.  Her latest collection of selected poems is <em>A Choosing<\/em> (Polygon Books, 2011). She has received a number of prizes both for her poetry and her work for theatre and television.<\/p>\n<p>Also regarded as one of Scotland\u2019s most popular dramatists, Lochhead\u2019s plays include <em>Blood and Ice<\/em> (1982), <em>Mary Queen of Scots Got Her Head Chopped Off<\/em> (1987), an adaptation of Bram Stoker\u2019s <em>Dracula<\/em> (1989), <em>Cuba<\/em> (1997), <em>Perfect Days<\/em> (2000) and <em>Good Things<\/em> (2004). Her adaptation of Moliere\u2019s <em>Tartuffe<\/em> (1985) into Scots Gallic was met with considerable acclaim and her adaptation of Euripides\u2019 <em>Medea<\/em> for Theatre Babel won the 2000 Saltire Society Scottish Book of the Year Award. Her plays are often performed at the Edinburgh Festival and at the leading Scottish theatres. <em>True Confessions and New Clich\u00e9s<\/em> (Polygon, 1987) is a selection of the best of Lochhead\u2019s raps, songs, sketches and monologues from her plays and revues. She has also written for radio and in 2001 wrote the screenplay version of <em>Latin for a Dark Room<\/em>, which was shown by the BBC.<\/p>\n<p><em>\u2018when somebody asks me what I do I usually say writer. The most precious thing to me is to be a poet. If I were a playwright, I\u2019d like to be a poet in the theatre.\u2019<\/em> &#8211; Liz Lochhead<\/p>\n<p><em>\u2018her work is that of one woman speaking to many,  and one person speaking for many\u2019.<\/em> &#8211; Anne Varty<\/p>\n<p><em>&#8216;An inspirational presence in British poetry \u2013 funny, feisty, female, full of feeling&#8217;<\/em> &#8211; Carol Ann Duffy<\/p>\n<p><\/font><font color=\"grey\" size=\"1\">Biography compiled from various sources incl. The Scottish Poetry Library. For a more complete version and to read some of Liz\u2019s poems visit her page at the <a href=\"http:\/\/www.scottishpoetrylibrary.org.uk\/poetry\/poets\/liz-lochhead#poems\">Scottish Poetry Library<\/a>.<\/font><\/p>\n<p>&nbsp;<\/p>\n<hr \/>\n<p><a name=\"12thJanuary\"><\/a><br \/>\n<center><em>12th January<\/em><\/p>\n<p><strong>Helen Burke<\/strong><\/p>\n<p>You can listen to Helen&#8217;s reading <a href=\"https:\/\/www.obheal.ie\/blog\/audio\/Guest Reading - Helen Burke.mp3\">here<\/a>.<\/center><\/p>\n<p><font color=\"silver\"><img loading=\"lazy\" decoding=\"async\" width=\"115\" height=\"100\" border=\"1\" align=\"right\" src=\"https:\/\/www.obheal.ie\/blog\/wp-content\/uploads\/2014\/11\/HelenBurkeSm.jpg\"\/><\/font><font size=\"1\"><strong>Helen Burke<\/strong> has been writing and performing poetry for 40 years.  She is also a playwright\/designer\/and visual artist.  Her collections include <em>The Ruby Slipers<\/em> (Valley Press, 2011), <em>Zuzu\u2019s Petals<\/em> (P.M. Press), <em>And God Said Let There Be Chocolate<\/em> (Krazy Phil\u2019s Press) and <em>Tales Of The Green Field<\/em> (Krazy Phil\u2019s Press). She has 2 cds, <em>Here\u2019s Looking At You, Kid<\/em> and <em>The Gift<\/em>. Her latest collection is <em>Here\u2019s Looking at You, Kid<\/em> (Valley Press, 2014).<\/p>\n<p>She is now widely anthologised and has won many national Poetry Prizes \u2013 Manchester, Norwich, Devon and Dorset, Suffolk, Southport Comedy and also many first prizes for Poetry in Performance.  Her work is published and distributed by Origami Poems on Rhode Island (see <a href=\"http:\/\/www.origamipoems.com\">www.origamipoems.com<\/a>). She has read in Paris several times and the Loire Valley, also Rome at Keats Shelley House. A children\u2019s book, <em>Green Field<\/em> will shortly be translated into French. She is a regular presenter for East Leeds FM Radio in the U.K. and has featured many American poets on the show. Her poems are currently being set to music by an Israeli composer.  The American poet Thomas Lux has spoken very kindly about her work in <em>The Ruby Slipers<\/em>.  Her poems are described as fun, accessible, humane , quirky and entertaining.  All her poems are edible \u2013 and do not damage your health.<br \/>\n<\/font><\/p>\n<p>&nbsp;<\/p>\n<hr \/>\n<p><a name=\"19thJanuary\"><\/a><br \/>\n<center><em>19th January<\/em><\/p>\n<p><font size=\"1\" color=\"green\"><strong>&Oacute; Bh&eacute;al<\/strong><\/font> <font size=\"1\">in association with <\/font><font size=\"1\" color=\"green\"><strong>Foras na Gaeilge<\/strong><\/font><font size=\"1\"><\/p>\n<p><em>presents a bi-lingual evening with<\/em><\/font><\/p>\n<p><strong>Art \u00d3 Maolfabhail<\/strong><\/p>\n<p>You can listen to Art&#8217;s reading <a href=\"https:\/\/www.obheal.ie\/blog\/audio\/Guest Reading - Art O Maolfabhail.mp3\">here<\/a>.<\/center><\/p>\n<p><font color=\"silver\"><img loading=\"lazy\" decoding=\"async\" width=\"112\" height=\"100\" border=\"1\" align=\"right\" src=\"https:\/\/www.obheal.ie\/blog\/wp-content\/uploads\/2014\/11\/ArtOMaolfabhailSm.jpg\"\/><\/font><font size=\"1\"><strong>Art \u00d3 Maolfabhail <\/strong> was born in Limerick City in 1932, later moved to Roscrea, County Tipperary, and then to Dublin where he has lived ever since. His mother, who could recite from memory a great store of classical English poetry, was the elder daughter of a member of the Royal Irish Constabulary. His father was one of the earliest members of An Garda S\u00edoch\u00e1na. Both men were natives of County Derry. <\/p>\n<p>He received secondary schooling in Dublin from the Irish Christian Brothers in Col\u00e1iste Mhuire and graduated from University College Dublin. After working for some years for An Comhchaidreamh, a university graduates association which at the time published the monthly magazine <em>Comhar<\/em> and organised Gael-Linn, he joined the Ordnance Survey of Ireland and remained there until he retired in 1997. <\/p>\n<p>He has published three collections of poems: <em>Aist\u00ed D\u00e1na<\/em> (Preas Dh\u00fan Dealgan, 1964), <em>\u00dalla Beaga<\/em> (S\u00e1irs\u00e9al &#8211; \u00d3 Marcaigh, 1984), <em>N\u00f3in\u00edn\u00ed<\/em> (Coisc\u00e9im, 2013).<\/p>\n<p><\/font><\/p>\n<p>&nbsp;<br \/>\n&nbsp;<br \/>\n&nbsp;<br \/>\n&nbsp;<br \/>\n&nbsp;<\/p>\n<hr \/>\n<p><a name=\"26thJanuary\"><\/a><br \/>\n<center><em>26th January<\/em><\/p>\n<p><strong>Arthur Broomfield<\/strong><\/p>\n<p>You can listen to Arthur&#8217;s reading <a href=\"https:\/\/www.obheal.ie\/blog\/audio\/Guest Reading - Arthur Broomfield.mp3\">here<\/a>.<\/center><\/p>\n<p><font color=\"silver\"><img loading=\"lazy\" decoding=\"async\" width=\"118\" height=\"100\" border=\"1\" align=\"right\" src=\"https:\/\/www.obheal.ie\/blog\/wp-content\/uploads\/2014\/11\/ArthurBroomfieldSm.jpg\"\/><\/font><font size=\"1\"><\/font><font size=\"1\">Dr. <strong>Arthur Broomfield<\/strong> is a poet and Beckett scholar. His chapbook <em>The Poetry Reading at Semple Stadium<\/em> (Lapwing) was published in 2011. His poetry has been published in most literary journals in Ireland and in <em>Orbis<\/em> and <em>Envoi<\/em> in the U.K. His study on the works of Samuel Beckett <em>The Empty Too: language and philosophy in the works of Samuel Beckett<\/em>\u00a0(Cambridge Scholars Publishing, 2014) is available from the publishers and from Amazon.co.uk. Arthur Broomfield lives in County Laois.<\/p>\n<p><\/font><\/p>\n<hr \/>\n<p>&nbsp;<br \/>\n&nbsp;<br \/>\n&nbsp;<br \/>\n&nbsp;<br \/>\n&nbsp;<br \/>\n&nbsp;<br \/>\n&nbsp;<br \/>\n&nbsp;<br \/>\n&nbsp;<br \/>\n&nbsp;<\/p>\n","protected":false},"excerpt":{"rendered":"<p>December and January 1st December Mart\u00edn Veiga You can listen to Mart\u00edn&#8217;s reading here. Mart\u00edn Veiga is a poet from Galicia. He has published four award-winning poetry collections in the Galician language entitled Tempo van de porcelana (Casa de Cultura, Noia, 1990), As \u00faltimas ru\u00ednas (Espiral Maior, 1994), Ollos de \u00e1mbar (Sociedade de Cultura Valle-Incl\u00e1n, [&hellip;]<\/p>\n","protected":false},"author":1,"featured_media":0,"parent":19,"menu_order":0,"comment_status":"closed","ping_status":"open","template":"","meta":{"_uf_show_specific_survey":0,"_uf_disable_surveys":false,"footnotes":""},"class_list":["post-3776","page","type-page","status-publish","hentry"],"_links":{"self":[{"href":"https:\/\/www.obheal.ie\/blog\/wp-json\/wp\/v2\/pages\/3776","targetHints":{"allow":["GET"]}}],"collection":[{"href":"https:\/\/www.obheal.ie\/blog\/wp-json\/wp\/v2\/pages"}],"about":[{"href":"https:\/\/www.obheal.ie\/blog\/wp-json\/wp\/v2\/types\/page"}],"author":[{"embeddable":true,"href":"https:\/\/www.obheal.ie\/blog\/wp-json\/wp\/v2\/users\/1"}],"replies":[{"embeddable":true,"href":"https:\/\/www.obheal.ie\/blog\/wp-json\/wp\/v2\/comments?post=3776"}],"version-history":[{"count":0,"href":"https:\/\/www.obheal.ie\/blog\/wp-json\/wp\/v2\/pages\/3776\/revisions"}],"up":[{"embeddable":true,"href":"https:\/\/www.obheal.ie\/blog\/wp-json\/wp\/v2\/pages\/19"}],"wp:attachment":[{"href":"https:\/\/www.obheal.ie\/blog\/wp-json\/wp\/v2\/media?parent=3776"}],"curies":[{"name":"wp","href":"https:\/\/api.w.org\/{rel}","templated":true}]}}