{"id":35,"date":"2007-10-11T14:07:43","date_gmt":"2007-10-11T13:07:43","guid":{"rendered":"http:\/\/www.obheal.ie\/blog\/?page_id=35"},"modified":"2020-04-18T13:56:30","modified_gmt":"2020-04-18T13:56:30","slug":"derry-feile-poetry-slam","status":"publish","type":"page","link":"https:\/\/www.obheal.ie\/blog\/festival-videos-and-reviews\/derry-feile-poetry-slam\/","title":{"rendered":"Derry F&eacute;ile Poetry Slam"},"content":{"rendered":"<p><font color=\"silver\"><img loading=\"lazy\" decoding=\"async\" src=\"https:\/\/www.obheal.ie\/blog\/wp-content\/uploads\/2007\/08\/Derry Feile sm.jpg\" width=\"85\" height=\"120\" border=\"1\" align=\"right\"\/><\/font><\/p>\n<p><center><\/p>\n<p><i><strong>Inaugural Derry F\u00e9ile Slam<\/strong><\/i><\/p>\n<p>21st of July 2007<\/p>\n<p><\/center><\/p>\n<p>The Derry F\u00e9ile Poetry Slam attracted poets from all corners of the island. With the Belfast Poets Touring Group hosting this inaugural event, a typically Irish-style laid-back slam ensued, being enjoyed thoroughly by all. Dave Lordan, The Belfast Poets and myself gave additional performances and ended up judging the slam which was won jointly by Rosemary Cutliffe-Quinn and James King.<\/p>\n<p>The atmosphere was fantastic and all were made at home and comfortable by our talented hosts. I hope it&#8217;s the first of many.<\/p>\n<hr \/>\n<p><center><strong><font size=\"1\">Here are some of the videos &#8230;<\/font><\/strong><\/p>\n<hr \/>\n<p><strong>Maria Ganovska<\/strong><br \/>\n<iframe loading=\"lazy\" src=\"https:\/\/www.youtube.com\/embed\/LW-rWsduWAA\" allowfullscreen=\"\" width=\"490\" height=\"270\" frameborder=\"0\"><\/iframe><br \/>\n<strong>Who I am<\/strong><\/p>\n<p><iframe loading=\"lazy\" src=\"https:\/\/www.youtube.com\/embed\/JDwBUJWVE00\" allowfullscreen=\"\" width=\"490\" height=\"270\" frameborder=\"0\"><\/iframe><br \/>\n<strong>The sun and I<\/strong><\/p>\n<hr \/>\n<p><strong>Rosemary Cutliffe-Quinn<\/strong><br \/>\n<iframe loading=\"lazy\" src=\"https:\/\/www.youtube.com\/embed\/gsc7ItzfRBY\" allowfullscreen=\"\" width=\"490\" height=\"270\" frameborder=\"0\"><\/iframe><br \/>\n<strong>Graveyard Sunday<\/strong><\/p>\n<hr \/>\n<p><strong>Helen<\/strong><br \/>\n<iframe loading=\"lazy\" src=\"https:\/\/www.youtube.com\/embed\/7O4sSvRWEug\" allowfullscreen=\"\" width=\"490\" height=\"270\" frameborder=\"0\"><\/iframe><br \/>\n<strong>Miracle of the Trees<\/strong><\/p>\n<hr \/>\n<p><strong>James King<\/strong><br \/>\n<iframe loading=\"lazy\" src=\"https:\/\/www.youtube.com\/embed\/3bdmTbxRYiQ\" allowfullscreen=\"\" width=\"490\" height=\"270\" frameborder=\"0\"><\/iframe><br \/>\n<strong>News<\/strong><\/p>\n<p><iframe loading=\"lazy\" src=\"https:\/\/www.youtube.com\/embed\/FVsm-1giPGA\" allowfullscreen=\"\" width=\"490\" height=\"270\" frameborder=\"0\"><\/iframe><br \/>\n<strong>Untitled<\/strong><\/p>\n<hr \/>\n<p><strong>Ellen Factor<\/strong><br \/>\n<iframe loading=\"lazy\" src=\"https:\/\/www.youtube.com\/embed\/m9TFULMlHGU\" allowfullscreen=\"\" width=\"490\" height=\"270\" frameborder=\"0\"><\/iframe><br \/>\n<strong>C\u00e9ad m\u00edle f\u00e1ilte<\/strong><\/p>\n<p><iframe loading=\"lazy\" src=\"https:\/\/www.youtube.com\/embed\/Y5no41-5wXQ\" allowfullscreen=\"\" width=\"490\" height=\"270\" frameborder=\"0\"><\/iframe><br \/>\n<strong>Looking for role-models<\/strong><\/p>\n<hr \/>\n<p><strong>Chelley McLear<\/strong><br \/>\n<iframe loading=\"lazy\" src=\"https:\/\/www.youtube.com\/embed\/4QCjsV8yJbQ\" allowfullscreen=\"\" width=\"490\" height=\"270\" frameborder=\"0\"><\/iframe><br \/>\n<strong>Friends Reunited<\/strong><\/p>\n<p><iframe loading=\"lazy\" src=\"https:\/\/www.youtube.com\/embed\/7gX-ekMFKKY\" allowfullscreen=\"\" width=\"490\" height=\"270\" frameborder=\"0\"><\/iframe><br \/>\n<strong>The Diet<\/strong><\/p>\n<p><iframe loading=\"lazy\" src=\"https:\/\/www.youtube.com\/embed\/dbYRNvs9_Oo\" allowfullscreen=\"\" width=\"490\" height=\"270\" frameborder=\"0\"><\/iframe><br \/>\n<strong>We have the words<\/strong><\/p>\n<hr \/>\n<p><\/center><\/p>\n","protected":false},"excerpt":{"rendered":"<p>Inaugural Derry F\u00e9ile Slam 21st of July 2007 The Derry F\u00e9ile Poetry Slam attracted poets from all corners of the island. With the Belfast Poets Touring Group hosting this inaugural event, a typically Irish-style laid-back slam ensued, being enjoyed thoroughly by all. Dave Lordan, The Belfast Poets and myself gave additional performances and ended up [&hellip;]<\/p>\n","protected":false},"author":1,"featured_media":0,"parent":24,"menu_order":0,"comment_status":"open","ping_status":"open","template":"","meta":{"_uf_show_specific_survey":0,"_uf_disable_surveys":false,"footnotes":""},"class_list":["post-35","page","type-page","status-publish","hentry"],"_links":{"self":[{"href":"https:\/\/www.obheal.ie\/blog\/wp-json\/wp\/v2\/pages\/35","targetHints":{"allow":["GET"]}}],"collection":[{"href":"https:\/\/www.obheal.ie\/blog\/wp-json\/wp\/v2\/pages"}],"about":[{"href":"https:\/\/www.obheal.ie\/blog\/wp-json\/wp\/v2\/types\/page"}],"author":[{"embeddable":true,"href":"https:\/\/www.obheal.ie\/blog\/wp-json\/wp\/v2\/users\/1"}],"replies":[{"embeddable":true,"href":"https:\/\/www.obheal.ie\/blog\/wp-json\/wp\/v2\/comments?post=35"}],"version-history":[{"count":6,"href":"https:\/\/www.obheal.ie\/blog\/wp-json\/wp\/v2\/pages\/35\/revisions"}],"predecessor-version":[{"id":15302,"href":"https:\/\/www.obheal.ie\/blog\/wp-json\/wp\/v2\/pages\/35\/revisions\/15302"}],"up":[{"embeddable":true,"href":"https:\/\/www.obheal.ie\/blog\/wp-json\/wp\/v2\/pages\/24"}],"wp:attachment":[{"href":"https:\/\/www.obheal.ie\/blog\/wp-json\/wp\/v2\/media?parent=35"}],"curies":[{"name":"wp","href":"https:\/\/api.w.org\/{rel}","templated":true}]}}