{"id":3380,"date":"2014-05-25T14:01:37","date_gmt":"2014-05-25T14:01:37","guid":{"rendered":"http:\/\/www.obheal.ie\/blog\/?page_id=3380"},"modified":"2014-08-02T11:19:54","modified_gmt":"2014-08-02T11:19:54","slug":"guests-43-junjul-2014","status":"publish","type":"page","link":"https:\/\/www.obheal.ie\/blog\/guest-poets\/guests-43-junjul-2014\/","title":{"rendered":"Guests (43) Jun\/Jul 2014"},"content":{"rendered":"<hr \/>\n<p><center><strong>June and July<\/strong><\/center><\/p>\n<hr \/>\n<p><center><em>2nd June<\/em><\/p>\n<p><\/center><center><font size=\"1\" color=\"green\"><strong>&Oacute; Bh&eacute;al<\/strong><\/font> <font size=\"1\">in association with <\/font><font size=\"1\" color=\"green\"><strong>Foras na Gaeilge<\/strong><\/font><font size=\"1\"> presents<\/font><\/p>\n<p><strong>Marcus Mac Conghail<\/strong><\/p>\n<p>You can listen to Marcus&#8217; reading <a href=\"https:\/\/www.obheal.ie\/blog\/audio\/Guest Reading - Marcus Mac Conghail.mp3\">here<\/a>.<\/center><\/p>\n<p><font color=\"silver\"><img loading=\"lazy\" decoding=\"async\" width=\"93\" height=\"100\" border=\"1\" align=\"right\" src=\"https:\/\/www.obheal.ie\/blog\/wp-content\/uploads\/2014\/05\/MarcusMacConghailSm.jpg\"\/><\/font><font size=\"1\">Th\u00f3g na garda\u00ed <strong>Marcus Mac Conghail<\/strong> toisc n\u00e1r thaitin a chuid sean-n\u00f3is sr\u00e1ide leo. Dhein s\u00e9 iarracht s\u00edobsi\u00fal \u00f3 Chathair Chorca\u00ed go Corca Dhuibhne uair amh\u00e1in ach n\u00edor \u00e9irigh leis ach Cill \u00c1irne a bhaint amach an o\u00edche sin agus chodail s\u00e9 i ngort caide. N\u00ed bh\u00edonn fhios aige riamh bhfuil dh\u00e1 L n\u00f3 L amh\u00e1in sa bhfocal Buil(l)e. Tugann s\u00e9 foc mar ainm ceana ar gach focl\u00f3ir agus n\u00ed d\u00f3cha gur scr\u00edobh s\u00e9 d\u00e1n gan ceann a chead\u00fa. Is minic gur an focl\u00f3ir f\u00e9in a scr\u00edobhann an d\u00e1n. T\u00e1 fonn diamhair air dul go Londain agus d\u00e1n molta a scr\u00edobh do L\u00eds, Banr\u00edon Shasana. T\u00e1 s\u00e9 tar \u00e9is striapach cheart a dh\u00e9anamh de f\u00e9in le r\u00e1ithe anuas d\u2019iarraidh suim daoine a mh\u00fascailt ina leabhar d\u00e1nta is amhr\u00e1in <i>Ceol Baile<\/i>, a d\u2019fhoilsigh Coisc\u00e9im i mbliana.<\/p>\n<p><strong>Marcus Mac Conghail<\/strong> was arrested because the guards didn\u2019t like his street sean-n\u00f3s. He tried to hitch from Cork City to Corca Dhuibhne once but he only reached Killarney that night and slept in a football field. He never knows whether suc(c)eed has one C or two. He\u2019s been seeing a dictionary for quite some time and its doubtful whether he wrote a poem without referring to it. In fact, often it\u2019s the dictionary itself who rights (sic?) the poem. He has a fierce desire to go to London and compose a praise poem for Elizabeth, the English Queen. He\u2019s been whoring himself bigtime the last couple of months in an attempt to interest anybody in his book of poems and songs <i>Ceol Baile<\/i>, which was published by Coisc\u00e9im this year.<\/p>\n<p><\/font><\/p>\n<p>&nbsp;<\/p>\n<hr \/>\n<p><a name=\"9thJune\"><\/a><br \/>\n<center><em>9th June<\/em><\/p>\n<p><strong>Nicola Griffin<\/strong><\/p>\n<p>You can listen to Nicki&#8217;s reading <a href=\"https:\/\/www.obheal.ie\/blog\/audio\/Guest Reading - Nicola Griffin.mp3\">here<\/a>.<\/center><\/p>\n<p><font color=\"silver\"><img loading=\"lazy\" decoding=\"async\" width=\"96\" height=\"100\" border=\"1\" align=\"right\" src=\"https:\/\/www.obheal.ie\/blog\/wp-content\/uploads\/2014\/05\/NicolaGriffinSm.jpg\"\/><\/font><font size=\"1\"><strong>Nicola Griffin<\/strong> grew up in Cheshire in the north west of England but has lived in East Clare in the west of Ireland since 1997. Her first collection of poetry <em>Unbelonging<\/em> was published by Salmon Poetry in 2013. Her poems have appeared in various publications including <em>The Sunday Tribune, The Stinging Fly, Crann\u00f3g, The SHOp<\/em> and <em>Orbis<\/em> (UK). A non-fiction book <em>The Skipper and Her Mate<\/em> was published by New Island, also in 2013. She was awarded a Literature Bursary Award by the Arts Council of Ireland in 2012. She writes for and is sub-editor of the <em>Inland Waterways News<\/em> and is co-editor of the poetry newspaper <em>Skylight 47<\/em>.<\/p>\n<p><\/font><\/p>\n<p>&nbsp;<\/p>\n<hr \/>\n<p><a name=\"16thJune\"><\/a><br \/>\n<center><em>16th June<\/em><\/p>\n<p><strong>Moyra Donaldson<\/strong><\/p>\n<p>You can listen to Moyra&#8217;s reading <a href=\"https:\/\/www.obheal.ie\/blog\/audio\/Guest Reading - Moyra Donaldson.mp3\">here<\/a>.<\/center><\/p>\n<p><font color=\"silver\"><img loading=\"lazy\" decoding=\"async\" width=\"98\" height=\"100\" border=\"1\" align=\"right\" src=\"https:\/\/www.obheal.ie\/blog\/wp-content\/uploads\/2014\/05\/MoyraDonaldsonSm.jpg\"\/><\/font><font size=\"1\"><strong>Moyra Donaldson<\/strong> was born and brought up in County Down. Prior to her most recently published <em>Selected Poems<\/em> from New Liberties Press (2013), Moyra published four collections of poetry with Lagan Press: <em>Snakeskin Stilettos<\/em> (1998); <em>Beneath The Ice<\/em> (2001); <em>The Horse\u2019s Nest<\/em> (2006) and <em>Miracle Fruit<\/em> (2010). Her poetry has won a number of awards, including the Allingham Award, the National Women\u2019s Poetry Competition and the Cuirt New Writing Award. She has received four awards from the Arts Council NI, most recently, the Artist Career Enhancement Award. Her poems have been anthologised and have featured on BBC Radio and television, including the Channel 4 production, <em>Poems to Fall in Love With<\/em>. Having read at various literary festivals in Ireland, England, Canada, America and Hungary, Moyra is also an experienced creative writing tutor, working with individuals and groups in the literary, community and health care sectors. She has edited a number of anthologies and was literary editor for <em>Fortnight magazine<\/em>.<\/p>\n<p><\/font><\/p>\n<p>&nbsp;<\/p>\n<hr \/>\n<p><a name=\"23rdJune\"><\/a><br \/>\n<center><em>23rd June<\/em><\/p>\n<p><strong>Peter O&#8217;Neill<\/strong><\/p>\n<p>You can listen to Peter&#8217;s reading <a href=\"https:\/\/www.obheal.ie\/blog\/audio\/Guest Reading - Peter O Neill.mp3\">here<\/a>.<\/center><\/p>\n<p><font color=\"silver\"><img loading=\"lazy\" decoding=\"async\" width=\"95\" height=\"100\" border=\"1\" align=\"right\" src=\"https:\/\/www.obheal.ie\/blog\/wp-content\/uploads\/2014\/05\/PeterONeillSm.jpg\"\/><\/font><font size=\"1\"><strong>Peter O&#8217;Neill<\/strong> was born in Cork in 1967, and after having spent the majority of the nineties living in France he returned to Dublin where he now resides. His debut collection <em>Antiope<\/em> (Stonesthrow Poetry, 2013) was received to critical acclaim. <em>&#8216;Certainly a voice to be reckoned with,&#8217;<\/em> Wrote Dr Brigitte Le Juez (DCU). His second collection <em>The Elm Tree<\/em> (Lapwing, 2014) was also well received: <em>&#8216;a wonder to behold.&#8217;<\/em> Ross Breslin (The Scum Gentry). A third collection will be appearing early in the new year <em>The Dark Pool<\/em> (mgversion2datura).<\/p>\n<p><\/font><\/p>\n<p>&nbsp;<br \/>\n&nbsp;<\/p>\n<hr \/>\n<p><a name=\"30thJune\"><\/a><br \/>\n<font size=\"2\"><center><em>30th June<\/em><\/p>\n<p><strong>John Menaghan<\/strong><\/p>\n<p>You can listen to John&#8217;s reading <a href=\"https:\/\/www.obheal.ie\/blog\/audio\/Guest Reading - John Menaghan.mp3\">here<\/a>.<\/center><\/font><\/p>\n<p><font color=\"silver\"><img loading=\"lazy\" decoding=\"async\" width=\"119\" height=\"100\" border=\"1\" align=\"right\" src=\"https:\/\/www.obheal.ie\/blog\/wp-content\/uploads\/2014\/05\/JohnMenaghanSm.jpg\"\/><\/font><font size=\"1\">A prize-winning poet and playwright, <strong>John Menaghan<\/strong> has published four books with Salmon Poetry: <em>All the Money in the World<\/em> (1999), <em>She Alone<\/em> (2006), <em>What Vanishes<\/em> (2009) and <em>Here and Gone<\/em> (2014).  Kirkus Reviews called All the Money in the World <em>&#8220;an auspicious beginning.&#8221;<\/em>  The Hudson Review called She Alone <em>&#8220;one of the best books of 2006.&#8221;<\/em>  And Books Ireland described What Vanishes as an <em>\u201cevocative\u201d<\/em> and <em>\u201cexperimental\u201d<\/em> collection with a jazz-like form and flow.  Four of his short plays have received productions in Los Angeles, and one in Omaha.  One of those plays <em>A Rumor of Rain<\/em> was published in The Hollow &#038; Other Plays (2008).   Menaghan teaches literature and creative writing at Loyola Marymount University in Los Angeles, where he also serves as Director of both the Irish Studies and Summer in Ireland programs.  For more visit: <a href=\"http:\/\/redroom.com\/author\/john-menaghan\">http:\/\/redroom.com\/author\/john-menaghan<\/a><\/p>\n<p><\/font><\/p>\n<p>&nbsp;<\/p>\n<hr \/>\n<p><a name=\"7thJuly\"><\/a><br \/>\n<center><font size=\"2\"><em>7th July<\/em><\/p>\n<p><center><font color=\"green\" size=\"1\"><strong>&Oacute; Bh&eacute;al<\/strong><\/font><font size=\"1\"> in association with the <\/font><font color=\"green\" size=\"1\"><strong>Cork City Council<\/strong><\/font> <font size=\"1\">and<\/font> <font color=\"green\" size=\"1\"><strong>Coventry City Council<\/strong><\/font><\/p>\n<p><font size=\"1\">presents a <\/font><font color=\"green\" size=\"1\"><strong>Twin Cities Celebration<\/strong><\/font> <font size=\"1\">with Coventry poets<\/font> <\/p>\n<p><strong><\/strong><strong>Adam Steiner<\/strong> and <strong>Saleha Begum<\/strong><\/center><\/font><\/center><\/p>\n<p><font color=\"silver\"><img loading=\"lazy\" decoding=\"async\" width=\"92\" height=\"100\" border=\"1\" align=\"right\" src=\"https:\/\/www.obheal.ie\/blog\/wp-content\/uploads\/2014\/05\/AdamSteinerSm.jpg\"\/><\/font><font size=\"1\">Coventrian poet <strong>Adam Steiner<\/strong> writes about the NHS, the British condition and death of affect. His poetry and stories appear in <em>3:AM, The Cadaverine, Spontaneity, Abridged 0-13, Annexe, The Literateur, Nostrovia! SquawkBack, Black Wire, NOUS, Erotic Review<\/em>, also <em>The Dance Is New, Poems Underwater<\/em> and <em>Stepaway \u2013 Voicewalks<\/em> anthologies. He is Deputy Editor of <em>Here Comes Everyone<\/em> magazine. <\/p>\n<p><\/font><font color=\"silver\"><img loading=\"lazy\" decoding=\"async\" width=\"92\" height=\"100\" border=\"1\" align=\"right\" src=\"https:\/\/www.obheal.ie\/blog\/wp-content\/uploads\/2014\/05\/SalehaBegumSm.jpg\"\/><\/font><font size=\"1\"><strong>Saleha Begum<\/strong> is a writer and artist living in Birmingham. Her first collection <em>Ruptures and Fragments<\/em> (Upfront Publishing, 2012) is a philosophical enquiry into the mind and body, a paradox of wordplay that contains a sort of mischievousness and intentional obedience, whilst exploring the everyday questions and quandaries, i.e. existence, purpose, relationships, love and the inner child. She has previously co-hosted and produced a radio show, interviewing both established and emerging poets and later on was given the opportunity to direct a radio play called <em>broken silence<\/em>, all along working with the community to build bridges and tackle social problems. She is a full time Cover teacher at a secondary School and regularly works with her students in creative arts projects and competitions. Saleha is currently working on an exhibition drawing on the concept of mind, machine and the mechanical world. To keep sane, she loves the great outdoors, meditation and is currently training to be a yoga teacher.<\/p>\n<p><\/font><\/p>\n<p>&nbsp;<\/p>\n<hr \/>\n<p><a name=\"14thJuly\"><\/a><br \/>\n<center><font size=\"2\"><em>14th July<\/em><\/font><\/p>\n<p><strong>R\u00f3is\u00edn Tierney<\/strong><\/p>\n<p>You can listen to R\u00f3is\u00edn&#8217;s reading <a href=\"https:\/\/www.obheal.ie\/blog\/audio\/Guest Reading - Roisin Tierney.mp3\">here<\/a>.<\/center><\/p>\n<p><font color=\"silver\"><img loading=\"lazy\" decoding=\"async\" width=\"96\" height=\"100\" border=\"1\" align=\"right\" src=\"https:\/\/www.obheal.ie\/blog\/wp-content\/uploads\/2014\/05\/RoisinTierneySm.jpg\"\/><\/font><font size=\"1\"><strong>R\u00f3is\u00edn Tierney<\/strong> is an Irish poet based in London.  She read in Dublin as part of the Poetry Ireland Introduction Series in June 2008. Her work has appeared in many magazines, including <em>Poetry Ireland Review, The Sunday Tribune<\/em> (New Irish Writers), <em>Magma, Arabesque Review, Horizon Review, Lampeter Review, The North<\/em> and <em>The London Magazine<\/em>. She was short-listed for the 2006 Strokestown Poetry Prize and won joint 2nd prize in the 2007 Brendan Kennelly Poetry Competition. Other prizes include a Poetry Life and a runner-up Bridport Prize in 2002 as well as an OXFAM Literature Poetry Prize in 2004. Her pamphlet <em>Dream Endings<\/em> (Rack Press) won the 2012 Michael Marks Pamphlet Award.  Her debut collection <em>The Spanish-Italian Border<\/em> is published by Arc publications.<\/p>\n<p><\/font><\/p>\n<p>&nbsp;<\/p>\n<hr \/>\n<p><a name=\"21stJuly\"><\/a><br \/>\n<center><font size=\"2\"><em>21st July<\/em><\/font><\/p>\n<p><strong>James O&#8217;Sullivan<\/strong><\/p>\n<p>You can listen to James&#8217; reading <a href=\"https:\/\/www.obheal.ie\/blog\/audio\/Guest Reading - James OSullivan.mp3\">here<\/a>.<\/center><\/p>\n<p><font color=\"silver\"><img loading=\"lazy\" decoding=\"async\" width=\"87\" height=\"100\" border=\"1\" align=\"right\" src=\"https:\/\/www.obheal.ie\/blog\/wp-content\/uploads\/2014\/05\/JamesOSullivanSm.jpg\"\/><\/font><font size=\"1\"><strong>James O&#8217;Sullivan<\/strong> is a PhD candidate at University College Cork where he studies under Graham Allen, recipient of the Listowel Single Poem Prize in 2010, and \u00d3rla Murphy. His poetry has appeared in numerous periodicals and anthologies, including <em>The SHOp, Southword, Revival<\/em> and <em>wordlegs<\/em>. He is the author of <em>Kneeling on the Redwood Floor<\/em> (Lapwing, 2011) and <em>Groundwork<\/em> (Alba, 2014). In addition to various minor awards, he received a High Commendation in the 2013 Charles Macklin Poetry Prize. James has read his work at such venues as the Irish Writers\u2019 Centre in Dublin, and Galway\u2019s R\u00f3is\u00edn Dubh. He has also been a guest reader at both the Cork Short Story Festival and Cork Spring Poetry Festival, as well as at the Canadian Federation for the Humanities and Social Sciences. James is the Founding Editor of New Binary Press. Further information on James and his interests can be found at <a href=\"http:\/\/www.josullivan.org\">www.josullivan.org<\/a>. <\/font><\/p>\n<p>&nbsp;<\/p>\n<hr \/>\n<p><a name=\"28thJuly\"><\/a><br \/>\n<center><em>28th July<\/em><\/p>\n<p><font size=\"1\">plus earlier <strong><font color=\"green\">wordshop<\/font><\/strong> from 7pm<\/font><\/p>\n<p><strong>Raina J. Le\u00f3n<\/strong><\/p>\n<p>You can listen to Raina&#8217;s reading <a href=\"https:\/\/www.obheal.ie\/blog\/audio\/Guest Reading - Raina J Leon.mp3\">here<\/a>.<\/center><\/p>\n<p><font color=\"silver\"><img loading=\"lazy\" decoding=\"async\" width=\"93\" height=\"100\" border=\"1\" align=\"right\" src=\"https:\/\/www.obheal.ie\/blog\/wp-content\/uploads\/2014\/05\/RainaJLeonSm.jpg\"\/><\/font><font size=\"1\"><strong>Raina J. Le\u00f3n<\/strong>, Cave Canem graduate fellow (2006) and member of the Carolina African American Writers Collective, has been published in numerous journals as a writer of poetry, fiction and nonfiction.  Her first collection of poetry <em>Canticle of Idols<\/em> was a finalist for both the Cave Canem First Book Poetry Prize (2005) and the Andr\u00e9s Montoya Poetry Prize (2006). Her second book <em>Boogeyman Dawn<\/em> (2013, Salmon Poetry) was a finalist for the Naomi Long Madgett Prize (2010). She has received fellowships and residencies with Cave Canem, CantoMundo, Montana Artists Refuge, the Macdowell Colony, Kimmel Harding Nelson Center for the Arts, Vermont Studio Center, the Tyrone Guthrie Center in Annamaghkerrig, Ireland and Ragdale.  She also is a founding editor of <em>The Acentos Review<\/em>, an online quarterly, international journal devoted to the promotion and publication of Latino and Latina arts.  She is an assistant professor of education at Saint Mary\u2019s College of California.  For more visit <a href=\"http:\/\/www.rainaleon.com\">www.rainaleon.com<\/a>.<\/p>\n<p><\/font><font size=\"1\">Raina will also be holding a <strong><font color=\"green\">wordshop<\/font><\/strong> entitled <i><strong>The Mouths of Our Ancestors<\/strong><\/i> from 7.00pm to 8.30pm at &Oacute; Bh&eacute;al. For more details click <a href=\"https:\/\/www.obheal.ie\/blog\/?page_id=46#Guest%20Poet\">here<\/a>.<\/font><\/p>\n<hr \/>\n<p>&nbsp;<br \/>\n&nbsp;<br \/>\n&nbsp;<br \/>\n&nbsp;<br \/>\n&nbsp;<br \/>\n&nbsp;<br \/>\n&nbsp;<br \/>\n&nbsp;<br \/>\n&nbsp;<br \/>\n&nbsp;<\/p>\n","protected":false},"excerpt":{"rendered":"<p>June and July 2nd June &Oacute; Bh&eacute;al in association with Foras na Gaeilge presents Marcus Mac Conghail You can listen to Marcus&#8217; reading here. Th\u00f3g na garda\u00ed Marcus Mac Conghail toisc n\u00e1r thaitin a chuid sean-n\u00f3is sr\u00e1ide leo. Dhein s\u00e9 iarracht s\u00edobsi\u00fal \u00f3 Chathair Chorca\u00ed go Corca Dhuibhne uair amh\u00e1in ach n\u00edor \u00e9irigh leis ach [&hellip;]<\/p>\n","protected":false},"author":1,"featured_media":0,"parent":19,"menu_order":0,"comment_status":"closed","ping_status":"open","template":"","meta":{"_uf_show_specific_survey":0,"_uf_disable_surveys":false,"footnotes":""},"class_list":["post-3380","page","type-page","status-publish","hentry"],"_links":{"self":[{"href":"https:\/\/www.obheal.ie\/blog\/wp-json\/wp\/v2\/pages\/3380","targetHints":{"allow":["GET"]}}],"collection":[{"href":"https:\/\/www.obheal.ie\/blog\/wp-json\/wp\/v2\/pages"}],"about":[{"href":"https:\/\/www.obheal.ie\/blog\/wp-json\/wp\/v2\/types\/page"}],"author":[{"embeddable":true,"href":"https:\/\/www.obheal.ie\/blog\/wp-json\/wp\/v2\/users\/1"}],"replies":[{"embeddable":true,"href":"https:\/\/www.obheal.ie\/blog\/wp-json\/wp\/v2\/comments?post=3380"}],"version-history":[{"count":0,"href":"https:\/\/www.obheal.ie\/blog\/wp-json\/wp\/v2\/pages\/3380\/revisions"}],"up":[{"embeddable":true,"href":"https:\/\/www.obheal.ie\/blog\/wp-json\/wp\/v2\/pages\/19"}],"wp:attachment":[{"href":"https:\/\/www.obheal.ie\/blog\/wp-json\/wp\/v2\/media?parent=3380"}],"curies":[{"name":"wp","href":"https:\/\/api.w.org\/{rel}","templated":true}]}}