{"id":3227,"date":"2014-03-30T16:31:13","date_gmt":"2014-03-30T16:31:13","guid":{"rendered":"http:\/\/www.obheal.ie\/blog\/?page_id=3227"},"modified":"2014-06-01T09:46:14","modified_gmt":"2014-06-01T09:46:14","slug":"guests-42-aprmay-2014","status":"publish","type":"page","link":"https:\/\/www.obheal.ie\/blog\/guest-poets\/guests-42-aprmay-2014\/","title":{"rendered":"Guests (42) Apr\/May 2014"},"content":{"rendered":"<hr \/>\n<p><center><strong>April and May<\/strong><\/center><\/p>\n<hr \/>\n<p><center><em>7th April<\/em><\/p>\n<p><strong>Margaret Galvin<\/strong><\/p>\n<p>You can listen to Margaret&#8217;s reading <a href=\"https:\/\/www.obheal.ie\/blog\/audio\/Guest Reading - Margaret Galvin.mp3\">here<\/a>.<\/center><\/p>\n<p><font color=\"silver\"><img loading=\"lazy\" decoding=\"async\" width=\"107\" height=\"100\" border=\"1\" align=\"right\" src=\"https:\/\/www.obheal.ie\/blog\/wp-content\/uploads\/2014\/03\/MargaretGalvinSm.jpg\"\/><\/font><font size=\"1\"><strong>Margaret Galvin<\/strong> is a native of Cahir Co. Tipperary but has lived all her adult life in Wexford town. She has worked variously with the library service, editing the magazine <em>Ireland&#8217;s Own<\/em> and with adults with intellectual disability. She returned to adult education in recent years and graduated with a degree in Social Care from IT Carlow. Much of her poetry is concerned with life lived on the margins. She has published six collections, most recently <em>The Waiting Room<\/em> (Doghouse), <em>The Wardrobe Mistress<\/em> (Lapwing) and <em>The Scattering Lawns<\/em> (Lapwing, Dec. 2013). Her voice has been described as: &#8216;rueful and compassionate, melancholic and bitter sweet but informed too by a great and resilient humour at the foibles of humanity.&#8217;<br \/>\n<\/font><\/p>\n<p>&nbsp;<\/p>\n<hr \/>\n<p><a name=\"14thApril\"><\/a><br \/>\n<center><em>14th April<\/em><\/p>\n<p><strong><font color=\"green\">&Oacute; Bh\u00e9al&#8217;s 7th Anniversary<\/font><\/strong><br \/>\n<font size=\"1\">(350+ nights of Poetry)<\/font><\/p>\n<p><font size=\"1\">celebrates <strong>Five Words Volume VII<\/strong> and an open-mic for <strong>Only Other Poets&#8217; Poetry<\/strong><\/font><\/p>\n<p>You can listen to the shortlisted poets reading <a href=\"https:\/\/www.obheal.ie\/blog\/audio\/Five Words Shortlisted poets 14-04-2014.mp3\">here<\/a>.<\/p>\n<p>and to the Five Word Challenge entries <a href=\"https:\/\/www.obheal.ie\/blog\/audio\/Five Word Challenge poems 14-04-2014.mp3\">here<\/a>.<\/center><\/p>\n<p><font color=\"silver\"><img loading=\"lazy\" decoding=\"async\" width=\"182\" height=\"160\" border=\"1\" align=\"right\" src=\"https:\/\/www.obheal.ie\/blog\/wp-content\/uploads\/2014\/03\/FiveWordsSm.jpg\"\/><\/font><font size=\"1\">&Oacute; Bh&eacute;al&#8217;s <strong>7th Anniversary<\/strong> event celebrates the launch of <em>Five Words Volume VII<\/em> &#8211; with readings by contributors, shortlistees &#8211; and the winner of our inaugural Five Words International Poetry competition, <strong><font color=\"green\">Don Nixon<\/font><\/strong>. This annual publication now includes the twelve shortlisted poems from the International competition, a number of whose authors will be reading on the night, as will some of the contributors to the last fifty Five-Word Challenges held at \u00d3 Bh\u00e9al. As per every year, the open-mic is for poems written by <em>any other poet than yourself<\/em>, so bring a couple of your favourites!<\/font><\/p>\n<p><center><font size=\"1\"><em>Our Congratulations go to<\/em><\/font> <strong>Don Nixon<\/strong><\/p>\n<p><font size=\"1\">winner of the inaugural <\/font><strong><font size=\"1\" color=\"green\">Five Words International Poetry Competition<\/font><\/strong><\/p>\n<p>You can listen to Don&#8217;s reading <a href=\"https:\/\/www.obheal.ie\/blog\/audio\/Guest Reading - Don Nixon.mp3\">here<\/a>.<\/center><\/p>\n<p><font color=\"silver\"><img loading=\"lazy\" decoding=\"async\" width=\"114\" height=\"100\" border=\"1\" align=\"right\" src=\"https:\/\/www.obheal.ie\/blog\/wp-content\/uploads\/2014\/03\/DonNixonSm.jpg\"\/><\/font><font size=\"1\"><strong>Don Nixon<\/strong> lives in Shropshire, England. He began writing about ten years ago when he retired from full time work as an academic and administrator. At first he wrote short stories, mainly in the crime genre, and was encouraged to continue when he won the Writers` and Artists` short story competition run by Bloomsbury Press in 2004. He was further encouraged when an early short story was published in <em>Birmingham Noir<\/em> by Tindal Street Press. Since then he has won or been shortlisted in various short story competitions. Some short stories have been published in anthologies and magazines in the UK and North America. <\/p>\n<p>Most recently he had two stories included in <em>Crime after Crime<\/em> (Bridge House Publishers) and a short story <em>Exit Pursued<\/em> will be published shortly by the Canterbury Festival publishers. In more recent years he began to write poetry which he greatly enjoys and is particularly interested in the formal styles. He is a fan of the sonnet form. He has won and been shortlisted in various poetry competitions and has received awards at the Poetry on the Lake festival in Italy, The Leeds Peace Poetry festival, the Oxford Deddington festival, the Canterbury festival, the Chester University High Sheriff Prize for Literature and the Liverpool University Creative Writing Festival among others. Currently he is shortlisted for the York Literature Festival later this March. Some of these poems have been published in anthologies and magazines, the latest in <em>Poetry of Shropshire<\/em> (Offa&#8217;s Press). <\/p>\n<p>Last year his first novel <em>Ransom<\/em> in the Western Adventure genre was published and he is now working on a sequel and trying to assemble enough poems for a first collection. He enjoys writing and likes to move between different genres though at the moment he is trying to write more poetry. As he came to it late, he feels he is on a constant learning curve. He feels it keeps his brain occupied. He never imagined he would be writing after he retired and still does not think he is a `real` writer but says it is a great hobby. Through it he has met many interesting people and made some good new friends. He looks forward to meeting the \u00d3 Bh\u00e9al poets of Cork. He has a happy memory of visiting Cork and the West of Ireland over forty years ago.<\/p>\n<p><\/font><\/p>\n<p>&nbsp;<\/p>\n<hr \/>\n<p><font color=\"silver\"><img loading=\"lazy\" decoding=\"async\" width=\"115\" height=\"94\" border=\"1\" align=\"right\" src=\"https:\/\/www.obheal.ie\/blog\/5wordscompSm.jpg\"\/><\/font><font size=\"1\">The 2nd <strong><font color=\"green\">Five Words International Poetry Competition<\/font><\/strong> will commence on Tuesday April 15th 2014 (at midday GMT), and will run for 41 weeks until the last week of January 2015. The judges this year are <strong>Jennifer Matthews<\/strong> and <strong>Billy Ramsell<\/strong>. <a href=\"https:\/\/www.obheal.ie\/blog\/?page_id=2371\">Watch this space &#8230;<\/a><\/p>\n<p><\/font><\/p>\n<p>&nbsp;<\/p>\n<hr \/>\n<p><a name=\"21stApril\"><\/a><br \/>\n<center><em>21st April<\/em><\/p>\n<p><font size=\"1\" color=\"green\"><strong>&Oacute; Bh&eacute;al<\/strong><\/font> <font size=\"1\">in association with <\/font><font size=\"1\" color=\"green\"><strong>Foras na Gaeilge<\/strong><\/font><font size=\"1\"> presents<\/font><\/p>\n<p><strong>Niamh N\u00ed Lochlainn<\/strong><\/p>\n<p>You can listen to Niamh&#8217;s reading <a href=\"https:\/\/www.obheal.ie\/blog\/audio\/Guest Reading - Niamh Ni Lochlainn.mp3\">here<\/a>.<\/center><\/p>\n<p><font color=\"silver\"><img loading=\"lazy\" decoding=\"async\" width=\"127\" height=\"100\" border=\"1\" align=\"right\" src=\"https:\/\/www.obheal.ie\/blog\/wp-content\/uploads\/2014\/03\/NiamhNiLochlainnSm.jpg\"\/><\/font><font size=\"1\">T\u00f3gadh <strong>Niamh N\u00ed Lochlainn<\/strong> le Gaeilge i mBaile Atha Cliath, \u00e1it ar fhreastal s\u00ed ar cheann de na c\u00e9ad Gaelscoileanna. Chaith s\u00ed samhra\u00ed a h-\u00f3ige i nGaeltacht Chora Dhuibhne. Bhain s\u00ed c\u00e9im amach sa bh\u00e9aloideas agus sa tseand\u00e1la\u00edocht \u00f3 Chol\u00e1iste na hOllscoile, Bhaile \u00c1tha Cliath sa bhliain 1993. T\u00e1 s\u00ed ag pl\u00e9 le m\u00e1istreacht ar an <em>mBean Feasa<\/em>, in Ollscoil Chorca\u00ed faoi l\u00e1thair. D&#8217;fhoilsigh Coisc\u00e9im cnuasacht fil\u00edochta l\u00e9i, <em>An Guth \u00f3n dTobar<\/em>, sa bhliain 2003. Foils\u00edodh d\u00e1nta eile l\u00e9i \u00f3 shoin, na h-iris\u00ed, <em>Feasta, An Guth, Irish Pages<\/em> agus <em>THE SHOp<\/em>, ins an \u00e1ireamh. T\u00e1 s\u00ed ag cur f\u00faithi agus ag obair mar bhun-mh\u00fainteoir sa Ghaillimh.<\/p>\n<p><strong>Niamh N\u00ed Lochlainn<\/strong> grew up in Dublin with Irish as her first language, attending one of the first Gaelscoileanna in Dublin and spending her summers in the West Kerry Gaeltacht, Corca Dhuibhne. She studied Irish Folklore and Archaeology at University College Dublin, graduating in 1993. She is currently researching for a master&#8217;s degree in Irish Folklore, on the <em>Bean Feasa<\/em> in University College, Cork. Her poetry collection <em>An Guth \u00f3n dTobar<\/em> was published by Coisc\u00e9im in 2003. She has had poems published since in journals that include, <em>Feasta, An Guth, Irish Pages<\/em> and <em>THE SHOp<\/em>. She lives in Galway, where she works as a primary school teacher.<br \/>\n<\/font><\/p>\n<p>&nbsp;<\/p>\n<hr \/>\n<p><a name=\"28thApril\"><\/a><br \/>\n<center><em>28th April<\/em><\/p>\n<p><strong>Graham Allen<\/strong><\/p>\n<p>You can listen to Graham&#8217;s reading <a href=\"https:\/\/www.obheal.ie\/blog\/audio\/Guest Reading - Graham Allen.mp3\">here<\/a>.<\/center><\/p>\n<p><font color=\"silver\"><img loading=\"lazy\" decoding=\"async\" width=\"89\" height=\"100\" border=\"1\" align=\"right\" src=\"https:\/\/www.obheal.ie\/blog\/wp-content\/uploads\/2014\/03\/GrahamAllenSm.jpg\"\/><\/font><font size=\"1\"><strong>Graham Allen<\/strong> is a Professor of Literature in University College Cork. He is the author of numerous books and articles on literary and cultural theory and Romantic Literature, including <em>Mary Shelley<\/em> (2008) and <em>Intertextuality<\/em> (2000. New Ed. 2011). Allen was born in Barking, Essex in 1963. He studied in Wales and England before taking his first academic post in Dundee, Scotland, in 1990. He moved to Ireland in 1995. <\/p>\n<p>Allen&#8217;s poetry has been published widely in journals. He was the winner of the Listowel Single Poem Prize in 2010 with the title poem from his collection <em>The One That Got Away<\/em> (New Binary Press, 2014), which itself was shortlisted for the 2013 Crashaw Prize. His ongoing epoem <a href=\"http:\/\/www.holesbygrahamallen.org\"><strong>HOLES<\/strong><\/a>, viewable online at (<a href=\"http:\/\/www.holesbygrahamallen.org\">www.holesbygrahamallen.org<\/a>) was first published by New Binary Press in 2013. <\/p>\n<p><\/font><\/p>\n<p>&nbsp;<\/p>\n<hr \/>\n<p><a name=\"5thMay\"><\/a><br \/>\n<center><em>5th May<\/em><\/p>\n<p><strong>Ger\u00f0ur Kristn\u00fd<\/strong><\/p>\n<p>You can listen to Ger\u00f0ur&#8217;s reading <a href=\"https:\/\/www.obheal.ie\/blog\/audio\/Guest Reading - Gerdur Kristny.mp3\">here<\/a>.<\/center><\/p>\n<p><font color=\"silver\"><img loading=\"lazy\" decoding=\"async\" width=\"133\" height=\"100\" border=\"1\" align=\"right\" src=\"https:\/\/www.obheal.ie\/blog\/wp-content\/uploads\/2014\/03\/GerourKristnySm.jpg\"\/><\/font><font size=\"1\"><strong>Ger\u00f0ur Kristn\u00fd<\/strong> was born on June 10, 1970 and brought up in Reykjav\u00edk. She graduated in French and comparative literature from the University of Iceland in 1992. A full time writer, she won the Icelandic Literature Awards 2010 for her book of poetry <em>Bl\u00f3\u00f0h\u00f3fnir<\/em> which is based on an ancient Nordic myth, told in the Eddic poem <em>Sk\u00edrnim\u00e1l<\/em>, about the attempt of  the Nordic fertility god Freyr to fetch the poet&#8217;s namesake Gerdur Gymisd\u00f3ttir from her far away home as his bride. <\/p>\n<p>Kristn\u00fd has published collections of poetry and short stories, novels, books for children and a biography, for which she received The Icelandic Journalism Award in 2005. Gerdur\u2019s play <em>The Dancing at Bessastadir<\/em>, based on two of her children\u2019s books, premiered in the Icelandic National Theater in Reykjav\u00edk in February 2011 and was acclaimed by the public and critics alike. Other awards for her work include The Icelandic Children&#8217;s Choice Awards in 2003, The Halld\u00f3r Laxness Literary Award in 2004 and The West-Nordic Children&#8217;s Literature Award in 2010. Ger\u00f0ur lives in Reykjav\u00edk but travels regularly around the world to present her work, giving readings in places like Kampala, Cox&#8217;s Bazar, Maastricht and Colgata.<\/p>\n<p><\/font><\/p>\n<p>&nbsp;<\/p>\n<hr \/>\n<p><a name=\"12thMay\"><\/a><br \/>\n<center><em>12th May<\/em><\/p>\n<p><strong>Catherine Phil McCarthy<\/strong><\/p>\n<p>You can listen to Catherine&#8217;s reading <a href=\"https:\/\/www.obheal.ie\/blog\/audio\/Guest Reading - Catherine Phil McCarthy.mp3\">here<\/a>.<\/center><\/p>\n<p><font color=\"silver\"><img loading=\"lazy\" decoding=\"async\" width=\"108\" height=\"100\" border=\"1\" align=\"right\" src=\"https:\/\/www.obheal.ie\/blog\/wp-content\/uploads\/2014\/03\/CatherinePhilMcCarthySm.jpg\"\/><\/font><font size=\"1\"><strong>Catherine Phil McCarthy<\/strong>\u2019s most recent collection <em>The Invisible Threshold<\/em> was published by Dedalus Press, Dublin in 2012 and was shortlisted for The Irish Times \/ Poetry Now Award 2013.  She is a former editor of <em>Poetry Ireland Review<\/em>. She has worked as Writer in Residence for the City of Dublin Arts Office and at University College Dublin, and has recently completed a writer\u2019s residency at Centre Culturel Irlandais in Paris.<\/p>\n<p>She has won many prizes and awards including the Fish International Poetry Prize in 2010 and most recently, the eighteenth <strong><font color=\"green\">Lawrence O&#8217;Shaughnessy Award<\/font><\/strong> (<a href=\"http:\/\/www.stthomas.edu\/irishstudies\">www.stthomas.edu\/irishstudies<\/a>) for Irish Poetry in 2014, conferred by the University of St. Thomas Center for Irish Studies, St Paul, Minnesota.<\/p>\n<p><\/font><\/p>\n<p>&nbsp;<\/p>\n<hr \/>\n<p><a name=\"19thMay\"><\/a><br \/>\n<center><em>19th May<\/em><\/p>\n<p><strong>Susan Lindsay<\/strong><\/p>\n<p>You can listen to Susan&#8217;s reading <a href=\"https:\/\/www.obheal.ie\/blog\/audio\/Guest Reading - Susan Lindsay.mp3\">here<\/a>.<\/center><\/p>\n<p><font color=\"silver\"><img loading=\"lazy\" decoding=\"async\" width=\"91\" height=\"100\" border=\"1\" align=\"right\" src=\"https:\/\/www.obheal.ie\/blog\/wp-content\/uploads\/2014\/03\/SusanLindsaySm.jpg\"\/><\/font><font size=\"1\"><strong>Susan Lindsay<\/strong>\u2019s poetry books <i>Fear Knot<\/i> (2013) and <i>Whispering the Secrets<\/i> (2011) are published by Doire Press and her work has appeared in poetry magazines. She read for Poetry Ireland\u2019s Introductions Series in 2011 and is a co-editor of the bi-annual poetry publication <i>Skylight 47<\/i>. She has also read on radio and at festivals. Susan facilitates conversations mediated by poetry and blogs at <a href=\"http:\/\/www.susanlindsayauthor.blogspot.com\">www.susanlindsayauthor.blogspot.com<\/a><\/p>\n<p><\/font><\/p>\n<p>&nbsp;<\/p>\n<hr \/>\n<p><a name=\"26thMay\"><\/a><br \/>\n<center><em>26th May<\/em><\/p>\n<p><font size=\"1\">plus an earlier <\/font><font color=\"green\" size=\"1\"><strong>Wordshop<\/strong><\/font><font size=\"1\"> from <strong>7pm<\/strong><\/font><\/p>\n<p><strong>Kim Moore<\/strong><\/p>\n<p>You can listen to Kim&#8217;s reading <a href=\"https:\/\/www.obheal.ie\/blog\/audio\/Guest Reading - Kim Moore.mp3\">here<\/a>.<\/center><\/p>\n<p><font color=\"silver\"><img loading=\"lazy\" decoding=\"async\" width=\"99\" height=\"100\" border=\"1\" align=\"right\" src=\"https:\/\/www.obheal.ie\/blog\/wp-content\/uploads\/2014\/03\/KimMooreSm.jpg\"\/><\/font><font size=\"1\"><strong>Kim Moore<\/strong>&#8216;s first pamphlet <em>If We Could Speak Like Wolves<\/em> was a winner in the 2012 Poetry Business Pamphlet Competition. The pamphlet went on to be shortlisted for the Michael Marks Award and named in the Independent as a 2012 Book of the Year.  She has been recently published in <em>Poetry Review, The TLS, The Rialto<\/em> and <em>Magma<\/em>.  She works as a peripatetic Brass Teacher for Cumbria Music Service.  She is currently working on her first collection and blogs at <a href=\"http:\/\/www.kimmoorepoet.wordpress.com\">www.kimmoorepoet.wordpress.com<\/a><\/p>\n<p>Kim will also be holding a <strong>wordshop<\/strong> from 7.00pm to 8.30pm at &Oacute; Bh&eacute;al entitled <em>Journeys<\/em>. For more details click <a href=\"https:\/\/www.obheal.ie\/blog\/?page_id=46#Guest%20Poet\">here<\/a>.<\/p>\n<p><\/font><\/p>\n<p>&nbsp;<\/p>\n<hr \/>\n<p>&nbsp;<br \/>\n&nbsp;<br \/>\n&nbsp;<br \/>\n&nbsp;<br \/>\n&nbsp;<br \/>\n&nbsp;<br \/>\n&nbsp;<br \/>\n&nbsp;<br \/>\n&nbsp;<br \/>\n&nbsp;<\/p>\n","protected":false},"excerpt":{"rendered":"<p>April and May 7th April Margaret Galvin You can listen to Margaret&#8217;s reading here. Margaret Galvin is a native of Cahir Co. Tipperary but has lived all her adult life in Wexford town. She has worked variously with the library service, editing the magazine Ireland&#8217;s Own and with adults with intellectual disability. She returned to [&hellip;]<\/p>\n","protected":false},"author":1,"featured_media":0,"parent":19,"menu_order":0,"comment_status":"closed","ping_status":"open","template":"","meta":{"_uf_show_specific_survey":0,"_uf_disable_surveys":false,"footnotes":""},"class_list":["post-3227","page","type-page","status-publish","hentry"],"_links":{"self":[{"href":"https:\/\/www.obheal.ie\/blog\/wp-json\/wp\/v2\/pages\/3227","targetHints":{"allow":["GET"]}}],"collection":[{"href":"https:\/\/www.obheal.ie\/blog\/wp-json\/wp\/v2\/pages"}],"about":[{"href":"https:\/\/www.obheal.ie\/blog\/wp-json\/wp\/v2\/types\/page"}],"author":[{"embeddable":true,"href":"https:\/\/www.obheal.ie\/blog\/wp-json\/wp\/v2\/users\/1"}],"replies":[{"embeddable":true,"href":"https:\/\/www.obheal.ie\/blog\/wp-json\/wp\/v2\/comments?post=3227"}],"version-history":[{"count":0,"href":"https:\/\/www.obheal.ie\/blog\/wp-json\/wp\/v2\/pages\/3227\/revisions"}],"up":[{"embeddable":true,"href":"https:\/\/www.obheal.ie\/blog\/wp-json\/wp\/v2\/pages\/19"}],"wp:attachment":[{"href":"https:\/\/www.obheal.ie\/blog\/wp-json\/wp\/v2\/media?parent=3227"}],"curies":[{"name":"wp","href":"https:\/\/api.w.org\/{rel}","templated":true}]}}