{"id":3124,"date":"2014-01-26T19:33:28","date_gmt":"2014-01-26T19:33:28","guid":{"rendered":"http:\/\/www.obheal.ie\/blog\/?page_id=3124"},"modified":"2014-05-31T11:52:33","modified_gmt":"2014-05-31T11:52:33","slug":"guests-41-febmar-2014","status":"publish","type":"page","link":"https:\/\/www.obheal.ie\/blog\/guest-poets\/guests-41-febmar-2014\/","title":{"rendered":"Guests (41) Feb\/Mar 2014"},"content":{"rendered":"<hr \/>\n<p><center><strong>February and March<\/strong><\/center><\/p>\n<hr \/>\n<p><center><em>3rd February<\/em><\/p>\n<p><strong>New Creative Writing from UCC<\/strong><\/p>\n<p>You can listen to the full reading <a href=\"https:\/\/www.obheal.ie\/blog\/audio\/Guest Reading - UCC2014.mp3\">here<\/a>.<\/center><\/p>\n<p><font color=\"silver\"><img loading=\"lazy\" decoding=\"async\" width=\"142\" height=\"150\" border=\"1\" align=\"right\" src=\"https:\/\/www.obheal.ie\/blog\/wp-content\/uploads\/2014\/01\/UCCSm.jpg\"\/><\/font><font size=\"1\"><strong>UCC<\/strong> has a long tradition of supporting and nurturing Munster Writers, and it&#8217;s no surprise that the first year of the UCC MA in Creative Writing has already seen its students produce some innovative and exciting pieces of work.  <strong>Michelle McAdoo, Louise Nolan, Niamh Prior, Kathleen O&#8217;Brien<\/strong> and <strong>Bridget Sprouls<\/strong> are five students who are showing huge promise in their own unique way.  In other areas outside of poetry their colleagues in the MA are achieving equal distinction in their own writing.  On 3rd February we will be privileged to hear some of the new poetry being written by these gifted writers.<\/p>\n<p><\/font><\/p>\n<p>&nbsp;<\/p>\n<hr \/>\n<p><a name=\"10thFebruary\"><\/a><br \/>\n<center><em>10th February<\/em><\/p>\n<p><strong>Patrick Lodge<\/strong><\/p>\n<p>You can listen to Patrick&#8217;s reading <a href=\"https:\/\/www.obheal.ie\/blog\/audio\/Guest Reading - Patrick Lodge.mp3\">here<\/a>.<\/center><\/p>\n<p><font color=\"silver\"><img loading=\"lazy\" decoding=\"async\" width=\"94\" height=\"100\" border=\"1\" align=\"right\" src=\"https:\/\/www.obheal.ie\/blog\/wp-content\/uploads\/2014\/01\/PatrickLodgeSm.jpg\"\/><\/font><font size=\"1\"><strong>Patrick Lodge<\/strong> was born in Wales, lives in Yorkshire and travels on an Irish passport thanks to his Co. Cork ancestors. He travels as much as he can and uses the dislocation produced by travel to reflect on his own displacements of growing up, illness, family life and relationships &#8211; his own search for an understanding of &#8220;home&#8221; that might be comfortably lived in. His prizewinning poems have been published in many countries including  Ireland, the UK, the USA, Australia, New Zealand and Greece. Patrick&#8217;s first collection <i>An Anniversary Of Flight<\/i> was published by Valley Press in 2013. <\/p>\n<p>&#8220;the images in this impressive first collection sneak up suddenly on the reader, a sudden recognition of something familiar seen in a new way&#8230;Highly recommended.&#8221; &#8211; John Murphy<\/p>\n<p><em>&#8220;Patrick Lodge is a poet who is never trivial or merely fashionable. His work is distinguished by its plenitude, depth and truth to experience.&#8221;<\/em> &#8211; David Cooke<\/p>\n<p>&nbsp;<br \/>\n<\/font><\/p>\n<hr \/>\n<p><a name=\"17thFebruary\"><\/a><br \/>\n<center><em>17th February<\/em><\/p>\n<p><strong>Brendan Cleary<\/strong><\/p>\n<p>You can listen to Brendan&#8217;s reading <a href=\"https:\/\/www.obheal.ie\/blog\/audio\/Guest Reading - Brendan Cleary.mp3\">here<\/a>.<\/center><\/p>\n<p><font color=\"silver\"><img loading=\"lazy\" decoding=\"async\" width=\"95\" height=\"100\" border=\"1\" align=\"right\" src=\"https:\/\/www.obheal.ie\/blog\/wp-content\/uploads\/2014\/01\/BrendanClearySm.jpg\"\/><\/font><font size=\"1\"><strong>Brendan Cleary<\/strong> is from County Antrim originally. He is a celebrated performer of his work and has published many collections, <em>Tears in the Burger Store<\/em> (Sunk Island, 1985), <em>White Bread and ITV<\/em> (Wide Skirt, 1990), <em>The Irish Card<\/em> (Bloodaxe, 1993), <em>Stranger in the House<\/em> (Bloodaxe, 2001), <em>Jackson<\/em> (Pighog, 2004), <em>Some Turbulant Weather<\/em> (Tall Lighthouse, 2008) and <em>Goin&#8217; Down Slow: selected poems 1985-2010<\/em> (Tall Lighthouse, 2010). In 2013 Pighog published Cleary\u2019s <em>The Poet\u2019s Notebook<\/em> as an exclusive series of updates on its Twitter profile, as well as his most recent full collection, <em>Face<\/em>.<\/p>\n<p><em>And from Pighog<\/em>: <\/p>\n<p>Originally from Northern Ireland, Brendan Cleary is one of the UK\u2019s most instinctively gifted poets and a master of the art of teaching poetry. His early work deals with his childhood in a region where &#8216;Despair, like rust, \/ is contagious&#8217;, but life in an England of broken ideals and rampant class prejudice comes in for equally biting treatment in poems such as <em>Newcastle is Benidorm<\/em> and <em>Rose<\/em>. Honed by his experience as a live performer, his lyrics have a hard-hitting immediacy as he questions his place in the world around him and his affiliation to the culture and traditions of his country of birth. These are not poems for the fainthearted, but they provide insights into the human spirit simply not on offer in the work of less courageous artists. He launched his poetic career as editor of the punky DIY magazine <em>The Echo Room<\/em> and went on to publish extensively in journals, anthologies and in single-author collections.<\/p>\n<p><\/font><\/p>\n<p>&nbsp;<\/p>\n<hr \/>\n<p><a name=\"24thFebruary\"><\/a><br \/>\n<center><em>24th February<\/em><\/p>\n<p><font size=\"1\">plus an earlier <\/font><font color=\"green\" size=\"1\"><strong>Wordshop<\/strong><\/font><font size=\"1\"> from <strong>7pm<\/strong><\/font><\/p>\n<p><strong>M\u00e1ighr\u00e9ad Medbh<\/strong><\/p>\n<p>You can listen to M\u00e1ighr\u00e9ad&#8217;s performance <a href=\"https:\/\/www.obheal.ie\/blog\/audio\/Guest Reading - Maighread Medbh 2014.mp3\">here<\/a>.<\/center><\/p>\n<p><font color=\"silver\"><img loading=\"lazy\" decoding=\"async\" width=\"110\" height=\"100\" border=\"1\" align=\"right\" src=\"https:\/\/www.obheal.ie\/blog\/wp-content\/uploads\/2014\/01\/MaighreadMedbhSm.jpg\"\/><\/font><font size=\"1\"><strong>M\u00e1ighr\u00e9ad Medbh<\/strong> was born in County Limerick. Since her first collection <em>The Making of a Pagan<\/em> in 1990, she has become widely known as a \u2018performance poet\u2019, although she mainly sees dramatic presentation as trying to live the moments of the poem as fully as possible. She now has six published poetry collections, a CD, and a non-fiction study of solitude. She likes to explore themes which led her to write a sequence on the famine, <em>Tenant<\/em> (Salmon Poetry, 2000) and a sequence inspired by astrology <em>Twelve Beds for the Dreamer<\/em> (Arlen House, 2010). Her work has appeared in many journals and anthologies, and has been translated into German and Galician. She has performed widely, in Europe and America as well as Ireland, and on the broadcast media. <\/p>\n<p>M\u00e1ighr\u00e9ad has written three novels and a fantasy sequence for children. Two of her novels are online as ebooks. She has also written for radio and she publishes a monthly blog\/essay on her website. Her non-fiction work <em>Savage Solitude<\/em> (Dedalus Press, 2013), is the beginning of what she intends to be an exploration in mixed genres, with a linking of research, aphorism, prose and poetry. <\/p>\n<p>M\u00e1ighr\u00e9ad will also be holding a <strong>wordshop<\/strong> from 7.00pm to 8.30pm at &Oacute; Bh&eacute;al entitled <em>The End of the Line<\/em>. For more details click <a href=\"https:\/\/www.obheal.ie\/blog\/?page_id=46#Guest%20Poet\">here<\/a>.<\/p>\n<p>For more visit <a href=\"http:\/\/www.maighreadmedbh.ie\">www.maighreadmedbh.ie<\/a>.<\/p>\n<p><\/font><\/p>\n<p>&nbsp;<\/p>\n<hr \/>\n<p><a name=\"3rdMarch\"><\/a><br \/>\n<center><em>3rd March<\/em><\/p>\n<p><strong>Brendan McCormack<\/strong><\/p>\n<p>You can listen to Brendan&#8217;s reading <a href=\"https:\/\/www.obheal.ie\/blog\/audio\/Guest Reading - Brendan McCormack.mp3\">here<\/a>.<\/center><\/p>\n<p><font color=\"silver\"><img loading=\"lazy\" decoding=\"async\" width=\"101\" height=\"100\" border=\"1\" align=\"right\" src=\"https:\/\/www.obheal.ie\/blog\/wp-content\/uploads\/2014\/01\/BrendanMcCormackSm.jpg\"\/><\/font><font size=\"1\"><strong>Brendan McCormack<\/strong> is a poet living and working in Dublin. He has had his work recently published online in the following publications: <em>Street Cake Magazine, Primal Urge Magazine, Bone Orchard Journal, CounterPunch, Outburst Magazine<\/em> and <em>Rolling Thunder Quarterly<\/em>. His work will also be featured in upcoming editions of the <em>Poetry Bus Magazine<\/em> and <em>Poetic Diversity<\/em>. His first collection of poems, <em>Selling Heaven<\/em> is available online now from Amazon.com. He has two more collections coming out in the USA in 2014 and is publishing a small collection in Dublin, <em>Prelude<\/em>, in February 2014. <\/p>\n<p><\/font><\/p>\n<p>&nbsp;<\/p>\n<hr \/>\n<p><a name=\"10thMarch\"><\/a><br \/>\n<center><em>10th March<\/em><\/p>\n<p><font color=\"green\" size=\"1\"><strong>&Oacute; Bh&eacute;al<\/strong><\/font><font size=\"1\"> in association with <\/font><font color=\"green\" size=\"1\"><strong>Foras na Gaeilge <\/strong><\/font><font size=\"1\">presents a bi-lingual evening with<\/font><\/p>\n<p><strong>Colette N\u00ed Ghallch\u00f3ir<\/strong><\/p>\n<p>You can listen to Colette&#8217;s reading <a href=\"https:\/\/www.obheal.ie\/blog\/audio\/Guest Reading - Colette Ni Ghallchoir.mp3\">here<\/a>.<\/center><\/p>\n<p><font color=\"silver\"><img loading=\"lazy\" decoding=\"async\" width=\"94\" height=\"100\" border=\"1\" align=\"right\" src=\"https:\/\/www.obheal.ie\/blog\/wp-content\/uploads\/2014\/01\/ColetteNiGhallchoirSm.jpg\"\/><\/font><font size=\"1\"><strong>Colette N\u00ed Ghallch\u00f3ir<\/strong> has published two books of poetry in Irish, <em>Na Si\u00f3ga i lag na hAlt\u00f3ra<\/em> (Coisc\u00e9im, 2005) and <em>Idir Dh\u00e1 Ghleann<\/em> (Coisc\u00e9im, 1999). She has been selected by Selina Guiness for inclusion in <em>The New Irish Poets<\/em> and by Nuala N\u00ed Dhomhnaill for inclusion in <em>The Field Day Anthology of Irish Womens Poetry<\/em>.<\/p>\n<p>She has been anthologised in the U,S by Thomas Rain Crowe in <em>Writing The Wind<\/em> and Gr\u00e9ag\u00f3ir \u00f3 D\u00faill has selected her for <em>Fearann Pinn<\/em>. A book of her new and selected is due shortly from Arlen House. She has toured with <em>Turas Na mBard<\/em> in Scotland and with the Italian cultural Institute in Sicily. She has been published in all major literary journals in Ireland.<\/p>\n<p><\/font><\/p>\n<p>&nbsp;<\/p>\n<hr \/>\n<p><a name=\"17thMarch\"><\/a><br \/>\n<center><em>17th March<\/em><\/p>\n<p><strong>Christy O&#8217;Donnell<\/strong><\/p>\n<p>You can listen to Christy&#8217;s reading <a href=\"https:\/\/www.obheal.ie\/blog\/audio\/Guest Reading - Christy O Donnell.mp3\">here<\/a>.<\/center><\/p>\n<p><font color=\"silver\"><img loading=\"lazy\" decoding=\"async\" width=\"102\" height=\"100\" border=\"1\" align=\"right\" src=\"https:\/\/www.obheal.ie\/blog\/wp-content\/uploads\/2014\/01\/ChristyODonnellSm.jpg\"\/><\/font><font size=\"1\"><strong>Christy O&#8217;Donnell<\/strong>&#8216;s first collection <em>From Gloves To Pen<\/em> was published in 2013. He was born on the north side of Limerick. Ballynanty to be exact. There were 15 of them living in the first set of high flats (as they were known back then) on Shanabooley road. It was never easy growing up in the sixties or seventies but they managed it and for the most part turned out pretty much okay. As for his type of poetry? <\/p>\n<p>Christy says: Well I have no idea when or where it came to me but I started and I keep on going.  When I write as I do it doesn\u2019t take me long to get it on paper, I tend to write as if I hear a tune in my head and see what comes out. Hoping it has some humour attached. Someone once said to me just because it\u2019s easy for me does not mean it is easy to do what I do. I have learned this is true in most things in life. We all do things differently and poetry is my way of expressing life and how I live it. We all have a choice so I choose life with humour and I pray this little effort makes you smile at least one time, after all it\u2019s easier to smile then be miserable don\u2019t you think.<br \/>\nSo here is some things that I recall from the early years in my life as well as other stuff that just came out of (my big head as a fellow poet likes to comment) those days.<\/p>\n<p><em>Christy O Donnell\u2019s first poetry collection From Gloves to Pen is a well written narrative of one man\u2019s life growing up in a large family in Limerick, Ireland.  His father gave him boxing gloves, but he found more solace using his pen. He approaches life\u2019s difficult times with humor and tenderness. Many of his poems tell stories that could have made him feel bitter, but he has an uncommon talent that turns the pain to laughter. He writes in a way that made me feel as if I know him and want to sit down and share a pint with him. I hope he continues to write wonderful poems.<\/em> &#8211; Moriah LaChapell<\/p>\n<p><em>If poetry is written for the ordinary person who lives in the real word then this will make you like it and love it for in every poem you will find a hint of honesty and truth. &#8211; <\/em>Bertha McCullough<\/p>\n<p><\/font><\/p>\n<p>&nbsp;<\/p>\n<hr \/>\n<p><a name=\"24thMarch\"><\/a><br \/>\n<center><em>24th March<\/em><\/p>\n<p><strong>Jessica Traynor<\/strong><\/p>\n<p>You can listen to Jessica&#8217;s reading <a href=\"https:\/\/www.obheal.ie\/blog\/audio\/Guest Reading - Jessica Traynor.mp3\">here<\/a>.<\/center><\/p>\n<p><font color=\"silver\"><img loading=\"lazy\" decoding=\"async\" width=\"102\" height=\"100\" border=\"1\" align=\"right\" src=\"https:\/\/www.obheal.ie\/blog\/wp-content\/uploads\/2014\/01\/JessicaTraynorSm.jpg\"\/><\/font><font size=\"1\"><strong>Jessica Traynor<\/strong> is a poet from Dublin. She was awarded the Ireland Chair of Poetry Bursary in 2014, was Hennessy New Writer of the Year in 2013 and was highly commended at the 2013 Patrick Kavanagh Award. She won the Listowel Single Poem Prize in 2011 and was featured in the 2009 Poetry Ireland Introduction Series. She works as Literary Reader at The Abbey Theatre and teaches poetry and playwriting courses at Big Smoke Writing Factory.<\/p>\n<p>Poems are forthcoming or have been published in <em>If Ever You Go<\/em> (Dedalus Press), <em>The Irish Times, New Planet Cabaret<\/em> (New Island), <em>Peloton<\/em> (Templar Poetry), <em>The Weary Blues, The SHOp, The Moth, Wordlegs, The Stinging Fly, New Irish Writing<\/em> and <em>Burning Bush II<\/em> among others. She has a piece of short fiction in the first edition of <em>Colony<\/em>. Her first collection of poems <em>Liffey Swim<\/em> is forthcoming from Dedalus Press in 2014.<\/p>\n<p><\/font><\/p>\n<p>&nbsp;<\/p>\n<hr \/>\n<p><a name=\"31stMarch\"><\/a><br \/>\n<center><em>31st March<\/em><\/p>\n<p><strong>John Ennis<\/strong><\/p>\n<p>You can listen to John&#8217;s reading <a href=\"https:\/\/www.obheal.ie\/blog\/audio\/Guest Reading - John Ennis.mp3\">here<\/a>.<\/center><\/p>\n<p><font color=\"silver\"><img loading=\"lazy\" decoding=\"async\" width=\"108\" height=\"100\" border=\"1\" align=\"right\" src=\"https:\/\/www.obheal.ie\/blog\/wp-content\/uploads\/2014\/01\/JohnEnnisSm.jpg\"\/><\/font><font size=\"1\">A contributor to the Harvard Anthology of Modern Irish Poetry (2010) and author of thirteen books of poetry, <strong>John Ennis<\/strong> has also published verse recently in <em>Poetry Ireland Review, Stinging Fly, Riddle Fence, Outburst, The Burning Bush, New Hibernia Review, The Clifden Anthology, Boyne Berries<\/em> and <em>Catechism: Poems for Pussy Riot<\/em>.  <em>Postponing \u00c1sbyrgi<\/em> ( poems in response to S\u00ecgur R\u00f3s) was published by Three Spires Press in March 2013 and launched throughout Newfoundland at The March Hare Festival. <\/p>\n<p>Ennis&#8217; verse is scheduled to appear in new editions of <em>The Burning Bush, The Pickled Body, Outburst<\/em>  and <em>Poetry Ireland Review<\/em> (Easter 2014). His work is profiled in <em>The Hidden World of Poetry: Unravelling Celtic Mythology in Contemporary Irish Poetry<\/em> (Adam Wyeth, Salmon 2013) and in <em>En sus propias palabras\/In their own words: Interviews with Irish Contemporary  Writers<\/em> (Mar\u00eda Sof\u00eda Eliggi, Universidad Nacional de La Pampa 2011). Retired from Education, Ennis is an activist and has been green-starred for his contribution to Amnesty International.<\/p>\n<p><\/font><\/p>\n<hr \/>\n<p>&nbsp;<br \/>\n&nbsp;<br \/>\n&nbsp;<br \/>\n&nbsp;<br \/>\n&nbsp;<br \/>\n&nbsp;<br \/>\n&nbsp;<br \/>\n&nbsp;<br \/>\n&nbsp;<br \/>\n&nbsp;<\/p>\n","protected":false},"excerpt":{"rendered":"<p>February and March 3rd February New Creative Writing from UCC You can listen to the full reading here. UCC has a long tradition of supporting and nurturing Munster Writers, and it&#8217;s no surprise that the first year of the UCC MA in Creative Writing has already seen its students produce some innovative and exciting pieces [&hellip;]<\/p>\n","protected":false},"author":1,"featured_media":0,"parent":19,"menu_order":0,"comment_status":"closed","ping_status":"open","template":"","meta":{"_uf_show_specific_survey":0,"_uf_disable_surveys":false,"footnotes":""},"class_list":["post-3124","page","type-page","status-publish","hentry"],"_links":{"self":[{"href":"https:\/\/www.obheal.ie\/blog\/wp-json\/wp\/v2\/pages\/3124","targetHints":{"allow":["GET"]}}],"collection":[{"href":"https:\/\/www.obheal.ie\/blog\/wp-json\/wp\/v2\/pages"}],"about":[{"href":"https:\/\/www.obheal.ie\/blog\/wp-json\/wp\/v2\/types\/page"}],"author":[{"embeddable":true,"href":"https:\/\/www.obheal.ie\/blog\/wp-json\/wp\/v2\/users\/1"}],"replies":[{"embeddable":true,"href":"https:\/\/www.obheal.ie\/blog\/wp-json\/wp\/v2\/comments?post=3124"}],"version-history":[{"count":0,"href":"https:\/\/www.obheal.ie\/blog\/wp-json\/wp\/v2\/pages\/3124\/revisions"}],"up":[{"embeddable":true,"href":"https:\/\/www.obheal.ie\/blog\/wp-json\/wp\/v2\/pages\/19"}],"wp:attachment":[{"href":"https:\/\/www.obheal.ie\/blog\/wp-json\/wp\/v2\/media?parent=3124"}],"curies":[{"name":"wp","href":"https:\/\/api.w.org\/{rel}","templated":true}]}}