{"id":2816,"date":"2013-09-29T19:26:45","date_gmt":"2013-09-29T19:26:45","guid":{"rendered":"http:\/\/www.obheal.ie\/blog\/?page_id=2816"},"modified":"2013-12-09T12:33:29","modified_gmt":"2013-12-09T12:33:29","slug":"guests-39-octnov-2013","status":"publish","type":"page","link":"https:\/\/www.obheal.ie\/blog\/guest-poets\/guests-39-octnov-2013\/","title":{"rendered":"Guests (39) Oct\/Nov 2013"},"content":{"rendered":"<hr \/>\n<p><center><strong>October and November<\/strong><\/center><\/p>\n<hr \/>\n<p><center><em>7th October<\/em><\/p>\n<p><strong>Adam White<\/strong><\/p>\n<p>You can listen to Adam&#8217;s reading <a href=\"https:\/\/www.obheal.ie\/blog\/audio\/Guest Reading - Adam White.mp3\">here<\/a>.<\/center><\/p>\n<p><font color=\"silver\"><img loading=\"lazy\" decoding=\"async\" width=\"106\" height=\"100\" border=\"1\" align=\"right\" src=\"https:\/\/www.obheal.ie\/blog\/wp-content\/uploads\/2013\/09\/AdamWhiteSm.jpg\"\/><\/font><font size=\"1\"><strong>Adam White<\/strong> is from Youghal, Co. Cork. After many years working as a carpenter\/joiner in Ireland and in France, he studied English and French at NUI Galway, where he began reading and writing poetry. He has recited his poetry at many venues in Galway and Cork, at the Electric Picnic, and at venues in Italy and France. His first collection <em>Accurate Measurements<\/em> was published by Doire Press of Connemara, in April 2013, and shortlisted for a Forward prize for best first collection (the winners of the Forward prizes will be announced at a ceremony in London on the 1st of October.)<\/p>\n<p>His poems are inspired by his travels in and out of Ireland, by the value of the work we do in making sense of our lives, and by the love of doing a beautiful task well. But his poetry is also about the craft of writing, about the poet\u2019s search for, and delight in, the words that come closest to what we feel we have to say.<\/p>\n<p><\/font><\/p>\n<p>&nbsp;<\/p>\n<hr \/>\n<p><a name=\"14thOctober\"><\/a><br \/>\n<center><em>14th October<\/em><\/p>\n<p><strong>Fi\u00f3na Bolger<\/strong> and the launch of <strong>PB5<\/strong><\/p>\n<p>You can listen to Fi\u00f3na&#8217;s reading <a href=\"https:\/\/www.obheal.ie\/blog\/audio\/Guest Reading - Fiona Bolger.mp3\">here<\/a> and to the Poetry Bus 5 reading <a href=\"https:\/\/www.obheal.ie\/blog\/audio\/Guest Reading - PB5.mp3\">here<\/a>.<\/center><\/p>\n<p><font color=\"silver\"><img loading=\"lazy\" decoding=\"async\" width=\"71\" height=\"100\" border=\"1\" align=\"right\" src=\"https:\/\/www.obheal.ie\/blog\/wp-content\/uploads\/2013\/09\/FionaBolgerSm.jpg\"\/><\/font><\/p>\n<p><font size=\"1\"><strong>Fi\u00f3na Bolger<\/strong>&#8216;s poems have been on placards during the last election, online and in magazines in Ireland (including <em>Can Can, Southword, Boyne Berries, Outburst, Crann\u00f3g, Barehands<\/em> and <em>Poetry Bus<\/em>), India (<em>The Brown Critique<\/em>) and the US (<em>The Chattahoochee Review<\/em>). She has read at the Monday Echo, Dub Sessions, Loq&#8217;d and the Ash Sessions in Dublin. She is a member of Dublin Writers Forum and Airfield Writers. Poetry Bus Press recently launched her <em>Grimoire, The Geometry of Love between the Elements<\/em>, in Dublin.<\/p>\n<p><font color=\"silver\"><img loading=\"lazy\" decoding=\"async\" width=\"71\" height=\"120\" border=\"1\" align=\"right\" src=\"https:\/\/www.obheal.ie\/blog\/wp-content\/uploads\/2013\/09\/PB5Sm.jpg\"\/><\/font><\/p>\n<p><font size=\"1\"><strong>PB5<\/strong> is the best issue yet of <em>The Poetry Bus Magazine<\/em> with 126 perfect bound pages of brilliant poetry, articles, reviews, flash fiction, a full colour graphic short story, full page colour illustrations by some of the world&#8217;s best illustrators: Calef Brown, Alexandra Eldridge, Akira Kusaka, Steve Simpson, Bett Norris, Jessica Brilli. PLUS an audio CD of poetry readings and music tracks. The reading will include contributions by Alvy Carragher, Phil Lynch, Michael Ray and Michael Gallagher.<br \/>\n&nbsp;<\/p>\n<p><\/font><\/p>\n<p><\/font><\/p>\n<p>&nbsp;<\/p>\n<hr \/>\n<p><a name=\"16th-20thOctober\"><\/a><br \/>\n<center><em>16th-20th October<\/em><\/p>\n<p><font size=\"1\">in association with the <\/font><a href=\"http:\/\/indiecork.com\/\"><strong><font color=\"black\">Indie<\/font><font color=\"red\">Cork<\/font><\/strong><\/a><strong><font size=\"1\" color=\"black\"><a href=\"http:\/\/indiecork.com\/\"> <font color=\"black\">Festival of Independent Cinema<\/font><\/a><\/font><\/strong><font size=\"1\"><\/font><\/p>\n<p><font size=\"2\" color=\"green\"><strong>\u00d3 Bh\u00e9al International Poetry-Film Competition 2013<\/strong><\/font><\/center><\/p>\n<p><font color=\"silver\"><img loading=\"lazy\" decoding=\"async\" width=\"155\" height=\"110\" border=\"0\" align=\"right\" src=\"https:\/\/www.obheal.ie\/blog\/wp-content\/uploads\/2013\/09\/PoetryFilmSm.jpg\"\/><\/font><\/p>\n<p>The competition shortlist of thirty films is now online to view, along with synopses and stills, at <a href=\"https:\/\/www.obheal.ie\/poetryfilm\">www.obheal.ie\/poetryfilm<\/a>. These will be screened at the Triskel Arts Centre in two parts. They have been chosen from nearly one hundred submissions of poetry films completed in the last two years, hailing from Ireland, Spain, Canada, USA, UK, Latvia, the Netherlands, Portugal, Germany, Belgium, Sweden, Israel and France. The \u00d3 Bh\u00e9al panel of judges will select one overall winner, who will receive the <strong>Indie<font color=\"red\">Cork<\/font><\/strong> festival award for best poetry film at the awards ceremony.<\/p>\n<p><strong>**Plus<\/strong> a feature-length Documentary: \u00d3 Bh\u00e9al will also be screening the multi award-winning documentary from Leeds, <em>We Are Poets<\/em>, to be shown in Camden Palace.<\/p>\n<p><center><font size=\"1\">The full <strong>programme<\/strong> for the competition shortlist (with stills an synopses)  is <a href=\"https:\/\/www.obheal.ie\/blog\/?page_id=2755\">here<\/a><\/font><\/center>. <\/p>\n<hr \/>\n<p><a name=\"21stOctober\"><\/a><br \/>\n<center><em>21st October<\/em><\/p>\n<p><font size=\"1\">In anticipation of <\/font><font size=\"1\" color=\"green\"><strong>The Cork Jazz Festival<\/strong><\/font> <strong><font size=\"1\">&#211; Bh&eacute;al<\/font><\/strong><font size=\"1\"> presents<br \/>\n<\/font><br \/>\n<strong>Jazz-Poetry Night<\/strong> with<\/p>\n<p>poet <strong>Dimitra Xidous<\/strong> and musicians <strong>Gary Baus<\/strong>, <strong>Jack O&#8217;Rourke<\/strong> and <strong>Mo O&#8217;Connor<\/strong><\/p>\n<p>You can listen to Dimitra&#8217;s performance with the jazz trio <a href=\"https:\/\/www.obheal.ie\/blog\/audio\/Guest Reading - Dimitra Xidous.mp3\">here<\/a> (and videos are on the way).<\/center><\/p>\n<p><font color=\"silver\"><img loading=\"lazy\" decoding=\"async\" width=\"134\" height=\"100\" border=\"1\" align=\"right\" src=\"https:\/\/www.obheal.ie\/blog\/wp-content\/uploads\/2013\/09\/Dimitra Xidous Sm.jpg\"\/><\/font><\/p>\n<p><font size=\"1\"><strong>Dimitra Xidous <\/strong> is a writer and poet whose work has appeared in literary journals in the US, Canada and Ireland, including <em>Bare Hands Poetry, Burning Bush II, Bywords Quarterly Journal, The Dalhousie Review, Penduline, The Poetry Bus, Room, The Weary Blues<\/em>, and <em>wordlegs<\/em>. Her poetry has been included in the <em>Bare Hands Anthology<\/em> (2012), and the <em>Words and Wonders: A Guelph-area Anthology<\/em> (2001). She was a joint runner-up at the inaugural Heart in Mouth Competition (2013) and her poem <em>The Cactus Army<\/em> was long-listed for the Montreal International Poetry Prize (2011). Her poetry has been featured on RTE Arena, and she has performed at a number of spoken word nights around Dublin, including Nighthawks and The Monday Echo.  Most recently, she read at the Dalkey Book Festival, as part of The Stinging Fly Showcase.  She has work forthcoming in <em>Boyne Berries<\/em>, and the <em>New Planet Cabaret Anthology<\/em> (edited by Dave Lordan, New Island Books).<\/p>\n<p>Dimitra is also a curator of public art displays\/poetry series in Dublin.  Her first series &#8211; the <em>Ash Wednesday Poetry Series<\/em> \u2013 ran between November 2012 &#8211; February 2013 and it showcased the poetry of up-coming and established Dublin poets, including Patrick Chapman, Kerrie O&#8217;Brien, Gabriel Rosenstock, and Colm Keegan.   A second series &#8211; <em>The Black, Strong, and Sweet Poetry Series<\/em> ran May-July 2013, and featured poems on coffee cups (<a href=\"balckstrongandsweetpoetry.wordpress.com\">balckstrongandsweetpoetry.wordpress.com<\/a>). She also runs a monthly arts showcase at Nick&#8217;s Coffee Company called <em>The Ash Sessions<\/em>.  <\/p>\n<p>Originally from Ottawa, Canada, she currently lives in Dublin, Ireland.<\/p>\n<p><font color=\"silver\"><img loading=\"lazy\" decoding=\"async\" width=\"87\" height=\"100\" border=\"1\" align=\"right\" src=\"https:\/\/www.obheal.ie\/blog\/wp-content\/uploads\/2013\/09\/Gary Baus Sm2.jpg\"\/><\/font><\/p>\n<p><font size=\"1\"><strong>Gary Baus <\/strong> is a self taught saxophonist who has been playing professionally for 15 years. He was raised in Baltimore, USA and lived and worked for several years in Prague, CZ. For the last eleven years he has performed all kinds of music in Cork. He has always loved combining poetry and music.<\/p>\n<p>The trio will also play improv to the later open-mic poetry session.<\/p>\n<p><\/font><\/p>\n<p><\/font><\/p>\n<p>&nbsp;<\/p>\n<hr \/>\n<p><a name=\"28thOctober\"><\/a><br \/>\n<center><em>28th October<\/em><\/p>\n<p><strong>Michael McKimm<\/strong><\/p>\n<p>You can listen to Mike&#8217;s reading <a href=\"https:\/\/www.obheal.ie\/blog\/audio\/Guest Reading - Michael McKimm.mp3\">here<\/a>.<\/center><\/p>\n<p><font color=\"silver\"><img loading=\"lazy\" decoding=\"async\" width=\"89\" height=\"100\" border=\"1\" align=\"right\" src=\"https:\/\/www.obheal.ie\/blog\/wp-content\/uploads\/2013\/09\/MichaelMcKimmSm.jpg\"\/><\/font><font size=\"1\" color=\"grey\"><\/font><font size=\"1\"><strong>Michael McKimm <\/strong> is from Co. Antrim and now lives in London. The author of <em>Still This Need<\/em> (Heaventree Press, 2009) and <em>Fossil Sunshine<\/em> (Worple Press, 2013), his poetry has appeared in the anthologies including <em>Dear World and Everyone In it: New Poetry in the UK<\/em> (Bloodaxe, 2013), <em>Best British Poetry 2012<\/em> (Salt, 2012) and <em>Best of Irish Poetry 2010<\/em> (Southword Editions, 2009).  He is an Eric Gregory Award winner, was an International Writing Fellow at the University of Iowa in 2010 and in 2012 was a recipient of an Arts Council England grant to research poetry, geology and climate change. <\/p>\n<p>Find out more at <a href=\"http:\/\/www.michaelmckimm.co.uk\">www.michaelmckimm.co.uk<\/a> and <a href=\"http:\/\/www.writtenintherocks.wordpress.com\">www.writtenintherocks.wordpress.com<\/a><\/p>\n<p><\/font><\/p>\n<p>&nbsp;<\/p>\n<hr \/>\n<p><a name=\"4thNovember\"><\/a><br \/>\n<center><em>4th November<\/em><\/p>\n<p><font size=\"1\" color=\"green\"><strong>&#211; Bh&eacute;al<\/strong><\/font><font size=\"1\"> in association with <\/font><font size=\"1\" color=\"green\"><strong>Foras na Gaeilge<\/strong><\/font><font size=\"1\"> presents<\/font><\/p>\n<p><strong>Br\u00edd N\u00ed Mh\u00f3r\u00e1in, Louis Mulcahy <\/strong>and <strong>Ceait\u00ed N\u00ed Bheildi\u00fain<\/strong><\/p>\n<p>You can listen to Br\u00edd&#8217;s reading <a href=\"https:\/\/www.obheal.ie\/blog\/audio\/Guest Reading - Brid Ni Mhorain 2013.mp3\">here<\/a>, to Louis&#8217; reading <a href=\"https:\/\/www.obheal.ie\/blog\/audio\/Guest Reading - Louis Mulcahy 2013.mp3\">here<\/a> and to Ceait\u00ed&#8217;s reading <a href=\"https:\/\/www.obheal.ie\/blog\/audio\/Guest Reading - Ceaiti Ni Bheildiuin 2013.mp3\">here<\/a>.<\/center><\/p>\n<p><font color=\"silver\"><img loading=\"lazy\" decoding=\"async\" width=\"97\" height=\"100\" border=\"1\" align=\"right\" src=\"https:\/\/www.obheal.ie\/blog\/wp-content\/uploads\/2013\/09\/BridNiMhorainSm.jpg\"\/><\/font><font size=\"1\">T\u00e1 cona\u00ed ar <strong>Bhr\u00edd N\u00ed Mh\u00f3r\u00e1in<\/strong> ar an gCam, in Oirthear Duibhneach agus \u00ed ag oibri\u00fa mar scr\u00edbhneoir c\u00f3naitheach pairtaimseartha le hOidhreacht Chorca Dhuibhne(le taca\u00edocht Eala\u00edn na Gaeltachta) \u00f3 2003. Ceithre chnuasach Gaeilge at\u00e1 foilsithe aici: <em>C\u00e9ili\u00faradh Cr\u00e9<\/em> (Coisc\u00e9im) 1992, <em>Fe Bhrat Bhr\u00edde<\/em> (An Sagart) 2002, <em>S\u00edolta an Iomais<\/em> (Cl\u00f3 Iar-Chonnachta) 2006, <em>Pietas<\/em> (An Sagart) 2010 agus cnuasach d\u00e1theangach &#8211; <em>An Cos\u00e1n B\u00e1n\/The White Path<\/em> (Oidhreacht Chorca Dhuibhne)2008. T\u00e1 duaiseanna don bhfil\u00edocht (1988 &#038; 1989) agus don bpr\u00f3s (1992) buaite aici san Oireachtas, chomh maith leis an gc\u00e9ad duais do dh\u00e1n Gaeilge (2005) i bhFeile Fil\u00edochta Idirn\u00e1isi\u00fanta na Leabharlanna D\u00fan Laoire\/Rath an D\u00fain. D&#8217;fhoilsigh An Sagart a tr\u00e1chtas M. Litt. f\u00e9n teideal Thiar sa Mhainistir ata an Ghaolainn bhre\u00e1 (1997).<br \/>\n<\/font><\/p>\n<p><font color=\"silver\"><img loading=\"lazy\" decoding=\"async\" width=\"84\" height=\"100\" border=\"1\" align=\"right\" src=\"https:\/\/www.obheal.ie\/blog\/wp-content\/uploads\/2013\/09\/LouisMulcahySm.jpg\"\/><\/font><font size=\"1\"><strong>Louis Mulcahy<\/strong>, potter and ceramic sculptor, has been published in many anthologies including <em>Poetry Ireland, The Stinging Fly, Stony Thursday, The Galway Review, Southward<\/em> etc., and read on RTE1, Lyric Radio and Radio na Gaeltachta. Twice he got to a short list of five for the Collection of Poems competition at Listowel.  In 2012 he was invited to read at the Spring Poetry Festival in Cork; F\u00e9ile na Gr\u00e9ine in Waterville and at The Fermoy Poetry Festival. In 2013 he shared a reading with Paul Muldoon at F\u00e9ile na Bealtaine, Dingle.<\/p>\n<p>His first full full collection in Irish, <em>Dh\u00e1 Chlog ag Bualadh<\/em>, was published by An Sagart Publishing in 2012. His first full collection in English is due out from An Sagart Publishing in November this year. He is Director of the poetry festival, <em>An Fh\u00e9ile Bheag Fil\u00edochta<\/em> which takes place on the second weekend of November each year in Ballyferriter and Dingle. In 2004 he received an Honorary Doctorate from the National University of Ireland for his pottery and his contribution to his community.<br \/>\nHe is married to the tapestry artist Lisbeth Mulcahy.<\/p>\n<p><\/font><\/p>\n<p><font color=\"silver\"><img loading=\"lazy\" decoding=\"async\" width=\"75\" height=\"100\" border=\"1\" align=\"right\" src=\"https:\/\/www.obheal.ie\/blog\/wp-content\/uploads\/2012\/03\/CeaitiNiBheildiuinSm.jpg\"\/><\/font><font size=\"1\"><strong>Ceait\u00ed N\u00ed Bheildi\u00fain<\/strong> was born in Rush, north County Dublin. She moved to West Kerry in 2003. Coisc\u00e9im have published three volumes of her poetry, <i>An Teorainn Bheo<\/i> (The Shifting Boundary (2007), <i>P\u00faca Gan Dealramh<\/i> (Good-for-nothing Pooka (2010) and most recently <i>Meirge An Laoich<\/i> (The Hero&#8217;s Banner) (2013).<\/p>\n<p><i>Tugann Ceait\u00ed radharc isteach d\u00fainn i r\u00e9ims\u00ed leochailleacha don saol agus ar f\u00f3rsa\u00ed follaithe na haigne sa leabhar seo<\/i> &#8211; P\u00e1draig \u00d3 H\u00e9ala\u00ed<\/p>\n<p><i>Bhraitheas ar bhealach go rabhas b\u00e1ite i bhfarraige iontach fileata<\/i> &#8211; Aine N\u00ed Ghlinn<\/p>\n<p><\/font><\/p>\n<p>&nbsp;<\/p>\n<hr \/>\n<p><a name=\"11thNovember\"><\/a><br \/>\n<center><em>11th November<\/em><\/p>\n<p><strong>Jorge Fondebrider<\/strong><\/p>\n<p>You can listen to Jorge&#8217;s reading <a href=\"https:\/\/www.obheal.ie\/blog\/audio\/Guest Reading - Jorge Fondebrider.mp3\">here<\/a>.<\/center><\/p>\n<p><font color=\"silver\"><img loading=\"lazy\" decoding=\"async\" width=\"129\" height=\"100\" border=\"1\" align=\"right\" src=\"https:\/\/www.obheal.ie\/blog\/wp-content\/uploads\/2013\/09\/JorgeFondebriderSm.jpg\"\/><\/font><font size=\"1\"><strong>Jorge Fondebrider <\/strong> is an Argentinian writer and poet. He was born in Buenos Aires in 1956. His published poetry books are <em>Eleg\u00edas<\/em> (Buenos Aires, 1983), <em>Imperio de la Luna<\/em> (Buenos Aires, Libros de Tierra Firme, 1987), <em>Standards<\/em> (Buenos Aires, Libros de Tierra Firme, 1993) and <em>Los \u00faltimos tres a\u00f1os<\/em> (Buenos Aires, Libros de Tierra Firme, 2006). <\/p>\n<p>With Gerardo Gambolini, he edited and translated <em>Poes\u00eda Irlandesa Contempor\u00e1nea<\/em>, the first bilingual anthology of contemporary Irish poetry published in a Spanish speaking country. In addition he has translated  <em>Peter Street &#038; Otros Poemas<\/em>, by the Irish poet Peter Sirr, and <em>Antarctica, Walk the Blue Fields<\/em> and <em>Foster<\/em>, by Clare Keegan (published by Eterna Cadencia Buenos Aires). He has also published <em>La Buenos Aires Ajena<\/em> (Buenos Aires, Emec\u00e9, 2000), a history of that city told by foreigners who visited it between 1536 and 2000; <em>Versiones de la Patagonia <\/em>(Buenos Aires, Emec\u00e9, 2003), a history of  Patagonia, in which he juxtaposes diverging accounts of the of the same historical events, and <em>La Par\u00eds de los Argentinos<\/em> (Buenos Aires, Bajo la luna, 2010), which includes a history of Argentinian emigration to France and a history of France told by Argentinian witnesses. <\/p>\n<p>He has  also translated many books of contemporary French poetry \u2013 Guillaume Apollinaire, Henri Deluy and Yves Di Manno, among others, and the anthology <em>Poes\u00eda Francesa Contempor\u00e1nea. 1940-1997<\/em> (published by Eterna Cadencia, Buenos Aires). In 2009 he co-founded with Julia Bense\u00f1or the Club de Traductores Literarios de Buenos Aires (<a href=\"http:\/\/clubdetraductoresliterariosdebaires.blogspot.com\">http:\/\/clubdetraductoresliterariosdebaires.blogspot.com<\/a>).<\/p>\n<p><\/font><\/p>\n<p>&nbsp;<\/p>\n<hr \/>\n<p><a name=\"15th-16thNovember\"><\/a><br \/>\n<center><em>15th-16th November<\/em><\/p>\n<p><font size=\"1\" color=\"green\"><strong>&#211; Bh&eacute;al<\/strong><\/font><font size=\"1\"> in association with <\/font><font size=\"1\" color=\"green\"><strong>Sample Studios<\/strong><\/font><font size=\"1\"> presents<\/font><\/p>\n<p><font size=\"2\">the \u00d3 Bh\u00e9al <\/font><font size=\"2\" color=\"green\"><strong>Winter Warmer<\/strong><\/font> 2013<\/p>\n<p>The full programme will be available from October 6th at <a href=\"https:\/\/www.obheal.ie\/blog\/?page_id=2817\">this link<\/a>.<\/center><\/p>\n<p><font color=\"silver\"><img loading=\"lazy\" decoding=\"async\" width=\"220\" height=\"175\" border=\"0\" align=\"right\" src=\"https:\/\/www.obheal.ie\/blog\/wp-content\/uploads\/2013\/09\/Winter Warmer 2013vsm.jpg\"\/><\/font><font size=\"1\">We&#8217;re delighted to announce \u00d3 Bh\u00e9al&#8217;s first <strong>Winter Warmer<\/strong> festival weekend. Twenty-one poets will read and perform over two days in the new amphitheatre at <a href=\"http:\/\/www.sample-studios.com\/\">Sample Studios<\/a>, Cork.<\/p>\n<p>Poets confirmed to read include Rachel Warriner, Cathal Holden, Michael Ray, Seamus Barra \u00d3 S\u00failleabh\u00e1in, Cal Doyle, Marie Coveney, Lady Grew, Dimitra Xidous, Christy Parker, Sarah Hayden, Alan Titley, Robyn Rowland, Pat Cotter, Jimmy Cummins, Conor McManus, Julie Field, Doireann N\u00ed Ghr\u00edofa, Kit Fryatt, Raven, Anamar\u00eda Crowe Serrano and Matthew Geden.<\/p>\n<p><em>Oikos<\/em> will present a live installation incorporating poetry, influenced by butoh and body-weather practices. There&#8217;s also a preview screening of Seamus Murphy&#8217;s excellent new poetry film <em>Snake: Poetry of Afghanistan\u2019s Women <\/em> (the world premi\u00e8re is not until December), as well as a closed-mic for ten local poets. <\/p>\n<p><\/font><font color=\"silver\"><img loading=\"lazy\" decoding=\"async\" width=\"145\" height=\"80\" border=\"0\" align=\"right\" src=\"https:\/\/www.obheal.ie\/blog\/wp-content\/uploads\/2013\/09\/sample-studios_logosm.jpg\"\/><\/font><br \/>\n&nbsp;<br \/>\n&nbsp;<\/p>\n<p>&nbsp;<\/p>\n<hr \/>\n<p><a name=\"18thNovember\"><\/a><br \/>\n<center><em>18th November<\/em><\/p>\n<p><strong>Maggie Breen<\/strong><\/p>\n<p>You can listen to Maggie&#8217;s reading <a href=\"https:\/\/www.obheal.ie\/blog\/audio\/Guest Reading - Maggie Breen.mp3\">here<\/a>.<\/center><\/p>\n<p><font color=\"silver\"><img loading=\"lazy\" decoding=\"async\" width=\"99\" height=\"100\" border=\"1\" align=\"right\" src=\"https:\/\/www.obheal.ie\/blog\/wp-content\/uploads\/2013\/09\/MaggieBreensSm.jpg\"\/><\/font><font size=\"1\">Published in The Stinging Fly, The Scaldy Detail and Network Magazine, <strong>Maggie Breen<\/strong> has been writing since as far back as she can remember. Her debut collection of poetry <em>Other Things I Didn&#8217;t Tell<\/em>, published by Scallta Media in January 2013, is an exploration of self, a paring back of memories, events, addiction and depression, to reveal the truth beneath. She has performed readings at C\u00e1ca Milis Cabaret in Wexford Arts Centre,  at Seven Towers in the Irish Writers Centre, at the Poetry Evening at Fusion Cafe, Wexford, at the Presentation Centre Enniscorthy for Strawberry Fest 2013, among other events. She has taken part in and drawn immense inspiration from workshops facilitated by, among others, Jim Maguire, Nuala N\u00ed Dhomhnaill, Paula Meehan, Leanne O\u2019Sullivan and Mary O\u2019Donnell. Originally from Monageer, Co. Wexford, she now lives in Dingle, Co. Kerry.  <\/p>\n<p><em>&#8220;Maggie Breen digs deep into personal memory to unearth a vivid picture of a rural childhood, to reclaim that childhood in language, and to reinhabit with power and grace the landscape of those early years. She gives us poems rich in promise: even as she unpacks the complex baggage of a young Irishwoman determined to take the world on her own terms, she succeeds in celebrating the very blessings of that difficult path. These poems bring to mind Kavanagh\u2019s beautiful phrase \u2013 To look on is enough \/ In the business of love.&#8221;<\/em> &#8211; Paula Meehan<\/p>\n<p> <\/font><\/p>\n<p>&nbsp;<\/p>\n<hr \/>\n<p><a name=\"25thNovember\"><\/a><br \/>\n<center><em>25th November<\/em><\/p>\n<p><font size=\"1\">Robert will be giving an earlier <strong>wordshop<\/strong> from 7pm, entitled <em>Hooks Lines and Micro-Poems<\/em><br \/>\n<a href=\"https:\/\/www.obheal.ie\/blog\/?page_id=46#Guest%20Poet\">More details here &#8230;<\/a><\/font><\/p>\n<p><strong>Robert Priest<\/strong>: Previously Feared Darkness Tour<\/p>\n<p>You can listen to Robert&#8217;s reading <a href=\"https:\/\/www.obheal.ie\/blog\/audio\/Guest Reading - Robert Priest.mp3\">here<\/a>.<\/center><\/p>\n<p><font color=\"silver\"><img loading=\"lazy\" decoding=\"async\" width=\"139\" height=\"100\" border=\"1\" align=\"right\" src=\"https:\/\/www.obheal.ie\/blog\/wp-content\/uploads\/2013\/09\/RobertPriestSmb.jpg\"\/><\/font><font size=\"1\">Canadian poet and singer\/songwriter <strong>Robert Priest<\/strong> celebrates the publication of 2 new works with his <em>Previously Feared Darkness<\/em> EU\/UK Tour.<\/p>\n<p>Priest is the author of seventeen books of poetry, 3 plays, 2 novels, lots of musical CDS, one hit song and many columns for <em>Now Magazine<\/em>.   His words have been debated in the Canadian legislature, posted in the Transit system, quoted in the<em> Farmer&#8217;s Almanac<\/em>, and sung on <em>Sesame street<\/em>. In recent years his stint as Dr. Poetry on the CBC and his poetry videos on youtube and myspace have helped him find a whole new audience. His book: <em>Reading the Bible Backwards<\/em> peaked at number two on the Globe and Mail\u2019s poetry list. (ECW) His recent CD <em>Feeling The Pinch<\/em>, (<a href=\"http:\/\/www.cdbaby.com\/cd\/robertpriest\">www.cdbaby.com\/cd\/robertpriest<\/a>) continues to receive critical acclaim; and he has recently released 2 new books: <em>Praise poems written for children: Rosa Rose and Other Poems<\/em> with Wolsak &#038; Wynn; and a new book for adults, <em>Previously Feared Darkness<\/em>, by ECW Press.<\/p>\n<p>You can hear some of Robert&#8217;s recordings <a href=\"soundcloud.com\/robert-priest\">here at Soundcloud<\/a> and check out some of his spoken word performances on his popular Youtube channel, <a href=\"youtube.com\/greatbigfaced\">youtube.com\/greatbigfaced<\/a>.<\/p>\n<p>Robert Priest&#8217;s online bio: <a href=\"http:\/\/mad.ly\/4feaf3\">http:\/\/mad.ly\/4feaf3<\/a><br \/>\nRobert Priest also tweets as Doctor Poetry at <a href=\"http:\/\/twitter.com\/doctorpoetry \">twitter.com\/doctorpoetry<\/a><br \/>\nand his official website is at <a href=\"http:\/\/poempainter.com\">poempainter.com<\/a><\/p>\n<p><strong>Tour dates:<\/strong><\/p>\n<p>Nov 18th, Spoken Word Paris, Paris, France<br \/>\nNov 21st, the globe, Hay-on-Wye, Wales<br \/>\nNov 25th,  \u00d3 Bh\u00e9al, Cork, Ireland<br \/>\nNov 26th, Wild Culture, London<\/p>\n<p> <\/font><\/p>\n<p>&nbsp;<\/p>\n<hr \/>\n<p>&nbsp;<\/p>\n","protected":false},"excerpt":{"rendered":"<p>October and November 7th October Adam White You can listen to Adam&#8217;s reading here. Adam White is from Youghal, Co. Cork. After many years working as a carpenter\/joiner in Ireland and in France, he studied English and French at NUI Galway, where he began reading and writing poetry. He has recited his poetry at many [&hellip;]<\/p>\n","protected":false},"author":1,"featured_media":0,"parent":19,"menu_order":0,"comment_status":"closed","ping_status":"open","template":"","meta":{"_uf_show_specific_survey":0,"_uf_disable_surveys":false,"footnotes":""},"class_list":["post-2816","page","type-page","status-publish","hentry"],"_links":{"self":[{"href":"https:\/\/www.obheal.ie\/blog\/wp-json\/wp\/v2\/pages\/2816","targetHints":{"allow":["GET"]}}],"collection":[{"href":"https:\/\/www.obheal.ie\/blog\/wp-json\/wp\/v2\/pages"}],"about":[{"href":"https:\/\/www.obheal.ie\/blog\/wp-json\/wp\/v2\/types\/page"}],"author":[{"embeddable":true,"href":"https:\/\/www.obheal.ie\/blog\/wp-json\/wp\/v2\/users\/1"}],"replies":[{"embeddable":true,"href":"https:\/\/www.obheal.ie\/blog\/wp-json\/wp\/v2\/comments?post=2816"}],"version-history":[{"count":0,"href":"https:\/\/www.obheal.ie\/blog\/wp-json\/wp\/v2\/pages\/2816\/revisions"}],"up":[{"embeddable":true,"href":"https:\/\/www.obheal.ie\/blog\/wp-json\/wp\/v2\/pages\/19"}],"wp:attachment":[{"href":"https:\/\/www.obheal.ie\/blog\/wp-json\/wp\/v2\/media?parent=2816"}],"curies":[{"name":"wp","href":"https:\/\/api.w.org\/{rel}","templated":true}]}}