{"id":2333,"date":"2013-03-24T18:28:25","date_gmt":"2013-03-24T18:28:25","guid":{"rendered":"http:\/\/www.obheal.ie\/blog\/?page_id=2333"},"modified":"2013-06-02T11:06:08","modified_gmt":"2013-06-02T11:06:08","slug":"guests-36-aprmay-2013","status":"publish","type":"page","link":"https:\/\/www.obheal.ie\/blog\/guest-poets\/guests-36-aprmay-2013\/","title":{"rendered":"Guests (36) Apr\/May 2013"},"content":{"rendered":"<hr \/>\n<p><center><strong>April and May<\/strong><\/center><\/p>\n<hr \/>\n<p><center><em>1st April<\/em><\/p>\n<p><strong>Barney Sheehan<\/strong><\/p>\n<p>You can listen to the early part of Barney&#8217;s reading <a href=\"https:\/\/www.obheal.ie\/blog\/audio\/Guest Reading - Barney Sheehan.mp3\">here<\/a>.<\/center><\/p>\n<p><font color=\"silver\"><img loading=\"lazy\" decoding=\"async\" width=\"85\" height=\"100\" border=\"1\" align=\"right\" src=\"https:\/\/www.obheal.ie\/blog\/wp-content\/uploads\/2013\/03\/BarneySheehanSm.jpg\"\/><\/font><font size=\"1\"><strong>Barney Sheehan<\/strong> was born in Nenagh, Co. Tipperary in 1934. He is responsible for the Poetry Revival in the now nationally and Internationally recognised White House Pub in O&#8217;Connell Street in Limerick City. In his capacity as Director and MC he has maintained this Festival of Poetry every Wednesday for 13 weeks short of 500 events. He is a self-taught Craftsman in Silver, Gold and Stone but works primarily in Leather Appliqu\u00e9. He rides race horses, writes poetry and was an Independent Political Candidate.<\/p>\n<p>Barney has been writing poetry for many years and has had poems published in <i>Revival<\/i> and <i>Microphone on<\/i>, and he both edited and published Desmond O&#8217;Grady&#8217;s poetry collection <i>My Limerick Town<\/i>.<br \/>\n<\/font><\/p>\n<p>&nbsp;<\/p>\n<hr \/>\n<p><a name=\"8thApril\"><\/a><br \/>\n<center><em>8th April<\/em><\/p>\n<p><strong>Jessie Lendennie<\/strong><\/p>\n<p>You can listen to Jessie&#8217;s reading <a href=\"https:\/\/www.obheal.ie\/blog\/audio\/Guest Reading - Jessie Lendennie.mp3\">here<\/a>.<\/center><\/p>\n<p><font color=\"silver\"><img loading=\"lazy\" decoding=\"async\" width=\"122\" height=\"100\" border=\"1\" align=\"right\" src=\"https:\/\/www.obheal.ie\/blog\/wp-content\/uploads\/2013\/03\/JessieLendennieSm.jpg\"\/><\/font><font size=\"1\"><strong>Jessie Lendennie<\/strong> was born in Arkansas, USA. After years of travel, she settled in Ireland in 1981. Her previous publications include a book-length prose poem <em>Daughter<\/em> (1988); reprinted as <em>Daughter and Other Poems<\/em> in 2001. She complied and edited: <em>Salmon: A Journey in Poetry, 1981-2007<\/em>;  <em>Poetry: Reading it, Writing It, Publishing It<\/em> (2009) and <em>Dogs Singing: A Tribute Anthology<\/em> (2010).  Her latest collection of poetry is <em>Walking Here<\/em> (Salmon Poetry, 2011)<\/p>\n<p>Jessie is co-founder (1981) and Managing Director of Salmon Poetry (<a href=\"http:\/\/www.salmonpoetry.com\">www.salmonpoetry.com<\/a>). Her poems, essays and articles have been widely published and she has given numerous readings, lectures and writing courses in Ireland and abroad, including Yale University; Rutgers University; The Irish Embassy, Washington D.C; The University of Alaska, Fairbanks and Anchorage; MIT, Boston; The Loft, Minneapolis, MN; Caf\u00e9 Theatre, Copenhagen, Denmark; the University of Arkansas, Fayetteville;  The Irish American Cultural Centre, Chicago and The Bowery Poetry Club, New York City. She is currently working on a memoir, <em>To Dance Beneath the Diamond Sky<\/em>.<\/p>\n<p><\/font><\/p>\n<p>&nbsp;<\/p>\n<hr \/>\n<p><a name=\"15thApril\"><\/a><br \/>\n<center><em>15th April<\/em><\/p>\n<p><strong><font color=\"green\" size=\"1\">&Oacute; Bh\u00e9al&#8217;s Sixth Anniversary<\/font><\/strong><br \/>\n<font size=\"1\">(300+ nights of Poetry) celebrates with<\/font><\/p>\n<p>an <strong>Only Other Poets&#8217; Poetry Night<\/strong><\/p>\n<p><font size=\"1\">and the launch of <\/font> <strong>Five Words Volume VI<\/strong><\/p>\n<p>You can listen to contributors from Five Words Vol VI <a href=\"https:\/\/www.obheal.ie\/blog\/audio\/Guest Reading - Five Words Vol VI.mp3\">here<\/a>.<\/center><\/p>\n<p><font color=\"silver\"><img loading=\"lazy\" decoding=\"async\" width=\"114\" height=\"100\" border=\"1\" align=\"right\" src=\"https:\/\/www.obheal.ie\/blog\/wp-content\/uploads\/2013\/03\/FiveWordsVol6Sm.jpg\"\/><\/font><font size=\"1\"><strong>&Oacute; Bh&eacute;al&#8217;s Sixth Anniversary<\/strong> is being celebrated with the launch of <em>Five Words Volume VI<\/em>, a mini-anthology of poems written during the Five-Word Challenges of the last fifty \u00d3 Bh\u00e9al events. Poets reading from the anthology will read contributions by poets other than themselves. As per previous years, there is to be a double-round open-mic on the night, where anyone is invited to read <em>only other poets&#8217; poetry<\/em>, so bring a couple of your favourite poems, classical, contemporary or whatever you enjoy! <\/p>\n<p><\/font><\/p>\n<p>&nbsp;<\/p>\n<hr \/>\n<p><a name=\"22ndApril\"><\/a><br \/>\n<center><em>22nd April<\/em><\/p>\n<p><font size=\"1\" color=\"green\"><strong>&Oacute; Bh&eacute;al<\/strong><\/font> <font size=\"1\">in association with <\/font><font size=\"1\" color=\"green\"><strong>Foras na Gaeilge<\/strong><\/font><font size=\"1\"> presents<\/font><\/p>\n<p><strong>Derry O&#8217;Sullivan<\/strong><\/p>\n<p>You can listen to Derry&#8217;s reading <a href=\"https:\/\/www.obheal.ie\/blog\/audio\/Guest Reading - Derry O Sullivan.mp3\">here<\/a>.<\/center><\/p>\n<p><font color=\"silver\"><img loading=\"lazy\" decoding=\"async\" width=\"86\" height=\"100\" border=\"1\" align=\"right\" src=\"https:\/\/www.obheal.ie\/blog\/wp-content\/uploads\/2013\/03\/DerryOSullivanSm.jpg\"\/><\/font><font size=\"1\"><strong>Derry O&#8217;Sullivan<\/strong> is from Bantry, Co.Cork and now lives in Paris, France where he teaches at the ISEP engineering school.  He was awarded The Times Stephen Spender Prize 2012 for Kaarina Hollo&#8217;s English translation of his Irish-language poem <em>Marbhghin 1943<\/em>, the prize being open to all the languages in the world and to poems from every period of history (previous winners were Victor Hugo, Dante, Ovid, and Rilke). He was the first living poet to be present at the awards ceremony. <\/p>\n<p>His poetry collections in the Irish language are: <em>C\u00e1 bhfuil do Iud\u00e1s?<\/em> (Dublin, Coisc\u00e9im, 1987) &#8211; winner of four Oireachtas Literary prizes and the Se\u00e1n \u00d3 R\u00edord\u00e1in Memorial Prize; <em>C\u00e1 bhfuil Tiarna Tal\u00fan l\u2019Univers?<\/em> (Dublin, Coisc\u00e9im, 1994); <em>An L\u00e1 go dT\u00e1inig Siad<\/em> (Dublin, Coisc\u00e9im, 2005), a long poem about the Nazi occupation of Paris, and <em>An bhfuil cead agam dul amach, m\u00e1s \u00e9 do thoil \u00e9<\/em>? (Dublin, Coisc\u00e9im, 2009). He has participated in literary festivals in Ireland, France, the US and Canada and his work has been published in numerous literary reviews and anthologies.<\/p>\n<p>O&#8217;Sullivan&#8217;s poems have been translated into English and French and several of them can be consulted in Harvard University Library. His work appears in English translation in <em>The King\u2019s English<\/em> (Paris, First Impressions, 1987). <em>En Mal de Fleurs<\/em> (Qu\u00e9bec, L\u00e8vres Urbaines 30 1988) is a suite of poems written directly in French.<\/p>\n<p><\/font><\/p>\n<p>&nbsp;<\/p>\n<hr \/>\n<p><a name=\"29thApril\"><\/a><br \/>\n<center><em>29th April<\/em><\/p>\n<p><strong>Deirdre Hines<\/strong><\/p>\n<p>You can listen to Deirdre&#8217;s reading <a href=\"https:\/\/www.obheal.ie\/blog\/audio\/Guest Reading - Deirdre Hines.mp3\">here<\/a>.<\/center><\/p>\n<p><font color=\"silver\"><img loading=\"lazy\" decoding=\"async\" width=\"93\" height=\"100\" border=\"1\" align=\"right\" src=\"https:\/\/www.obheal.ie\/blog\/wp-content\/uploads\/2013\/03\/DeirdreHinesSm.jpg\"\/><\/font><font size=\"1\"><strong>Deirdre Hines<\/strong> was born in Liverpool. She moved to Belfast shortly thereafter, and from there to Letterkenny in Co. Donegal, where she now lives. She graduated from Trinity in 1989 with a double honours degree in English and Theatre Studies. She was awarded a T.E.F.L certificate from Sheffield Polytechnic and a Certificate in Equality Studies from UCD. She has written several plays, of which <em>Howling Moons, Silent Sons<\/em> (produced by Pigsback Theatre Company) won the Stewart Parker Award for Best New Play in 1992. She went on to write <em>Ghost Acreage at Vixen Tine<\/em> for Passion Machine\u2019s Songs of the Reaper Festival in 1994. Other plays include <em>A Moving Destiny<\/em> (1996) produced by Yew Theatre Company and <em>Dreamframe<\/em> produced for Fishamble\u2019s Y2K Festival. Plays for children include <em>Golden Moon<\/em> (1997) and <em>Borrowed Days<\/em> (1999) produced and performed by the children of Kilmacrennan National School, Co. Donegal. She received two Arts Council Grants in 1994 and 1998 respectively. <\/p>\n<p>Deirdre was shortlisted for the Patrick Kavanagh Poetry Award in 2010, and won the Listowel Poetry Collection in 2011. She has had articles published in various magazines such as <em>The Countryman, Ireland\u2019s Own<\/em> and <em>Escape<\/em>. She has held various posts, which have included being Playwright in Residence with the Verbal Arts Centre, Community Development Worker for Travellers, assistant Manager of the George and Pilgrim Hotel in Glastonbury, Sub Primary School Teacher in Scoil Colmcille, Letterkenny and freelance writer. Her full-length collection of poetry <em>The Language Of Coats<\/em> was published by New Island Books in May 2012.<\/p>\n<p><\/font><\/p>\n<p>&nbsp;<\/p>\n<hr \/>\n<p><a name=\"6thMay\"><\/a><br \/>\n<center><em>6th May<\/em><\/p>\n<p><font size=\"1\" color=\"green\"><strong>&Oacute; Bh&eacute;al<\/strong><\/font> <font size=\"1\">in association with <\/font><font size=\"1\" color=\"green\"><strong>Poetry Ireland<\/strong><\/font><font size=\"1\"> presents<\/font><\/p>\n<p><strong>Moya Cannon<\/strong><\/center><\/p>\n<p><font color=\"silver\"><img loading=\"lazy\" decoding=\"async\" width=\"99\" height=\"100\" border=\"1\" align=\"right\" src=\"https:\/\/www.obheal.ie\/blog\/wp-content\/uploads\/2013\/03\/MoyaCannonSm.jpg\"\/><\/font><font size=\"1\"><strong>Moya Cannon<\/strong> was born in Donegal. She began to write in her twenties and her early work is informed by the landscapes and seascapes of Galway, Clare and Donegal, of the ways in which humanity marks and is marked by landscape. Many of her poems reflect preoccupations with archaeology, with music, with language itself and with the history of migration \u2013 the migration of birds, of humans, of human culture.<\/p>\n<p><em>Hands<\/em> (Carcanet Press, 2011) is her fourth collection and her second with Carcanet. It was shortlisted for the 2012 Irish Times\/Poetry Now award. A number of her poems have been set to music by composers Jane O Leary, Philip Martin and Ellen Cranitch. She greatly enjoys working with musicians, amongst them the Con Tempo String Quartet and the traditional musicians, Kathleen Loughnane and  Maighread and Tr\u00edona N\u00ed Dhomhnaill. A winner of the Brendan Behan Award and of the Laurence O Shaughnessy award, she was elected to Aosdana in 2004. She has edited <em>Poetry Ireland Review<\/em> and was 2011 Heimbold Professor of Irish Studies at Villanova University.<br \/>\n<em><br \/>\nIn this new collection, Moya Cannon, through intent attention to light and sound and the natural materials that produce them, touches the very principle of life itself. Hands is a profoundly moving set of meditations on what it means to be alive, physically and emotionally.<\/em> &#8211; <strong>Bernard O Donoghue<\/strong><\/p>\n<p><\/font><\/p>\n<p>&nbsp;<\/p>\n<hr \/>\n<p><a name=\"13thMay\"><\/a><br \/>\n<center><em>13th May<\/em><\/p>\n<p><strong>Kate O\u2019Shea<\/strong> and <strong>CAH-44<\/strong><\/p>\n<p>You can listen to Kate&#8217;s reading <a href=\"https:\/\/www.obheal.ie\/blog\/audio\/Guest Reading - Kate O Shea.mp3\">here<\/a>.<\/center><\/p>\n<p><font color=\"silver\"><img loading=\"lazy\" decoding=\"async\" width=\"98\" height=\"100\" border=\"1\" align=\"right\" src=\"https:\/\/www.obheal.ie\/blog\/wp-content\/uploads\/2013\/03\/KateOSheaSm.jpg\"\/><\/font><font size=\"1\"><strong>Kate O\u2019Shea<\/strong> lives in Dublin. Most recently she was short listed for the Patrick Kavanagh Poetry Award 2012. Her chapbook <em>Crackpoet<\/em> was published by wurmpress in March 2013.<\/p>\n<p>She has been published in Icarus, <em>Electric Acorn, Poetry Ireland Review<\/em> Issue Number 34 (1992), <em>The Burning Bush, Riposte, Poetry on the Lake \u2013 Silver Wyvern Anthology<\/em> (Italy), <em>Out to Lunch Anthology 2002, Poetry.com, Shamrock Haiku, Bamboo Dreams an Anthology of Haiku Poetry from Ireland, Poetry Bus 3 &#038; 4, Outburst Magazine<\/em> Issues 8, 9, 10, 11 &#038; 12, <em>First Cut, CANCAN<\/em> (Scotland), <em>LucidRhythms<\/em> (U.S.A). Also <em>thegalwayreview.com<\/em> (10\/12\/12) nine poems.<\/p>\n<p>Her first published work was a short story, and for this, she won the Prudential Young Irish Writers\u2019 Award 1990. Her humorous sketches were broadcast on Mike Murphy\u2019s Arts Show on RTE Radio 1. She was one of the youngest members of the Dublin Writers\u2019 Workshop, and after that went on to found Chocolate Sundaes at La Cave with William Kennedy and Christopher Daybell in the mid nineties. She was winner of the Gerard Manley Hopkin\u2019s Poetry Award 1991 and took the overall prize for poetry in the 1998 Clothesline Writers\u2019 Festival. Two poems highly commended by Al Alvarez, were published in <em>The Silver Wyvern Anthology<\/em> in Italy, 2001.<\/p>\n<p>Kate edited and published posthumously, the selected poems of her good friend Christopher Daybell, The <em>Man With The Crowded Eye<\/em> (2001). She  is an accomplished performer and respected on the open mike circuit. She wrote about her experiences in <em>Poetry Ireland Review<\/em> Magazine (2003), and has read in New York and Rome. She recited in The Palace Bar 2009 to honour Paddy Kavanagh, in 2010 she did a reading\/stand up routine, for GL\u00d3R, International Bar. She was one of the poets from Dublin\u2019s lunchtime reading series organised through Bank of Ireland\u2019s Arts Centre and featuring contemporary poetry in Ireland today. The <em>OUT TO LUNCH<\/em> anthology (2002) featured the works of  \u201c\u2026young, emerging poets like Paul Grattan, Conor O\u2019Callaghan, Kate O\u2019Shea, and Enda Wyley.\u201d<br \/>\n<\/font><\/p>\n<p><center>You can listen to CAH-44&#8217;s reading <a href=\"https:\/\/www.obheal.ie\/blog\/audio\/Guest Reading - CAH-44.mp3\">here<\/a>.<\/center><\/p>\n<p><font color=\"silver\"><img loading=\"lazy\" decoding=\"async\" width=\"96\" height=\"100\" border=\"1\" align=\"right\" src=\"https:\/\/www.obheal.ie\/blog\/wp-content\/uploads\/2013\/03\/CAH44CFSm.jpg\"\/><\/font><font size=\"1\"><strong>CAH-44<\/strong> is a North American poet living in Dublin. He has performed extensively in the US and Europe, appearing in a wide variety of venues including: SXSW in Austin, Texas; Insomnia Performance Lockdown in Atlanta, Georgia; Exchange Words at The Exchange, Dublin; Electric Picnic, Co. Laois; and the Flat Lake Literary and Arts Festival, Co. Monaghan. His work has also appeared in print in such places as: <em>The Rocky Mountain Review, ACE Magazine, AMP, Rain City Review<\/em>, and the <em>UpStart Poster Project<\/em>.<\/p>\n<p>CAH-44 curates and co-hosts <em>Tongue Box<\/em>, Dublin\u2019s longest running performance poetry showcase. His chapbook <em>still beat\/ still beat<\/em> is published by Wurm Press.<\/p>\n<p><\/font><\/p>\n<p>&nbsp;<\/p>\n<hr \/>\n<p><a name=\"20thMay\"><\/a><br \/>\n<center><em>20th May<\/em><\/p>\n<p><strong>Hugh McFadden<\/strong><\/p>\n<p>You can listen to Hugh&#8217;s reading <a href=\"https:\/\/www.obheal.ie\/blog\/audio\/Guest Reading - Hugh McFadden.mp3\">here<\/a>.<\/center><\/p>\n<p><font color=\"silver\"><img loading=\"lazy\" decoding=\"async\" width=\"91\" height=\"100\" border=\"1\" align=\"right\" src=\"https:\/\/www.obheal.ie\/blog\/wp-content\/uploads\/2013\/03\/HughMcFaddenSm.jpg\"\/><\/font><font size=\"1\"><strong>Hugh McFadden<\/strong> is a poet, critic, and literary editor. His poems have been published widely in literary magazines. He is the author of four collections of poetry, the most recent being <em>Empire of Shadows<\/em>, published by Salmon Poetry in September 2012. A <em>Selected Poems, Elegies and Epiphanies<\/em> was published by Lagan Press in 2005.<\/p>\n<p>His first collection <em>Cities of Mirrors<\/em> was published by Beaver Row Press (Dublin). A second collection <em>Pieces of Time<\/em> was published in 2004 by Lapwing Press (Belfast).  He is the executor of the literary estate of the writer John Jordan, and edited his collected poems and collected short stories, as well as <em>John Jordan: Selected Poems<\/em> (Dedalus Press, Dublin, 2008). He has reviewed for many papers &#038; journals, including <em>Books Ireland, The Irish Book Review, The Irish Press, The Irish Independent, The Irish Times<\/em> and <em>The Sunday Tribune<\/em>. He lives in Dublin.<\/p>\n<p>(Photograph by Glenda Cimino)<\/p>\n<p><\/font><\/p>\n<p>&nbsp;<\/p>\n<hr \/>\n<p><a name=\"27thMay\"><\/a><br \/>\n<center><em>27th May<\/em><\/p>\n<p><strong>Diane Fahey<\/strong> and <strong>Ali Cobby-Eckermann<\/strong><\/p>\n<p><font size=\"1\"><strong>Diane<\/strong> and <strong>Ali<\/strong> will also be holding a <strong><font color=\"green\">wordshop<\/font><\/strong> entitled <i>Seeing around corners: Working with liminal states in poetry<\/i> (from 7.00pm to 8.30pm). For more details click <a href=\"https:\/\/www.obheal.ie\/blog\/?page_id=46#Guest%20Poet\">here<\/a>.<\/font><\/p>\n<p>You can listen to Diane&#8217;s reading <a href=\"https:\/\/www.obheal.ie\/blog\/audio\/Guest Reading - Diane Fahey.mp3\">here<\/a>.<\/center><\/p>\n<p><font color=\"silver\"><img loading=\"lazy\" decoding=\"async\" width=\"73\" height=\"100\" border=\"1\" align=\"right\" src=\"https:\/\/www.obheal.ie\/blog\/wp-content\/uploads\/2013\/03\/DianeFaheySm.jpg\"\/><\/font><font size=\"1\"><strong>Diane Fahey<\/strong> grew up in Melbourne and has also lived in Adelaide, London and Colchester. She now lives in Clifton  Springs on the Bellarine Peninsula in southeastern Victoria. Diane&#8217;s poetry features both distinctively Australian, and European, settings and preoccupations. She has written individual poetry collections on Greek myths, fairy tales and insects. The poetry of place and nature writing, with a special emphasis on birds, are abiding creative concerns. Diane has been chosen, along with Ali Cobby Eckermann, for the Australian Poetry International Tour to Ireland in 2013, funded by the Literature Board of the Australia Council.<\/p>\n<p>Her poetry collections are <em>Voices from the Honeycomb<\/em> (Milton: Jacaranda Press, 1986), <em>Metamorphoses<\/em> (Sydney: Dangaroo Press, 1988), <em>Turning the Hourglass<\/em> (Sydney: Dangaroo Press, 1990), <em>Mayflies in Amber<\/em> (Sydney: Angus and Robertson, 1993), <em>The Body in Time\/Nervous Arcs<\/em> (with Jordie Albiston , North Melbourne, Vic: Spinifex Press, 1995), <em>Listening to a Far Sea <\/em>(Sydney: Hale and Iremonger, 1998), <em>The Sixth Swan<\/em> (Woollongong, NSW: Five Islands Press, 2001), <em>Sea Wall and River Light<\/em> (Carlton, Vic: Five Islands Press, 2006), <em>Winter Solstice and Other Poems<\/em> (Warner\u2019s Bay, NSW: Picaro Press, 2008), <em>The Mystery of Rosa Morland<\/em> (Clouds of Magellan, 2009) and <em>The Wing Collection: New and Selected Poems<\/em> (Puncher &#038; Wattmann, 2011). <em>The Stone Garden: Poems from Clare<\/em> is forthcoming from Whitmore Press in 2013.<\/p>\n<p>Diane Fahey&#8217;s poetry has appeared in over 60 anthologies and has been published in all the major Australian journals, and in numerous international journals. Her literary awards include The Newcastle Poetry Prize, the Wesley Michel Wright Poetry Prize, the John Shaw Neilson Award. <em>Sea Wall and River Light<\/em> was a winner of the ACT government&#8217;s Judith Wright Prize in 2007. <em>The Wing Collection: New and Selected Poems<\/em> was shortlisted for the John Bray Poetry Award at the Adelaide Festival of Arts in 2012. <\/p>\n<p>Diane has received a large number of fellowships, grants and residencies in Australia and around the world. She has given readings at many Australian and international venues, including arts festivals in Melbourne, Adelaide, Mildura, Canberra, Brisbane, Essex and Aarhus. She has also read at the Universities of Venice, Basel, Berne, Klagenfurt, Essex, East Anglia, King&#8217;s College, London, Pennsylvania State and Colorado. She holds the degrees of B.A., M.A. and a Dip. Ed. (Sec.) from the University of Melbourne. She was awarded a PhD in Creative Writing from the University of Western Sydney for her study <em>Places and Spaces of the Writing Life<\/em>.<\/p>\n<p><center><font size=\"2\">You can listen to Ali&#8217;s reading <a href=\"https:\/\/www.obheal.ie\/blog\/audio\/Guest Reading - Ali Cobby-Eckermann.mp3\">here<\/a>.<\/font><\/center><\/p>\n<p><font color=\"silver\"><img loading=\"lazy\" decoding=\"async\" width=\"90\" height=\"100\" border=\"1\" align=\"right\" src=\"https:\/\/www.obheal.ie\/blog\/wp-content\/uploads\/2013\/03\/AliCobby-EckermannSm.jpg\"\/><\/font><font size=\"1\"><strong>Ali Cobby Eckermann<\/strong> is a celebrated poet and writer. She lives in Koolunga, South Australia, where she has established an Aboriginal writer\u2019s retreat. Ali identifies with the Yankunytjatjara \/ Kokatha people from the north west desert country of South Australia.<\/p>\n<p>Ali enjoyed great success with her first collection of poetry <em>little bit long time<\/em> in 2009, followed by <em>Kami<\/em>, published by Vagabond Press, in their Rare Objects series in 2010. Her first verse novel <em>His Father&#8217;s Eyes <\/em> was published by Oxford Uni Press in 2011, as part of the Yarning Strong educational resource kit. Her second verse novel <em>Ruby Moonlight<\/em> (Magabala Books), won the black&#038;write! kuril dhagun Indigenous Writing Fellowship Award in 2011 and the 2012 Deadly Award for Outstanding  Achievement in Literature.  Her poetic memoir <em>Too Afraid To Cry<\/em> is being released in 2013. Individual poems and short stories by Ali have been featured in various anthologies, journals and magazines,  including the Poetry International website, and her poetry has been translated and published in Croatia, Indonesia, Greek and New Zealand. She has been featured on <em>Poetica<\/em> on ABC National Radio and Message Stick on ABC TV. <\/p>\n<p>Ali has won several awards including First Prize in ATSI Survival Poetry competition in 2006, First Prize Dymocks Red Earth Poetry Award NT in 2008, and was Highly Commended for the Marion Eldridge Award in 2009. She has performed at prominent literary festivals in Australia and also overseas, including Ubud  Writers &#038; Readers Festival in Bali in 2010 and Reaching the World Asia Pacific Summit in Bangkok in 2012.<\/p>\n<p>Ali\u2019s work has attracted much praise from the Australian literary community.<\/p>\n<p><em>Ali Cobby Eckermann gives us a familiar narrative of shared history, but ventures to shift the telling: with her we tread lightly among crystals and shadows and, beyond the sound of water on rocks, learn of love and justice in ruthless times.<\/em> &#8211; <strong>Kim Scott<\/strong> (Ruby Moonlight)<\/p>\n<p><em>&#8230; conjures a lyrical and unique imagining of the past. A powerful wordsmith and surgical factotum of the struggle to maintain indigenous voice in Australian writing, she carries a similar torch to the late Oodgeroo. <\/em> &#8211; <strong>Samuel Wagan Watson<\/strong> (Ruby Moonlight)<\/p>\n<p><em>What makes this book sing is not only Ali Cobby Eckermann\u2019s strong and unique narrative voice and her ability to cut to the essence of things in her poetry, but also her astounding courage with which she leads the reader through the complex account of a life in free fall and a journey to wholeness through reconnection with her birth family and its ageless culture and wisdom.<\/em> &#8211; <strong>Terry Whitebeach<\/strong> (Too Afraid To Cry)<\/p>\n<p><em>In Ali Cobby Eckermann\u2019s  little bit long time we experience a true poet\u2019s strong and singing voice.<\/em> &#8211; <strong>Robert Adamson<\/strong> (little bit long time)<\/p>\n<p><\/font><\/p>\n<hr \/>\n<p>&nbsp;<br \/>\n&nbsp;<br \/>\n&nbsp;<br \/>\n&nbsp;<br \/>\n&nbsp;<br \/>\n&nbsp;<br \/>\n&nbsp;<br \/>\n&nbsp;<br \/>\n&nbsp;<br \/>\n&nbsp;<\/font><\/p>\n","protected":false},"excerpt":{"rendered":"<p>April and May 1st April Barney Sheehan You can listen to the early part of Barney&#8217;s reading here. Barney Sheehan was born in Nenagh, Co. Tipperary in 1934. He is responsible for the Poetry Revival in the now nationally and Internationally recognised White House Pub in O&#8217;Connell Street in Limerick City. In his capacity as [&hellip;]<\/p>\n","protected":false},"author":1,"featured_media":0,"parent":19,"menu_order":0,"comment_status":"closed","ping_status":"open","template":"","meta":{"_uf_show_specific_survey":0,"_uf_disable_surveys":false,"footnotes":""},"class_list":["post-2333","page","type-page","status-publish","hentry"],"_links":{"self":[{"href":"https:\/\/www.obheal.ie\/blog\/wp-json\/wp\/v2\/pages\/2333","targetHints":{"allow":["GET"]}}],"collection":[{"href":"https:\/\/www.obheal.ie\/blog\/wp-json\/wp\/v2\/pages"}],"about":[{"href":"https:\/\/www.obheal.ie\/blog\/wp-json\/wp\/v2\/types\/page"}],"author":[{"embeddable":true,"href":"https:\/\/www.obheal.ie\/blog\/wp-json\/wp\/v2\/users\/1"}],"replies":[{"embeddable":true,"href":"https:\/\/www.obheal.ie\/blog\/wp-json\/wp\/v2\/comments?post=2333"}],"version-history":[{"count":0,"href":"https:\/\/www.obheal.ie\/blog\/wp-json\/wp\/v2\/pages\/2333\/revisions"}],"up":[{"embeddable":true,"href":"https:\/\/www.obheal.ie\/blog\/wp-json\/wp\/v2\/pages\/19"}],"wp:attachment":[{"href":"https:\/\/www.obheal.ie\/blog\/wp-json\/wp\/v2\/media?parent=2333"}],"curies":[{"name":"wp","href":"https:\/\/api.w.org\/{rel}","templated":true}]}}