{"id":21241,"date":"2024-11-27T18:37:50","date_gmt":"2024-11-27T18:37:50","guid":{"rendered":"https:\/\/www.obheal.ie\/blog\/?page_id=21241"},"modified":"2024-11-27T18:37:50","modified_gmt":"2024-11-27T18:37:50","slug":"winter-poetry-parks-2024","status":"publish","type":"page","link":"https:\/\/www.obheal.ie\/blog\/winter-warmer-poetry-festival\/winter-warmer-festival-2024\/winter-poetry-parks-2024\/","title":{"rendered":"Winter Poetry &#8211; Parks 2024"},"content":{"rendered":"<p><center><br \/>\n<a href=\"https:\/\/www.obheal.ie\/blog\/winter-warmer-poetry-festival\/winter-warmer-festival-2024\/\"><img loading=\"lazy\" decoding=\"async\" width=\"492\" height=\"239\" src=\"https:\/\/www.obheal.ie\/winterwarmer\/WinterWarmer2024BlogWide.jpg\"\/><\/a><br \/>\n<\/center><\/p>\n<p><font size=\"1\">These poems are from poets featured in \u00d3 Bh\u00e9al&#8217;s 12th Winter Warmer festival, chosen to be displayed in Cork City Library&#8217;s <em><strong>Poetry in the Park<\/strong><\/em> collection during November &#038; December 2024.  <\/font><\/p>\n<p><center><font size=\"1\"><strong>Anton Floyd<\/strong> &#038; <strong>Lorenzo Mari<\/strong> (Marina Park)<br \/>\n<strong>Maw Shein Win<\/strong> &#038; <strong>Emma McKervey<\/strong> (Tramore Valley Park)<br \/>\n<strong>Louis de Paor<\/strong> &#038; <strong>S\u00e9amus Barra \u00d3 S\u00failleabh\u00e1in<\/strong> (Ballincollig Regional Park)<br \/>\n<strong>Mar\u00eda Lado<\/strong> &#038; <strong>S\u00e9bastien Revon<\/strong> (FitzGerald&#8217;s Park)<br \/>\n<strong>Paula Meehan<\/strong> &#038; <strong>John Wedgewood Clarke<\/strong> (Gerry O&#8217;Sullivan Park)<br \/>\n<strong>Pedro Serrano<\/strong> &#038; <strong>Theo Dorgan<\/strong> (Blarney Sanctuary Walkway)<\/p>\n<p><b><font color=\"green\">Click on images<\/font> for larger versions<\/b><\/font><\/center><\/p>\n<hr \/>\n<hr \/>\n<p><center><strong><font color=\"green\">Marina Park<\/font> Cork<\/strong><br \/>\n<font size=\"1\">(November 2024)<\/font><br \/>\n&nbsp;<br \/>\n<font size=\"3\"><strong>Each Poem Then Is A Flickering<\/strong><\/font>&nbsp; &nbsp; &nbsp; &nbsp; &nbsp;  by <b>Anton Floyd<\/b><\/center><br \/>\n&nbsp;<br \/>\n<a href=\"https:\/\/www.obheal.ie\/winterwarmer\/Parks2024\/MedRes\/MAR-Anton2.jpg\" target=\"_blank\" rel=\"noopener\"><img loading=\"lazy\" decoding=\"async\" border=\"1\" width=\"490\" height=\"368\" src=\"https:\/\/www.obheal.ie\/winterwarmer\/Parks2024\/thumbs\/MAR-Anton2.jpg\" style=\"border: 1px green solid; border-radius: 0px; padding: 0px;\"\/\/><\/a><\/p>\n<p><a href=\"https:\/\/www.obheal.ie\/winterwarmer\/Parks2024\/MedRes\/MAR-Anton1.jpg\" target=\"_blank\" rel=\"noopener\"><img loading=\"lazy\" decoding=\"async\" border=\"1\" width=\"490\" height=\"653\" src=\"https:\/\/www.obheal.ie\/winterwarmer\/Parks2024\/thumbs\/MAR-Anton1.jpg\" style=\"border: 1px green solid; border-radius: 0px; padding: 0px;\"\/\/><\/a><\/p>\n<hr \/>\n<p><center><strong><font color=\"green\">Marina Park<\/font> Cork<\/strong><br \/>\n<font size=\"1\">(November 2024)<\/font><br \/>\n&nbsp;<br \/>\n<font size=\"3\"><strong>If you put everything back in place<\/strong><\/font>&nbsp; &nbsp; &nbsp; &nbsp; &nbsp;  by <b>Lorenzo Mari<\/b><\/center><br \/>\n&nbsp;<br \/>\n<a href=\"https:\/\/www.obheal.ie\/winterwarmer\/Parks2024\/MedRes\/MAR-Lorenzo2.jpg\" target=\"_blank\" rel=\"noopener\"><img loading=\"lazy\" decoding=\"async\" border=\"1\" width=\"490\" height=\"368\" src=\"https:\/\/www.obheal.ie\/winterwarmer\/Parks2024\/thumbs\/MAR-Lorenzo2.jpg\" style=\"border: 1px green solid; border-radius: 0px; padding: 0px;\"\/\/><\/a><\/p>\n<p><a href=\"https:\/\/www.obheal.ie\/winterwarmer\/Parks2024\/MedRes\/MAR-Lorenzo1.jpg\" target=\"_blank\" rel=\"noopener\"><img loading=\"lazy\" decoding=\"async\" border=\"1\" width=\"490\" height=\"653\" src=\"https:\/\/www.obheal.ie\/winterwarmer\/Parks2024\/thumbs\/MAR-Lorenzo1.jpg\" style=\"border: 1px green solid; border-radius: 0px; padding: 0px;\"\/\/><\/a><br \/>\n&nbsp; <\/p>\n<hr \/>\n<hr \/>\n<p><center><strong><font color=\"green\">Tramore Valley Park<\/font> Cork<\/strong><br \/>\n<font size=\"1\">(November 2024)<\/font><br \/>\n&nbsp;<br \/>\n<font size=\"3\"><strong>The Thinking Jar<\/strong><\/font>&nbsp; &nbsp; &nbsp; &nbsp; &nbsp;  by <b>Maw Shein Win<\/b><\/center><br \/>\n&nbsp;<br \/>\n<a href=\"https:\/\/www.obheal.ie\/winterwarmer\/Parks2024\/MedRes\/TRA-Maw2.jpg\" target=\"_blank\" rel=\"noopener\"><img loading=\"lazy\" decoding=\"async\" border=\"1\" width=\"490\" height=\"368\" src=\"https:\/\/www.obheal.ie\/winterwarmer\/Parks2024\/thumbs\/TRA-Maw2.jpg\" style=\"border: 1px green solid; border-radius: 0px; padding: 0px;\"\/\/><\/a><\/p>\n<p><a href=\"https:\/\/www.obheal.ie\/winterwarmer\/Parks2024\/MedRes\/TRA-Maw1.jpg\" target=\"_blank\" rel=\"noopener\"><img loading=\"lazy\" decoding=\"async\" border=\"1\" width=\"490\" height=\"653\" src=\"https:\/\/www.obheal.ie\/winterwarmer\/Parks2024\/thumbs\/TRA-Maw1.jpg\" style=\"border: 1px green solid; border-radius: 0px; padding: 0px;\"\/\/><\/a><\/p>\n<hr \/>\n<p><center><strong><font color=\"green\">Tramore Valley Park<\/font> Cork<\/strong><br \/>\n<font size=\"1\">(November 2024)<\/font><br \/>\n&nbsp;<br \/>\n<font size=\"3\"><strong>Gryomancy<\/strong><\/font>&nbsp; &nbsp; &nbsp; &nbsp; &nbsp;  by <b>Emma McKervey<\/b><\/center><br \/>\n&nbsp;<br \/>\n<a href=\"https:\/\/www.obheal.ie\/winterwarmer\/Parks2024\/MedRes\/TRA-Emma2.jpg\" target=\"_blank\" rel=\"noopener\"><img loading=\"lazy\" decoding=\"async\" border=\"1\" width=\"490\" height=\"368\" src=\"https:\/\/www.obheal.ie\/winterwarmer\/Parks2024\/thumbs\/TRA-Emma2.jpg\" style=\"border: 1px green solid; border-radius: 0px; padding: 0px;\"\/\/><\/a><\/p>\n<p><a href=\"https:\/\/www.obheal.ie\/winterwarmer\/Parks2024\/MedRes\/TRA-Emma1.jpg\" target=\"_blank\" rel=\"noopener\"><img loading=\"lazy\" decoding=\"async\" border=\"1\" width=\"490\" height=\"653\" src=\"https:\/\/www.obheal.ie\/winterwarmer\/Parks2024\/thumbs\/TRA-Emma1.jpg\" style=\"border: 1px green solid; border-radius: 0px; padding: 0px;\"\/\/><\/a><br \/>\n&nbsp; <\/p>\n<hr \/>\n<hr \/>\n<p><center><strong><font color=\"green\">Ballincollig Regional Park<\/font> Cork<\/strong><br \/>\n<font size=\"1\">(November 2024)<\/font><br \/>\n&nbsp;<br \/>\n<font size=\"3\"><strong>I\u00fail 2024 \/ July 2024<\/strong><\/font>&nbsp; &nbsp; &nbsp; &nbsp; &nbsp;  by <b>Louis de Paor<\/b><\/center><br \/>\n&nbsp;<br \/>\n<a href=\"https:\/\/www.obheal.ie\/winterwarmer\/Parks2024\/MedRes\/BALL-Louis2.jpg\" target=\"_blank\" rel=\"noopener\"><img loading=\"lazy\" decoding=\"async\" border=\"1\" width=\"490\" height=\"368\" src=\"https:\/\/www.obheal.ie\/winterwarmer\/Parks2024\/thumbs\/BALL-Louis2.jpg\" style=\"border: 1px green solid; border-radius: 0px; padding: 0px;\"\/\/><\/a><\/p>\n<p><a href=\"https:\/\/www.obheal.ie\/winterwarmer\/Parks2024\/MedRes\/BALL-Louis1.jpg\" target=\"_blank\" rel=\"noopener\"><img loading=\"lazy\" decoding=\"async\" border=\"1\" width=\"490\" height=\"653\" src=\"https:\/\/www.obheal.ie\/winterwarmer\/Parks2024\/thumbs\/BALL-Louis1.jpg\" style=\"border: 1px green solid; border-radius: 0px; padding: 0px;\"\/\/><\/a><\/p>\n<hr \/>\n<p><center><strong><font color=\"green\">Ballincollig Regional Park<\/font> Cork<\/strong><br \/>\n<font size=\"1\">(November 2024)<\/font><br \/>\n&nbsp;<br \/>\n<font size=\"3\"><strong>searc \u00f3lta<\/strong><\/font>&nbsp; &nbsp; &nbsp; &nbsp; &nbsp;  by <b>S\u00e9amus Barra \u00d3 S\u00failleabh\u00e1in<\/b><\/center><br \/>\n&nbsp;<br \/>\n<a href=\"https:\/\/www.obheal.ie\/winterwarmer\/Parks2024\/MedRes\/BALL-Seamus2.jpg\" target=\"_blank\" rel=\"noopener\"><img loading=\"lazy\" decoding=\"async\" border=\"1\" width=\"490\" height=\"368\" src=\"https:\/\/www.obheal.ie\/winterwarmer\/Parks2024\/thumbs\/BALL-Seamus2.jpg\" style=\"border: 1px green solid; border-radius: 0px; padding: 0px;\"\/\/><\/a><\/p>\n<p><a href=\"https:\/\/www.obheal.ie\/winterwarmer\/Parks2024\/MedRes\/BALL-Seamus1.jpg\" target=\"_blank\" rel=\"noopener\"><img loading=\"lazy\" decoding=\"async\" border=\"1\" width=\"490\" height=\"653\" src=\"https:\/\/www.obheal.ie\/winterwarmer\/Parks2024\/thumbs\/BALL-Seamus1.jpg\" style=\"border: 1px green solid; border-radius: 0px; padding: 0px;\"\/\/><\/a><br \/>\n&nbsp; <\/p>\n<hr \/>\n<hr \/>\n<p><center><strong><font color=\"green\">FitzGerald&#8217;s Park<\/font> Cork<\/strong><br \/>\n<font size=\"1\">(November 2024)<\/font><br \/>\n&nbsp;<br \/>\n<font size=\"3\"><strong>A tree falls down<\/strong><\/font>&nbsp; &nbsp; &nbsp; &nbsp; &nbsp;  by <b>Mar\u00eda Lado<\/b><\/center><br \/>\n&nbsp;<br \/>\n<a href=\"https:\/\/www.obheal.ie\/winterwarmer\/Parks2024\/MedRes\/FITZ-Maria2.jpg\" target=\"_blank\" rel=\"noopener\"><img loading=\"lazy\" decoding=\"async\" border=\"1\" width=\"490\" height=\"368\" src=\"https:\/\/www.obheal.ie\/winterwarmer\/Parks2024\/thumbs\/FITZ-Maria2.jpg\" style=\"border: 1px green solid; border-radius: 0px; padding: 0px;\"\/\/><\/a><\/p>\n<p><a href=\"https:\/\/www.obheal.ie\/winterwarmer\/Parks2024\/MedRes\/FITZ-Maria1.jpg\" target=\"_blank\" rel=\"noopener\"><img loading=\"lazy\" decoding=\"async\" border=\"1\" width=\"490\" height=\"653\" src=\"https:\/\/www.obheal.ie\/winterwarmer\/Parks2024\/thumbs\/FITZ-Maria1.jpg\" style=\"border: 1px green solid; border-radius: 0px; padding: 0px;\"\/\/><\/a><\/p>\n<hr \/>\n<p><center><strong><font color=\"green\">FitzGerald&#8217;s Park<\/font> Cork<\/strong><br \/>\n<font size=\"1\">(November 2024)<\/font><br \/>\n&nbsp;<br \/>\n<font size=\"3\"><strong>Another Autumn<\/strong><\/font>&nbsp; &nbsp; &nbsp; &nbsp; &nbsp;  by <b>S\u00e9bastien Revon<\/b><\/center><br \/>\n&nbsp;<br \/>\n<a href=\"https:\/\/www.obheal.ie\/winterwarmer\/Parks2024\/MedRes\/FITZ-Sebastien2.jpg\" target=\"_blank\" rel=\"noopener\"><img loading=\"lazy\" decoding=\"async\" border=\"1\" width=\"490\" height=\"368\" src=\"https:\/\/www.obheal.ie\/winterwarmer\/Parks2024\/thumbs\/FITZ-Sebastien2.jpg\" style=\"border: 1px green solid; border-radius: 0px; padding: 0px;\"\/\/><\/a><\/p>\n<p><a href=\"https:\/\/www.obheal.ie\/winterwarmer\/Parks2024\/MedRes\/FITZ-Sebastien1.jpg\" target=\"_blank\" rel=\"noopener\"><img loading=\"lazy\" decoding=\"async\" border=\"1\" width=\"490\" height=\"653\" src=\"https:\/\/www.obheal.ie\/winterwarmer\/Parks2024\/thumbs\/FITZ-Sebastien1.jpg\" style=\"border: 1px green solid; border-radius: 0px; padding: 0px;\"\/\/><\/a><br \/>\n&nbsp; <\/p>\n<hr \/>\n<hr \/>\n<p><center><strong><font color=\"green\">Gerry O\u2019Sullivan Park<\/font> Cork<\/strong><br \/>\n<font size=\"1\">(November 2024)<\/font><br \/>\n&nbsp;<br \/>\n<font size=\"3\"><strong>By the Autumn River<\/strong><\/font>&nbsp; &nbsp; &nbsp; &nbsp; &nbsp;  by <b>Paula Meehan<\/b><\/center><br \/>\n&nbsp;<br \/>\n<a href=\"https:\/\/www.obheal.ie\/winterwarmer\/Parks2024\/MedRes\/GOS-Paula2.jpg\" target=\"_blank\" rel=\"noopener\"><img loading=\"lazy\" decoding=\"async\" border=\"1\" width=\"490\" height=\"368\" src=\"https:\/\/www.obheal.ie\/winterwarmer\/Parks2024\/thumbs\/GOS-Paula2.jpg\" style=\"border: 1px green solid; border-radius: 0px; padding: 0px;\"\/\/><\/a><\/p>\n<p><a href=\"https:\/\/www.obheal.ie\/winterwarmer\/Parks2024\/MedRes\/GOS-Paula1.jpg\" target=\"_blank\" rel=\"noopener\"><img loading=\"lazy\" decoding=\"async\" border=\"1\" width=\"490\" height=\"653\" src=\"https:\/\/www.obheal.ie\/winterwarmer\/Parks2024\/thumbs\/GOS-Paula1.jpg\" style=\"border: 1px green solid; border-radius: 0px; padding: 0px;\"\/\/><\/a><\/p>\n<hr \/>\n<p><center><strong><font color=\"green\">Gerry O\u2019Sullivan Park<\/font> Cork<\/strong><br \/>\n<font size=\"1\">(November 2024)<\/font><br \/>\n&nbsp;<br \/>\n<font size=\"3\"><strong>Boy Thing<\/strong><\/font>&nbsp; &nbsp; &nbsp; &nbsp; &nbsp;  by <b>John Wedgewood Clarke<\/b><\/center><br \/>\n&nbsp;<br \/>\n<a href=\"https:\/\/www.obheal.ie\/winterwarmer\/Parks2024\/MedRes\/GOS-John2.jpg\" target=\"_blank\" rel=\"noopener\"><img loading=\"lazy\" decoding=\"async\" border=\"1\" width=\"490\" height=\"368\" src=\"https:\/\/www.obheal.ie\/winterwarmer\/Parks2024\/thumbs\/GOS-John2.jpg\" style=\"border: 1px green solid; border-radius: 0px; padding: 0px;\"\/\/><\/a><\/p>\n<p><a href=\"https:\/\/www.obheal.ie\/winterwarmer\/Parks2024\/MedRes\/GOS-John1.jpg\" target=\"_blank\" rel=\"noopener\"><img loading=\"lazy\" decoding=\"async\" border=\"1\" width=\"490\" height=\"653\" src=\"https:\/\/www.obheal.ie\/winterwarmer\/Parks2024\/thumbs\/GOS-John1.jpg\" style=\"border: 1px green solid; border-radius: 0px; padding: 0px;\"\/\/><\/a><br \/>\n&nbsp; <\/p>\n<hr \/>\n<hr \/>\n<p><center><strong><font color=\"green\">Blarney Sanctuary Walkway<\/font> Cork<\/strong><br \/>\n<font size=\"1\">(November 2024)<\/font><br \/>\n&nbsp;<br \/>\n<font size=\"3\"><strong>Breeze<\/strong><\/font>&nbsp; &nbsp; &nbsp; &nbsp; &nbsp;  by <b>Pedro Serrano<\/b><\/center><br \/>\n&nbsp;<br \/>\n<a href=\"https:\/\/www.obheal.ie\/winterwarmer\/Parks2024\/MedRes\/BLA-Pedro2.jpg\" target=\"_blank\" rel=\"noopener\"><img loading=\"lazy\" decoding=\"async\" border=\"1\" width=\"490\" height=\"368\" src=\"https:\/\/www.obheal.ie\/winterwarmer\/Parks2024\/thumbs\/BLA-Pedro2.jpg\" style=\"border: 1px green solid; border-radius: 0px; padding: 0px;\"\/\/><\/a><\/p>\n<p><a href=\"https:\/\/www.obheal.ie\/winterwarmer\/Parks2024\/MedRes\/BLA-Pedro1.jpg\" target=\"_blank\" rel=\"noopener\"><img loading=\"lazy\" decoding=\"async\" border=\"1\" width=\"490\" height=\"653\" src=\"https:\/\/www.obheal.ie\/winterwarmer\/Parks2024\/thumbs\/BLA-Pedro1.jpg\" style=\"border: 1px green solid; border-radius: 0px; padding: 0px;\"\/\/><\/a><\/p>\n<hr \/>\n<p><center><strong><font color=\"green\">Blarney Sanctuary Walkway<\/font> Cork<\/strong><br \/>\n<font size=\"1\">(November 2024)<\/font><br \/>\n&nbsp;<br \/>\n<font size=\"3\"><strong>A Neighbour of Ours<\/strong><\/font>&nbsp; &nbsp; &nbsp; &nbsp; &nbsp;  by <b>Theo Dorgan<\/b><\/center><br \/>\n&nbsp;<br \/>\n<a href=\"https:\/\/www.obheal.ie\/winterwarmer\/Parks2024\/MedRes\/BLA-Theo2.jpg\" target=\"_blank\" rel=\"noopener\"><img loading=\"lazy\" decoding=\"async\" border=\"1\" width=\"490\" height=\"368\" src=\"https:\/\/www.obheal.ie\/winterwarmer\/Parks2024\/thumbs\/BLA-Theo2.jpg\" style=\"border: 1px green solid; border-radius: 0px; padding: 0px;\"\/\/><\/a><\/p>\n<p><a href=\"https:\/\/www.obheal.ie\/winterwarmer\/Parks2024\/MedRes\/BLA-Theo1.jpg\" target=\"_blank\" rel=\"noopener\"><img loading=\"lazy\" decoding=\"async\" border=\"1\" width=\"490\" height=\"653\" src=\"https:\/\/www.obheal.ie\/winterwarmer\/Parks2024\/thumbs\/BLA-Theo1.jpg\" style=\"border: 1px green solid; border-radius: 0px; padding: 0px;\"\/\/><\/a><br \/>\n&nbsp; <\/p>\n<hr \/>\n<hr \/>\n","protected":false},"excerpt":{"rendered":"<p>These poems are from poets featured in \u00d3 Bh\u00e9al&#8217;s 12th Winter Warmer festival, chosen to be displayed in Cork City Library&#8217;s Poetry in the Park collection during November &#038; December 2024. Anton Floyd &#038; Lorenzo Mari (Marina Park) Maw Shein Win &#038; Emma McKervey (Tramore Valley Park) Louis de Paor &#038; S\u00e9amus Barra \u00d3 S\u00failleabh\u00e1in [&hellip;]<\/p>\n","protected":false},"author":1,"featured_media":0,"parent":20743,"menu_order":0,"comment_status":"closed","ping_status":"closed","template":"","meta":{"_uf_show_specific_survey":0,"_uf_disable_surveys":false,"footnotes":""},"class_list":["post-21241","page","type-page","status-publish","hentry"],"_links":{"self":[{"href":"https:\/\/www.obheal.ie\/blog\/wp-json\/wp\/v2\/pages\/21241","targetHints":{"allow":["GET"]}}],"collection":[{"href":"https:\/\/www.obheal.ie\/blog\/wp-json\/wp\/v2\/pages"}],"about":[{"href":"https:\/\/www.obheal.ie\/blog\/wp-json\/wp\/v2\/types\/page"}],"author":[{"embeddable":true,"href":"https:\/\/www.obheal.ie\/blog\/wp-json\/wp\/v2\/users\/1"}],"replies":[{"embeddable":true,"href":"https:\/\/www.obheal.ie\/blog\/wp-json\/wp\/v2\/comments?post=21241"}],"version-history":[{"count":9,"href":"https:\/\/www.obheal.ie\/blog\/wp-json\/wp\/v2\/pages\/21241\/revisions"}],"predecessor-version":[{"id":21250,"href":"https:\/\/www.obheal.ie\/blog\/wp-json\/wp\/v2\/pages\/21241\/revisions\/21250"}],"up":[{"embeddable":true,"href":"https:\/\/www.obheal.ie\/blog\/wp-json\/wp\/v2\/pages\/20743"}],"wp:attachment":[{"href":"https:\/\/www.obheal.ie\/blog\/wp-json\/wp\/v2\/media?parent=21241"}],"curies":[{"name":"wp","href":"https:\/\/api.w.org\/{rel}","templated":true}]}}