{"id":19884,"date":"2023-11-23T21:39:00","date_gmt":"2023-11-23T21:39:00","guid":{"rendered":"https:\/\/www.obheal.ie\/blog\/?page_id=19884"},"modified":"2023-11-23T21:39:29","modified_gmt":"2023-11-23T21:39:29","slug":"winter-poetry-parks-2023","status":"publish","type":"page","link":"https:\/\/www.obheal.ie\/blog\/winter-warmer-poetry-festival\/winter-warmer-festival-2023\/winter-poetry-parks-2023\/","title":{"rendered":"Winter Poetry &#8211; Parks 2023"},"content":{"rendered":"<p><center><br \/>\n<a href=\"https:\/\/www.obheal.ie\/blog\/winter-warmer-poetry-festival\/winter-warmer-festival-2023\/\"><img loading=\"lazy\" decoding=\"async\" width=\"492\" height=\"239\" src=\"https:\/\/www.obheal.ie\/winterwarmer\/WinterWarmer2023BlogWide.jpg\"\/><\/a><br \/>\n<\/center><\/p>\n<p><font size=\"1\">These poems are from poets featured in \u00d3 Bh\u00e9al&#8217;s 11th Winter Warmer festival, chosen to be displayed in Cork City Library&#8217;s <em><strong>Poetry in the Park<\/strong><\/em> collection during November &#038; December 2023.  <\/font><\/p>\n<p><center><font size=\"1\"><strong>Laima Vinc\u0117<\/strong> &#038; <strong>Rody Gorman<\/strong> (Marina Park)<br \/>\n<strong>Eil\u00e9an N\u00ed Chuillean\u00e1in<\/strong> &#038; <strong>Emma Must<\/strong> (Tramore Valley Park)<br \/>\n<strong>Dylan Brennan<\/strong> &#038; <strong>Kim Shuck<\/strong> (Ballincollig Regional Park)<br \/>\n<strong>Jessica Traynor<\/strong> &#038; <strong>Sarah Clancy<\/strong> (FitzGerald&#8217;s Park)<br \/>\n<strong>Gormfhlaith N\u00ed Sh\u00edoch\u00e1in N\u00ed Bheol\u00e1in<\/strong> &#038; <strong>Lauren O\u2019Donovan<\/strong> (Gerry O&#8217;Sullivan Park)<br \/>\n<strong>Alejandro Murgu\u00eda<\/strong> &#038; <strong>Vona Groarke<\/strong> (Blarney Sanctuary Walkway)<\/p>\n<p><b><font color=\"green\">Click on images<\/font> for larger versions<\/b><\/font><\/center><\/p>\n<hr \/>\n<hr \/>\n<p><center><strong><font color=\"green\">Marina Park<\/font> Cork<\/strong><br \/>\n<font size=\"1\">(November 2023)<\/font><br \/>\n&nbsp;<br \/>\n<font size=\"3\"><strong>Unexpectedly<\/strong><\/font>&nbsp; &nbsp; &nbsp; &nbsp; &nbsp;  by <b>Laima Vinc\u0117<\/b><\/center><br \/>\n&nbsp;<br \/>\n<a href=\"https:\/\/www.obheal.ie\/winterwarmer\/Parks2023\/MedRes\/1Laima2.jpg\" target=\"_blank\" rel=\"noopener\"><img loading=\"lazy\" decoding=\"async\" border=\"1\" width=\"490\" height=\"368\" src=\"https:\/\/www.obheal.ie\/winterwarmer\/Parks2023\/thumbs\/1Laima2.jpg\"\/><\/a><\/p>\n<p><a href=\"https:\/\/www.obheal.ie\/winterwarmer\/Parks2023\/MedRes\/1Laima1.jpg\" target=\"_blank\" rel=\"noopener\"><img loading=\"lazy\" decoding=\"async\" border=\"1\" width=\"490\" height=\"653\" src=\"https:\/\/www.obheal.ie\/winterwarmer\/Parks2023\/thumbs\/1Laima1.jpg\"\/><\/a><\/p>\n<hr \/>\n<p><center><strong><font color=\"green\">Marina Park<\/font> Cork<\/strong><br \/>\n<font size=\"1\">(November 2023)<\/font><br \/>\n&nbsp;<br \/>\n<font size=\"3\"><strong>Gan Chadal<\/strong><\/font>&nbsp; &nbsp; &nbsp; &nbsp; &nbsp;  by <b>Rody Gorman<\/b><\/center><br \/>\n&nbsp;<br \/>\n<a href=\"https:\/\/www.obheal.ie\/winterwarmer\/Parks2023\/MedRes\/1Rody2.jpg\" target=\"_blank\" rel=\"noopener\"><img loading=\"lazy\" decoding=\"async\" border=\"1\" width=\"490\" height=\"368\" src=\"https:\/\/www.obheal.ie\/winterwarmer\/Parks2023\/thumbs\/1Rody2.jpg\"\/><\/a><\/p>\n<p><a href=\"https:\/\/www.obheal.ie\/winterwarmer\/Parks2023\/MedRes\/1Rody1.jpg\" target=\"_blank\" rel=\"noopener\"><img loading=\"lazy\" decoding=\"async\" border=\"1\" width=\"490\" height=\"653\" src=\"https:\/\/www.obheal.ie\/winterwarmer\/Parks2023\/thumbs\/1Rody1.jpg\"\/><\/a><br \/>\n&nbsp; <\/p>\n<hr \/>\n<hr \/>\n<p><center><strong><font color=\"green\">Tramore Valley Park<\/font> Cork<\/strong><br \/>\n<font size=\"1\">(November 2023)<\/font><br \/>\n&nbsp;<br \/>\n<font size=\"3\"><strong>Home<\/strong><\/font>&nbsp; &nbsp; &nbsp; &nbsp; &nbsp;  by <b>Eile\u0301an Ni\u0301 Chuilleana\u0301in<\/b><\/center><br \/>\n&nbsp;<br \/>\n<a href=\"https:\/\/www.obheal.ie\/winterwarmer\/Parks2023\/MedRes\/2Eilean2.jpg\" target=\"_blank\" rel=\"noopener\"><img loading=\"lazy\" decoding=\"async\" border=\"1\" width=\"490\" height=\"368\" src=\"https:\/\/www.obheal.ie\/winterwarmer\/Parks2023\/thumbs\/2Eilean2.jpg\"\/><\/a><\/p>\n<p><a href=\"https:\/\/www.obheal.ie\/winterwarmer\/Parks2023\/MedRes\/2Eilean1.jpg\" target=\"_blank\" rel=\"noopener\"><img loading=\"lazy\" decoding=\"async\" border=\"1\" width=\"490\" height=\"653\" src=\"https:\/\/www.obheal.ie\/winterwarmer\/Parks2023\/thumbs\/2Eilean1.jpg\"\/><\/a><\/p>\n<hr \/>\n<p><center><strong><font color=\"green\">Tramore Valley Park<\/font> Cork<\/strong><br \/>\n<font size=\"1\">(November 2023)<\/font><br \/>\n&nbsp;<br \/>\n<font size=\"3\"><strong>Windthrow<\/strong><\/font>&nbsp; &nbsp; &nbsp; &nbsp; &nbsp;  by <b>Emma Must<\/b><\/center><br \/>\n&nbsp;<br \/>\n<a href=\"https:\/\/www.obheal.ie\/winterwarmer\/Parks2023\/MedRes\/2Emma2.jpg\" target=\"_blank\" rel=\"noopener\"><img loading=\"lazy\" decoding=\"async\" border=\"1\" width=\"490\" height=\"368\" src=\"https:\/\/www.obheal.ie\/winterwarmer\/Parks2023\/thumbs\/2Emma2.jpg\"\/><\/a><\/p>\n<p><a href=\"https:\/\/www.obheal.ie\/winterwarmer\/Parks2023\/MedRes\/2Emma1.jpg\" target=\"_blank\" rel=\"noopener\"><img loading=\"lazy\" decoding=\"async\" border=\"1\" width=\"490\" height=\"653\" src=\"https:\/\/www.obheal.ie\/winterwarmer\/Parks2023\/thumbs\/2Emma1.jpg\"\/><\/a><br \/>\n&nbsp; <\/p>\n<hr \/>\n<hr \/>\n<p><center><strong><font color=\"green\">Ballincollig Regional Park<\/font> Cork<\/strong><br \/>\n<font size=\"1\">(November 2023)<\/font><br \/>\n&nbsp;<br \/>\n<font size=\"3\"><strong>Nonantzin<\/strong><\/font>&nbsp; &nbsp; &nbsp; &nbsp; &nbsp;  by <b>Dylan Brennan<\/b><\/center><br \/>\n&nbsp;<br \/>\n<a href=\"https:\/\/www.obheal.ie\/winterwarmer\/Parks2023\/MedRes\/3Dylan2.jpg\" target=\"_blank\" rel=\"noopener\"><img loading=\"lazy\" decoding=\"async\" border=\"1\" width=\"490\" height=\"368\" src=\"https:\/\/www.obheal.ie\/winterwarmer\/Parks2023\/thumbs\/3Dylan2.jpg\"\/><\/a><\/p>\n<p><a href=\"https:\/\/www.obheal.ie\/winterwarmer\/Parks2023\/MedRes\/3Dylan1.jpg\" target=\"_blank\" rel=\"noopener\"><img loading=\"lazy\" decoding=\"async\" border=\"1\" width=\"490\" height=\"653\" src=\"https:\/\/www.obheal.ie\/winterwarmer\/Parks2023\/thumbs\/3Dylan1.jpg\"\/><\/a><\/p>\n<hr \/>\n<p><center><strong><font color=\"green\">Ballincollig Regional Park<\/font> Cork<\/strong><br \/>\n<font size=\"1\">(November 2023)<\/font><br \/>\n&nbsp;<br \/>\n<font size=\"3\"><strong>A poem<\/strong><\/font>&nbsp; &nbsp; &nbsp; &nbsp; &nbsp;  by <b>Kim Shuck<\/b><\/center><br \/>\n&nbsp;<br \/>\n<a href=\"https:\/\/www.obheal.ie\/winterwarmer\/Parks2023\/MedRes\/3Kim2.jpg\" target=\"_blank\" rel=\"noopener\"><img loading=\"lazy\" decoding=\"async\" border=\"1\" width=\"490\" height=\"368\" src=\"https:\/\/www.obheal.ie\/winterwarmer\/Parks2023\/thumbs\/3Kim2.jpg\"\/><\/a><\/p>\n<p><a href=\"https:\/\/www.obheal.ie\/winterwarmer\/Parks2023\/MedRes\/3Kim1.jpg\" target=\"_blank\" rel=\"noopener\"><img loading=\"lazy\" decoding=\"async\" border=\"1\" width=\"490\" height=\"653\" src=\"https:\/\/www.obheal.ie\/winterwarmer\/Parks2023\/thumbs\/3Kim1.jpg\"\/><\/a><br \/>\n&nbsp; <\/p>\n<hr \/>\n<hr \/>\n<p><center><strong><font color=\"green\">FitzGerald&#8217;s Park<\/font> Cork<\/strong><br \/>\n<font size=\"1\">(November 2023)<\/font><br \/>\n&nbsp;<br \/>\n<font size=\"3\"><strong>If You Can Tame a Wildcat<\/strong><\/font>&nbsp; &nbsp; &nbsp; &nbsp; &nbsp;  by <b>Jessica Traynor<\/b><\/center><br \/>\n&nbsp;<br \/>\n<a href=\"https:\/\/www.obheal.ie\/winterwarmer\/Parks2023\/MedRes\/4Jessica2.jpg\" target=\"_blank\" rel=\"noopener\"><img loading=\"lazy\" decoding=\"async\" border=\"1\" width=\"490\" height=\"368\" src=\"https:\/\/www.obheal.ie\/winterwarmer\/Parks2023\/thumbs\/4Jessica2.jpg\"\/><\/a><\/p>\n<p><a href=\"https:\/\/www.obheal.ie\/winterwarmer\/Parks2023\/MedRes\/4Jessica1.jpg\" target=\"_blank\" rel=\"noopener\"><img loading=\"lazy\" decoding=\"async\" border=\"1\" width=\"490\" height=\"653\" src=\"https:\/\/www.obheal.ie\/winterwarmer\/Parks2023\/thumbs\/4Jessica1.jpg\"\/><\/a><\/p>\n<hr \/>\n<p><center><strong><font color=\"green\">FitzGerald&#8217;s Park<\/font> Cork<\/strong><br \/>\n<font size=\"1\">(November 2023)<\/font><br \/>\n&nbsp;<br \/>\n<font size=\"3\"><strong>In the Distance<\/strong><\/font>&nbsp; &nbsp; &nbsp; &nbsp; &nbsp;  by <b>Sarah Clancy<\/b><\/center><br \/>\n&nbsp;<br \/>\n<a href=\"https:\/\/www.obheal.ie\/winterwarmer\/Parks2023\/MedRes\/4Sarah2.jpg\" target=\"_blank\" rel=\"noopener\"><img loading=\"lazy\" decoding=\"async\" border=\"1\" width=\"490\" height=\"368\" src=\"https:\/\/www.obheal.ie\/winterwarmer\/Parks2023\/thumbs\/4Sarah2.jpg\"\/><\/a><\/p>\n<p><a href=\"https:\/\/www.obheal.ie\/winterwarmer\/Parks2023\/MedRes\/4Sarah1.jpg\" target=\"_blank\" rel=\"noopener\"><img loading=\"lazy\" decoding=\"async\" border=\"1\" width=\"490\" height=\"653\" src=\"https:\/\/www.obheal.ie\/winterwarmer\/Parks2023\/thumbs\/4Sarah1.jpg\"\/><\/a><br \/>\n&nbsp; <\/p>\n<hr \/>\n<hr \/>\n<p><center><strong><font color=\"green\">Gerry O\u2019Sullivan Park<\/font> Cork<\/strong><br \/>\n<font size=\"1\">(November 2023)<\/font><br \/>\n&nbsp;<br \/>\n<font size=\"3\"><strong>Ni\u0301ta ga\u0301eth<\/strong><\/font>&nbsp; &nbsp; &nbsp; &nbsp; &nbsp;  by <b>Gormfhlaith N\u00ed Sh\u00edoch\u00e1in N\u00ed Bheol\u00e1in<\/b><\/center><br \/>\n&nbsp;<br \/>\n<a href=\"https:\/\/www.obheal.ie\/winterwarmer\/Parks2023\/MedRes\/5Gormfhlaith2.jpg\" target=\"_blank\" rel=\"noopener\"><img loading=\"lazy\" decoding=\"async\" border=\"1\" width=\"490\" height=\"368\" src=\"https:\/\/www.obheal.ie\/winterwarmer\/Parks2023\/thumbs\/5Gormfhlaith2.jpg\"\/><\/a><\/p>\n<p><a href=\"https:\/\/www.obheal.ie\/winterwarmer\/Parks2023\/MedRes\/5Gormfhlaith1.jpg\" target=\"_blank\" rel=\"noopener\"><img loading=\"lazy\" decoding=\"async\" border=\"1\" width=\"490\" height=\"653\" src=\"https:\/\/www.obheal.ie\/winterwarmer\/Parks2023\/thumbs\/5Gormfhlaith1.jpg\"\/><\/a><\/p>\n<hr \/>\n<p><center><strong><font color=\"green\">Gerry O\u2019Sullivan Park<\/font> Cork<\/strong><br \/>\n<font size=\"1\">(November 2023)<\/font><br \/>\n&nbsp;<br \/>\n<font size=\"3\"><strong>Ingredients<\/strong><\/font>&nbsp; &nbsp; &nbsp; &nbsp; &nbsp;  by <b>Lauren O&#8217;Donovan<\/b><\/center><br \/>\n&nbsp;<br \/>\n<a href=\"https:\/\/www.obheal.ie\/winterwarmer\/Parks2023\/MedRes\/5Lauren2.jpg\" target=\"_blank\" rel=\"noopener\"><img loading=\"lazy\" decoding=\"async\" border=\"1\" width=\"490\" height=\"368\" src=\"https:\/\/www.obheal.ie\/winterwarmer\/Parks2023\/thumbs\/5Lauren2.jpg\"\/><\/a><\/p>\n<p><a href=\"https:\/\/www.obheal.ie\/winterwarmer\/Parks2023\/MedRes\/5Lauren1.jpg\" target=\"_blank\" rel=\"noopener\"><img loading=\"lazy\" decoding=\"async\" border=\"1\" width=\"490\" height=\"653\" src=\"https:\/\/www.obheal.ie\/winterwarmer\/Parks2023\/thumbs\/5Lauren1.jpg\"\/><\/a><br \/>\n&nbsp; <\/p>\n<hr \/>\n<hr \/>\n<p><center><strong><font color=\"green\">Blarney Sanctuary Walkway<\/font> Cork<\/strong><br \/>\n<font size=\"1\">(November 2023)<\/font><br \/>\n&nbsp;<br \/>\n<font size=\"3\"><strong>The Cigarettes, the Beers, the Trash<\/strong><\/font>&nbsp; &nbsp; &nbsp; &nbsp; &nbsp;  by <b>Alejandro Murgu\u00eda<\/b><\/center><br \/>\n&nbsp;<br \/>\n<a href=\"https:\/\/www.obheal.ie\/winterwarmer\/Parks2023\/MedRes\/6Alejandro2.jpg\" target=\"_blank\" rel=\"noopener\"><img loading=\"lazy\" decoding=\"async\" border=\"1\" width=\"490\" height=\"368\" src=\"https:\/\/www.obheal.ie\/winterwarmer\/Parks2023\/thumbs\/6Alejandro2.jpg\"\/><\/a><\/p>\n<p><a href=\"https:\/\/www.obheal.ie\/winterwarmer\/Parks2023\/MedRes\/6Alejandro1.jpg\" target=\"_blank\" rel=\"noopener\"><img loading=\"lazy\" decoding=\"async\" border=\"1\" width=\"490\" height=\"653\" src=\"https:\/\/www.obheal.ie\/winterwarmer\/Parks2023\/thumbs\/6Alejandro1.jpg\"\/><\/a><\/p>\n<hr \/>\n<p><center><strong><font color=\"green\">Blarney Sanctuary Walkway<\/font> Cork<\/strong><br \/>\n<font size=\"1\">(November 2023)<\/font><br \/>\n&nbsp;<br \/>\n<font size=\"3\"><strong>Copybook<\/strong><\/font>&nbsp; &nbsp; &nbsp; &nbsp; &nbsp;  by <b>Vona Groarke<\/b><\/center><br \/>\n&nbsp;<br \/>\n<a href=\"https:\/\/www.obheal.ie\/winterwarmer\/Parks2023\/MedRes\/6Vona2.jpg\" target=\"_blank\" rel=\"noopener\"><img loading=\"lazy\" decoding=\"async\" border=\"1\" width=\"490\" height=\"368\" src=\"https:\/\/www.obheal.ie\/winterwarmer\/Parks2023\/thumbs\/6Vona2.jpg\"\/><\/a><\/p>\n<p><a href=\"https:\/\/www.obheal.ie\/winterwarmer\/Parks2023\/MedRes\/6Vona1.jpg\" target=\"_blank\" rel=\"noopener\"><img loading=\"lazy\" decoding=\"async\" border=\"1\" width=\"490\" height=\"653\" src=\"https:\/\/www.obheal.ie\/winterwarmer\/Parks2023\/thumbs\/6Vona1.jpg\"\/><\/a><br \/>\n&nbsp; <\/p>\n<hr \/>\n<hr \/>\n","protected":false},"excerpt":{"rendered":"<p>These poems are from poets featured in \u00d3 Bh\u00e9al&#8217;s 11th Winter Warmer festival, chosen to be displayed in Cork City Library&#8217;s Poetry in the Park collection during November &#038; December 2023. Laima Vinc\u0117 &#038; Rody Gorman (Marina Park) Eil\u00e9an N\u00ed Chuillean\u00e1in &#038; Emma Must (Tramore Valley Park) Dylan Brennan &#038; Kim Shuck (Ballincollig Regional Park) [&hellip;]<\/p>\n","protected":false},"author":1,"featured_media":0,"parent":19672,"menu_order":0,"comment_status":"closed","ping_status":"closed","template":"","meta":{"_uf_show_specific_survey":0,"_uf_disable_surveys":false,"footnotes":""},"class_list":["post-19884","page","type-page","status-publish","hentry"],"_links":{"self":[{"href":"https:\/\/www.obheal.ie\/blog\/wp-json\/wp\/v2\/pages\/19884","targetHints":{"allow":["GET"]}}],"collection":[{"href":"https:\/\/www.obheal.ie\/blog\/wp-json\/wp\/v2\/pages"}],"about":[{"href":"https:\/\/www.obheal.ie\/blog\/wp-json\/wp\/v2\/types\/page"}],"author":[{"embeddable":true,"href":"https:\/\/www.obheal.ie\/blog\/wp-json\/wp\/v2\/users\/1"}],"replies":[{"embeddable":true,"href":"https:\/\/www.obheal.ie\/blog\/wp-json\/wp\/v2\/comments?post=19884"}],"version-history":[{"count":9,"href":"https:\/\/www.obheal.ie\/blog\/wp-json\/wp\/v2\/pages\/19884\/revisions"}],"predecessor-version":[{"id":19894,"href":"https:\/\/www.obheal.ie\/blog\/wp-json\/wp\/v2\/pages\/19884\/revisions\/19894"}],"up":[{"embeddable":true,"href":"https:\/\/www.obheal.ie\/blog\/wp-json\/wp\/v2\/pages\/19672"}],"wp:attachment":[{"href":"https:\/\/www.obheal.ie\/blog\/wp-json\/wp\/v2\/media?parent=19884"}],"curies":[{"name":"wp","href":"https:\/\/api.w.org\/{rel}","templated":true}]}}