{"id":19499,"date":"2023-06-29T11:49:09","date_gmt":"2023-06-29T11:49:09","guid":{"rendered":"https:\/\/www.obheal.ie\/blog\/?page_id=19499"},"modified":"2023-10-07T13:10:35","modified_gmt":"2023-10-07T13:10:35","slug":"guests-98-aug-sep-2023","status":"publish","type":"page","link":"https:\/\/www.obheal.ie\/blog\/guest-poets\/guests-98-aug-sep-2023\/","title":{"rendered":"Guests (98) Aug\/Sep 2023"},"content":{"rendered":"<hr \/>\n<p><center><strong>August and September<\/strong><\/center><\/p>\n<hr \/>\n<p><a name=\"14thAugust\"><\/a><\/p>\n<p><center><em>14th August<\/em><\/p>\n<p><font size=\"1\" color=\"\"><strong>\u00d3 Bh\u00e9al<\/strong><\/font><font size=\"1\"> in association with <\/font><font size=\"1\" color=\"\"><strong>Cork City Council<\/strong><\/font>, <font size=\"1\" color=\"\"><strong>Coventry City Council<\/strong><\/font><br \/>\n<font size=\"1\">and<\/font> <font size=\"1\" color=\"\"><strong>Here Comes Everyone<\/strong><\/font><\/p>\n<p><font size=\"1\">presents a <\/font><font size=\"1\" color=\"green\"><strong>Cork-Coventry Twin Cities Celebration<\/strong><\/font><font size=\"1\"> with poets<\/font><\/p>\n<p><strong>John Watson<\/strong> and <strong>Devjani Bodepudi<\/strong><br \/>\n<font size=\"1\">(both poets in-person)<\/font><\/center><\/p>\n<hr \/>\n<p><center>You can listen to John&#8217;s reading <a href=\"https:\/\/www.obheal.ie\/blog\/audio\/Guest Reading - John Watson-H.mp3\">here<\/a>.<\/center><br \/>\n<span style=\"color: silver;\"><img loading=\"lazy\" decoding=\"async\" src=\"https:\/\/www.obheal.ie\/blog\/wp-content\/uploads\/2023\/06\/JohnWatsonSm.jpg\" width=\"176\" height=\"150\" border=\"1\" align=\"right\"\/><\/span><font size=\"1\">Inspired by modern nature writers such as Jay Griffiths and Roger Deakin, <strong>John Watson<\/strong>&#8216;s poetry is motivated by his vivid, colourful dreams, his swims in seas and rivers, his distrust of all things dogmatic and a belief in circular, as opposed to linear time. John started to attend Pure Good and Right, an open mic night based in Leamington Spa. Here he eventually braved the floor, and read out loud for the first terrifying time. He regularly attended PGR and Fire and Dust, and has since headlined at both as featured poet. He has featured at Hush in Earlsdon and at The Sheep-dip sessions in Princethorpe. <\/p>\n<p>John&#8217;s work has been published in <em>HCE Magazine<\/em> and <em>Idler Magazine<\/em>. He eventually took on the role of host at PGR, of what is possibly the longest running open mic in England. He has developed an anarchic style and beat, as he tries to avoid rhyme, or any kind of prescribed meter. He is almost convinced that this is Poetic Humanities&#8217; only defence against Artificial Poetic Intelligence.<br \/>\n <\/font><\/p>\n<hr \/>\n<p><center>You can listen to Devjani&#8217;s reading <a href=\"https:\/\/www.obheal.ie\/blog\/audio\/Guest Reading - Devjani Bodepudi-H.mp3\">here<\/a>.<\/center><br \/>\n<span style=\"color: silver;\"><img loading=\"lazy\" decoding=\"async\" src=\"https:\/\/www.obheal.ie\/blog\/wp-content\/uploads\/2023\/06\/DevjaniBodepudiSm.jpg\" width=\"189\" height=\"150\" border=\"1\" align=\"right\"\/><\/span><font size=\"1\"><strong>Devjani Bodepudi<\/strong> is a writer, poet and teacher of Indian origin who currently lives in Warwickshire. She has been published widely, including in <em>Stanchion Zine, Sunday Mornings<\/em> at the <em>River<\/em> and <em>Honeyguide<\/em>. Amongst other things, Devjani has published a novel, <em>Mirrors<\/em> (Holland House, 2019) and a children&#8217;s book, <em>Paper Boats<\/em>, forthcoming from Parakeet Books. <\/p>\n<p>Her debut poetry pamphlet, <em>For the daughters carried here on the hips of their mothers<\/em> was published by Fawn Press early this year and has won the Saboteur Award 2023 for Best Poetry Pamphlet. Devjani is currently studying for her MA in Creative Writing at the University of Birmingham and is working on her second collection.<br \/>\n<\/font><br \/>\n&nbsp;<\/p>\n<p><img loading=\"lazy\" decoding=\"async\" src=\"https:\/\/www.obheal.ie\/blog\/wp-content\/uploads\/2021\/07\/CorkAndCoventryWide.jpg\" width=\"492\" height=\"60\" border=\"0\"\/><br \/>\n&nbsp;<\/p>\n<hr \/>\n<p><center><b><font size=\"1\">You can watch a video of the event here<\/font><\/b><br \/>\n<iframe loading=\"lazy\" src=\"https:\/\/player.vimeo.com\/video\/844193169\" width=\"490\" height=\"276\" frameborder=\"1\" allow=\"autoplay; fullscreen\" allowfullscreen><\/iframe><\/center><\/p>\n<hr \/>\n<p><center><strong><font color=\"green\">Hybrid \u00d3 Bh\u00e9al Session<\/font><\/strong><\/center><\/p>\n<p><font size=\"1\">This event will be both <strong>in-person<\/strong>, hosted in the Hayloft bar, upstairs in Long Valley, Winthrop St Cork, <strong>as well as<\/strong> on <strong>Zoom<\/strong> (which is limited to 100 people). Participation in the open-mic session and five word challenge is open to both in-person <em>and<\/em> virtual attendees. The session will be live-streamed  at <b><a href=\"http:\/\/www.obheal.ie\/live\" target=\"_blank\" rel=\"noopener noreferrer\">obheal.ie\/live<\/a><\/b> and via \u00d3 Bh\u00e9al&#8217;s <b><a href=\"http:\/\/www.vimeo.com\/obheal\">Vimeo<\/a><\/b>, <b><a href=\"https:\/\/www.facebook.com\/obheal.poetry\/\">Facebook<\/a><\/b> and <b><a href=\"http:\/\/www.youtube.com\/obheal\">YouTube <\/a><\/b>channels. <strong><em><font color=\"green\">Note to Participants<\/font><\/em><\/strong>: Our hybrid events are recorded and remain viewable on video via these same channels. <\/p>\n<p><a href=\"https:\/\/www.obheal.ie\/live\"><font size=\"1\" color=\"green\"><img loading=\"lazy\" decoding=\"async\" src=\"https:\/\/www.obheal.ie\/live\/LiveStageLinkWide.jpg\" width=\"492\" height=\"120\" alt=\"Click here for our Live Poetry Stage\"\/><\/font><\/a><\/p>\n<p>We are no longer posting the zoom link via our social media channels. Upon written request to <a href=\"mailto:info@obheal.ie\">info@obheal.ie<\/a> with a sentence outlining your reason for participation, a link to join the session will be emailed to you on the evening of the event, which is expected to run for between 2-3 hours.<\/p>\n<p><center><em><strong>The evening will feature four parts:<\/strong><\/em><\/center><\/p>\n<p><strong>7-7.45pm: Poetry-Films<\/strong> (random  play from \u00d3 Bh\u00e9al&#8217;s Poetry-Film comp archives &#8211; <strong>NOT STREAMED<\/strong>);<br \/>\n<strong>8.30pm: Five Word Challenge<\/strong> (max 30 &#8211; after the allotted 15 minutes writing time);<br \/>\n<strong>9.30pm: Featured Guest Poets <\/strong>(20 minutes each);<br \/>\n<strong>10:20pm: Open-Mic<\/strong> Session for original poetry (max 30).<\/p>\n<p>(<strong>Entering a Zoom meeting<\/strong> is <a href=\"https:\/\/support.zoom.us\/hc\/en-us\/articles\/201362193-Joining-a-Meeting\">all explained <b>here >>><\/b><\/a>. This link provides you with a step-by-step guide and YouTube tutorial if necessary. You should check this out if you&#8217;re unfamiliar with the Zoom platform &#8211; it also shows you where to download the zoom client\/app for your computer\/phone. <i>Please Make sure to know where the chat box is and how to mute yourself to reduce background sound.<\/i>)<\/font><\/p>\n<hr \/>\n<hr \/>\n<p><a name=\"11thSeptember\"><\/a><\/p>\n<p><center><em>11th September<\/em><\/p>\n<p><font size=\"1\"><strong><font color=\"green\">\u00d3 Bh\u00e9al<\/font><\/strong><\/font><font size=\"1\"> in association with <\/font><font size=\"1\" color=\"green\"><strong>Foras na Gaeilge<\/strong><\/font> <font size=\"1\">presents<\/font><\/p>\n<p><strong>Ceait\u00ed N\u00ed Bheildi\u00fain<\/strong>  and <strong>Ben MacCaoilte<\/strong><br \/>\n<font size=\"1\">(in-person)<\/font>&nbsp; &nbsp; &nbsp; &nbsp; &nbsp; &nbsp; &nbsp; &nbsp;  <font size=\"1\">(in-person)<\/font> <\/center><\/p>\n<hr \/>\n<p><center>You can listen to Ceait\u00ed&#8217;s reading <a href=\"https:\/\/www.obheal.ie\/blog\/audio\/Guest Reading - Ceaiti Ni Bheildiuin 2023-H.mp3\">here<\/a>.<\/center><br \/>\n<span style=\"color: silver;\"><img loading=\"lazy\" decoding=\"async\" src=\"https:\/\/www.obheal.ie\/blog\/wp-content\/uploads\/2023\/06\/CeaitiNiBheildiuinSm.jpg\" width=\"210\" height=\"150\" border=\"1\" align=\"right\"\/><\/span><font size=\"1\">Bhuaigh an cnuasach fil\u00edochta, \u00f3 pheann <strong>Ceait\u00ed N\u00ed Bheildi\u00fain<\/strong> <em>Agallamh sa Cheo, Cnoc Bhr\u00e9anainn<\/em> (Coisc\u00e9im, 2019), Duais M\u00edche\u00e1l Hairtn\u00e9id 2021 agus Duais an Oireachtais 2018. Seo a ceathr\u00fa cnuasach fil\u00edochta. Bronnadh spar\u00e1nacht Eala\u00edon na Gaeltachta (\u00dadar\u00e1s na Gaeltachta agus An Chomhairle Eala\u00edon) uirthi, i 2019 agus ar\u00eds, le taca\u00edocht \u00f3 \u00c9ire Ild\u00e1nach, i 2020. Is as Ros Eo an file agus dr\u00e1mad\u00f3ir seo, a mhaireann anois i gCorca Dhuibhne, Co. Chiarra\u00ed. <\/p>\n<p><strong>Ceait\u00ed N\u00ed Bheildi\u00fain<\/strong> is a poet, filmmaker and visual artist. Born in Rush, Co. Dublin in 1958, since 2003 she has lived on the Dingle peninsula, from which time she began to immerse herself in Irish and to write poetry. She is the author of the Irish language collections <em>An Teorainn Bheo<\/em> (2007), <em>P\u00faca Gan Dealramh<\/em> (2010), <em>Meirge an Laoich<\/em> (2013), and <em>Agallamh Sa Cheo, Cnoc Bhr\u00e9anainn<\/em> (2019), all published by Coisc\u00e9\u00edm. Her many distinctions include awards from The Arts Council of Ireland, Eala\u00edn na Gaeltachta, Duais Foras na Gaeilge, a Duais Oireachtas in 2007 and again in 2018, and, in 2021, the Michael Hartnett Award.<\/p>\n<p>Ceait\u00ed\u2019s selected poems <em>Let the Hare Sit \/ Lig don nGiorria Su\u00ed<\/em> with translations from Paddy Bushe was published by Dedalus in 2022. It is a significant event in Irish poetry publishing \u2013 the first extended selection of poems by Ceait\u00ed in a dual-language format. A summary of a journey to date, the book is also an opportunity for those with less than fluent Irish to approach the original poems in the company of their English translations.<br \/>\n<\/font><\/p>\n<hr \/>\n<p><center>You can listen to Ben&#8217;s reading <a href=\"https:\/\/www.obheal.ie\/blog\/audio\/Guest Reading - Ben MacCaoilte-H.mp3\">here<\/a>.<\/center><br \/>\n<span style=\"color: silver;\"><img loading=\"lazy\" decoding=\"async\" src=\"https:\/\/www.obheal.ie\/blog\/wp-content\/uploads\/2023\/06\/BenMacCaoilteSm.jpg\" width=\"195\" height=\"150\" border=\"1\" align=\"right\"\/><\/span><font size=\"1\"><strong>Ben MacCaoilte<\/strong> is a bilingual poet from Ireland writing and performing in both Irish and English. Ben brings beautifully formed poetry to the stage. Impossibly detailed worlds are revealed in tight verses, inspired by people, places and lives that mattered. Ben&#8217;s poetry has been published in journals including <em>The Waxed Lemon <\/em>and <em>Much More Than Words<\/em> and he has released two performance poetry albums on the Crann\u00f3g Media label, <em>Beyond the Apple Tree<\/em> (2021) and <em>Lifting the Gate<\/em> (2022).<\/p>\n<p>Since the release of his first album Ben has performed at many festivals and events throughout Ireland and the UK including the Scene and Heard Festival 2023 Smock Alley Theatre Dublin, International Writers Festival Dublin, REIC at the Cork World Book Festival and the Culturel Centre Irlandais, Paris as part of the Festival of Ideas. Ben has shared the stage with many fantastic musicians such as Declan O&#8217;Rourke, Liam O&#8217; Maonla\u00ed and Emma Langford. He is currently touring his poetry performance installation <em>Lifting the Gate<\/em> which premiered at Smock Alley Theatre in 2023.<\/p>\n<p>Is file d\u00e1theangach \u00e9 <strong>Ben MacCaoilte<\/strong> a scr\u00edobhann agus a cheolann i nGaeilge agus i mB\u00e9arla. Tugann Ben fil\u00edocht \u00e1lainn cumtha ar an st\u00e1itse. Nochtar saolta do-mhionsonraithe i v\u00e9arsa\u00ed daingean, spreagtha ag daoine, \u00e1iteanna agus saolta a raibh t\u00e1bhacht leo. T\u00e1 dh\u00e1 albam fil\u00edochta l\u00e9irithe eisithe ag Ben ar an lip\u00e9ad Crann\u00f3g Media, <em>Beyond the Apple Tree<\/em> in 2021 agus <em>Lifting the Gate in 2022<\/em>. \u00d3 eis\u00edodh a ch\u00e9ad albam t\u00e1 Ben th\u00e9is bheith ag go leor f\u00e9ilte agus imeachta\u00ed ar fud na h\u00c9ireann agus an R\u00edocht Aontaithe, Scene agus F\u00e9ile Heard 2023 Smock Alley Theatre Baile \u00c1tha Cliath, REIC ag an Cork World Bookfest, an Bath Festival UK agus an Culturel Centre Irlandais, P\u00e1ras mar chuid den Fh\u00e9ile Smaointe. T\u00e1 Ben tar \u00e9is an st\u00e1itse a roinnt le ceolt\u00f3ir\u00ed iontacha ar n\u00f3s Declan O&#8217;Rourke, Liam O&#8217; Maonla\u00ed agus Emma Langford. T\u00e1 s\u00e9 ar camchuairt faoi l\u00e1thair ar a shuite\u00e1il l\u00e9irithe fil\u00edochta <em>Lifting the Gate<\/em> a taispe\u00e1nadh den ch\u00e9ad uair in Amharclann Smock Alley in 2023.<br \/>\n<\/font><\/p>\n<p><a href=\"https:\/\/www.forasnagaeilge.ie\/\"><img loading=\"lazy\" decoding=\"async\" src=\"https:\/\/www.obheal.ie\/blog\/wp-content\/uploads\/2021\/03\/FnGwide.jpg\" border=\"0\" height=\"60\" width=\"490\"\/><\/a><br \/>\n&nbsp;<\/p>\n<hr \/>\n<p><center><b><font size=\"1\">You can watch a video of the event here<\/font><\/b><br \/>\n<iframe loading=\"lazy\" src=\"https:\/\/player.vimeo.com\/video\/854975058\" width=\"490\" height=\"276\" frameborder=\"1\" allow=\"autoplay; fullscreen\" allowfullscreen><\/iframe><\/center><\/p>\n<hr \/>\n<p><center><strong><font color=\"green\">Hybrid \u00d3 Bh\u00e9al Session<\/font><\/strong><\/center><\/p>\n<p><font size=\"1\">This event will be both <strong>in-person<\/strong>, hosted in the Hayloft bar, upstairs in Long Valley, Winthrop St Cork, <strong>as well as<\/strong> on <strong>Zoom<\/strong> (which is limited to 100 people). Participation in the open-mic session and five word challenge is open to both in-person <em>and<\/em> virtual attendees. The session will be live-streamed  at <b><a href=\"http:\/\/www.obheal.ie\/live\" target=\"_blank\" rel=\"noopener noreferrer\">obheal.ie\/live<\/a><\/b> and via \u00d3 Bh\u00e9al&#8217;s <b><a href=\"http:\/\/www.vimeo.com\/obheal\">Vimeo<\/a><\/b>, <b><a href=\"https:\/\/www.facebook.com\/obheal.poetry\/\">Facebook<\/a><\/b> and <b><a href=\"http:\/\/www.youtube.com\/obheal\">YouTube <\/a><\/b>channels. <strong><em><font color=\"green\">Note to Participants<\/font><\/em><\/strong>: Our hybrid events are recorded and remain viewable on video via these same channels. <\/p>\n<p><a href=\"https:\/\/www.obheal.ie\/live\"><font size=\"1\" color=\"green\"><img loading=\"lazy\" decoding=\"async\" src=\"https:\/\/www.obheal.ie\/live\/LiveStageLinkWide.jpg\" width=\"492\" height=\"120\" alt=\"Click here for our Live Poetry Stage\"\/><\/font><\/a><\/p>\n<p>We are no longer posting the zoom link via our social media channels. Upon written request to <a href=\"mailto:info@obheal.ie\">info@obheal.ie<\/a> with a sentence outlining your reason for participation, a link to join the session will be emailed to you on the evening of the event, which is expected to run for between 2-3 hours.<\/p>\n<p><center><em><strong>The evening will feature four parts:<\/strong><\/em><\/center><\/p>\n<p><strong>7-7.45pm: Poetry-Films<\/strong> (random  play from \u00d3 Bh\u00e9al&#8217;s Poetry-Film comp archives &#8211; <strong>NOT STREAMED<\/strong>);<br \/>\n<strong>8.30pm: Five Word Challenge<\/strong> (max 30 &#8211; after the allotted 15 minutes writing time);<br \/>\n<strong>9.30pm: Featured Guest Poets <\/strong>(20 minutes each);<br \/>\n<strong>10:20pm: Open-Mic<\/strong> Session for original poetry (max 30).<\/p>\n<p>(<strong>Entering a Zoom meeting<\/strong> is <a href=\"https:\/\/support.zoom.us\/hc\/en-us\/articles\/201362193-Joining-a-Meeting\">all explained <b>here >>><\/b><\/a>. This link provides you with a step-by-step guide and YouTube tutorial if necessary. You should check this out if you&#8217;re unfamiliar with the Zoom platform &#8211; it also shows you where to download the zoom client\/app for your computer\/phone. <i>Please Make sure to know where the chat box is and how to mute yourself to reduce background sound.<\/i>)<\/font><\/p>\n<hr \/>\n<hr \/>\n<p><font size=\"2\"><a name=\"22ndSeptember\"><\/a><\/font><\/p>\n<p><center><font size=\"2\"><em>Friday 22nd September<\/em><\/font><\/p>\n<p><font size=\"1\" color=\"green\"><strong>\u00d3 Bh\u00e9al<\/strong><\/font> <font size=\"1\">in association with <\/font><font size=\"1\" color=\"green\"><strong>Cork City Council<\/strong><\/font> <font size=\"1\">presents <\/font><\/p>\n<p><font size=\"2\" color=\"green\"><strong>Cork Culture Night<\/strong><\/font> <font size=\"2\"><strong>2023<\/strong><\/font> <font size=\"1\"><em>with<\/em><\/font><\/p>\n<p><strong>Qui Qarre<\/strong> and <strong>Leon Dunne<\/strong><br \/>\n<font size=\"1\">(via Zoom)<\/font>&nbsp; &nbsp; &nbsp; &nbsp; &nbsp; &nbsp;  <font size=\"1\">(in-person)<\/font> <\/center><\/p>\n<hr \/>\n<p><center>You can listen to Qui&#8217;s performance <a href=\"https:\/\/www.obheal.ie\/blog\/audio\/Guest Reading - Qui Qarre-H.mp3\">here<\/a>.<\/center><br \/>\n<span style=\"color: silver;\"><img loading=\"lazy\" decoding=\"async\" src=\"https:\/\/www.obheal.ie\/blog\/wp-content\/uploads\/2023\/06\/QuiQarre1Sm.jpg\" width=\"207\" height=\"150\" border=\"1\" align=\"right\"\/><\/span><font size=\"1\"><strong>Qui Qarre<\/strong> is a Kenyan born spoken word poet, author, speaker and mentor. She writes poetry on different social issues but her works have a key focus on leadership and mental health. She began performing poetry in May 2016 and won Women Slam Africa that same year in December. This opened doors for her to begin travelling for poetry performances such as Women of The World Poetry Slam in Dallas 2017, Women on The Bayou City Slam, Stone Town Zanzibar Tour and others.<\/p>\n<p>She has published two poetry anthologies: <em>Tears of The Pen<\/em> (Rafu Books, 2018) and <em>Broken Vase<\/em> (Kenya National Library Service, 2021) and went on a book tour in the USA in October 2021. Here she had the chance to visit 5 cities; Houston, Fort Worth, Boston, Washington DC and Phoenix. She was a featured poet in Arizona State University and Stephen F. Austin State University in the USA. Qui has also had the chance to be featured on leading TV shows, newspapers and shows such as Daily Nation, People Daily, The Star, The Trend, The Daily Sentinel (Nacogdoches), Google Africa, #IDEAinitiative by Planned Parenthood among others.<\/p>\n<p>Qui advocates for leadership that focuses on social justice and mentorship. She is part of Rising Stars Project, a mentorship program for juveniles in Kamiti YCTC, where she uses Lego Serious play to help juveniles begin to build their identity and work with their peers.<\/p>\n<p><center>You can read more about Qui Qarre at: <a href=\"https:\/\/quiqarre.com\/\">https:\/\/quiqarre.com\/<\/a><\/center><br \/>\n<\/font><\/p>\n<hr \/>\n<p><center>You can listen to Leon&#8217;s performance <a href=\"https:\/\/www.obheal.ie\/blog\/audio\/Guest Reading - Leon Dunne-H.mp3\">here<\/a>.<\/center><br \/>\n<span style=\"color: silver;\"><img loading=\"lazy\" decoding=\"async\" src=\"https:\/\/www.obheal.ie\/blog\/wp-content\/uploads\/2023\/06\/LeonDunne1Sm.jpg\" width=\"219\" height=\"150\" border=\"1\" align=\"right\"\/><\/span><font size=\"1\">Dublin-based poet and reigning All-Ireland Slam Champion <strong>Leon Dunne<\/strong>&#8216;s work focuses primarily on giving a voice to topics outside the mainstream conversation. Coming from a working-class background, and after studying English and Film at UCD, he engages in language and rhythm with high energy to draw the listeners in.<\/p>\n<p>In November 2022 he won The All-Ireland Poetry Slam Championship held at the Winter Warmer festival in Cork. In March 2023 he performed at Trafalgar Square, in front of 15,000 people, as part of London&#8217;s St. Patrick&#8217;s Day Festival.  As Leon puts it, <em>&#8220;I write poems and stories for people that may feel left behind by the mainstream culture&#8221;.<\/em><\/p>\n<p><\/font><\/p>\n<p><a href=\"http:\/\/culturenightcork.ie\/\"><img loading=\"lazy\" decoding=\"async\" src=\"https:\/\/www.obheal.ie\/blog\/wp-content\/uploads\/2021\/07\/Culture-Night-LogoWideB.jpg\" width=\"492\" height=\"80\" border=\"0\"\/><\/a><br \/>\n&nbsp;<\/p>\n<hr \/>\n<p><center><b><font size=\"1\">You can watch a video of the event here<\/font><\/b><br \/>\n<iframe loading=\"lazy\" src=\"https:\/\/player.vimeo.com\/video\/863523979\" width=\"490\" height=\"276\" frameborder=\"1\" allow=\"autoplay; fullscreen\" allowfullscreen><\/iframe><\/center><\/p>\n<hr \/>\n<p><center><strong><font color=\"green\">Hybrid \u00d3 Bh\u00e9al Session<\/font><\/strong><\/center><\/p>\n<p><font size=\"1\">This event will be both <strong>in-person<\/strong>, hosted in the Hayloft bar, upstairs in Long Valley, Winthrop St Cork, <strong>as well as<\/strong> on <strong>Zoom<\/strong> (which is limited to 100 people). Participation in the open-mic session and five word challenge is open to both in-person <em>and<\/em> virtual attendees. The session will be live-streamed  at <b><a href=\"http:\/\/www.obheal.ie\/live\" target=\"_blank\" rel=\"noopener noreferrer\">obheal.ie\/live<\/a><\/b> and via \u00d3 Bh\u00e9al&#8217;s <b><a href=\"http:\/\/www.vimeo.com\/obheal\">Vimeo<\/a><\/b>, <b><a href=\"https:\/\/www.facebook.com\/obheal.poetry\/\">Facebook<\/a><\/b> and <b><a href=\"http:\/\/www.youtube.com\/obheal\">YouTube <\/a><\/b>channels. <strong><em><font color=\"green\">Note to Participants<\/font><\/em><\/strong>: Our hybrid events are recorded and remain viewable on video via these same channels. <\/p>\n<p><a href=\"https:\/\/www.obheal.ie\/live\"><font size=\"1\" color=\"green\"><img loading=\"lazy\" decoding=\"async\" src=\"https:\/\/www.obheal.ie\/live\/LiveStageLinkWide.jpg\" width=\"492\" height=\"120\" alt=\"Click here for our Live Poetry Stage\"\/><\/font><\/a><\/p>\n<p>We are no longer posting the zoom link via our social media channels. Upon written request to <a href=\"mailto:info@obheal.ie\">info@obheal.ie<\/a> with a sentence outlining your reason for participation, a link to join the session will be emailed to you on the evening of the event, which is expected to run for between 2-3 hours.<\/p>\n<p><center><em><strong>The evening will feature four parts:<\/strong><\/em><\/center><\/p>\n<p><strong>7-7.45pm: Poetry-Films<\/strong> (random  play from \u00d3 Bh\u00e9al&#8217;s Poetry-Film comp archives &#8211; <strong>NOT STREAMED<\/strong>);<br \/>\n<strong>8.30pm: Five Word Challenge<\/strong> (max 30 &#8211; after the allotted 15 minutes writing time);<br \/>\n<strong>9.30pm: Featured Guest Poets <\/strong>(20 minutes each);<br \/>\n<strong>10:20pm: Open-Mic<\/strong> Session for original poetry (max 30).<\/p>\n<p>(<strong>Entering a Zoom meeting<\/strong> is <a href=\"https:\/\/support.zoom.us\/hc\/en-us\/articles\/201362193-Joining-a-Meeting\">all explained <b>here >>><\/b><\/a>. This link provides you with a step-by-step guide and YouTube tutorial if necessary. You should check this out if you&#8217;re unfamiliar with the Zoom platform &#8211; it also shows you where to download the zoom client\/app for your computer\/phone. <i>Please Make sure to know where the chat box is and how to mute yourself to reduce background sound.<\/i>)<\/font><\/p>\n<hr \/>\n<hr \/>\n","protected":false},"excerpt":{"rendered":"<p>August and September 14th August \u00d3 Bh\u00e9al in association with Cork City Council, Coventry City Council and Here Comes Everyone presents a Cork-Coventry Twin Cities Celebration with poets John Watson and Devjani Bodepudi (both poets in-person) You can listen to John&#8217;s reading here. Inspired by modern nature writers such as Jay Griffiths and Roger Deakin, [&hellip;]<\/p>\n","protected":false},"author":1,"featured_media":0,"parent":19,"menu_order":0,"comment_status":"closed","ping_status":"closed","template":"","meta":{"_uf_show_specific_survey":0,"_uf_disable_surveys":false,"footnotes":""},"class_list":["post-19499","page","type-page","status-publish","hentry"],"_links":{"self":[{"href":"https:\/\/www.obheal.ie\/blog\/wp-json\/wp\/v2\/pages\/19499","targetHints":{"allow":["GET"]}}],"collection":[{"href":"https:\/\/www.obheal.ie\/blog\/wp-json\/wp\/v2\/pages"}],"about":[{"href":"https:\/\/www.obheal.ie\/blog\/wp-json\/wp\/v2\/types\/page"}],"author":[{"embeddable":true,"href":"https:\/\/www.obheal.ie\/blog\/wp-json\/wp\/v2\/users\/1"}],"replies":[{"embeddable":true,"href":"https:\/\/www.obheal.ie\/blog\/wp-json\/wp\/v2\/comments?post=19499"}],"version-history":[{"count":31,"href":"https:\/\/www.obheal.ie\/blog\/wp-json\/wp\/v2\/pages\/19499\/revisions"}],"predecessor-version":[{"id":19608,"href":"https:\/\/www.obheal.ie\/blog\/wp-json\/wp\/v2\/pages\/19499\/revisions\/19608"}],"up":[{"embeddable":true,"href":"https:\/\/www.obheal.ie\/blog\/wp-json\/wp\/v2\/pages\/19"}],"wp:attachment":[{"href":"https:\/\/www.obheal.ie\/blog\/wp-json\/wp\/v2\/media?parent=19499"}],"curies":[{"name":"wp","href":"https:\/\/api.w.org\/{rel}","templated":true}]}}