{"id":19411,"date":"2023-06-06T09:26:26","date_gmt":"2023-06-06T09:26:26","guid":{"rendered":"https:\/\/www.obheal.ie\/blog\/?page_id=19411"},"modified":"2023-06-06T09:26:26","modified_gmt":"2023-06-06T09:26:26","slug":"poetry-in-the-parks-2023","status":"publish","type":"page","link":"https:\/\/www.obheal.ie\/blog\/the-unfinished-book-of-poetry\/poetry-in-the-parks-2023\/","title":{"rendered":"Poetry in the Parks 2023"},"content":{"rendered":"<p><center><br \/>\n<img loading=\"lazy\" decoding=\"async\" src=\"https:\/\/www.obheal.ie\/blog\/UBP\/UFB2023Covershare.jpg\" border=\"1\" width=\"492\" height=\"381\"\/>&nbsp;<\/p>\n<p><\/center><\/p>\n<p>The following poems have been selected from twelve poets published in <em>The Unfinished Book of Poetry 2023<\/em>, and are being displayed in Cork City Library&#8217;s <em><strong>Poetry in the Parks<\/strong><\/em> project during the summer, via installations in Marina Park, Fitzgerald&#8217;s Park, Tramore Valley Park, Ballincollig Regional Park, Gerry O\u2019Sullivan Park and the Blarney Sanctuary Walkway. The displays are part of the 2023 <strong>Cruinni\u00fa na n\u00d3g<\/strong> festival. Audio recordings of the twelve poets reading these poems are also accessible via QR code.<\/p>\n<hr \/>\n<p><center>from <strong><font color=\"green\">Regina Mundi College<\/font><\/strong><br \/>\n&nbsp;<br \/>\n<font size=\"1\">(installed at Tramore Valley Park)<\/font><\/center><br \/>\n<audio class=\"wp-audio-shortcode\" id=\"audio-19411-1\" preload=\"none\" style=\"width: 100%;\" controls=\"controls\"><source type=\"audio\/mpeg\" src=\"https:\/\/www.obheal.ie\/blog\/UBP\/audio\/Sick-Heat-Arden-Mallari.mp3?_=1\" \/><a href=\"https:\/\/www.obheal.ie\/blog\/UBP\/audio\/Sick-Heat-Arden-Mallari.mp3\">https:\/\/www.obheal.ie\/blog\/UBP\/audio\/Sick-Heat-Arden-Mallari.mp3<\/a><\/audio><br \/>\n<font size=\"3\"><strong>Sick Heat<\/strong><\/font>&nbsp; &nbsp; &nbsp; &nbsp; &nbsp; &nbsp; &nbsp; &nbsp; &nbsp; &nbsp; &nbsp; &nbsp; &nbsp; &nbsp; &nbsp; &nbsp; &nbsp; &nbsp;  &nbsp; &nbsp; &nbsp; &nbsp; &nbsp; &nbsp; &nbsp; &nbsp; &nbsp;  by <b>Arden Mallari<\/b><br \/>\n&nbsp; <\/p>\n<p>You, a celestial body,<br \/>\na strawberry blonde tipped with frost,<br \/>\nand burnt number sprinkled on ivory cheeks<br \/>\nyou matched the ice glazed over evergreen leaves like its waxy coating.<\/p>\n<p>You, reckoning force, the foundation of my refuge,<br \/>\nyour jarring thaw is an enigma,<br \/>\nit\u2019s cooked my beasts into caves as they now stay in stone<br \/>\nfrom an internal clock wrong,<br \/>\nour failed soul instinct.<\/p>\n<p>The perfect vessel turned sour,<br \/>\na grand piano for a concerto<br \/>\nyou cannot play.<\/p>\n<p>You are the grout under my feet<br \/>\nin between the tiles of my bathroom floor<br \/>\nI\u2019ll hurt everyone by moving out \u2013<br \/>\nthe dust mites bearing witness.<\/p>\n<p>I want everything back,<br \/>\nbraving contusion for a ticket home<br \/>\ntrusting this time<br \/>\nsaving this hour late.<br \/>\n&nbsp; <\/p>\n<p>&nbsp; <\/p>\n<hr \/>\n<p><center>from <strong><font color=\"green\">Regina Mundi College<\/font><\/strong><br \/>\n&nbsp;<br \/>\n<font size=\"1\">(installed at Tramore Valley Park)<\/font><\/center><br \/>\n<audio class=\"wp-audio-shortcode\" id=\"audio-19411-2\" preload=\"none\" style=\"width: 100%;\" controls=\"controls\"><source type=\"audio\/mpeg\" src=\"https:\/\/www.obheal.ie\/blog\/UBP\/audio\/Sonnet-of-Expectation-Arissa-Mallari.mp3?_=2\" \/><a href=\"https:\/\/www.obheal.ie\/blog\/UBP\/audio\/Sonnet-of-Expectation-Arissa-Mallari.mp3\">https:\/\/www.obheal.ie\/blog\/UBP\/audio\/Sonnet-of-Expectation-Arissa-Mallari.mp3<\/a><\/audio><br \/>\n<font size=\"3\"><strong>Sonnet of Expectation<\/strong><\/font>&nbsp; &nbsp; &nbsp; &nbsp; &nbsp; &nbsp; &nbsp; &nbsp; &nbsp;  &nbsp; &nbsp; &nbsp; &nbsp; &nbsp; &nbsp; &nbsp; &nbsp; &nbsp;  by <b>Arissa Mallari<\/b><br \/>\n&nbsp; <\/p>\n<p>By the cradle and mobile I&#8217;ll stay here waiting<br \/>\nThe sun and birds I promised you are waiting too<br \/>\nFind the light and look from me for the last time<br \/>\nA big warm house on sticks with an even greater nose.<br \/>\nFulfill me for these final hours and listen with me<br \/>\nLet the movement ache and try to remember it for next time.<br \/>\nI often wonder if this is passing through you like it is me,<br \/>\nAnd if you can see my thoughts of our fate, delights and origins.<br \/>\nNo matter how many walks I take from the front room to the kitchen,<br \/>\nThen to your room again, it will never fail to get me.<br \/>\nThat I know you&#8217;re what I&#8217;ve waited for my whole life, and I haven&#8217;t even heard you speak.<br \/>\nYou have wrung me dry time and again, and I&#8217;ll ask if I was really made for this.<br \/>\nEven if this water house breaks in half, bright pink as you are,<br \/>\nYou&#8217;ll wait for me too.<br \/>\n&nbsp; <\/p>\n<p>&nbsp; <\/p>\n<hr \/>\n<p><center>from <strong><font color=\"green\">Ballincollig Community School<\/font><\/strong><br \/>\n&nbsp;<br \/>\n<font size=\"1\">(installed at Ballincollig Regional Park)<\/font><\/center><br \/>\n<audio class=\"wp-audio-shortcode\" id=\"audio-19411-3\" preload=\"none\" style=\"width: 100%;\" controls=\"controls\"><source type=\"audio\/mpeg\" src=\"https:\/\/www.obheal.ie\/blog\/UBP\/audio\/Maybe-One-Day-Lea-Delauche.mp3?_=3\" \/><a href=\"https:\/\/www.obheal.ie\/blog\/UBP\/audio\/Maybe-One-Day-Lea-Delauche.mp3\">https:\/\/www.obheal.ie\/blog\/UBP\/audio\/Maybe-One-Day-Lea-Delauche.mp3<\/a><\/audio><br \/>\n<font size=\"3\"><strong>Maybe One Day<\/strong><\/font>&nbsp; &nbsp; &nbsp; &nbsp; &nbsp; &nbsp; &nbsp; &nbsp; &nbsp; &nbsp; &nbsp; &nbsp; &nbsp; &nbsp; &nbsp; &nbsp; &nbsp; &nbsp;  &nbsp; &nbsp; &nbsp; &nbsp; &nbsp; &nbsp; &nbsp; &nbsp; &nbsp;  by <b>L\u00e9a Delauche<\/b><br \/>\n&nbsp; <\/p>\n<p>Maybe one day I\u2019ll be enough<br \/>\nAnd I won\u2019t disappoint anymore<br \/>\nMaybe one day I\u2019ll get better<\/p>\n<p>I\u2019ll train hard and I\u2019ll get tough,<br \/>\nI\u2019ll be serious, I won\u2019t laugh<br \/>\nAnd maybe one day I\u2019ll be enough.<\/p>\n<p>I\u2019ll take no break and for that matter,<br \/>\nI won\u2019t sleep much either,<br \/>\nI\u2019ll do all that to get better.<\/p>\n<p>I tried my best for so long now,<br \/>\nTrained and trained but nothing changed.<br \/>\nWill I ever be enough?<\/p>\n<p>I say \u201cmy best\u201d but I feel like,<br \/>\nI never even gave that much,<br \/>\nI promise you I\u2019ll get better.<\/p>\n<p>\u201cI can do more\u201d I tell myself.<br \/>\nBut when the time comes it all goes wrong.<br \/>\nAnd for me to be enough,<br \/>\nFirst I need to get better.<br \/>\n&nbsp; <\/p>\n<hr \/>\n<p><center>from <strong><font color=\"green\">Ballincollig Community School<\/font><\/strong><br \/>\n&nbsp;<br \/>\n<\/center><center><font size=\"1\">(installed at Ballincollig Regional Park)<\/font><\/center><br \/>\n<audio class=\"wp-audio-shortcode\" id=\"audio-19411-4\" preload=\"none\" style=\"width: 100%;\" controls=\"controls\"><source type=\"audio\/mpeg\" src=\"https:\/\/www.obheal.ie\/blog\/UBP\/audio\/The-Old-Farm-Yard-Senan-Nakajima.mp3?_=4\" \/><a href=\"https:\/\/www.obheal.ie\/blog\/UBP\/audio\/The-Old-Farm-Yard-Senan-Nakajima.mp3\">https:\/\/www.obheal.ie\/blog\/UBP\/audio\/The-Old-Farm-Yard-Senan-Nakajima.mp3<\/a><\/audio><br \/>\n<font size=\"3\"><strong>The Old Farm Yard &#038; Two Haiku<\/strong><\/font>&nbsp; &nbsp; &nbsp; &nbsp;  by <b>Senan Nakajima<\/b><br \/>\n&nbsp; <\/p>\n<p>Dull, dry mud<br \/>\nSmell of slurry stings your senses<\/p>\n<p>A creaking fence<br \/>\nThen cattle simultaneously turning<\/p>\n<p>Brown, big eyes<br \/>\nJust like the burren they call home<\/p>\n<p>&nbsp;<br \/>\n<center>&#8230;<\/center><br \/>\n&nbsp; <\/p>\n<p>Hidden in rockpools<br \/>\nRed spotted crab hides<br \/>\nFrom lurking shadow above<\/p>\n<p>&nbsp;<br \/>\n<center>&#8230;<\/center><br \/>\n&nbsp; <\/p>\n<p>Calming sea sound breeze<br \/>\nSand stuck under your finger nails<br \/>\nSailing boats dot the sea<\/p>\n<p>&nbsp; <\/p>\n<hr \/>\n<p><center>from <strong><font color=\"green\">Ballincollig Community School<\/font><\/strong><br \/>\n&nbsp;<br \/>\n<\/center><center><font size=\"1\">(installed at Gerry O\u2019Sullivan Park)<\/font><\/center><br \/>\n&nbsp;<br \/>\n<audio class=\"wp-audio-shortcode\" id=\"audio-19411-5\" preload=\"none\" style=\"width: 100%;\" controls=\"controls\"><source type=\"audio\/mpeg\" src=\"https:\/\/www.obheal.ie\/blog\/UBP\/audio\/Hot-Air-Balloon-Prescillia-Isibor.mp3?_=5\" \/><a href=\"https:\/\/www.obheal.ie\/blog\/UBP\/audio\/Hot-Air-Balloon-Prescillia-Isibor.mp3\">https:\/\/www.obheal.ie\/blog\/UBP\/audio\/Hot-Air-Balloon-Prescillia-Isibor.mp3<\/a><\/audio><br \/>\n<font size=\"3\"><strong>Hot Air Balloon Stuck In The Sky<\/strong><\/font>&nbsp; &nbsp; &nbsp; &nbsp; &nbsp; &nbsp; &nbsp; &nbsp;  by <b>Prescillia Isibor<\/b><br \/>\n&nbsp; <\/p>\n<p>The sun is shining,<br \/>\nThe weather is cool.<br \/>\nEverything seems to be going well,<br \/>\nBut in the sky there is a stuck air balloon!<br \/>\nThe people are terrified.<br \/>\n\u201cWhat should we do now?\u201d<br \/>\nThere\u2019s nothing left to do,<br \/>\nBut to hope that it will come down.<br \/>\n&nbsp; <\/p>\n<hr \/>\n<p><center>from <strong><font color=\"green\">Col\u00e1iste Dabh\u00e9id<\/font><\/strong><br \/>\n&nbsp;<br \/>\n<font size=\"1\">(installed at Marina Park)<\/font><\/center><br \/>\n<audio class=\"wp-audio-shortcode\" id=\"audio-19411-6\" preload=\"none\" style=\"width: 100%;\" controls=\"controls\"><source type=\"audio\/mpeg\" src=\"https:\/\/www.obheal.ie\/blog\/UBP\/audio\/Gorm-Pink-Dearg-Aoife-NiChianain.mp3?_=6\" \/><a href=\"https:\/\/www.obheal.ie\/blog\/UBP\/audio\/Gorm-Pink-Dearg-Aoife-NiChianain.mp3\">https:\/\/www.obheal.ie\/blog\/UBP\/audio\/Gorm-Pink-Dearg-Aoife-NiChianain.mp3<\/a><\/audio><br \/>\n<font size=\"3\"><strong>Gorm, Pink &#038; Dearg<\/strong><\/font>&nbsp; &nbsp; &nbsp;  &nbsp; &nbsp; &nbsp; &nbsp; &nbsp; &nbsp; &nbsp; &nbsp; &nbsp;  by <b>Aoife N\u00ed Chian\u00e1in<\/b><br \/>\n&nbsp; <\/p>\n<p>Ceapann daoine go bhfuil gorm br\u00f3nach<br \/>\nAch cuir i gc\u00e1s go bhfuil s\u00e9 d\u00f3chasach.<br \/>\nCuir i gc\u00e1s go bhfuil s\u00e9 l\u00e1n de ghr\u00e1<br \/>\nN\u00f3 l\u00e1n de mh\u00ed-\u00e1dh.<br \/>\nCad faoi dearfach<br \/>\nN\u00f3 faoi d\u00e9istineach?<br \/>\n&nbsp;<br \/>\n<center>&#8230;<\/center><br \/>\n&nbsp; <\/p>\n<p>Pink like barbies or childhood bedrooms, pink like bubblegum or pretty nail<br \/>\npolish<br \/>\nPink like nostalgia<br \/>\nPink to make the boys wink<\/p>\n<p>&nbsp;<br \/>\n<center>&#8230;<\/center><br \/>\n&nbsp; <\/p>\n<p>Nuair a fh\u00e9achann daoine dearg<br \/>\nAn mb\u00edonn fearg orthu<br \/>\nAn smaoin\u00edonn said faoin dains\u00e9ar<br \/>\nN\u00f3 an mbraitheann said saor?<br \/>\n&nbsp;<\/p>\n<hr \/>\n<p><center>from <strong><font color=\"green\">Col\u00e1iste Dabh\u00e9id<\/font><\/strong><br \/>\n&nbsp;<br \/>\n<font size=\"1\">(installed at Marina Park)<\/font> <\/center><br \/>\n<audio class=\"wp-audio-shortcode\" id=\"audio-19411-7\" preload=\"none\" style=\"width: 100%;\" controls=\"controls\"><source type=\"audio\/mpeg\" src=\"https:\/\/www.obheal.ie\/blog\/UBP\/audio\/glas-ban-oraiste-Ceola-Ni-Shluaigh.mp3?_=7\" \/><a href=\"https:\/\/www.obheal.ie\/blog\/UBP\/audio\/glas-ban-oraiste-Ceola-Ni-Shluaigh.mp3\">https:\/\/www.obheal.ie\/blog\/UBP\/audio\/glas-ban-oraiste-Ceola-Ni-Shluaigh.mp3<\/a><\/audio><br \/>\n<font size=\"3\"><strong>An glas, b\u00e1n agus or\u00e1iste<\/strong><\/font>&nbsp; &nbsp; &nbsp; &nbsp; &nbsp; &nbsp; &nbsp;  by <b>Ceola N\u00ed Shluaigh<\/b><br \/>\n&nbsp; <\/p>\n<p>An glas agus an or\u00e1iste ach cad faoi an b\u00e1n?<br \/>\nIdir an d\u00e1 cheann eile,<br \/>\n\u00e9 ag scaipeadh fola agus deora,<br \/>\ndaoine agus cairde.<\/p>\n<p>Cad faoi an glas nach f\u00e9idir teagmh\u00e1il leis an or\u00e1iste?<br \/>\nCad is br\u00ed leis an mb\u00e1n<br \/>\ni mo chro\u00ed go hioml\u00e1n?<\/p>\n<p>T\u00e1im leis an mb\u00e1n ach is cuid den ghlas m\u00e9.<br \/>\nBa mhaith liom seasamh ar son an bh\u00e1in<br \/>\ni gcomhar leis an nglas.<br \/>\n&nbsp; <\/p>\n<hr \/>\n<p><center>from <strong><font color=\"green\">St Patrick&#8217;s College<\/font><\/strong><br \/>\n&nbsp;<br \/>\n<font size=\"1\">(installed at Blarney Sanctuary Walkway)<\/font><\/center><br \/>\n<audio class=\"wp-audio-shortcode\" id=\"audio-19411-8\" preload=\"none\" style=\"width: 100%;\" controls=\"controls\"><source type=\"audio\/mpeg\" src=\"https:\/\/www.obheal.ie\/blog\/UBP\/audio\/Ballycotton-Lighthouse-Malena-Jolie-Baake.mp3?_=8\" \/><a href=\"https:\/\/www.obheal.ie\/blog\/UBP\/audio\/Ballycotton-Lighthouse-Malena-Jolie-Baake.mp3\">https:\/\/www.obheal.ie\/blog\/UBP\/audio\/Ballycotton-Lighthouse-Malena-Jolie-Baake.mp3<\/a><\/audio><br \/>\n<font size=\"3\"><strong>Ballycotton Lighthouse<\/strong><\/font>&nbsp; &nbsp; &nbsp; &nbsp; &nbsp; &nbsp; &nbsp; &nbsp; by <b>Malena Jolie Baake<\/b><br \/>\n&nbsp; <\/p>\n<p>Big cliff, sharp edges, water splashing.<br \/>\nBig waves, blue and white, stone breaking through.<br \/>\nA dark shadow over the cliffs,<br \/>\nyes up, look up, up on the hill.<br \/>\nThe top of the lighthouse,<br \/>\na shadow over it, the sun in its back.<br \/>\nThe tops of houses spying down at me.<br \/>\nA blue sky, grey clouds, light.<br \/>\nA storm is coming.<br \/>\nI am leaving home.<br \/>\nI am leaving my city, leaving my comfort.<br \/>\nI\u2019m looking up, scared and small like a mouse.<br \/>\nThe last thing I will see before I am gone<br \/>\nThe Ballycotton lighthouse.<br \/>\n&nbsp; <\/p>\n<hr \/>\n<p><center>from <strong><font color=\"green\">St Patrick&#8217;s College<\/font><\/strong><br \/>\n&nbsp;<br \/>\n<font size=\"1\">(installed at Blarney Sanctuary Walkway)<\/font><\/center><br \/>\n<audio class=\"wp-audio-shortcode\" id=\"audio-19411-9\" preload=\"none\" style=\"width: 100%;\" controls=\"controls\"><source type=\"audio\/mpeg\" src=\"https:\/\/www.obheal.ie\/blog\/UBP\/audio\/My-Grandmother-Mira-Thomas.mp3?_=9\" \/><a href=\"https:\/\/www.obheal.ie\/blog\/UBP\/audio\/My-Grandmother-Mira-Thomas.mp3\">https:\/\/www.obheal.ie\/blog\/UBP\/audio\/My-Grandmother-Mira-Thomas.mp3<\/a><\/audio><br \/>\n<font size=\"3\"><strong>My Grandmother<\/strong><\/font>&nbsp; &nbsp; &nbsp; &nbsp; &nbsp; &nbsp; &nbsp; &nbsp; by <b>Mira Thomas<\/b><br \/>\n&nbsp; <\/p>\n<p>She is cutting the raw cabbage,<br \/>\nQuickly, in her own rhythm.<br \/>\nShe puts the seasoned dead meat into the big leaves<br \/>\nAnd rolls the wrinkly leaves<br \/>\nWith her wrinkly fingers.<br \/>\nShe isn\u2019t even looking at what she\u2019s doing,<br \/>\nMaybe it\u2019s her thousandth time,<br \/>\nHer skilfull fingertips feeling the cold meat.<br \/>\nHer eyes staring through the window<br \/>\nAs if she\u2019s not in the kitchen but<br \/>\nSomewhere in her memories.<br \/>\nAnd I realise<br \/>\nHow much I love my grandmother.<br \/>\n&nbsp; <\/p>\n<hr \/>\n<p><center>from <strong><font color=\"green\">Presentation Brothers College<\/font><\/strong><br \/>\n&nbsp;<br \/>\n<font size=\"1\">(installed at Fitzgerald\u2019s Park)<\/font><\/center><br \/>\n<audio class=\"wp-audio-shortcode\" id=\"audio-19411-10\" preload=\"none\" style=\"width: 100%;\" controls=\"controls\"><source type=\"audio\/mpeg\" src=\"https:\/\/www.obheal.ie\/blog\/UBP\/audio\/Oil-Ian-Crowley.mp3?_=10\" \/><a href=\"https:\/\/www.obheal.ie\/blog\/UBP\/audio\/Oil-Ian-Crowley.mp3\">https:\/\/www.obheal.ie\/blog\/UBP\/audio\/Oil-Ian-Crowley.mp3<\/a><\/audio><br \/>\n<font size=\"3\"><strong>Oil<\/strong><\/font>&nbsp; &nbsp; &nbsp; &nbsp; &nbsp; &nbsp; &nbsp; &nbsp; &nbsp; &nbsp; &nbsp; &nbsp; &nbsp; &nbsp; &nbsp; &nbsp; &nbsp; &nbsp;  &nbsp; &nbsp; &nbsp; &nbsp; &nbsp; &nbsp; &nbsp; &nbsp; &nbsp;  by <b>Ian Crowley <\/b><br \/>\n&nbsp; <\/p>\n<p>Pitch black, the darkness surrounds me.<br \/>\nSuddenly, the earth starts to shake,<br \/>\nI can feel my whole body being squeezed.<br \/>\nLike dust under a vacuum I\u2019m sucked up<br \/>\nUp through pipes and forced into barrels<br \/>\nI\u2019m not used to the sun, its rays cut me into colours<br \/>\nApparently I\u2019m useful now<br \/>\nI\u2019m glad to be important, it wasn\u2019t like that for millennia<br \/>\nNow I am high in the air<br \/>\nWithout me nothing would get done<br \/>\nPeople spent a lot of money to entice me,<br \/>\nPush me out of my shell.<br \/>\nNow they\u2019re saying I\u2019m dangerous<br \/>\nThat my very use is reckless<br \/>\n&nbsp; <\/p>\n<hr \/>\n<p><center>from <strong><font color=\"green\">Presentation Brothers College<\/font><\/strong><br \/>\n&nbsp;<br \/>\n<font size=\"1\">(installed at Fitzgerald\u2019s Park)<\/font><\/center><br \/>\n<audio class=\"wp-audio-shortcode\" id=\"audio-19411-11\" preload=\"none\" style=\"width: 100%;\" controls=\"controls\"><source type=\"audio\/mpeg\" src=\"https:\/\/www.obheal.ie\/blog\/UBP\/audio\/Fly-Dear-Ronan-McCarthy.mp3?_=11\" \/><a href=\"https:\/\/www.obheal.ie\/blog\/UBP\/audio\/Fly-Dear-Ronan-McCarthy.mp3\">https:\/\/www.obheal.ie\/blog\/UBP\/audio\/Fly-Dear-Ronan-McCarthy.mp3<\/a><\/audio><br \/>\n<font size=\"3\"><strong>Fly Dear<\/strong><\/font>&nbsp; &nbsp; &nbsp; &nbsp; &nbsp; &nbsp; &nbsp; &nbsp; &nbsp; &nbsp; &nbsp; &nbsp; &nbsp; &nbsp; &nbsp; &nbsp; &nbsp; &nbsp;  &nbsp; &nbsp; &nbsp; &nbsp; &nbsp; &nbsp; &nbsp; &nbsp; &nbsp;  by <b>Ronan McCarthy<\/b><br \/>\n&nbsp; <\/p>\n<p> &nbsp; &nbsp; &nbsp; &nbsp; &nbsp; &nbsp; &nbsp; <i>After the painting by Cristina Bernazzani<\/i><\/p>\n<p>Fly dear!<br \/>\nFly dear!<br \/>\nYou can do it!<\/p>\n<p>Fly dear!<br \/>\nFly dear!<br \/>\nYou can do it!<\/p>\n<p>I\u2019ve raised four ducks and twenty geese<br \/>\nBut you\u2019re the only bird I\u2019ll ever meet<br \/>\nWho once old enough to leave the nest<br \/>\nDidn\u2019t stretch their wings<br \/>\nPuff out their chest<br \/>\nAnd fly!<\/p>\n<p>Don\u2019t you get tired of sitting around,<br \/>\nSleeping all day, pecking on the ground?<br \/>\nCome now dear chicken, if you really try<br \/>\nOne of these days you\u2019ll surely fly!<br \/>\n&nbsp; <\/p>\n<hr \/>\n<p><center>from <strong><font color=\"green\">Presentation Brothers College<\/font><\/strong><br \/>\n&nbsp;<br \/>\n<font size=\"1\">(installed at Gerry O\u2019Sullivan Park)<\/font><\/center><br \/>\n<audio class=\"wp-audio-shortcode\" id=\"audio-19411-12\" preload=\"none\" style=\"width: 100%;\" controls=\"controls\"><source type=\"audio\/mpeg\" src=\"https:\/\/www.obheal.ie\/blog\/UBP\/audio\/Early-this-morning-Andrew-Maume.mp3?_=12\" \/><a href=\"https:\/\/www.obheal.ie\/blog\/UBP\/audio\/Early-this-morning-Andrew-Maume.mp3\">https:\/\/www.obheal.ie\/blog\/UBP\/audio\/Early-this-morning-Andrew-Maume.mp3<\/a><\/audio><br \/>\n<font size=\"3\"><strong>Early this morning<\/strong><\/font>&nbsp; &nbsp; &nbsp; &nbsp; &nbsp; &nbsp; &nbsp; &nbsp; &nbsp; &nbsp; &nbsp; by <b>Andrew Maume <\/b><br \/>\n&nbsp; <\/p>\n<p>I flew to the moon<br \/>\nAs I travelled up<br \/>\nmy rockets started to boom<br \/>\nSuddenly we were out of the Earth<br \/>\nand into the dark, black space<br \/>\nAfter four more hours<br \/>\nwe had won the space race<br \/>\nWhen we landed I got to meet<br \/>\nthat man on the moon<br \/>\nI was happy as could be like a kid with a balloon<br \/>\nWe had finished our mission<br \/>\nI was sad it was over<br \/>\nBut I will be happy forever.<br \/>\n&nbsp; <\/p>\n<hr \/>\n<p>&nbsp; <\/p>\n<p><a href=\"https:\/\/www.corkcity.ie\/en\/cruinniu-na-nog\/\"><img loading=\"lazy\" decoding=\"async\" src=\"https:\/\/www.obheal.ie\/blog\/UBP\/Cruinniu_na_nOg-2023.jpg\" width=\"490\" height=\"179\"\/><\/a><br \/>\n&nbsp;<\/p>\n<p><center><em>The <strong>eBook version<\/strong> is available (free) via the following links:<\/em><\/p>\n<p><a target=\"_blank\" href=\"https:\/\/www.obheal.ie\/blog\/UBP\/UnfinishedBookOfPoetry2023hr.pdf\" rel=\"noopener noreferrer\" onclick=\"\u201d_gaq.push([\u2018_trackEvent\u2019,\u2019Download\u2019,\u2019PDF\u2019,this.href]);\u201d\"><strong>Unfinished Book of Poetry 2023<\/strong> (High Resolution <strong>20MB<\/strong>)<\/a><\/p>\n<p><a target=\"_blank\" href=\"https:\/\/www.obheal.ie\/blog\/UBP\/UnfinishedBookOfPoetry2023mr.pdf\" rel=\"noopener noreferrer\" onclick=\"\u201d_gaq.push([\u2018_trackEvent\u2019,\u2019Download\u2019,\u2019PDF\u2019,this.href]);\u201d\"><strong>Unfinished Book of Poetry 2023<\/strong> (Medium Resolution <strong>7.5MB<\/strong>)<\/a><\/p>\n<p><a target=\"_blank\" href=\"https:\/\/www.obheal.ie\/blog\/UBP\/UnfinishedBookOfPoetry2023lr.pdf\" rel=\"noopener noreferrer\" onclick=\"\u201d_gaq.push([\u2018_trackEvent\u2019,\u2019Download\u2019,\u2019PDF\u2019,this.href]);\u201d\"><strong>Unfinished Book of Poetry 2023<\/strong> (Low Resolution <strong>3.5MB<\/strong>)<\/a><\/center><\/p>\n<p><strong>Foreword<\/strong><\/p>\n<p>The seasons turn and time goes by and yet somethings are almost a given, a high point in the year. So it is with <em>The Unfinished Book of Poetry 2023<\/em>, now this extraordinary anthology is the 19th edition in the series, and once more is also published as an eBook. The world post Covid has settled back into a new normality and yet the interest in this creative ongoing project has never waned and grows and continues to blossom.<\/p>\n<p><em> The Unfinished Book<\/em> features new poems from young writers across the city. This year\u2019s edition showcases 45 young voices, representing five schools. The breadth of the work in this anthology showcases a vibrant contribution throughout with a wide variety of subject and style. The finished product is, as ever, thanks to the careful and attentive work of the five assisting writers. Each component of this process is important but without them this project would not have the impact it continues to enjoy. They have the happy effect of bringing out the talent of the students, and giving them the skills and confidence to express themselves in these, their collected works.<\/p>\n<p> Thanks, and Congratulations to all of the young writers involved and their assisting writers:<\/p>\n<p> \u2022 <strong>Regina Mundi College<\/strong> with poet Niamh Prior in Douglas Library;<\/p>\n<p> \u2022 <strong>Ballincollig Community School<\/strong> led by poet Matthew Geden at the school;<\/p>\n<p> \u2022 <strong>Col\u00e1iste Dabh\u00e9id<\/strong> ch\u00faram Colm \u00d3 Ceallach\u00e1in, i Leabharlann na Cathrach;<\/p>\n<p> \u2022 <strong>St Patrick&#8217;s College<\/strong> with poet Lani O&#8217;Hanlon in Mayfield Library; and<\/p>\n<p> \u2022 <strong>Presentation Brothers College<\/strong> with Paul Casey at the school.<\/p>\n<p> As many of you know this was an innovative project in 2005, when the first <em>Unfinished Book of Poetry<\/em> was published. It has led to something unique that has a resonance with the younger writers. As it continues to prosper I warmly welcome this latest volume and I hope you enjoy it. <\/p>\n<p> Special thanks to the assisting Authors and especially Paul Casey of \u00d3 Bh\u00e9al for editing and curating the work.<\/p>\n<div align=\"right\"><strong>David O&#8217;Brien<\/strong><br \/>\nCork City Librarian<\/div>\n<p>&nbsp;<\/p>\n","protected":false},"excerpt":{"rendered":"<p>&nbsp; The following poems have been selected from twelve poets published in The Unfinished Book of Poetry 2023, and are being displayed in Cork City Library&#8217;s Poetry in the Parks project during the summer, via installations in Marina Park, Fitzgerald&#8217;s Park, Tramore Valley Park, Ballincollig Regional Park, Gerry O\u2019Sullivan Park and the Blarney Sanctuary Walkway. [&hellip;]<\/p>\n","protected":false},"author":1,"featured_media":0,"parent":5244,"menu_order":0,"comment_status":"closed","ping_status":"closed","template":"","meta":{"_uf_show_specific_survey":0,"_uf_disable_surveys":false,"footnotes":""},"class_list":["post-19411","page","type-page","status-publish","hentry"],"_links":{"self":[{"href":"https:\/\/www.obheal.ie\/blog\/wp-json\/wp\/v2\/pages\/19411","targetHints":{"allow":["GET"]}}],"collection":[{"href":"https:\/\/www.obheal.ie\/blog\/wp-json\/wp\/v2\/pages"}],"about":[{"href":"https:\/\/www.obheal.ie\/blog\/wp-json\/wp\/v2\/types\/page"}],"author":[{"embeddable":true,"href":"https:\/\/www.obheal.ie\/blog\/wp-json\/wp\/v2\/users\/1"}],"replies":[{"embeddable":true,"href":"https:\/\/www.obheal.ie\/blog\/wp-json\/wp\/v2\/comments?post=19411"}],"version-history":[{"count":11,"href":"https:\/\/www.obheal.ie\/blog\/wp-json\/wp\/v2\/pages\/19411\/revisions"}],"predecessor-version":[{"id":19425,"href":"https:\/\/www.obheal.ie\/blog\/wp-json\/wp\/v2\/pages\/19411\/revisions\/19425"}],"up":[{"embeddable":true,"href":"https:\/\/www.obheal.ie\/blog\/wp-json\/wp\/v2\/pages\/5244"}],"wp:attachment":[{"href":"https:\/\/www.obheal.ie\/blog\/wp-json\/wp\/v2\/media?parent=19411"}],"curies":[{"name":"wp","href":"https:\/\/api.w.org\/{rel}","templated":true}]}}