{"id":18220,"date":"2022-10-09T12:40:43","date_gmt":"2022-10-09T12:40:43","guid":{"rendered":"https:\/\/www.obheal.ie\/blog\/?page_id=18220"},"modified":"2023-03-10T15:48:20","modified_gmt":"2023-03-10T15:48:20","slug":"demography","status":"publish","type":"page","link":"https:\/\/www.obheal.ie\/blog\/demography\/","title":{"rendered":"Participation Demographics"},"content":{"rendered":"<hr \/>\n<p><center><b>\u00d3 Bh\u00e9al Reading Series<\/p>\n<p><font color=\"green\">Participation Statistics<\/font> 2007 &#8211; 2022<\/b><\/p>\n<p><font size=\"2\"><em>(<b>Winter Warmer Festival<\/b> figures are separate, further down the page)<\/em><\/font><\/center><\/p>\n<p>From April 2007 to December 2019 \u00d3 Bh\u00e9al hosted fifty events per year + the Winter Warmer festival (since 2013). Since January 2020 \u00d3 Bh\u00e9al\u2019s regular event has been a monthly fixture. <\/p>\n<p><i><center>Click on Images to Enlarge<\/center><\/i><\/p>\n<hr \/>\n<p><center><strong>Reading Series: <font color=\"green\">Guest Poets by Country 2007-2022<\/font><\/strong><\/center><\/p>\n<p><a target=\"_blank\" href=\"https:\/\/www.obheal.ie\/blog\/wp-content\/uploads\/2023\/02\/Slide23.png\" rel=\"noopener\"><img loading=\"lazy\" decoding=\"async\" src=\"https:\/\/www.obheal.ie\/blog\/wp-content\/uploads\/2023\/02\/Slide23.png\" width=\"492\" height=\"275\" border=\"1\" align=\"right\"\/><\/a><br \/>\n<a target=\"_blank\" href=\"https:\/\/www.obheal.ie\/blog\/wp-content\/uploads\/2023\/02\/Slide22.PNG\" rel=\"noopener\"><img loading=\"lazy\" decoding=\"async\" src=\"https:\/\/www.obheal.ie\/blog\/wp-content\/uploads\/2023\/02\/Slide22.PNG\" width=\"492\" height=\"275\" border=\"1\" align=\"right\"\/><\/a><br \/>\n&nbsp;<\/p>\n<hr \/>\n<p><center><strong>Reading Series: <font color=\"green\">Guest Poet and Open Mic Participants 2007 &#8211; 2022<\/font><\/strong><\/center><\/p>\n<p><a target=\"_blank\" href=\"https:\/\/www.obheal.ie\/blog\/wp-content\/uploads\/2023\/02\/Slide17.png\" rel=\"noopener\"><img loading=\"lazy\" decoding=\"async\" src=\"https:\/\/www.obheal.ie\/blog\/wp-content\/uploads\/2023\/02\/Slide17.png\" width=\"492\" height=\"275\" border=\"1\" align=\"right\"\/><\/a><br \/>\n&nbsp;<\/p>\n<hr \/>\n<p><center><strong>Reading Series: <font color=\"green\">Guest Poet and Open Mic Gender Ratios<\/font><\/strong><\/center><br \/>\n<a target=\"_blank\" href=\"https:\/\/www.obheal.ie\/blog\/wp-content\/uploads\/2023\/02\/Slide18.PNG\" rel=\"noopener\"><img loading=\"lazy\" decoding=\"async\" src=\"https:\/\/www.obheal.ie\/blog\/wp-content\/uploads\/2023\/02\/Slide18.PNG\" width=\"492\" height=\"275\" border=\"1\" align=\"right\"\/><\/a><br \/>\n&nbsp;<\/p>\n<hr \/>\n<p><center><strong>Reading Series: <font color=\"green\">Guest Poets by County 2007-2022<\/font><\/strong><\/center><\/p>\n<p><a target=\"_blank\" href=\"https:\/\/www.obheal.ie\/blog\/wp-content\/uploads\/2022\/08\/Slide20.PNG\" rel=\"noopener\"><img loading=\"lazy\" decoding=\"async\" src=\"https:\/\/www.obheal.ie\/blog\/wp-content\/uploads\/2023\/02\/Slide20.PNG\" width=\"492\" height=\"275\" border=\"1\" align=\"right\"\/><\/a><br \/>\n<a target=\"_blank\" href=\"https:\/\/www.obheal.ie\/blog\/wp-content\/uploads\/2023\/02\/Slide21.PNG\" rel=\"noopener\"><img loading=\"lazy\" decoding=\"async\" src=\"https:\/\/www.obheal.ie\/blog\/wp-content\/uploads\/2023\/02\/Slide21.PNG\" width=\"492\" height=\"275\" border=\"1\" align=\"right\"\/><\/a><br \/>\n<a target=\"_blank\" href=\"https:\/\/www.obheal.ie\/blog\/wp-content\/uploads\/2023\/02\/Slide19.PNG\" rel=\"noopener\"><img loading=\"lazy\" decoding=\"async\" src=\"https:\/\/www.obheal.ie\/blog\/wp-content\/uploads\/2023\/02\/Slide19.PNG\" width=\"492\" height=\"275\" border=\"1\" align=\"right\"\/><\/a><br \/>\n&nbsp;<\/p>\n<hr \/>\n<hr \/>\n<p><center><strong>Reading Series: <font color=\"green\">Yearly Participation Statistics<\/font><\/strong><\/center><\/p>\n<p><a target=\"_blank\" href=\"https:\/\/www.obheal.ie\/blog\/wp-content\/uploads\/2023\/02\/Slide1b.PNG\" rel=\"noopener\"><img loading=\"lazy\" decoding=\"async\" src=\"https:\/\/www.obheal.ie\/blog\/wp-content\/uploads\/2023\/02\/Slide1b.PNG\" width=\"492\" height=\"275\" border=\"1\" align=\"right\"\/><\/a><br \/>\n<a target=\"_blank\" href=\"https:\/\/www.obheal.ie\/blog\/wp-content\/uploads\/2022\/08\/Slide3.PNG\" rel=\"noopener\"><img loading=\"lazy\" decoding=\"async\" src=\"https:\/\/www.obheal.ie\/blog\/wp-content\/uploads\/2022\/08\/Slide3sm.jpg\" width=\"492\" height=\"275\" border=\"1\" align=\"right\"\/><\/a><br \/>\n<a target=\"_blank\" href=\"https:\/\/www.obheal.ie\/blog\/wp-content\/uploads\/2022\/08\/Slide4.PNG\" rel=\"noopener\"><img loading=\"lazy\" decoding=\"async\" src=\"https:\/\/www.obheal.ie\/blog\/wp-content\/uploads\/2022\/08\/Slide4sm.jpg\" width=\"492\" height=\"275\" border=\"1\" align=\"right\"\/><\/a><br \/>\n<a target=\"_blank\" href=\"https:\/\/www.obheal.ie\/blog\/wp-content\/uploads\/2022\/08\/Slide5.PNG\" rel=\"noopener\"><img loading=\"lazy\" decoding=\"async\" src=\"https:\/\/www.obheal.ie\/blog\/wp-content\/uploads\/2022\/08\/Slide5sm.jpg\" width=\"492\" height=\"275\" border=\"1\" align=\"right\"\/><\/a><br \/>\n<a target=\"_blank\" href=\"https:\/\/www.obheal.ie\/blog\/wp-content\/uploads\/2022\/08\/Slide6.PNG\" rel=\"noopener\"><img loading=\"lazy\" decoding=\"async\" src=\"https:\/\/www.obheal.ie\/blog\/wp-content\/uploads\/2022\/08\/Slide6sm.jpg\" width=\"492\" height=\"275\" border=\"1\" align=\"right\"\/><\/a><br \/>\n<a target=\"_blank\" href=\"https:\/\/www.obheal.ie\/blog\/wp-content\/uploads\/2022\/08\/Slide7.PNG\" rel=\"noopener\"><img loading=\"lazy\" decoding=\"async\" src=\"https:\/\/www.obheal.ie\/blog\/wp-content\/uploads\/2022\/08\/Slide7sm.jpg\" width=\"492\" height=\"275\" border=\"1\" align=\"right\"\/><\/a><br \/>\n<a target=\"_blank\" href=\"https:\/\/www.obheal.ie\/blog\/wp-content\/uploads\/2022\/08\/Slide8.PNG\" rel=\"noopener\"><img loading=\"lazy\" decoding=\"async\" src=\"https:\/\/www.obheal.ie\/blog\/wp-content\/uploads\/2022\/08\/Slide8sm.jpg\" width=\"492\" height=\"275\" border=\"1\" align=\"right\"\/><\/a><br \/>\n<a target=\"_blank\" href=\"https:\/\/www.obheal.ie\/blog\/wp-content\/uploads\/2022\/08\/Slide9.PNG\" rel=\"noopener\"><img loading=\"lazy\" decoding=\"async\" src=\"https:\/\/www.obheal.ie\/blog\/wp-content\/uploads\/2022\/08\/Slide9sm.jpg\" width=\"492\" height=\"275\" border=\"1\" align=\"right\"\/><\/a><br \/>\n<a target=\"_blank\" href=\"https:\/\/www.obheal.ie\/blog\/wp-content\/uploads\/2022\/08\/Slide10.PNG\" rel=\"noopener\"><img loading=\"lazy\" decoding=\"async\" src=\"https:\/\/www.obheal.ie\/blog\/wp-content\/uploads\/2022\/08\/Slide10sm.jpg\" width=\"492\" height=\"275\" border=\"1\" align=\"right\"\/><\/a><br \/>\n<a target=\"_blank\" href=\"https:\/\/www.obheal.ie\/blog\/wp-content\/uploads\/2022\/08\/Slide11.PNG\" rel=\"noopener\"><img loading=\"lazy\" decoding=\"async\" src=\"https:\/\/www.obheal.ie\/blog\/wp-content\/uploads\/2022\/08\/Slide11sm.jpg\" width=\"492\" height=\"275\" border=\"1\" align=\"right\"\/><\/a><br \/>\n<a target=\"_blank\" href=\"https:\/\/www.obheal.ie\/blog\/wp-content\/uploads\/2022\/08\/Slide12.PNG\" rel=\"noopener\"><img loading=\"lazy\" decoding=\"async\" src=\"https:\/\/www.obheal.ie\/blog\/wp-content\/uploads\/2022\/08\/Slide12sm.jpg\" width=\"492\" height=\"275\" border=\"1\" align=\"right\"\/><\/a><br \/>\n<a target=\"_blank\" href=\"https:\/\/www.obheal.ie\/blog\/wp-content\/uploads\/2022\/08\/Slide13.PNG\" rel=\"noopener\"><img loading=\"lazy\" decoding=\"async\" src=\"https:\/\/www.obheal.ie\/blog\/wp-content\/uploads\/2022\/08\/Slide13sm.jpg\" width=\"492\" height=\"275\" border=\"1\" align=\"right\"\/><\/a><br \/>\n<a target=\"_blank\" href=\"https:\/\/www.obheal.ie\/blog\/wp-content\/uploads\/2022\/08\/Slide14.PNG\" rel=\"noopener\"><img loading=\"lazy\" decoding=\"async\" src=\"https:\/\/www.obheal.ie\/blog\/wp-content\/uploads\/2022\/08\/Slide14sm.jpg\" width=\"492\" height=\"275\" border=\"1\" align=\"right\"\/><\/a><br \/>\n<a target=\"_blank\" href=\"https:\/\/www.obheal.ie\/blog\/wp-content\/uploads\/2022\/08\/Slide15.PNG\" rel=\"noopener\"><img loading=\"lazy\" decoding=\"async\" src=\"https:\/\/www.obheal.ie\/blog\/wp-content\/uploads\/2022\/08\/Slide15sm.jpg\" width=\"492\" height=\"275\" border=\"1\" align=\"right\"\/><\/a><br \/>\n<a target=\"_blank\" href=\"https:\/\/www.obheal.ie\/blog\/wp-content\/uploads\/2022\/08\/Slide16.PNG\" rel=\"noopener\"><img loading=\"lazy\" decoding=\"async\" src=\"https:\/\/www.obheal.ie\/blog\/wp-content\/uploads\/2022\/08\/Slide16sm.jpg\" width=\"492\" height=\"275\" border=\"1\" align=\"right\"\/><\/a><br \/>\n<a target=\"_blank\" href=\"https:\/\/www.obheal.ie\/blog\/wp-content\/uploads\/2023\/02\/Slide16b.PNG\" rel=\"noopener\"><img loading=\"lazy\" decoding=\"async\" src=\"https:\/\/www.obheal.ie\/blog\/wp-content\/uploads\/2023\/02\/Slide16b.PNG\" width=\"492\" height=\"275\" border=\"1\" align=\"right\"\/><\/a><br \/>\n&nbsp;<\/p>\n<hr \/>\n<hr \/>\n<p><center><strong>Winter Warmer Festival Series: <font color=\"green\">Participation Statistics<\/font><\/strong><\/center><\/p>\n<p><a target=\"_blank\" href=\"https:\/\/www.obheal.ie\/blog\/wp-content\/uploads\/2022\/08\/Slide24.PNG\" rel=\"noopener\"><img loading=\"lazy\" decoding=\"async\" src=\"https:\/\/www.obheal.ie\/blog\/wp-content\/uploads\/2022\/08\/Slide24sm.jpg\" width=\"492\" height=\"275\" border=\"1\" align=\"right\"\/><\/a><br \/>\n<a target=\"_blank\" href=\"https:\/\/www.obheal.ie\/blog\/wp-content\/uploads\/2022\/08\/Slide25.PNG\" rel=\"noopener\"><img loading=\"lazy\" decoding=\"async\" src=\"https:\/\/www.obheal.ie\/blog\/wp-content\/uploads\/2022\/08\/Slide25sm.jpg\" width=\"492\" height=\"275\" border=\"1\" align=\"right\"\/><\/a><br \/>\n<a target=\"_blank\" href=\"https:\/\/www.obheal.ie\/blog\/wp-content\/uploads\/2022\/08\/Slide26.PNG\" rel=\"noopener\"><img loading=\"lazy\" decoding=\"async\" src=\"https:\/\/www.obheal.ie\/blog\/wp-content\/uploads\/2022\/08\/Slide26sm.jpg\" width=\"492\" height=\"275\" border=\"1\" align=\"right\"\/><\/a><br \/>\n<a target=\"_blank\" href=\"https:\/\/www.obheal.ie\/blog\/wp-content\/uploads\/2022\/08\/Slide27.PNG\" rel=\"noopener\"><img loading=\"lazy\" decoding=\"async\" src=\"https:\/\/www.obheal.ie\/blog\/wp-content\/uploads\/2022\/08\/Slide27sm.jpg\" width=\"492\" height=\"275\" border=\"1\" align=\"right\"\/><\/a><br \/>\n<a target=\"_blank\" href=\"https:\/\/www.obheal.ie\/blog\/wp-content\/uploads\/2022\/08\/Slide28.PNG\" rel=\"noopener\"><img loading=\"lazy\" decoding=\"async\" src=\"https:\/\/www.obheal.ie\/blog\/wp-content\/uploads\/2022\/08\/Slide28sm.jpg\" width=\"492\" height=\"275\" border=\"1\" align=\"right\"\/><\/a><br \/>\n<a target=\"_blank\" href=\"https:\/\/www.obheal.ie\/blog\/wp-content\/uploads\/2022\/08\/Slide29.PNG\" rel=\"noopener\"><img loading=\"lazy\" decoding=\"async\" src=\"https:\/\/www.obheal.ie\/blog\/wp-content\/uploads\/2022\/08\/Slide29sm.jpg\" width=\"492\" height=\"275\" border=\"1\" align=\"right\"\/><\/a><br \/>\n<a target=\"_blank\" href=\"https:\/\/www.obheal.ie\/blog\/wp-content\/uploads\/2022\/08\/Slide30.PNG\" rel=\"noopener\"><img loading=\"lazy\" decoding=\"async\" src=\"https:\/\/www.obheal.ie\/blog\/wp-content\/uploads\/2022\/08\/Slide30sm.jpg\" width=\"492\" height=\"275\" border=\"1\" align=\"right\"\/><\/a><br \/>\n<a target=\"_blank\" href=\"https:\/\/www.obheal.ie\/blog\/wp-content\/uploads\/2022\/08\/Slide31.PNG\" rel=\"noopener\"><img loading=\"lazy\" decoding=\"async\" src=\"https:\/\/www.obheal.ie\/blog\/wp-content\/uploads\/2022\/08\/Slide31sm.jpg\" width=\"492\" height=\"275\" border=\"1\" align=\"right\"\/><\/a><br \/>\n<a target=\"_blank\" href=\"https:\/\/www.obheal.ie\/blog\/wp-content\/uploads\/2022\/08\/Slide32.PNG\" rel=\"noopener\"><img loading=\"lazy\" decoding=\"async\" src=\"https:\/\/www.obheal.ie\/blog\/wp-content\/uploads\/2022\/08\/Slide32sm.jpg\" width=\"492\" height=\"275\" border=\"1\" align=\"right\"\/><\/a><br \/>\n<a target=\"_blank\" href=\"https:\/\/www.obheal.ie\/blog\/wp-content\/uploads\/2023\/02\/Slide33.PNG\" rel=\"noopener\"><img loading=\"lazy\" decoding=\"async\" src=\"https:\/\/www.obheal.ie\/blog\/wp-content\/uploads\/2023\/02\/Slide33.PNG\" width=\"492\" height=\"275\" border=\"1\" align=\"right\"\/><\/a> <\/p>\n","protected":false},"excerpt":{"rendered":"<p>\u00d3 Bh\u00e9al Reading Series Participation Statistics 2007 &#8211; 2022 (Winter Warmer Festival figures are separate, further down the page) From April 2007 to December 2019 \u00d3 Bh\u00e9al hosted fifty events per year + the Winter Warmer festival (since 2013). Since January 2020 \u00d3 Bh\u00e9al\u2019s regular event has been a monthly fixture. Click on Images to [&hellip;]<\/p>\n","protected":false},"author":1,"featured_media":0,"parent":0,"menu_order":0,"comment_status":"closed","ping_status":"closed","template":"","meta":{"_uf_show_specific_survey":0,"_uf_disable_surveys":false,"footnotes":""},"class_list":["post-18220","page","type-page","status-publish","hentry"],"_links":{"self":[{"href":"https:\/\/www.obheal.ie\/blog\/wp-json\/wp\/v2\/pages\/18220","targetHints":{"allow":["GET"]}}],"collection":[{"href":"https:\/\/www.obheal.ie\/blog\/wp-json\/wp\/v2\/pages"}],"about":[{"href":"https:\/\/www.obheal.ie\/blog\/wp-json\/wp\/v2\/types\/page"}],"author":[{"embeddable":true,"href":"https:\/\/www.obheal.ie\/blog\/wp-json\/wp\/v2\/users\/1"}],"replies":[{"embeddable":true,"href":"https:\/\/www.obheal.ie\/blog\/wp-json\/wp\/v2\/comments?post=18220"}],"version-history":[{"count":98,"href":"https:\/\/www.obheal.ie\/blog\/wp-json\/wp\/v2\/pages\/18220\/revisions"}],"predecessor-version":[{"id":19308,"href":"https:\/\/www.obheal.ie\/blog\/wp-json\/wp\/v2\/pages\/18220\/revisions\/19308"}],"wp:attachment":[{"href":"https:\/\/www.obheal.ie\/blog\/wp-json\/wp\/v2\/media?parent=18220"}],"curies":[{"name":"wp","href":"https:\/\/api.w.org\/{rel}","templated":true}]}}