{"id":18166,"date":"2022-07-05T11:19:20","date_gmt":"2022-07-05T11:19:20","guid":{"rendered":"https:\/\/www.obheal.ie\/blog\/?page_id=18166"},"modified":"2022-10-06T10:58:10","modified_gmt":"2022-10-06T10:58:10","slug":"guests-92-aug-sep-2022","status":"publish","type":"page","link":"https:\/\/www.obheal.ie\/blog\/guest-poets\/guests-92-aug-sep-2022\/","title":{"rendered":"Guests (92) Aug\/Sep 2022"},"content":{"rendered":"<hr \/>\n<p><center><strong>August and September<\/strong><\/center><\/p>\n<hr \/>\n<p><a name=\"8thAugust\"><\/a><\/p>\n<p><center><em>8th August<\/em><\/p>\n<p><font size=\"1\" color=\"\"><strong>\u00d3 Bh\u00e9al<\/strong><\/font><font size=\"1\"> in association with <\/font><font size=\"1\" color=\"\"><strong>Cork City Council<\/strong><\/font>, <font size=\"1\" color=\"\"><strong>Coventry City Council<\/strong><\/font><br \/>\n<font size=\"1\">and<\/font> <font size=\"1\" color=\"\"><strong>Here Comes Everyone<\/strong><\/font><\/p>\n<p><font size=\"1\">presents a <\/font><font size=\"1\" color=\"green\"><strong>Cork-Coventry Twin Cities Celebration<\/strong><\/font><font size=\"1\"> with poets<\/font><\/p>\n<p><strong>Sujana Crawford<\/strong> and <strong>John Bernard<\/strong><br \/>\n<font size=\"1\">(both poets in-person)<\/font><\/center><\/p>\n<hr \/>\n<p><center>You can listen to Sujana&#8217;s reading <a href=\"https:\/\/www.obheal.ie\/blog\/audio\/Guest Reading - Sujana Crawford-H.mp3\">here<\/a>.<\/center><br \/>\n<span style=\"color: silver;\"><img loading=\"lazy\" decoding=\"async\" src=\"https:\/\/www.obheal.ie\/blog\/wp-content\/uploads\/2022\/07\/SujanaCrawfordSm.jpg\" width=\"200\" height=\"150\" border=\"1\" align=\"right\"\/><\/span><font size=\"1\"><strong>Sujana Crawford <\/strong> is a multilingual poet, playwright and researcher working in English, Nepali and Hindi. Sujana&#8217;s creative work is driven by a fascination with people, places and folklore. Her work has been featured in various magazines and anthologies, and plays have been developed in collaboration with BBC Radio 4, Birmingham Rep and Warwick Arts Centre, among others. <\/p>\n<p>Sujana has also featured in BBC Radio 3&#8217;s The Verb, BBC Contains Strong Language Festival and British Council&#8217;s International Changemakers. In her day job, Sujana works as a UX Researcher, and has worked across the UK public sector helping research and design better IT services. Born in China, Sujana was primarily raised in Nepal, and currently lives in Warwickshire with her husband and two young children. <\/font><\/p>\n<hr \/>\n<p><center>You can listen to John&#8217;s reading <a href=\"https:\/\/www.obheal.ie\/blog\/audio\/Guest Reading - John Bernard-H.mp3\">here<\/a>.<\/center><br \/>\n<span style=\"color: silver;\"><img loading=\"lazy\" decoding=\"async\" src=\"https:\/\/www.obheal.ie\/blog\/wp-content\/uploads\/2022\/07\/JohnBernardSm.jpg\" width=\"184\" height=\"150\" border=\"1\" align=\"right\"\/><\/span><font size=\"1\"><strong>John Bernard<\/strong> is a Coventry based Poet, Rapper &#038; Writer who uses his artistry to inspire, influence and invigorate his listeners. He has featured on BBC Radio 3&#8217;s The Verb, BBC radio 5 live, BBC Contains Strong Language Festival, BBC 1xtra as well as performing regularly around the UK. Distinctive delivery, commanding voice, an intricate lyricist his content is authentically raw and potent. He has undoubtedly carved a lane for himself infusing Spoken Word poetry, Alternative-Rap and Neo- Soul.<br \/>\n<\/font><br \/>\n&nbsp;<\/p>\n<p><img loading=\"lazy\" decoding=\"async\" src=\"https:\/\/www.obheal.ie\/blog\/wp-content\/uploads\/2021\/07\/CorkAndCoventryWide.jpg\" width=\"492\" height=\"60\" border=\"0\"\/><br \/>\n&nbsp;<\/p>\n<hr \/>\n<p><center><b><font size=\"1\">You can watch a video of the event here<\/font><\/b><br \/>\n<iframe loading=\"lazy\" src=\"https:\/\/player.vimeo.com\/video\/729114083\" width=\"490\" height=\"276\" frameborder=\"1\" allow=\"autoplay; fullscreen\" allowfullscreen><\/iframe><\/center><\/p>\n<hr \/>\n<p><center><strong><font color=\"green\">Hybrid \u00d3 Bh\u00e9al Session<\/font><\/strong><\/center><\/p>\n<p><font size=\"1\">This event will be both <strong>in-person<\/strong>, hosted in the Hayloft bar, upstairs in Long Valley, Winthrop St Cork, <strong>as well as<\/strong> on <strong>Zoom<\/strong> (which is limited to 100 people). Participation in the open-mic session and five word challenge is open to both in-person <em>and<\/em> virtual attendees. The session will be live-streamed  at <b><a href=\"http:\/\/www.obheal.ie\/live\" target=\"_blank\" rel=\"noopener noreferrer\">obheal.ie\/live<\/a><\/b> and via \u00d3 Bh\u00e9al&#8217;s <b><a href=\"http:\/\/www.vimeo.com\/obheal\">Vimeo<\/a><\/b>, <b><a href=\"https:\/\/www.facebook.com\/obheal.poetry\/\">Facebook<\/a><\/b> and <b><a href=\"http:\/\/www.youtube.com\/obheal\">YouTube <\/a><\/b>channels. <strong><em><font color=\"green\">Note to Participants<\/font><\/em><\/strong>: Our hybrid events are recorded and remain viewable on video via these same channels. <\/p>\n<p><a href=\"https:\/\/www.obheal.ie\/live\"><font size=\"1\" color=\"green\"><img loading=\"lazy\" decoding=\"async\" src=\"https:\/\/www.obheal.ie\/live\/LiveStageLinkWide.jpg\" width=\"492\" height=\"120\" alt=\"Click here for our Live Poetry Stage\"\/><\/font><\/a><\/p>\n<p>We are no longer posting the zoom link via our social media channels. Upon written request to <a href=\"mailto:info@obheal.ie\">info@obheal.ie<\/a> with a sentence outlining your reason for participation, a link to join the session will be emailed to you on the evening of the event, which is expected to run for between 2-3 hours.<\/p>\n<p><center><em><strong>The evening will feature four parts:<\/strong><\/em><\/center><\/p>\n<p><strong>7-7.45pm: Poetry-Films<\/strong> (random  play from \u00d3 Bh\u00e9al&#8217;s Poetry-Film comp archives &#8211; <strong>NOT STREAMED<\/strong>);<br \/>\n<strong>8.30pm: Five Word Challenge<\/strong> (max 30 &#8211; after the allotted 15 minutes writing time);<br \/>\n<strong>9.30pm: Featured Guest Poets <\/strong>(20 minutes each);<br \/>\n<strong>10:20pm: Open-Mic<\/strong> Session for original poetry (max 30).<\/p>\n<p>(<strong>Entering a Zoom meeting<\/strong> is <a href=\"https:\/\/support.zoom.us\/hc\/en-us\/articles\/201362193-Joining-a-Meeting\">all explained <b>here >>><\/b><\/a>. This link provides you with a step-by-step guide and YouTube tutorial if necessary. You should check this out if you&#8217;re unfamiliar with the Zoom platform &#8211; it also shows you where to download the zoom client\/app for your computer\/phone. <i>Please Make sure to know where the chat box is and how to mute yourself to reduce background sound.<\/i>)<\/font><\/p>\n<hr \/>\n<hr \/>\n<p><a name=\"12thSeptember\"><\/a><\/p>\n<p><center><em>12th September<\/em><\/p>\n<p><font size=\"1\"><strong><font color=\"green\">\u00d3 Bh\u00e9al<\/font><\/strong><\/font><font size=\"1\"> in association with <\/font><font size=\"1\" color=\"green\"><strong>Foras na Gaeilge<\/strong><\/font> <font size=\"1\">presents<\/font><\/p>\n<p><strong>Isobel N\u00ed Riain<\/strong>  and <strong>\u00c1ine U\u00ed Fhoghl\u00fa<\/strong><br \/>\n<font size=\"1\">(via Zoom)<\/font>&nbsp; &nbsp; &nbsp; &nbsp; &nbsp; &nbsp; &nbsp; &nbsp;  <font size=\"1\">(in-person)<\/font> <\/center><\/p>\n<hr \/>\n<p><center>You can listen to Isobel&#8217;s reading <a href=\"https:\/\/www.obheal.ie\/blog\/audio\/Guest Reading - Isobel Ni\u0301 Riain-H.mp3\">here<\/a>.<\/center><br \/>\n<span style=\"color: silver;\"><img loading=\"lazy\" decoding=\"async\" src=\"https:\/\/www.obheal.ie\/blog\/wp-content\/uploads\/2022\/07\/IsobelNiRiainSm.jpg\" width=\"144\" height=\"150\" border=\"1\" align=\"right\"\/><\/span><font size=\"1\">Dr. <strong>Isobel N\u00ed Riain<\/strong> was born and reared in Cork. She graduated from UCC with degrees in Irish and Sociology and Higher Level Education. Her PhD thesis focused on the poetic formation of M\u00e1irt\u00edn \u00d3 Dire\u00e1in. She lived in London and Cairo where she taught in universities and cultural centres. She now works in Ionad na Gaeilge Labhartha in UCC. <\/p>\n<p>She has published over twenty books in Irish including translations of poetry from German into Irish. Two of her most recent publications include translations of Paul Celan &#8211; <i>D\u00e1nta le Celan II<\/i> (Coisc\u00e9im: 2020) and Friedrich H\u00f6lderlin &#8211; <i>D\u00e1nta le H\u00f6lderlin<\/i> (Coisc\u00e9im: 2020).<\/font><\/p>\n<hr \/>\n<p><center>You can listen to \u00c1ine&#8217;s reading <a href=\"https:\/\/www.obheal.ie\/blog\/audio\/Guest Reading - Aine Ui Fhoghlu 2022-H.mp3\">here<\/a>.<\/center><br \/>\n<span style=\"color: silver;\"><img loading=\"lazy\" decoding=\"async\" src=\"https:\/\/www.obheal.ie\/blog\/wp-content\/uploads\/2022\/07\/AineUiFhoghluSm.jpg\" width=\"184\" height=\"150\" border=\"1\" align=\"right\"\/><\/span><font size=\"1\"><strong>\u00c1ine U\u00ed Fhoghl\u00fa <\/strong> comes from the County Waterford Gaeltacht of An Rinn. Her published works include four collections of poetry as follows: <em>Aistear Aonair<\/em> (1999); <em>An Li\u00fa sa Chuan<\/em> (2007); <em>Ar an Imeall<\/em> (2011) and <em>Mn\u00e1 d\u00e1r mhair<\/em> (2022). She has written a number of adult novellas. <em>Sc\u00e9alta agus Seanchas<\/em> \u2013 <em>Potatoes, Children &#038; Seaweed<\/em> published in 2019, is a bilingual memoir of life in the early 1900&#8217;s in her area. Her poems have been included in numerous publications and have been translated into Galician and Greek among other languages. <\/p>\n<p>She has won commissions and bursaries from The Arts Council, Eala\u00edon na Gaeltachta and Foras na Gaeilge. Prizes won for her writing include the Michael Hartnett Poetry Award, Oireachtas na Gaeilge Literary awards, Strokestown Duais na Gaeilge award, Listowel Writers\u2019 Week. Prescribed texts for the Junior Cycle include her work. \u00c1ine was named Poet Laureate for Dungarvan during the Poetry Town 2021 initiative.<br \/>\n<\/font><\/p>\n<p><a href=\"https:\/\/www.forasnagaeilge.ie\/\"><img loading=\"lazy\" decoding=\"async\" src=\"https:\/\/www.obheal.ie\/blog\/wp-content\/uploads\/2021\/03\/FnGwide.jpg\" border=\"0\" height=\"60\" width=\"490\"\/><\/a><br \/>\n&nbsp;<\/p>\n<hr \/>\n<p><center><b><font size=\"1\">You can watch a video of the event here<\/font><\/b><br \/>\n<iframe loading=\"lazy\" src=\"https:\/\/player.vimeo.com\/video\/737809419\" width=\"490\" height=\"276\" frameborder=\"1\" allow=\"autoplay; fullscreen\" allowfullscreen><\/iframe><\/center><\/p>\n<hr \/>\n<p><center><strong><font color=\"green\">Hybrid \u00d3 Bh\u00e9al Session<\/font><\/strong><\/center><\/p>\n<p><font size=\"1\">This event will be both <strong>in-person<\/strong>, hosted in the Hayloft bar, upstairs in Long Valley, Winthrop St Cork, <strong>as well as<\/strong> on <strong>Zoom<\/strong> (which is limited to 100 people). Participation in the open-mic session and five word challenge is open to both in-person <em>and<\/em> virtual attendees. The session will be live-streamed  at <b><a href=\"http:\/\/www.obheal.ie\/live\" target=\"_blank\" rel=\"noopener noreferrer\">obheal.ie\/live<\/a><\/b> and via \u00d3 Bh\u00e9al&#8217;s <b><a href=\"http:\/\/www.vimeo.com\/obheal\">Vimeo<\/a><\/b>, <b><a href=\"https:\/\/www.facebook.com\/obheal.poetry\/\">Facebook<\/a><\/b> and <b><a href=\"http:\/\/www.youtube.com\/obheal\">YouTube <\/a><\/b>channels. <strong><em><font color=\"green\">Note to Participants<\/font><\/em><\/strong>: Our hybrid events are recorded and remain viewable on video via these same channels. <\/p>\n<p><a href=\"https:\/\/www.obheal.ie\/live\"><font size=\"1\" color=\"green\"><img loading=\"lazy\" decoding=\"async\" src=\"https:\/\/www.obheal.ie\/live\/LiveStageLinkWide.jpg\" width=\"492\" height=\"120\" alt=\"Click here for our Live Poetry Stage\"\/><\/font><\/a><\/p>\n<p>We are no longer posting the zoom link via our social media channels. Upon written request to <a href=\"mailto:info@obheal.ie\">info@obheal.ie<\/a> with a sentence outlining your reason for participation, a link to join the session will be emailed to you on the evening of the event, which is expected to run for between 2-3 hours.<\/p>\n<p><center><em><strong>The evening will feature four parts:<\/strong><\/em><\/center><\/p>\n<p><strong>7-7.45pm: Poetry-Films<\/strong> (random  play from \u00d3 Bh\u00e9al&#8217;s Poetry-Film comp archives &#8211; <strong>NOT STREAMED<\/strong>);<br \/>\n<strong>8.30pm: Five Word Challenge<\/strong> (max 30 &#8211; after the allotted 15 minutes writing time);<br \/>\n<strong>9.30pm: Featured Guest Poets <\/strong>(20 minutes each);<br \/>\n<strong>10:20pm: Open-Mic<\/strong> Session for original poetry (max 30).<\/p>\n<p>(<strong>Entering a Zoom meeting<\/strong> is <a href=\"https:\/\/support.zoom.us\/hc\/en-us\/articles\/201362193-Joining-a-Meeting\">all explained <b>here >>><\/b><\/a>. This link provides you with a step-by-step guide and YouTube tutorial if necessary. You should check this out if you&#8217;re unfamiliar with the Zoom platform &#8211; it also shows you where to download the zoom client\/app for your computer\/phone. <i>Please Make sure to know where the chat box is and how to mute yourself to reduce background sound.<\/i>)<\/font><\/p>\n<hr \/>\n<hr \/>\n<p><font size=\"2\"><a name=\"23rdSeptember\"><\/a><\/font><\/p>\n<p><center><font size=\"2\"><em>Friday 23rd September<\/em><\/font><\/p>\n<p><font size=\"1\" color=\"green\"><strong>\u00d3 Bh\u00e9al<\/strong><\/font> <font size=\"1\">in association with <\/font><font size=\"1\" color=\"green\"><strong>Cork City Council<\/strong><\/font> <font size=\"1\">presents <\/font><\/p>\n<p><font size=\"2\" color=\"green\"><strong>Cork Culture Night<\/strong><\/font> <font size=\"2\"><strong>2022<\/strong><\/font> <font size=\"1\"><em>with<\/em><\/font><\/p>\n<p><strong>Stanley Notte<\/strong> and <strong>Dmytro Lazutkin<\/strong><br \/>\n<font size=\"1\">(in-person)<\/font>&nbsp; &nbsp; &nbsp; &nbsp; &nbsp; &nbsp; &nbsp; &nbsp;  <font size=\"1\">(via Zoom)<\/font> <\/center><\/p>\n<hr \/>\n<p><center>You can listen to Stan&#8217;s&#8217;s reading <a href=\"https:\/\/www.obheal.ie\/blog\/audio\/Guest Reading - Stanley Notte-H.mp3\">here<\/a>.<\/center><br \/>\n&nbsp; <font size=\"1\" color=\"grey\">Photo by Linda Ibbotson<\/font><br \/>\n<span style=\"color: silver;\"><img loading=\"lazy\" decoding=\"async\" src=\"https:\/\/www.obheal.ie\/blog\/wp-content\/uploads\/2022\/07\/StanNottebyLindaIbbotsonSm.jpg\" width=\"206\" height=\"150\" border=\"1\" align=\"right\"\/><\/span><font size=\"1\"><strong>Stanley Notte<\/strong> is a writer, poet, artist and performer whose work has appeared in numerous print and broadcast media outlets. As a performer Stanley has provided support for Stephen James Smith (Coughlans, 2018) and Linton Kwesi Johnson (Live At St. Lukes, 2019), and has appeared at a wide range of Irish Festivals. In 2019 he performed \u2018The Truth Is\u2026\u2019, a show written about his journey with depression, at the Limerick Fringe Festival, Tra Tales, Waterford, De Barra\u2019s Spoken Word, Clonakilty, and Coliemore House, Cobh. His poetry film <em>Peter and the Wolf &#8211; Aladdin Sane?<\/em> (after David Bowie) was shortlisted at the Cork Indie Film Festival (2016), screened at the Dublin Bowie Festival (2017), and long listed at the Rabbit Heart Festival 2018.<\/p>\n<p>His poetry film <em>Mrs Xavier<\/em> (after The Frank And Walters) placed third in the Doolin Writers Video Competition in 2019. His Cork, Boi! Nothing But A Ghost Town music video was screened at the CorkIndie Film Festival in 2021. In 2017 Stanley was chosen to perform in the UK as part of the Twin Cities cultural exchange between \u00d3 Bh\u00e9al (Cork) and Fire &#038; Dust (Coventry), with poetry appearing in <i>spoken worlds: sound as character<\/i> (\u00d3 Bh\u00e9al, 2017). In 2014 Stanley co-founded <em>Solstice Sounds<\/em> with fellow creative Shane Vaughan. A bi-annual audio production, <em>Solstice Sounds<\/em> remains the only regular spoken word publication to have been produced in Ireland, which Stanley and Shane curated until 2018, releasing eight editions, each of which featured an eclectic range of spoken word recordings.<\/p>\n<p><center>You can see and hear more of Stanley\u2019s work at: <a href=\"http:\/\/www.stannottecreations.ie\">www.stannottecreations.ie<\/a><\/center><br \/>\n<\/font><\/p>\n<hr \/>\n<p><center>You can listen to Dmytro&#8217;s reading <a href=\"https:\/\/www.obheal.ie\/blog\/audio\/Guest Reading - Dmytro Lazutkin-H.mp3\">here<\/a>.<\/center><br \/>\n<span style=\"color: silver;\"><img loading=\"lazy\" decoding=\"async\" src=\"https:\/\/www.obheal.ie\/blog\/wp-content\/uploads\/2022\/07\/DmytroLazutkinSm.jpg\" width=\"160\" height=\"150\" border=\"1\" align=\"right\"\/><\/span><font size=\"1\"><strong>Dmytro Lazutkin<\/strong> was born in November 1978 in Kyiv, where he graduated from mathematical and musical schools. He received his higher education in the National Technical University and later in the Kyiv International University. He has worked as a metallurgical engineer, a karate trainer, a journalist, an anchorman for television and as a sports commentator, including at eight Olympic Games. He was a bronze medalist of the World Cup in kickboxing and champion of the Euro Cup. He now works as a military reporter on tv.<\/p>\n<p>Dmytro started writing patriotic poems when he was in the kinder-garden and got really into lyrics at the age of 11 when he first fell in love. His love came to an end but poems stayed. Included among his numerous poetry collections are <em>Benzyn<\/em> [Gasoline] (Fakt, 2008), <em>Chervona knyha<\/em> [The Red Book] (Knyhy-XXI, 2015) and <em>Arterya<\/em> [The Artery] (Staryi Lev, 2018). He is the winner of such literary prizes as: \u201cLiterary Olimp\u201d, \u201cSmoloskyp\u201d \u00abKyiv laurels\u00bb and has been shortlisted for the National Shevchenko prizes (2019). He also won the inaugural Open Ukrainian Slam Championship. Dmytro was scholarship holder of the international program Gaude Polonia (Poland). His poems are translated into ten languages.<\/p>\n<p><\/font><\/p>\n<p><a href=\"http:\/\/culturenightcork.ie\/\"><img loading=\"lazy\" decoding=\"async\" src=\"https:\/\/www.obheal.ie\/blog\/wp-content\/uploads\/2021\/07\/Culture-Night-LogoWideB.jpg\" width=\"492\" height=\"80\" border=\"0\"\/><\/a><br \/>\n&nbsp;<\/p>\n<hr \/>\n<p><center><b><font size=\"1\">You can watch a video of the event here<\/font><\/b><br \/>\n<iframe loading=\"lazy\" src=\"https:\/\/player.vimeo.com\/video\/749186505\" width=\"490\" height=\"276\" frameborder=\"1\" allow=\"autoplay; fullscreen\" allowfullscreen><\/iframe><\/center><\/p>\n<hr \/>\n<p><center><strong><font color=\"green\">Hybrid \u00d3 Bh\u00e9al Session<\/font><\/strong><\/center><\/p>\n<p><font size=\"1\">This event will be both <strong>in-person<\/strong>, hosted in the Hayloft bar, upstairs in Long Valley, Winthrop St Cork, <strong>as well as<\/strong> on <strong>Zoom<\/strong> (which is limited to 100 people). Participation in the open-mic session and five word challenge is open to both in-person <em>and<\/em> virtual attendees. The session will be live-streamed  at <b><a href=\"http:\/\/www.obheal.ie\/live\" target=\"_blank\" rel=\"noopener noreferrer\">obheal.ie\/live<\/a><\/b> and via \u00d3 Bh\u00e9al&#8217;s <b><a href=\"http:\/\/www.vimeo.com\/obheal\">Vimeo<\/a><\/b>, <b><a href=\"https:\/\/www.facebook.com\/obheal.poetry\/\">Facebook<\/a><\/b> and <b><a href=\"http:\/\/www.youtube.com\/obheal\">YouTube <\/a><\/b>channels. <strong><em><font color=\"green\">Note to Participants<\/font><\/em><\/strong>: Our hybrid events are recorded and remain viewable on video via these same channels. <\/p>\n<p><a href=\"https:\/\/www.obheal.ie\/live\"><font size=\"1\" color=\"green\"><img loading=\"lazy\" decoding=\"async\" src=\"https:\/\/www.obheal.ie\/live\/LiveStageLinkWide.jpg\" width=\"492\" height=\"120\" alt=\"Click here for our Live Poetry Stage\"\/><\/font><\/a><\/p>\n<p>We are no longer posting the zoom link via our social media channels. Upon written request to <a href=\"mailto:info@obheal.ie\">info@obheal.ie<\/a> with a sentence outlining your reason for participation, a link to join the session will be emailed to you on the evening of the event, which is expected to run for between 2-3 hours.<\/p>\n<p><center><em><strong>The evening will feature four parts:<\/strong><\/em><\/center><\/p>\n<p><strong>7-7.45pm: Poetry-Films<\/strong> (random  play from \u00d3 Bh\u00e9al&#8217;s Poetry-Film comp archives &#8211; <strong>NOT STREAMED<\/strong>);<br \/>\n<strong>8.30pm: Five Word Challenge<\/strong> (max 30 &#8211; after the allotted 15 minutes writing time);<br \/>\n<strong>9.30pm: Featured Guest Poets <\/strong>(20 minutes each);<br \/>\n<strong>10:20pm: Open-Mic<\/strong> Session for original poetry (max 30).<\/p>\n<p>(<strong>Entering a Zoom meeting<\/strong> is <a href=\"https:\/\/support.zoom.us\/hc\/en-us\/articles\/201362193-Joining-a-Meeting\">all explained <b>here >>><\/b><\/a>. This link provides you with a step-by-step guide and YouTube tutorial if necessary. You should check this out if you&#8217;re unfamiliar with the Zoom platform &#8211; it also shows you where to download the zoom client\/app for your computer\/phone. <i>Please Make sure to know where the chat box is and how to mute yourself to reduce background sound.<\/i>)<\/font><\/p>\n<hr \/>\n<hr \/>\n","protected":false},"excerpt":{"rendered":"<p>August and September 8th August \u00d3 Bh\u00e9al in association with Cork City Council, Coventry City Council and Here Comes Everyone presents a Cork-Coventry Twin Cities Celebration with poets Sujana Crawford and John Bernard (both poets in-person) You can listen to Sujana&#8217;s reading here. Sujana Crawford is a multilingual poet, playwright and researcher working in English, [&hellip;]<\/p>\n","protected":false},"author":1,"featured_media":0,"parent":19,"menu_order":0,"comment_status":"closed","ping_status":"closed","template":"","meta":{"_uf_show_specific_survey":0,"_uf_disable_surveys":false,"footnotes":""},"class_list":["post-18166","page","type-page","status-publish","hentry"],"_links":{"self":[{"href":"https:\/\/www.obheal.ie\/blog\/wp-json\/wp\/v2\/pages\/18166","targetHints":{"allow":["GET"]}}],"collection":[{"href":"https:\/\/www.obheal.ie\/blog\/wp-json\/wp\/v2\/pages"}],"about":[{"href":"https:\/\/www.obheal.ie\/blog\/wp-json\/wp\/v2\/types\/page"}],"author":[{"embeddable":true,"href":"https:\/\/www.obheal.ie\/blog\/wp-json\/wp\/v2\/users\/1"}],"replies":[{"embeddable":true,"href":"https:\/\/www.obheal.ie\/blog\/wp-json\/wp\/v2\/comments?post=18166"}],"version-history":[{"count":13,"href":"https:\/\/www.obheal.ie\/blog\/wp-json\/wp\/v2\/pages\/18166\/revisions"}],"predecessor-version":[{"id":18427,"href":"https:\/\/www.obheal.ie\/blog\/wp-json\/wp\/v2\/pages\/18166\/revisions\/18427"}],"up":[{"embeddable":true,"href":"https:\/\/www.obheal.ie\/blog\/wp-json\/wp\/v2\/pages\/19"}],"wp:attachment":[{"href":"https:\/\/www.obheal.ie\/blog\/wp-json\/wp\/v2\/media?parent=18166"}],"curies":[{"name":"wp","href":"https:\/\/api.w.org\/{rel}","templated":true}]}}