{"id":18088,"date":"2022-05-17T10:45:14","date_gmt":"2022-05-17T10:45:14","guid":{"rendered":"https:\/\/www.obheal.ie\/blog\/?page_id=18088"},"modified":"2022-06-11T16:08:02","modified_gmt":"2022-06-11T16:08:02","slug":"poetry-in-the-parks-2022","status":"publish","type":"page","link":"https:\/\/www.obheal.ie\/blog\/the-unfinished-book-of-poetry\/poetry-in-the-parks-2022\/","title":{"rendered":"Poetry in the Parks 2022"},"content":{"rendered":"<p><center><br \/>\n<img loading=\"lazy\" decoding=\"async\" src=\"https:\/\/www.obheal.ie\/blog\/UBP\/UFB2022Covershare.jpg\" border=\"1\" width=\"492\" height=\"381\"\/>&nbsp;<\/p>\n<p><\/center><\/p>\n<p>The poems here are selected from six poets published in <em>The Unfinished Book of Poetry 2022<\/em>. They will be displayed in Cork City Library&#8217;s <em><strong>Poetry in the Parks<\/strong><\/em> project during the summer, with readings and installations being launched at Fitzgerald&#8217;s Park, Tramore Valley Park and Ballincollig Regional Park, on the <strong><em>11th June 2022<\/em><\/strong> <em>(12pm)<\/em>. <\/p>\n<p>The poems will be displayed alongside those of their tutors, Dean Browne, Colm \u00d3 Ceallach\u00e1in, John W. Sexton and Paul Casey. This launch is part of the 2022 <strong>Cruinni\u00fa na n\u00d3g<\/strong> festival. Audio recordings of the six poets reading these poems are also accessible via QR code. <\/p>\n<hr \/>\n<p><center>from <strong><font color=\"green\">Gaelchol\u00e1iste Mhuire AG<\/font><\/strong><br \/>\n<font size=\"1\">(installed at Fitzgerald&#8217;s Park)<\/font><\/center><br \/>\n&nbsp;<br \/>\n<audio class=\"wp-audio-shortcode\" id=\"audio-18088-1\" preload=\"none\" style=\"width: 100%;\" controls=\"controls\"><source type=\"audio\/mpeg\" src=\"https:\/\/www.obheal.ie\/blog\/UBP\/audio\/GMAGSeamasOCurnain-CuigHaiku.mp3?_=1\" \/><a href=\"https:\/\/www.obheal.ie\/blog\/UBP\/audio\/GMAGSeamasOCurnain-CuigHaiku.mp3\">https:\/\/www.obheal.ie\/blog\/UBP\/audio\/GMAGSeamasOCurnain-CuigHaiku.mp3<\/a><\/audio><br \/>\n<font size=\"3\"><strong>C\u00faig Haiku<\/strong><\/font>&nbsp; &nbsp; &nbsp; &nbsp; &nbsp; &nbsp; &nbsp; &nbsp; &nbsp; &nbsp; &nbsp; &nbsp; &nbsp; &nbsp; &nbsp; &nbsp; &nbsp; &nbsp;  &nbsp; &nbsp; &nbsp; &nbsp; &nbsp; &nbsp; &nbsp; &nbsp; &nbsp;  by <b>S\u00e9amas \u00d3 Curn\u00e1in<\/b><br \/>\n&nbsp; <\/p>\n<p>The moon shines at dawn<br \/>\nBats flapping their wings,<br \/>\nwaiting for twilight.<\/p>\n<p>Scamaill sa sp\u00e9ir<br \/>\ndaoine sa teach<br \/>\nleadr\u00e1n ar theilif\u00eds.<\/p>\n<p>As sweet as ice cream<br \/>\non a scorching summer day<br \/>\nchildren run and play.<\/p>\n<p>Cail\u00edn ag su\u00ed cois uaighe<br \/>\nCrobhaing bhl\u00e1thanna ina l\u00e1mh<br \/>\nDeoir ag sleamhn\u00fa s\u00edos.<\/p>\n<p>Ice melts to nothing<br \/>\nThe leaves return again<br \/>\nEverything changes yet remains.<br \/>\n&nbsp; <\/p>\n<p>&nbsp; <font size=\"1\" color=\"grey\">S\u00e9amas \u00d3 Curn\u00e1in<\/font><br \/>\n<font color=\"silver\"><img decoding=\"async\" border=\"1\" width=\"490 height=\"394\" src=\"https:\/\/www.obheal.ie\/blog\/UBP\/audio\/GCMSeamasOCuirnanSm.jpg\"\/><\/font><br \/>\n&nbsp; <\/p>\n<hr \/>\n<p><center>from <strong><font color=\"green\">St Aloysius School<\/font><\/strong><br \/>\n<font size=\"1\">(installed at Fitzgerald&#8217;s Park)<\/font><\/center><br \/>\n&nbsp;<br \/>\n<audio class=\"wp-audio-shortcode\" id=\"audio-18088-2\" preload=\"none\" style=\"width: 100%;\" controls=\"controls\"><source type=\"audio\/mpeg\" src=\"https:\/\/www.obheal.ie\/blog\/UBP\/audio\/STALSSandyOMahony-BeachDay.mp3?_=2\" \/><a href=\"https:\/\/www.obheal.ie\/blog\/UBP\/audio\/STALSSandyOMahony-BeachDay.mp3\">https:\/\/www.obheal.ie\/blog\/UBP\/audio\/STALSSandyOMahony-BeachDay.mp3<\/a><\/audio><br \/>\n<font size=\"3\"><strong>Beach Day<\/strong><\/font>&nbsp; &nbsp; &nbsp; &nbsp; &nbsp; &nbsp; &nbsp; &nbsp; &nbsp; &nbsp; &nbsp; &nbsp; &nbsp; &nbsp; &nbsp; &nbsp; &nbsp; &nbsp;  &nbsp; &nbsp; &nbsp; &nbsp; &nbsp; &nbsp; &nbsp; &nbsp; &nbsp;  by <b>Sandy O\u2019Mahony<\/b><br \/>\n&nbsp; <\/p>\n<p>On a long summer day<br \/>\nBlueberry sea, tide going out<br \/>\nGrass still like a statue<br \/>\nSand in shoes, bags and towels,<br \/>\nLong walks in the dunes,<br \/>\nBugs, butterflies as you walk by<br \/>\nHearing the waves crashing against the sand<br \/>\nForgetting reality, enjoying the warm wind<br \/>\n&nbsp; <\/p>\n<hr \/>\n<p><center>from <strong><font color=\"green\">Mayfield Community School<\/font><\/strong><br \/>\n<font size=\"1\">(installed at Tramore Valley Park)<\/font><\/center><br \/>\n&nbsp;<br \/>\n<audio class=\"wp-audio-shortcode\" id=\"audio-18088-3\" preload=\"none\" style=\"width: 100%;\" controls=\"controls\"><source type=\"audio\/mpeg\" src=\"https:\/\/www.obheal.ie\/blog\/UBP\/audio\/MCSLilyStevens-Mother.mp3?_=3\" \/><a href=\"https:\/\/www.obheal.ie\/blog\/UBP\/audio\/MCSLilyStevens-Mother.mp3\">https:\/\/www.obheal.ie\/blog\/UBP\/audio\/MCSLilyStevens-Mother.mp3<\/a><\/audio><br \/>\n<font size=\"3\"><strong>Mother<\/strong><\/font>&nbsp; &nbsp; &nbsp; &nbsp; &nbsp; &nbsp; &nbsp; &nbsp; &nbsp; &nbsp; &nbsp; &nbsp; &nbsp; &nbsp; &nbsp; &nbsp; &nbsp; &nbsp;  &nbsp; &nbsp; &nbsp; &nbsp; &nbsp; &nbsp; &nbsp; &nbsp; &nbsp;  by <b>Lily Stevens<\/b><br \/>\n&nbsp; <\/p>\n<p>My best friend, she is always<br \/>\nOptimistic. Though<br \/>\nTough when she needs to be. She\u2019s my<br \/>\nHero and I\u2019m<br \/>\nElated she\u2019s mine, the most<br \/>\nReliable person in my world.<br \/>\n&nbsp;<br \/>\n<audio class=\"wp-audio-shortcode\" id=\"audio-18088-4\" preload=\"none\" style=\"width: 100%;\" controls=\"controls\"><source type=\"audio\/mpeg\" src=\"https:\/\/www.obheal.ie\/blog\/UBP\/audio\/MCSLilyStevens-Ukraine.mp3?_=4\" \/><a href=\"https:\/\/www.obheal.ie\/blog\/UBP\/audio\/MCSLilyStevens-Ukraine.mp3\">https:\/\/www.obheal.ie\/blog\/UBP\/audio\/MCSLilyStevens-Ukraine.mp3<\/a><\/audio><br \/>\n<font size=\"3\"><strong>Ukraine<\/strong><\/font>&nbsp; &nbsp; &nbsp; &nbsp; &nbsp; &nbsp; &nbsp; &nbsp; &nbsp; &nbsp; &nbsp; &nbsp; &nbsp; &nbsp; &nbsp; &nbsp; &nbsp; &nbsp;  &nbsp; &nbsp; &nbsp; &nbsp; &nbsp; &nbsp; &nbsp; &nbsp; &nbsp;  by <b>Lily Stevens<\/b><br \/>\n&nbsp; <\/p>\n<p>Under fire<br \/>\nKyiv is brave.<br \/>\nRussia<br \/>\nAttacks<br \/>\nIncessantly. We<br \/>\nNever<br \/>\nEver, learn.<br \/>\n&nbsp; <\/p>\n<p>&nbsp; <font size=\"1\" color=\"grey\">Lily Stevens<\/font><br \/>\n<font color=\"silver\"><img decoding=\"async\" border=\"1\" width=\"490 height=\"389\" src=\"https:\/\/www.obheal.ie\/blog\/UBP\/audio\/MCSLilyStevensSm.jpg\"\/><\/font><br \/>\n&nbsp; <\/p>\n<hr \/>\n<p><center>from <strong><font color=\"green\">Col\u00e1iste Chr\u00edost R\u00ed<\/font><\/strong><br \/>\n<font size=\"1\">(installed at Tramore Valley Park)<\/font><\/center><br \/>\n&nbsp;<br \/>\n<audio class=\"wp-audio-shortcode\" id=\"audio-18088-5\" preload=\"none\" style=\"width: 100%;\" controls=\"controls\"><source type=\"audio\/mpeg\" src=\"https:\/\/www.obheal.ie\/blog\/UBP\/audio\/CCRINikolayLynch-Colour.mp3?_=5\" \/><a href=\"https:\/\/www.obheal.ie\/blog\/UBP\/audio\/CCRINikolayLynch-Colour.mp3\">https:\/\/www.obheal.ie\/blog\/UBP\/audio\/CCRINikolayLynch-Colour.mp3<\/a><\/audio><br \/>\n<font size=\"3\"><strong>Colour<\/strong><\/font>&nbsp; &nbsp; &nbsp; &nbsp; &nbsp; &nbsp; &nbsp; &nbsp; &nbsp; &nbsp; &nbsp; &nbsp; &nbsp; &nbsp; &nbsp; &nbsp; &nbsp; &nbsp;  &nbsp; &nbsp; &nbsp; &nbsp; &nbsp; &nbsp; &nbsp; &nbsp; &nbsp;  by <b>Nikolay Lynch<\/b><br \/>\n&nbsp; <\/p>\n<p>What is red? The stop sign is red,<br \/>\nTo stop people going to their death bed.<br \/>\nWhat is yellow? The sun is yellow,<br \/>\nKeeping you warm.<br \/>\nWhat is pink? A rose is pink<br \/>\nWhich makes the girls wink.<br \/>\nWhat is blue? The sea is blue,<br \/>\nWhere sea creatures swim through.<br \/>\nWhat is black? Our front door is black<br \/>\nWhich is located at the end of a cul-de-sac<br \/>\n&nbsp; <\/p>\n<p>&nbsp; <font size=\"1\" color=\"grey\">Nikolay Lynch<\/font><br \/>\n<font color=\"silver\"><img decoding=\"async\" border=\"1\" width=\"490 height=\"372\" src=\"https:\/\/www.obheal.ie\/blog\/UBP\/audio\/CCRiNikolayLynchSm.jpg\"\/><\/font><br \/>\n&nbsp; <\/p>\n<hr \/>\n<p><center>from <strong><font color=\"green\">Bishopstown  Community School<\/font><\/strong><br \/>\n<font size=\"1\">(installed at Ballincollig Regional Park)<\/font><\/center><br \/>\n&nbsp;<br \/>\n<audio class=\"wp-audio-shortcode\" id=\"audio-18088-6\" preload=\"none\" style=\"width: 100%;\" controls=\"controls\"><source type=\"audio\/mpeg\" src=\"https:\/\/www.obheal.ie\/blog\/UBP\/audio\/BCSSzymonSzoltun-Mullet.mp3?_=6\" \/><a href=\"https:\/\/www.obheal.ie\/blog\/UBP\/audio\/BCSSzymonSzoltun-Mullet.mp3\">https:\/\/www.obheal.ie\/blog\/UBP\/audio\/BCSSzymonSzoltun-Mullet.mp3<\/a><\/audio><br \/>\n<font size=\"3\"><strong>Mullet<\/strong><\/font>&nbsp; &nbsp; &nbsp; &nbsp; &nbsp; &nbsp; &nbsp; &nbsp; &nbsp; &nbsp; &nbsp; &nbsp; &nbsp; &nbsp; &nbsp; &nbsp; &nbsp; &nbsp;  &nbsp; &nbsp; &nbsp; &nbsp; &nbsp; &nbsp; &nbsp; &nbsp; &nbsp;  by <b>Szymon Szoltun <\/b><br \/>\n&nbsp; <\/p>\n<p>A mullet. A muscle.<br \/>\nA living, breathing muscle. <\/p>\n<p>A wild fish full of life.<br \/>\nA beast full of might. <\/p>\n<p>Just like us or what we attempt to be.<br \/>\nThe drive to be.<\/p>\n<p>Even if some think we say mother instead of mullet.<br \/>\nWe let ourselves loose to be stronger.<br \/>\n&nbsp; <\/p>\n<p><b><em>and<\/em><\/b><br \/>\n&nbsp;<br \/>\n<audio class=\"wp-audio-shortcode\" id=\"audio-18088-7\" preload=\"none\" style=\"width: 100%;\" controls=\"controls\"><source type=\"audio\/mpeg\" src=\"https:\/\/www.obheal.ie\/blog\/UBP\/audio\/BCSElykiaAbossoloMbo-NotYouMe.mp3?_=7\" \/><a href=\"https:\/\/www.obheal.ie\/blog\/UBP\/audio\/BCSElykiaAbossoloMbo-NotYouMe.mp3\">https:\/\/www.obheal.ie\/blog\/UBP\/audio\/BCSElykiaAbossoloMbo-NotYouMe.mp3<\/a><\/audio><br \/>\n<font size=\"3\"><strong>Not You. Me.<\/strong><\/font>&nbsp; &nbsp; &nbsp; &nbsp; &nbsp; &nbsp; &nbsp; &nbsp; &nbsp; &nbsp; &nbsp; &nbsp; &nbsp; &nbsp; &nbsp; &nbsp; &nbsp; &nbsp;  &nbsp; &nbsp; &nbsp; &nbsp; &nbsp; &nbsp; &nbsp; &nbsp; &nbsp;  by <b>Elykia Abossolo Mbo<\/b><br \/>\n &nbsp; <\/p>\n<p>I\u2019m different. I\u2019m black.<br \/>\nI\u2019m really skinny,<br \/>\njust like a skeleton.<br \/>\nI\u2019m socially awkward<br \/>\nand I\u2019m into colourful clothing.<br \/>\nI love dancing.<br \/>\nI don\u2019t think I enjoy anything<br \/>\nthat could be called normal.<br \/>\n&nbsp; <\/p>\n<p><a href=\"https:\/\/www.corkcity.ie\/en\/cruinniu-na-nog\/\"><img loading=\"lazy\" decoding=\"async\" src=\"https:\/\/www.obheal.ie\/blog\/UBP\/Cruinniu_na_nOg-2022.jpg\" width=\"490\" height=\"179\"\/><\/a><br \/>\n&nbsp;<\/p>\n<p><center><em>The <strong>eBook version<\/strong> of <\/em><em>The Unfinished Book of Poetry 2022<\/em> is available (free) via the following links:<\/p>\n<p><a target=\"_blank\" href=\"https:\/\/www.obheal.ie\/blog\/UBP\/UnfinishedBookOfPoetry2022hr.pdf\" rel=\"noopener noreferrer\" onclick=\"\u201d_gaq.push([\u2018_trackEvent\u2019,\u2019Download\u2019,\u2019PDF\u2019,this.href]);\u201d\"><strong>Unfinished Book of Poetry 2022 <\/strong>(High Resolution <strong>18MB<\/strong>)<\/a><\/p>\n<p><a target=\"_blank\" href=\"https:\/\/www.obheal.ie\/blog\/UBP\/UnfinishedBookOfPoetry2022mr.pdf\" rel=\"noopener noreferrer\" onclick=\"\u201d_gaq.push([\u2018_trackEvent\u2019,\u2019Download\u2019,\u2019PDF\u2019,this.href]);\u201d\"><strong>Unfinished Book of Poetry 2022<\/strong> (Medium Resolution <strong>10MB<\/strong>)<\/a><\/p>\n<p><a target=\"_blank\" href=\"https:\/\/www.obheal.ie\/blog\/UBP\/UnfinishedBookOfPoetry2022lr.pdf\" rel=\"noopener noreferrer\" onclick=\"\u201d_gaq.push([\u2018_trackEvent\u2019,\u2019Download\u2019,\u2019PDF\u2019,this.href]);\u201d\"><strong>Unfinished Book of Poetry 2022<\/strong> (Low Resolution <strong>5MB<\/strong>)<\/a><\/center><\/p>\n<p><strong>Foreword<\/strong><\/p>\n<p> <em>The Unfinished Book of Poetry 2022<\/em> is the 18th edition in the series, and the third edition to be published as an eBook. This publication is an exciting departure for Cork City Libraries, even though it is happening now because of the Covid-19 emergency. It\u2019s the first time in three years that we have been able to hold workshops in person as well as hold a physical launch in the city library. With restrictions coming to an end, there posed a variety of challenges for venue space, with some schools opting for school space, others for their local library and some keeping to the digital confines of Zoom. It\u2019s a testament to the interest in this wonderful ongoing project that the show did go on and continues to blossom.<\/p>\n<p> <em>The Unfinished Book<\/em> features new poems from young writers across the city. This year\u2019s edition showcases 46 young voices, representing five schools. The breadth of the work in this anthology showcases a strong standard throughout with a wide variety of subject and style. The finished product is thanks to the careful and attentive work of the five assisting writers without whom this project would not have the impact it continues to enjoy and to the talent of the students. <\/p>\n<p> Congratulations to all of the young writers involved: na dalta\u03af as <strong><font color=\"green\">Gaelchol\u00e1iste Mhuire AG<\/font><\/strong> ch\u00faram Colm \u00d3 Ceallach\u00e1in, i Leabharlann na Linne Duibhe; the pupils from <strong><font color=\"green\">Mayfield Community School<\/font><\/strong> led by Paul Casey via Zoom; the pupils from <strong><font color=\"green\">St Aloysius School<\/font><\/strong> with Dean Browne in The City Library; the pupils from <strong><font color=\"green\">Col\u00e1iste Chr\u00edost R\u00ed<\/font><\/strong> led by Paul Casey at the school; and the pupils from <strong><font color=\"green\">Bishopstown Community School<\/font><\/strong> with John W. Sexton in Bishopstown Library and at the school.<\/p>\n<p> An innovative project in 2005, when the first <em>Unfinished Book of Poetry<\/em> was published, has led to something unique that has a resonance with the younger writers. It continues to grow, and I welcome this latest volume and hope you enjoy it. Special thanks to the assisting Authors and especially Paul Casey of \u00d3 Bh\u00e9al for editing and curating the work and bringing it all together.<\/p>\n<div align=\"right\"><strong>David O&#8217;Brien<\/strong><br \/>\nCork City Librarian<\/div>\n<p>&nbsp;<\/p>\n","protected":false},"excerpt":{"rendered":"<p>&nbsp; The poems here are selected from six poets published in The Unfinished Book of Poetry 2022. They will be displayed in Cork City Library&#8217;s Poetry in the Parks project during the summer, with readings and installations being launched at Fitzgerald&#8217;s Park, Tramore Valley Park and Ballincollig Regional Park, on the 11th June 2022 (12pm). [&hellip;]<\/p>\n","protected":false},"author":1,"featured_media":0,"parent":5244,"menu_order":0,"comment_status":"closed","ping_status":"closed","template":"","meta":{"_uf_show_specific_survey":0,"_uf_disable_surveys":false,"footnotes":""},"class_list":["post-18088","page","type-page","status-publish","hentry"],"_links":{"self":[{"href":"https:\/\/www.obheal.ie\/blog\/wp-json\/wp\/v2\/pages\/18088","targetHints":{"allow":["GET"]}}],"collection":[{"href":"https:\/\/www.obheal.ie\/blog\/wp-json\/wp\/v2\/pages"}],"about":[{"href":"https:\/\/www.obheal.ie\/blog\/wp-json\/wp\/v2\/types\/page"}],"author":[{"embeddable":true,"href":"https:\/\/www.obheal.ie\/blog\/wp-json\/wp\/v2\/users\/1"}],"replies":[{"embeddable":true,"href":"https:\/\/www.obheal.ie\/blog\/wp-json\/wp\/v2\/comments?post=18088"}],"version-history":[{"count":20,"href":"https:\/\/www.obheal.ie\/blog\/wp-json\/wp\/v2\/pages\/18088\/revisions"}],"predecessor-version":[{"id":19424,"href":"https:\/\/www.obheal.ie\/blog\/wp-json\/wp\/v2\/pages\/18088\/revisions\/19424"}],"up":[{"embeddable":true,"href":"https:\/\/www.obheal.ie\/blog\/wp-json\/wp\/v2\/pages\/5244"}],"wp:attachment":[{"href":"https:\/\/www.obheal.ie\/blog\/wp-json\/wp\/v2\/media?parent=18088"}],"curies":[{"name":"wp","href":"https:\/\/api.w.org\/{rel}","templated":true}]}}