{"id":17229,"date":"2021-07-13T13:25:52","date_gmt":"2021-07-13T13:25:52","guid":{"rendered":"https:\/\/www.obheal.ie\/blog\/?page_id=17229"},"modified":"2021-09-27T15:50:27","modified_gmt":"2021-09-27T15:50:27","slug":"guests-86-aug-sep-2021","status":"publish","type":"page","link":"https:\/\/www.obheal.ie\/blog\/guest-poets\/guests-86-aug-sep-2021\/","title":{"rendered":"Guests (86) Aug\/Sep 2021"},"content":{"rendered":"<hr \/>\n<p><center><strong>August and September<\/strong><\/center><\/p>\n<hr \/>\n<p><a name=\"9thAugust\"><\/a><\/p>\n<p><center><em>9th August<\/em><\/p>\n<p><font size=\"1\" color=\"\"><strong>\u00d3 Bh\u00e9al<\/strong><\/font><font size=\"1\"> in association with <\/font><font size=\"1\" color=\"\"><strong>Cork City Council<\/strong><\/font>, <font size=\"1\" color=\"\"><strong>Coventry City Council<\/strong><\/font><br \/>\n<font size=\"1\">and<\/font> <font size=\"1\" color=\"\"><strong>Here Comes Everyone<\/strong><\/font><\/p>\n<p><font size=\"1\">presents a <\/font><font size=\"1\" color=\"green\"><strong>Cork-Coventry Twin Cities Celebration<\/strong><\/font><font size=\"1\"> with the launch of a new anthology<\/font><\/p>\n<p><strong>Twin Skies &#8211; <i>poems from Cork and Coventry<\/i><\/strong><\/center><\/p>\n<hr \/>\n<p><img loading=\"lazy\" decoding=\"async\" src=\"https:\/\/www.obheal.ie\/blog\/wp-content\/uploads\/2021\/07\/TwinSkiesSm2.jpg\" width=\"492\" height=\"365\" border=\"1\" align=\"right\"\/><br \/>\n&nbsp;<br \/>\n<center><font size=\"2\">You can view the <a target=\"_blank\" href=\"https:\/\/www.obheal.ie\/TwinCities\/TwinSkiesDigital.pdf\" rel=\"noopener\"> <strong>free digital version<\/strong> at this link.<\/a><\/p>\n<p>You can <b>listen<\/b> to the poets&#8217; collective reading <a href=\"https:\/\/www.obheal.ie\/blog\/audio\/Guest Reading - Twin Skies - Cork Coventry 2021-V.mp3\"><b>here<\/b><\/a>.<\/font><\/center><\/p>\n<p><font size=\"1\"> <i><strong>Twin Skies<\/strong><\/i> celebrates 14 years of poetry interplay between the cities of Cork and Coventry. The 40 poets whose work appears here have each visited their respective twin city on at least one occasion to share their well-crafted words and experiences. Poets included in the anthology will read across two online events, at \u00d3 Bh\u00e9al on the <strong>9th August<\/strong> and at Fire &#038; Dust in Coventry on the <strong>19th of August<\/strong>.<\/p>\n<p> The anthology is published on the occasion of Coventry\u2019s designation as UK City of Culture 2021. Cork was designated as City of Culture in 2005, a cultural touchstone from which \u00d3 Bh\u00e9al eventually emerged as an institution dedicated to the promotion and well-being of poetry and poets, an entity well-matched by its experienced Coventry counterparts.<\/p>\n<p> Almost every year since 2008, two or three poets have travelled in each direction, with each visit including two or more readings at independent events, visits to Lord Mayors\u2019 chambers as well as to cultural and cherished locations. 2020 was the first year in which the exchange had to be confined within the realms of the virtual, with online readings and zoom visits. Whilst not an ideal scenario, the spirit of the exchange was able to continue. As 2021 ultimately presented the same limitations, we decided to take advantage of the opportunity to create an anthology, which would in turn act as catalyst for reuniting the poets involved to date &#8211; by way of two collective readings at our respective online events. The book will soon be available (free) in eBook format, at the \u00d3 Bh\u00e9al website.<\/p>\n<p> Since 2009 \u00d3 Bh\u00e9al has co-facilitated this exchange hand in hand with an impressive succession of invested partners in Coventry (which along with Stalingrad was the world\u2019s first twin city &#8211; and Cork\u2019s first twin). These selfless cultural ambassadors include: John Morley of Heaventree Press (&#038; Night Blue Fruit); Antony Owen; Adam Steiner of Silhouette Press; and Raef Boylan, editor of Here Comes Everyone and event organiser of Fire &#038;\u2008Dust. <\/p>\n<p> Acknowledgment is due to the city councils of Cork and Coventry for their ongoing support, as we continue to drive and develop our invaluable relationship for its benefits to poets and writing communities from both cities. Since 2008, the exchanges have been documented across a series of collective reviews by the participating poets, which can be viewed on the \u00d3 Bh\u00e9al website at www.obheal.ie.<br \/>\n<\/font><\/p>\n<p><img loading=\"lazy\" decoding=\"async\" src=\"https:\/\/www.obheal.ie\/blog\/wp-content\/uploads\/2021\/07\/CorkAndCoventryWide.jpg\" width=\"492\" height=\"60\" border=\"0\"\/><br \/>\n&nbsp;<\/p>\n<hr \/>\n<p><center><b><font size=\"1\">You can watch a video of the event here<\/font><\/b><br \/>\n<iframe loading=\"lazy\" src=\"https:\/\/player.vimeo.com\/video\/574454920\" width=\"490\" height=\"276\" frameborder=\"1\" allow=\"autoplay; fullscreen\" allowfullscreen><\/iframe><\/center><\/p>\n<hr \/>\n<p><center><strong><font color=\"green\">Virtual \u00d3 Bh\u00e9al Session<\/font><\/strong><\/center><\/p>\n<p><font size=\"1\">This event will be hosted on <strong>Zoom<\/strong> and limited to 100 people. We will live-stream the session at <b><a href=\"http:\/\/www.obheal.ie\/live\" target=\"_blank\" rel=\"noopener noreferrer\">obheal.ie\/live<\/a><\/b> and via \u00d3 Bh\u00e9al&#8217;s <b><a href=\"http:\/\/www.vimeo.com\/obheal\">Vimeo<\/a><\/b>, <b><a href=\"https:\/\/www.facebook.com\/obheal.poetry\/\">Facebook<\/a><\/b> and <b><a href=\"http:\/\/www.youtube.com\/obheal\">YouTube <\/a><\/b>channels. <strong><em><font color=\"green\">Note to Participants<\/font><\/em><\/strong>: Our online events are recorded and remain viewable on video via these same channels.<br \/>\n<a href=\"https:\/\/www.obheal.ie\/live\"><font size=\"1\" color=\"green\"><img loading=\"lazy\" decoding=\"async\" src=\"https:\/\/www.obheal.ie\/live\/LiveStageLinkWide.jpg\" width=\"492\" height=\"120\" alt=\"Click here for our Live Poetry Stage\"\/><\/font><\/a><\/p>\n<p>We are no longer posting the zoom link via our social media channels. Upon written request to <a href=\"mailto:info@obheal.ie\">info@obheal.ie<\/a> with a sentence outlining your reason for participation, a link to join the session will be emailed to you on the evening of the event. The session is expected to run for between 2-3 hours.<\/p>\n<p><center><em><strong>The evening will feature three parts:<\/strong><\/em><\/center><\/p>\n<p><strong>8.30pm: Five Word Challenge<\/strong> (max 30 &#8211; after the allotted 15 minutes writing time);<br \/>\n<strong>9.30pm: Featured Guest Poets <\/strong>(60 mins);<br \/>\n<strong>10:20pm: Open-Mic<\/strong> Session for original poetry (max 30).<\/p>\n<p>(<strong>Entering a Zoom meeting<\/strong> is <a href=\"https:\/\/support.zoom.us\/hc\/en-us\/articles\/201362193-Joining-a-Meeting\">all explained <b>here >>><\/b><\/a>. This link provides you with a step-by-step guide and YouTube tutorial if necessary. You should check this out if you&#8217;re unfamiliar with the Zoom platform &#8211; it also shows you where to download the zoom client\/app for your computer\/phone. <i>Please Make sure to know where the chat box is and how to mute yourself to reduce background sound.<\/i>)<\/font><\/p>\n<hr \/>\n<hr \/>\n<p><a name=\"13thSeptember\"><\/a><\/p>\n<p><center><em>13th September<\/em><\/p>\n<p><font size=\"1\"><strong><font color=\"green\">\u00d3 Bh\u00e9al<\/font><\/strong><\/font><font size=\"1\"> in association with <\/font><font size=\"1\" color=\"green\"><strong>Foras na Gaeilge<\/strong><\/font> <font size=\"1\">presents<\/font><\/p>\n<p>a <font color=\"green\"><b>virtual<\/b><\/font> bi-lingual event with<\/p>\n<p><strong>Colette Nic Aodha<\/strong> and <strong>Colm Breathnach<\/strong><\/center><\/p>\n<hr \/>\n<p><center>You can listen to Colette&#8217;s reading <a href=\"https:\/\/www.obheal.ie\/blog\/audio\/Guest Reading - Colette Nic Aodha 2021-V.mp3\">here<\/a>.<\/center><br \/>\n<span style=\"color: silver;\"><img loading=\"lazy\" decoding=\"async\" src=\"https:\/\/www.obheal.ie\/blog\/wp-content\/uploads\/2021\/07\/ColetteNicAodhaSm.jpg\" width=\"158\" height=\"150\" border=\"1\" align=\"right\"\/><\/span><font size=\"1\">T\u00e1 c\u00f3na\u00ed ar an bhfile aitheanta <strong>Colette Nic Aodha<\/strong> i gContae na Gaillimhe. T\u00e1 a cuid fil\u00edochta ar shiollabas na mbunscoileanna, me\u00e1nscoileanna agus col\u00e1ist\u00ed. T\u00e1 fil\u00edocht, pr\u00f3s agus beathaisn\u00e9is foilsithe aici, idir bh\u00e9arla agus Gaeilge. T\u00e1 leabhar nuafhoilsithe aici, <em>R\u00e9abhl\u00f3ideach<\/em>, \u00f3 Choisc\u00e9im, Baile \u00c1tha Cliath. T\u00e1 s\u00ed i mbun docht\u00faireachta faoi l\u00e1thair i gCol\u00e1iste na hOllscoile, Gaillimh. <\/p>\n<p><strong>Colette Nic Aodha<\/strong> has fifteen publications which include a volume of short stories, <em>\u00c1dh M\u00f3r<\/em>, as well as an academic study of the blind poet Anthony Raftery. She has one volume of English poetry, <em>Sundial<\/em>, which was published by Arlen House Press, She also has two dual language collections of poetry by the same publisher; <em>Between Curses: Bainne G\u00e9ar<\/em> and <em>In Castlewood: An Ghaoth Aduaidh<\/em>. <\/p>\n<p>Her work is on the syllabus in Primary, Secondary and Third Level colleges. Colette&#8217;s collected poetry (bilingual) is titled <em>Bainne G\u00e9\u00e1r: Sour Milk<\/em>, available in hardback and softback, published by Arlen House. Colette is pursuing a PhD in the English department of NUI Galway; she has an MA in modern Irish and an MA in English. Her newly published collection of Irish language poetry and art is entitled <em>R\u00e9abhl\u00f3ideach<\/em> is published by Coisc\u00e9im, Dublin.<\/font><\/p>\n<hr \/>\n<p><center>You can listen to Colm&#8217;s reading <a href=\"https:\/\/www.obheal.ie\/blog\/audio\/Guest Reading - Colm Breathnach 2021-V.mp3\">here<\/a>.<\/center><br \/>\n<span style=\"color: silver;\"><img loading=\"lazy\" decoding=\"async\" src=\"https:\/\/www.obheal.ie\/blog\/wp-content\/uploads\/2021\/07\/ColmBreathnachSm.jpg\" width=\"109\" height=\"150\" border=\"1\" align=\"right\"\/><\/span><font size=\"1\"><strong>Colm Breathnach<\/strong>, file agus \u00farsc\u00e9ala\u00ed go bhfuil seacht gcinn de chnuasaigh fil\u00edochta m\u00f3ide dh\u00e1 rogha d\u00e1nta foilsithe aige chomh maith leis an \u00farsc\u00e9al <em>Con Trick \u201cAn Bhalla Bh\u00e1in\u201d<\/em> (Cl\u00f3 Iar-Chonnacht, 2009). Ghn\u00f3thaigh s\u00e9 an phr\u00edomhdhuais do chnuasach fil\u00edochta i gCom\u00f3rtais Liteartha an Oireachtais ceithre huaire agus sa bhliain 1999 bhronn an Foras Cult\u00fartha Gael-Mheirice\u00e1nach \u2018Duais an Bhuitl\u00e9irigh\u2019 air. Chaith s\u00e9 tr\u00e9imhs\u00ed ina scr\u00edbhneoir c\u00f3naithe sa tS\u00edn agus sa tSl\u00f3iv\u00e9in agus bh\u00ed s\u00e9 ina scr\u00edbhneoir c\u00f3naithe i gCol\u00e1iste Ph\u00e1draig, Droim Conrach in 2015. Aistr\u00edodh d\u00e1nta leis go hocht gcinn de theangacha. Is \u00e9 <em>T\u00edrdhreacha<\/em> (LeabhairCOMHAR, 2015), rogha th\u00e9am\u00fail d\u00e1nta agus d\u00e1nta nua, an cnuasach is d\u00e9ana\u00ed uaidh.<\/p>\n<p><strong>Colm Breathnach<\/strong>, poet and novelist, has published seven collections of poetry along with two selected editions and the novel <em>Con Trick \u201cAn Bhalla Bh\u00e1in&#8221;<\/em> (Cl\u00f3 Iar-Chonnacht, 2009). He has been awarded the principal poetry prize at Conradh na Gaeilge\u2019s annual Oireachtas literary competitions four times and in 1999 the Irish American Cultural Institute presented him with the Butler Literary Award. He has had literary residencies in China and in Slovenia and in 2015 he was writer in residence in Saint Patrick\u2019s College, Drumcondra. He has had poems translated into eight languages. His latest collection <em>T\u00edrdhreacha<\/em> (LeabhairCOMHAR, 2015), contains new and selected poems.<\/font><\/p>\n<p><a href=\"https:\/\/www.forasnagaeilge.ie\/\"><img loading=\"lazy\" decoding=\"async\" src=\"https:\/\/www.obheal.ie\/blog\/wp-content\/uploads\/2021\/03\/FnGwide.jpg\" border=\"0\" height=\"60\" width=\"490\"\/><\/a><br \/>\n&nbsp;<\/p>\n<hr \/>\n<p><center><b><font size=\"1\">You can watch a video of the event here<\/font><\/b><br \/>\n<iframe loading=\"lazy\" src=\"https:\/\/player.vimeo.com\/video\/585316394\" width=\"490\" height=\"276\" frameborder=\"1\" allow=\"autoplay; fullscreen\" allowfullscreen><\/iframe><\/center><\/p>\n<hr \/>\n<p><center><strong><font color=\"green\">Virtual \u00d3 Bh\u00e9al Session<\/font><\/strong><\/center><\/p>\n<p><font size=\"1\">This event will be hosted on <strong>Zoom<\/strong> and limited to 100 people. We will live-stream the session at <b><a href=\"http:\/\/www.obheal.ie\/live\" target=\"_blank\" rel=\"noopener noreferrer\">obheal.ie\/live<\/a><\/b> and via \u00d3 Bh\u00e9al&#8217;s <b><a href=\"http:\/\/www.vimeo.com\/obheal\">Vimeo<\/a><\/b>, <b><a href=\"https:\/\/www.facebook.com\/obheal.poetry\/\">Facebook<\/a><\/b> and <b><a href=\"http:\/\/www.youtube.com\/obheal\">YouTube <\/a><\/b>channels. <strong><em><font color=\"green\">Note to Participants<\/font><\/em><\/strong>: Our online events are recorded and remain viewable on video via these same channels.<br \/>\n<a href=\"https:\/\/www.obheal.ie\/live\"><font size=\"1\" color=\"green\"><img loading=\"lazy\" decoding=\"async\" src=\"https:\/\/www.obheal.ie\/live\/LiveStageLinkWide.jpg\" width=\"492\" height=\"120\" alt=\"Click here for our Live Poetry Stage\"\/><\/font><\/a><\/p>\n<p>We are no longer posting the zoom link via our social media channels. Upon written request to <a href=\"mailto:info@obheal.ie\">info@obheal.ie<\/a> with a sentence outlining your reason for participation, a link to join the session will be emailed to you on the evening of the event. The session is expected to run for between 2-3 hours.<\/p>\n<p><center><em><strong>The evening will feature three parts:<\/strong><\/em><\/center><\/p>\n<p><strong>8.30pm: Five Word Challenge<\/strong> (max 30 &#8211; after the allotted 15 minutes writing time);<br \/>\n<strong>9.30pm: Featured Guest Poets <\/strong>(20 mins each);<br \/>\n<strong>10:20pm: Open-Mic<\/strong> Session for original poetry (max 30).<\/p>\n<p>(<strong>Entering a Zoom meeting<\/strong> is <a href=\"https:\/\/support.zoom.us\/hc\/en-us\/articles\/201362193-Joining-a-Meeting\">all explained <b>here >>><\/b><\/a>. This link provides you with a step-by-step guide and YouTube tutorial if necessary. You should check this out if you&#8217;re unfamiliar with the Zoom platform &#8211; it also shows you where to download the zoom client\/app for your computer\/phone. <i>Please Make sure to know where the chat box is and how to mute yourself to reduce background sound.<\/i>)<\/font><\/p>\n<hr \/>\n<hr \/>\n<p><font size=\"2\"><a name=\"17thSeptember\"><\/a><\/font><\/p>\n<p><center><font size=\"2\"><em>Friday 17th September<\/em><\/font><\/p>\n<p><font size=\"1\" color=\"green\"><strong>\u00d3 Bh\u00e9al<\/strong><\/font> <font size=\"1\">in association with <\/font><font size=\"1\" color=\"green\"><strong>Cork City Council<\/strong><\/font> <font size=\"1\">presents <\/font><\/p>\n<p><font size=\"2\" color=\"green\"><strong>Cork Culture Night<\/strong><\/font> <font size=\"2\"><strong>2021<\/strong><\/font> <font size=\"1\"><em>with<\/em><\/font><\/p>\n<p><strong>Elizabeth McGeown<\/strong> and <strong>Jenny Lindsay<\/strong><\/center><\/p>\n<hr \/>\n<p><center>You can listen to Elizabeth&#8217;s reading <a href=\"https:\/\/www.obheal.ie\/blog\/audio\/Guest Reading - Elizabeth McGeown-V.mp3\">here<\/a>.<\/center><br \/>\n<span style=\"color: silver;\"><img loading=\"lazy\" decoding=\"async\" src=\"https:\/\/www.obheal.ie\/blog\/wp-content\/uploads\/2021\/07\/ElizabethMcGeownSm.jpg\" width=\"156\" height=\"150\" border=\"1\" align=\"right\"\/><\/span><font size=\"1\"><strong>Elizabeth McGeown<\/strong> is a poet from Belfast in Northern Ireland. She has been published in journals including <em>Banshee, Abridged, Riggwelter<\/em> and Fly On The Wall Press&#8217;s <em>Planet In Peril<\/em> anthology.  She is featured in Wave Four of <em>iambapoet.com<\/em> and received a Pushcart Prize nomination for her poem &#8216;SUFTUM&#8217;.<\/p>\n<p>As a spoken word artist, she is a three-time All-Ulster Poetry Slam Champion, finalist in every All-Ireland Slam since 2016 and represented Northern Ireland in the Hammer &#038; Tongue UK Slam Championships 2019 and 2021 at the Royal Albert Hall. She won the C\u00fairt International Festival of Literature: Spoken Word Platform 2019 and the Cursed Murphy Spoken Word Prize 2019. In 2021 she was longlisted as &#8216;Best Spoken Word Performer&#8217; in the Saboteur Awards. Featured performances include Lingofest, The Edinburgh Fringe, Loud Poets, Electric Picnic and Body &#038; Soul Festival.<\/p>\n<p>She is funded by the Arts Council of Northern Ireland and University of Atypical to work on her first book and full-length spoken word show.<\/font><\/p>\n<hr \/>\n<p><center>You can listen to Jenny&#8217;s reading <a href=\"https:\/\/www.obheal.ie\/blog\/audio\/Guest Reading - Jenny Lindsay-V.mp3\">here<\/a>.<\/center><br \/>\n&nbsp; <font size=\"1\" color=\"grey\">Photo by Ryan McGoverne<\/font><br \/>\n<span style=\"color: silver;\"><img loading=\"lazy\" decoding=\"async\" src=\"https:\/\/www.obheal.ie\/blog\/wp-content\/uploads\/2021\/07\/JennyLindsaySm.jpg\" width=\"155\" height=\"150\" border=\"1\" align=\"right\"\/><\/span><font size=\"1\"><strong>Jenny Lindsay<\/strong> is one of Scotland&#8217;s best known spoken word performers, as well as an award winning programmer of literary events through her spoken word, theatre and music organisation, Flint &#038; Pitch Productions. Described as &#8220;one of Scotland&#8217;s finest cultural innovators,&#8221; (Gutter Magazine), her own poetry, performance and film-poetry has won multiple accolades including a John Byrne Award for Critical Thinking (2020) and shortlisting for the Outspoken Award for Poetry in Film (2019\/20). Her latest work <em>This Script<\/em>, which exists in print, as a stage show, and in film, was described as &#8220;one of this year&#8217;s most necessary spoken word performances&#8221; by Becca Inglis and as &#8220;genius&#8221; by The Scotsman.<\/p>\n<p><em>&#8220;Lindsay is a courageous writer&#8230;who describes the physical and emotional experience of being a woman with a rare openness and honesty, and combines fierce sensuality with a searing intellect.<\/em> (Her) <em>poems are brave, complex, and beautifully performed&#8230;uniquely vivid&#8230; one of the greatest talents in contemporary Scottish poetry \u2013 emotional, lyrical, perceptive, and always piercingly and unforgettably intelligent.&#8221;<\/em> (Joyce McMillan, The Scotsman, 2021)<\/p>\n<p><\/font><\/p>\n<p><a href=\"http:\/\/culturenightcork.ie\/\"><img loading=\"lazy\" decoding=\"async\" src=\"https:\/\/www.obheal.ie\/blog\/wp-content\/uploads\/2021\/07\/Culture-Night-LogoWideB.jpg\" width=\"492\" height=\"80\" border=\"0\"\/><\/a><br \/>\n&nbsp;<\/p>\n<hr \/>\n<p><center><b><font size=\"1\">You can watch a video of the event here<\/font><\/b><br \/>\n<iframe loading=\"lazy\" src=\"https:\/\/player.vimeo.com\/video\/604823126\" width=\"490\" height=\"276\" frameborder=\"1\" allow=\"autoplay; fullscreen\" allowfullscreen><\/iframe><\/center><\/p>\n<hr \/>\n<p><center><strong><font color=\"green\">Virtual \u00d3 Bh\u00e9al Session<\/font><\/strong><\/center><\/p>\n<p><font size=\"1\">This event will be hosted on <strong>Zoom<\/strong> and limited to 100 people. We will live-stream the session at <b><a href=\"http:\/\/www.obheal.ie\/live\" target=\"_blank\" rel=\"noopener noreferrer\">obheal.ie\/live<\/a><\/b> and via \u00d3 Bh\u00e9al&#8217;s <b><a href=\"http:\/\/www.vimeo.com\/obheal\">Vimeo<\/a><\/b>, <b><a href=\"https:\/\/www.facebook.com\/obheal.poetry\/\">Facebook<\/a><\/b> and <b><a href=\"http:\/\/www.youtube.com\/obheal\">YouTube <\/a><\/b>channels. <strong><em><font color=\"green\">Note to Participants<\/font><\/em><\/strong>: Our online events are recorded and remain viewable on video via these same channels.<br \/>\n<a href=\"https:\/\/www.obheal.ie\/live\"><font size=\"1\" color=\"green\"><img loading=\"lazy\" decoding=\"async\" src=\"https:\/\/www.obheal.ie\/live\/LiveStageLinkWide.jpg\" width=\"492\" height=\"120\" alt=\"Click here for our Live Poetry Stage\"\/><\/font><\/a><\/p>\n<p>We are no longer posting the zoom link via our social media channels. Upon written request to <a href=\"mailto:info@obheal.ie\">info@obheal.ie<\/a> with a sentence outlining your reason for participation, a link to join the session will be emailed to you on the evening of the event. The session is expected to run for between 2-3 hours.<\/p>\n<p><center><em><strong>The evening will feature three parts:<\/strong><\/em><\/center><\/p>\n<p><strong>8.30pm: Five Word Challenge<\/strong> (max 30 &#8211; after the allotted 15 minutes writing time);<br \/>\n<strong>9.30pm: Featured Guest Poets <\/strong>(20 mins each);<br \/>\n<strong>10:20pm: Open-Mic<\/strong> Session for original poetry (max 30).<\/p>\n<p>(<strong>Entering a Zoom meeting<\/strong> is <a href=\"https:\/\/support.zoom.us\/hc\/en-us\/articles\/201362193-Joining-a-Meeting\">all explained <b>here >>><\/b><\/a>. This link provides you with a step-by-step guide and YouTube tutorial if necessary. You should check this out if you&#8217;re unfamiliar with the Zoom platform &#8211; it also shows you where to download the zoom client\/app for your computer\/phone. <i>Please Make sure to know where the chat box is and how to mute yourself to reduce background sound.<\/i>)<\/font><\/p>\n<hr \/>\n<hr \/>\n","protected":false},"excerpt":{"rendered":"<p>August and September 9th August \u00d3 Bh\u00e9al in association with Cork City Council, Coventry City Council and Here Comes Everyone presents a Cork-Coventry Twin Cities Celebration with the launch of a new anthology Twin Skies &#8211; poems from Cork and Coventry &nbsp; You can view the free digital version at this link. You can listen [&hellip;]<\/p>\n","protected":false},"author":1,"featured_media":0,"parent":19,"menu_order":0,"comment_status":"closed","ping_status":"closed","template":"","meta":{"_uf_show_specific_survey":0,"_uf_disable_surveys":false,"footnotes":""},"class_list":["post-17229","page","type-page","status-publish","hentry"],"_links":{"self":[{"href":"https:\/\/www.obheal.ie\/blog\/wp-json\/wp\/v2\/pages\/17229","targetHints":{"allow":["GET"]}}],"collection":[{"href":"https:\/\/www.obheal.ie\/blog\/wp-json\/wp\/v2\/pages"}],"about":[{"href":"https:\/\/www.obheal.ie\/blog\/wp-json\/wp\/v2\/types\/page"}],"author":[{"embeddable":true,"href":"https:\/\/www.obheal.ie\/blog\/wp-json\/wp\/v2\/users\/1"}],"replies":[{"embeddable":true,"href":"https:\/\/www.obheal.ie\/blog\/wp-json\/wp\/v2\/comments?post=17229"}],"version-history":[{"count":32,"href":"https:\/\/www.obheal.ie\/blog\/wp-json\/wp\/v2\/pages\/17229\/revisions"}],"predecessor-version":[{"id":17395,"href":"https:\/\/www.obheal.ie\/blog\/wp-json\/wp\/v2\/pages\/17229\/revisions\/17395"}],"up":[{"embeddable":true,"href":"https:\/\/www.obheal.ie\/blog\/wp-json\/wp\/v2\/pages\/19"}],"wp:attachment":[{"href":"https:\/\/www.obheal.ie\/blog\/wp-json\/wp\/v2\/media?parent=17229"}],"curies":[{"name":"wp","href":"https:\/\/api.w.org\/{rel}","templated":true}]}}