{"id":16652,"date":"2021-01-13T13:54:23","date_gmt":"2021-01-13T13:54:23","guid":{"rendered":"https:\/\/www.obheal.ie\/blog\/?page_id=16652"},"modified":"2021-09-27T15:55:01","modified_gmt":"2021-09-27T15:55:01","slug":"guests-83-feb-mar-2021","status":"publish","type":"page","link":"https:\/\/www.obheal.ie\/blog\/guest-poets\/guests-83-feb-mar-2021\/","title":{"rendered":"Guests (83)  Feb\/Mar 2021"},"content":{"rendered":"<hr \/>\n<p><center><strong>February and March 2021<\/strong><\/center><\/p>\n<hr \/>\n<p><a name=\"8thFebruary\"><\/a><\/p>\n<p><center><em>8th February<\/em><\/p>\n<p><strong><font color=\"green\">New Creative Writing from UCC<\/font><\/strong>, <em>featuring<\/em><\/p>\n<p><strong>Peggy McCarthy<\/strong>, <strong>Lauren O\u2019Donovan<\/strong>,<\/p>\n<p><strong>R\u00f3is\u00edn Leggett Bohan<\/strong>, <strong>Daniel Galvin<\/strong> and <strong>Kornelia Mlak<\/strong><\/p>\n<p>You can listen to all five poets reading <a href=\"https:\/\/www.obheal.ie\/blog\/audio\/Guest Reading - UCC Creative Writing - 2021-V.mp3\">here<\/a>.<\/center><\/p>\n<hr \/>\n<p><img loading=\"lazy\" decoding=\"async\" src=\"https:\/\/www.obheal.ie\/blog\/wp-content\/uploads\/2021\/01\/UCCMACWlogo.jpg\" border=\"0\" width=\"126\" height=\"80\"\/><font size=\"1\">Each February, \u00d3 Bh\u00e9al presents poets and short fiction writers engaged in UCC&#8217;s <strong>MA Creative Writing<\/strong> programme, who read from their new work.<\/font><br \/>\n&nbsp;<br \/>\n&nbsp;<\/p>\n<p><font color=\"silver\"><img loading=\"lazy\" decoding=\"async\" src=\"https:\/\/www.obheal.ie\/blog\/wp-content\/uploads\/2021\/01\/PeggyMcCarthySm.jpg\" width=\"163\" height=\"150\" border=\"1\"\/><\/font><font size=\"1\"><strong>Peggy McCarthy<\/strong> is completing the M.A. in Creative Writing at U.C.C. this year. Born near Skibbereen in West Cork, she\u2019s lived most of her life in Waterford city.  She worked as a primary teacher for many years. She enjoys the great outdoors. She\u2019s had poems published in the <em>Fish Anthology 2020<\/em> and <em>Hold Open the Door<\/em>. <\/p>\n<p>&nbsp;<br \/>\n&nbsp;<br \/>\n&nbsp;<\/p>\n<p><\/font><font color=\"silver\"><img loading=\"lazy\" decoding=\"async\" src=\"https:\/\/www.obheal.ie\/blog\/wp-content\/uploads\/2021\/01\/LaurenODonovanSm.jpg\" width=\"212\" height=\"150\" border=\"1\"\/><\/font><font size=\"1\"><strong>Lauren O\u2019Donovan<\/strong> is a Cork born poet currently completing her creative writing masters at UCC. She was recently featured at the \u00d3 Bh\u00e9al Winter Warmer Festival&#8217;s New Voices Showcase for Poets, and at the 2020 Bookends Conference poetry panel. Lauren is an organizer of Debarra&#8217;s Spoken Word literary events, where she has also appeared as a guest speaker. Lauren is looking forward to appearing as a guest poet at Not the Time to be Silent, later in 2021.<br \/>\n&nbsp;<\/p>\n<p><\/font><font color=\"silver\"><img loading=\"lazy\" decoding=\"async\" src=\"https:\/\/www.obheal.ie\/blog\/wp-content\/uploads\/2021\/01\/RoisinLeggettBohanSm.jpg\" width=\"175\" height=\"150\" border=\"1\"\/><\/font><font size=\"1\"><strong>R\u00f3is\u00edn Leggett Bohan<\/strong> is currently studying for her MA in Creative Writing in UCC, Cork. A writer of Short Stories and Poetry, she is moved by the bravery that lies within vulnerability. Her writings have been published by the <em>Amsterdam Quarterly, Eyelands Press, Cork County Library<\/em> and <em>Visual Verse<\/em>. She received a notable mention in the C\u00fairt New Writing Prize for Poetry 2020.<\/p>\n<p>&nbsp;<br \/>\n&nbsp;<\/p>\n<p><\/font><font color=\"silver\"><img loading=\"lazy\" decoding=\"async\" src=\"https:\/\/www.obheal.ie\/blog\/wp-content\/uploads\/2021\/01\/DanielGalvinSm.jpg\" width=\"207\" height=\"150\" border=\"1\"\/><\/font><font size=\"1\"><strong>Daniel Galvin<\/strong> is from County Cork. His writing has been published in <em>The Moth, Honest Ulsterman, Acumen, The West Texas Literary Review, Rock and Sling<\/em> and <em>Ofi Press Mexico<\/em>. He came first place in the Spoken Word Platform at C\u00fairt International Literary Festival 2017 and won the May 2017 Sunday Slam in Dublin. Daniel was also shortlisted for the Red Line Poetry Competition 2018. He is currently completing an MA in Writing at University College Cork.<br \/>\n&nbsp;<\/p>\n<p><\/font><font color=\"silver\"><img loading=\"lazy\" decoding=\"async\" src=\"https:\/\/www.obheal.ie\/blog\/wp-content\/uploads\/2021\/01\/KorneliaMlakSm2.jpg\" width=\"112\" height=\"150\" border=\"1\"\/><\/font><font size=\"1\"><strong>Kornelia Mlak<\/strong> is a bilingual poet and artist, who hopes to explore more languages to develop the depth of their work. They were raised in Poland and moved to Wexford, Ireland during childhood. She has completed an undergraduate degree in The Study of Religions &#038; Philosophy, at University College Cork, where she is currently enrolled in the MA Creative Writing programme. Kornelia is interested in the unseen and writes extensively on the themes of search, love and awareness. Her poetry is predominantly displayed in an abstract and surreal manner.  <\/p>\n<p>&nbsp;<\/p>\n<p><img loading=\"lazy\" decoding=\"async\" width=\"490\" height=\"60\" src=\"https:\/\/www.obheal.ie\/WinterWarmer\/UCCEngDHWide.jpg\" border=\"0\"\/><\/p>\n<p>&nbsp;<\/p>\n<hr \/>\n<p><center><b><font size=\"1\">You can watch a video of the event here<\/font><\/b><br \/>\n<iframe loading=\"lazy\" src=\"https:\/\/player.vimeo.com\/video\/503123486\" width=\"490\" height=\"276\" frameborder=\"1\" allow=\"autoplay; fullscreen\" allowfullscreen><\/iframe><\/center><\/p>\n<hr \/>\n<p><center><strong><font color=\"green\">Virtual \u00d3 Bh\u00e9al Session<\/font><\/strong><\/center><\/p>\n<p><\/font><font size=\"1\">This event will be hosted on <strong>Zoom<\/strong> and limited to 100 people. We will live-stream the session at <b><a href=\"http:\/\/www.obheal.ie\/live\" target=\"_blank\" rel=\"noopener noreferrer\">obheal.ie\/live<\/a><\/b> and via \u00d3 Bh\u00e9al&#8217;s <b><a href=\"http:\/\/www.vimeo.com\/obheal\">Vimeo<\/a><\/b>, <b><a href=\"https:\/\/www.facebook.com\/obheal.poetry\/\">Facebook<\/a><\/b> and <b><a href=\"http:\/\/www.youtube.com\/obheal\">YouTube <\/a><\/b>channels. <strong><em><font color=\"green\">Note to Participants<\/font><\/em><\/strong>: Our online events are recorded and remain viewable on video via these same channels.<br \/>\n<a href=\"https:\/\/www.obheal.ie\/live\"><font size=\"1\" color=\"green\"><img loading=\"lazy\" decoding=\"async\" src=\"https:\/\/www.obheal.ie\/live\/LiveStageLinkWide.jpg\" width=\"492\" height=\"120\" alt=\"Click here for our Live Poetry Stage\"\/><\/font><\/a><\/p>\n<p>We are no longer posting the zoom link via our social media channels. Upon written request to <a href=\"mailto:info@obheal.ie\">info@obheal.ie<\/a> with a sentence outlining your reason for participation, a link to join the session will be emailed to you on the evening of the event. The session is expected to run for between 2-3 hours.<\/p>\n<p><center><em><strong>The evening will feature three parts:<\/strong><\/em><\/center><\/p>\n<p><strong>8.30pm: Five Word Challenge<\/strong> (max 30 &#8211; after the allotted 15 minutes writing time);<br \/>\n<strong>9.30pm: Featured Guest Poets <\/strong>(40 mins combined);<br \/>\n<strong>10:20pm: Open-Mic<\/strong> Session for original poetry (max 30).<\/p>\n<p>(<strong>Entering a Zoom meeting<\/strong> is <a href=\"https:\/\/support.zoom.us\/hc\/en-us\/articles\/201362193-Joining-a-Meeting\">all explained <b>here >>><\/b><\/a>. This link provides you with a step-by-step guide and YouTube tutorial if necessary. You should check this out if you&#8217;re unfamiliar with the Zoom platform &#8211; it also shows you where to download the zoom client\/app for your computer\/phone. <i>Please Make sure to know where the chat box is and how to mute yourself to reduce background sound.<\/i>)<\/font><\/p>\n<hr \/>\n<hr \/>\n<p><a name=\"8thMarch\"><\/a><center><em>8th March<\/em><\/p>\n<p><strong>Sandra Yanonne<\/strong> and <strong>Laurence McKeown<\/strong><\/center><\/p>\n<p><center>You can listen to Sandra&#8217;s reading <a href=\"https:\/\/www.obheal.ie\/blog\/audio\/Guest Reading - Sandra Yannone-V.mp3\">here<\/a>.<\/center><br \/>\n<font color=\"silver\"><img loading=\"lazy\" decoding=\"async\" src=\"https:\/\/www.obheal.ie\/blog\/wp-content\/uploads\/2021\/01\/SandyYannoneSm.jpg\" width=\"130\" height=\"150\" border=\"1\"\/><\/font><font size=\"1\"><strong>Sandra Yanonne<\/strong> grew up in Old Saybrook, CT, where she looked out daily for a view of Long Island Sound across the water at the end of her street. She published her debut collection <em>Boats for Women<\/em>, in part about the Titanic disaster of 1912, with Salmon Poetry in 2019. Salmon will publish <em>The Glass Studio<\/em> in 2022. <\/p>\n<p>Sandra&#8217;s poems and book reviews have appeared in numerous print and online journals including <em>Ploughshares, Poetry Ireland Review, Prairie Schooner, Sweet, Live Encounters, Women&#8217;s Review of Books, Impossible Archetype<\/em>, and <em>Lambda Literary Review<\/em>. She also has written a series of essays on the intersections between poetry and social justice for Works in Progress. She hosts <a href=\"https:\/\/www.facebook.com\/groups\/685251748906097\/\">Cultivating Voices LIVE Poetry<\/a> on Facebook on Sundays. Visit her at <a href=\"http:\/\/www.sandrayannone.com\">www.sandrayannone.com <\/a><\/font><\/p>\n<p><center>You can listen to Laurence&#8217;s reading <a href=\"https:\/\/www.obheal.ie\/blog\/audio\/Guest Reading - Laurence McKeown-V.mp3\">here<\/a>.<\/center><br \/>\n<font color=\"silver\"><img loading=\"lazy\" decoding=\"async\" src=\"https:\/\/www.obheal.ie\/blog\/wp-content\/uploads\/2021\/01\/LaurenceMcKeownSm.jpg\" width=\"122\" height=\"150\" border=\"1\"\/><\/font><font size=\"1\"><strong>Laurence McKeown<\/strong> is an author, playwright, filmmaker, and academic, though sees those roles within the broader context of political activism and the role that the arts can play in that. His involvement in creative works, political education, and academia began during his period of incarceration as a political prisoner in the H-Blocks of Long Kesh (1976-1992). Following his release from prison Laurence completed a doctoral thesis at Queen&#8217;s University. His thesis was published in 2001 entitled <em>Out of Time<\/em>.<\/p>\n<p>Whilst pursuing his PhD studies, Laurence co-wrote (with Brian Campbell) a feature film, <em>H3<\/em> (2001, Metropolitan Films), based on the 1981 hunger strike within the prison, which Laurence participated in (for 70 days) and during which 10 prisoners died. In 1995 he co-founded the West Belfast Film Festival, which in 2001 expanded citywide to become the Belfast Film Festival. Laurence has written twelve plays, three books, one TV series, a radio drama, and three documentary films. <\/p>\n<p>His most recent play, <em>Green and Blue<\/em> (Kabosh Theatre) was premiered at the Belfast International Arts Festival in 2016. It has toured Ireland extensively and been performed in Paris, Dresden, and London. Laurence was short-listed for the Irish Writers Guild of Ireland Zebbie Award (2017) for <em>Green and Blue<\/em>. His d\u00e9but poetry collection <em>Threads<\/em> was published in 2018 by Salmon Poetry.<\/p>\n<p>&nbsp;<\/p>\n<hr \/>\n<p><center><b><font size=\"1\">You can watch a video of the event here<\/font><\/b><br \/>\n<iframe loading=\"lazy\" src=\"https:\/\/player.vimeo.com\/video\/510190348\" width=\"490\" height=\"276\" frameborder=\"1\" allow=\"autoplay; fullscreen\" allowfullscreen><\/iframe><\/center><\/p>\n<hr \/>\n<p><center><strong><font color=\"green\">Virtual \u00d3 Bh\u00e9al Session<\/font><\/strong><\/center><\/p>\n<p><\/font><font size=\"1\">This event will be hosted on <strong>Zoom<\/strong> and limited to 100 people. We will live-stream the session at <b><a href=\"http:\/\/www.obheal.ie\/live\" target=\"_blank\" rel=\"noopener noreferrer\">obheal.ie\/live<\/a><\/b> and via \u00d3 Bh\u00e9al&#8217;s <b><a href=\"http:\/\/www.vimeo.com\/obheal\">Vimeo<\/a><\/b>, <b><a href=\"https:\/\/www.facebook.com\/obheal.poetry\/\">Facebook<\/a><\/b> and <b><a href=\"http:\/\/www.youtube.com\/obheal\">YouTube <\/a><\/b>channels. <strong><em><font color=\"green\">Note to Participants<\/font><\/em><\/strong>: Our online events are recorded and remain viewable on video via these same channels.<br \/>\n<a href=\"https:\/\/www.obheal.ie\/live\"><font size=\"1\" color=\"green\"><img loading=\"lazy\" decoding=\"async\" src=\"https:\/\/www.obheal.ie\/live\/LiveStageLinkWide.jpg\" width=\"492\" height=\"120\" alt=\"Click here for our Live Poetry Stage\"\/><\/font><\/a><\/p>\n<p>We are no longer posting the zoom link via our social media channels. Upon written request to <a href=\"mailto:info@obheal.ie\">info@obheal.ie<\/a> with a sentence outlining your reason for participation, a link to join the session will be emailed to you on the evening of the event. The session is expected to run for between 2-3 hours.<\/p>\n<p><center><em><strong>The evening will feature three parts:<\/strong><\/em><\/center><\/p>\n<p><strong>8.30pm: Five Word Challenge<\/strong> (max 30 &#8211; after the allotted 15 minutes writing time);<br \/>\n<strong>9.30pm: Featured Guest Poets <\/strong>(20 mins each);<br \/>\n<strong>10:20pm: Open-Mic<\/strong> Session for original poetry (max 30).<\/p>\n<p>(<strong>Entering a Zoom meeting<\/strong> is <a href=\"https:\/\/support.zoom.us\/hc\/en-us\/articles\/201362193-Joining-a-Meeting\">all explained <b>here >>><\/b><\/a>. This link provides you with a step-by-step guide and YouTube tutorial if necessary. You should check this out if you&#8217;re unfamiliar with the Zoom platform &#8211; it also shows you where to download the zoom client\/app for your computer\/phone. <i>Please Make sure to know where the chat box is and how to mute yourself to reduce background sound.<\/i>)<\/font><\/p>\n<hr \/>\n<hr \/>\n","protected":false},"excerpt":{"rendered":"<p>February and March 2021 8th February New Creative Writing from UCC, featuring Peggy McCarthy, Lauren O\u2019Donovan, R\u00f3is\u00edn Leggett Bohan, Daniel Galvin and Kornelia Mlak You can listen to all five poets reading here. Each February, \u00d3 Bh\u00e9al presents poets and short fiction writers engaged in UCC&#8217;s MA Creative Writing programme, who read from their new [&hellip;]<\/p>\n","protected":false},"author":1,"featured_media":0,"parent":19,"menu_order":0,"comment_status":"closed","ping_status":"closed","template":"","meta":{"_uf_show_specific_survey":0,"_uf_disable_surveys":false,"footnotes":""},"class_list":["post-16652","page","type-page","status-publish","hentry"],"_links":{"self":[{"href":"https:\/\/www.obheal.ie\/blog\/wp-json\/wp\/v2\/pages\/16652","targetHints":{"allow":["GET"]}}],"collection":[{"href":"https:\/\/www.obheal.ie\/blog\/wp-json\/wp\/v2\/pages"}],"about":[{"href":"https:\/\/www.obheal.ie\/blog\/wp-json\/wp\/v2\/types\/page"}],"author":[{"embeddable":true,"href":"https:\/\/www.obheal.ie\/blog\/wp-json\/wp\/v2\/users\/1"}],"replies":[{"embeddable":true,"href":"https:\/\/www.obheal.ie\/blog\/wp-json\/wp\/v2\/comments?post=16652"}],"version-history":[{"count":28,"href":"https:\/\/www.obheal.ie\/blog\/wp-json\/wp\/v2\/pages\/16652\/revisions"}],"predecessor-version":[{"id":17398,"href":"https:\/\/www.obheal.ie\/blog\/wp-json\/wp\/v2\/pages\/16652\/revisions\/17398"}],"up":[{"embeddable":true,"href":"https:\/\/www.obheal.ie\/blog\/wp-json\/wp\/v2\/pages\/19"}],"wp:attachment":[{"href":"https:\/\/www.obheal.ie\/blog\/wp-json\/wp\/v2\/media?parent=16652"}],"curies":[{"name":"wp","href":"https:\/\/api.w.org\/{rel}","templated":true}]}}