{"id":15797,"date":"2020-09-17T01:07:32","date_gmt":"2020-09-17T01:07:32","guid":{"rendered":"https:\/\/www.obheal.ie\/blog\/?page_id=15797"},"modified":"2021-09-27T16:31:45","modified_gmt":"2021-09-27T16:31:45","slug":"guests-81-oct-nov-2020","status":"publish","type":"page","link":"https:\/\/www.obheal.ie\/blog\/guest-poets\/guests-81-oct-nov-2020\/","title":{"rendered":"Guests (81) Oct\/Nov 2020"},"content":{"rendered":"<hr \/>\n<p><center><strong>October and November<\/strong><\/center><\/p>\n<hr \/>\n<p><a name=\"12thOctober\"><\/a><\/p>\n<p><center><em>12th October<\/em><\/p>\n<p><strong>Kobus Moolman<\/strong><\/center><\/p>\n<hr \/>\n<p> <center>You can listen to Kobus&#8217;s reading <a href=\"https:\/\/www.obheal.ie\/blog\/audio\/Guest Reading - Kobus Moolman 2020-V.mp3\">here<\/a>.<\/center><br \/>\n<img decoding=\"async\" src=\"https:\/\/www.obheal.ie\/blog\/wp-content\/uploads\/2020\/09\/KobusMoolmanSm.jpg\" border=\"1\" align=\"right\"\/><font size=\"1\"><strong>Kobus Moolman<\/strong> is Professor of Creative Writing in the department of English Studies at the University of the Western Cape, South Africa. He has published seven collections of poetry, two collections of plays, and edited a collection of poetry, prose and art by South African writers living with disabilities. He has won numerous local and international awards, including the Ingrid Jonker prize, the PANSA award, the South African Literary Award, the DALRO poetry prize, the Sol Plaatje European Union Poetry award and the 2015 Glenna Luschei Award for African Poetry for his collection <em>A Book of Rooms<\/em>. <\/p>\n<p>His first collection of short fiction, <em>The Swimming Lesson and Other Stories<\/em>, was published in 2018. He recently edited a special issue on contemporary South African poetry for the American journal, <em>Illuminations<\/em> and in 2019, he published a chapbook of meditative poetry with drawings by Shubnum Khan, <em>All and Everything<\/em> (uHlanga Press). His new collection of poetry, <em>The Mountain behind the House<\/em>, from which he will read, is due to be released in early November.<\/p>\n<p>&nbsp;<\/p>\n<hr \/>\n<p><center><b><font size=\"1\">You can watch a video of the event here<\/font><\/b><br \/>\n<iframe loading=\"lazy\" width=\"490\" height=\"276\" src=\"https:\/\/www.youtube.com\/embed\/1utGXNThr_g\" title=\"YouTube video player\" frameborder=\"1\" allow=\"accelerometer; autoplay; clipboard-write; encrypted-media; gyroscope; picture-in-picture\" allowfullscreen><\/iframe><\/center><\/p>\n<hr \/>\n<p><center><strong><font color=\"green\">Virtual \u00d3 Bh\u00e9al Session<\/font><\/strong><\/center><\/p>\n<p><\/font><font size=\"1\">The event will be hosted on <strong>Zoom<\/strong> and limited to 100 people. We will also live-stream the session on <b><a href=\"https:\/\/www.facebook.com\/obheal.poetry\/\">\u00d3 Bh\u00e9al&#8217;s facebook page<\/a><\/b>. <strong><em><font color=\"green\">Note to Participants<\/font><\/em><\/strong>: As the events are recorded, they remain viewable as videos on our FaceBook\/YouTube channels. <\/p>\n<p>We are no longer posting the link via our social media channels. Upon written request to <a href=\"mailto:info@obheal.ie\">info@obheal.ie<\/a> with a sentence outlining your reason for participation, a link to join the session will be emailed to you on the evening of the event. The session is expected to run for between 2-3 hours.<\/p>\n<p><center><em><strong>The evening will feature three parts:<\/strong><\/em><\/center><\/p>\n<p><strong>8.30pm: Five Word Challenge<\/strong> (max 30 &#8211; after the allotted 15 minutes writing time);<br \/>\n<strong>9.30pm: Featured Guest Poets <\/strong>(20 mins each);<br \/>\n<strong>10:20pm: Open-Mic<\/strong> Session for original poetry (max 30).<\/p>\n<p>(<strong>Entering a Zoom meeting<\/strong> is <a href=\"https:\/\/support.zoom.us\/hc\/en-us\/articles\/201362193-Joining-a-Meeting\">all explained <b>here >>><\/b><\/a>. This link provides you with a step-by-step guide and YouTube tutorial if necessary. You should check this out if you&#8217;re unfamiliar with the Zoom platform &#8211; it also shows you where to download the zoom client\/app for your computer\/phone. <i>Please Make sure to know where the chat box is and how to mute yourself to reduce background sound.<\/i>)<\/font><\/p>\n<hr \/>\n<hr \/>\n<p><a name=\"9thNovember\"><\/a><\/p>\n<p><center><em>9th November<\/em><\/p>\n<p><strong>Nidhi Zak\/Aria Eipe<\/strong> <em>with<\/em> <strong>M\u00edche\u00e1l McCann<\/strong>, and <strong>Ashley O\u2019Neal<\/strong><\/center><\/p>\n<hr \/>\n<p>   <center>You can listen to Nidhi &#038; Miche\u00e1l&#8217;s combined reading <a href=\"https:\/\/www.obheal.ie\/blog\/audio\/Guest Reading - Nidhi Zak-Aria Eipe-Miceal McCann-V.mp3\">here<\/a>.<\/center><br \/>\n<img decoding=\"async\" src=\"https:\/\/www.obheal.ie\/blog\/wp-content\/uploads\/2020\/09\/NidhiZakAriaEipeSm.jpg\" border=\"1\" align=\"right\"\/><font size=\"1\"><strong>Nidhi Zak\/Aria Eipe<\/strong> is a poet, pacifist and fabulist. Her work appears or is forthcoming in <em>Banshee, Poetry Ireland Review, Rattle, The Stinging Fly<\/em> and <em>Winter Papers<\/em>, among others. Her debut collection of poetry is forthcoming in July 2021. She is currently co-editing a commemorative anthology with The Ireland Chair of Poetry, celebrating creative relationships between established and emerging poets, forthcoming with UCD Press.<br \/>\n&nbsp;<br \/>\n&nbsp;<\/p>\n<p><img decoding=\"async\" src=\"https:\/\/www.obheal.ie\/blog\/wp-content\/uploads\/2020\/09\/MichaelMcCannSm.jpg\" border=\"1\" align=\"right\"\/><\/font><font size=\"1\"><strong>M\u00edche\u00e1l McCann<\/strong> is from Derry. His poems appear in <em>Banshee, fourteen poems, Poetry Ireland Review<\/em> and <em>The Manchester Review<\/em>. His first pamphlet of poems <em>Safe Home<\/em> is published by Green Bottle Press. He is currently co-editing a commemorative anthology with The Ireland Chair of Poetry, celebrating creative relationships between established and emerging poets, forthcoming with UCD Press.<\/p>\n<p>&nbsp;<\/p>\n<hr \/>\n<p><center><font size=\"2\">You can listen to Ashley&#8217;s reading <a href=\"https:\/\/www.obheal.ie\/blog\/audio\/Guest Reading - Ashley O\u2019Neal-V.mp3\">here<\/a>.<\/font><\/center><br \/>\n<img decoding=\"async\" src=\"https:\/\/www.obheal.ie\/blog\/wp-content\/uploads\/2020\/09\/AshleyONealSm.jpg\" border=\"1\" align=\"right\"\/><\/font><font size=\"1\"><strong>Ashley O\u2019Neal<\/strong> is an award winning poet, artist, and philosopher who lives in the Gaeltacht area of Ballyvourney.  She was the winner of the 2014 Michael Hartnett Original Poem award, the winner of the 2018 Kanturk Poetry Slam Competition and she has read her poems for the 2018 Sliabh Luachra Scully&#8217;s Fest. She was officially selected for the 2018 Biennial Edition of Women Cinemakers for her work in film and writing. Her d\u00e9but colection <em>The Wren is Near &#8211; An Dreoil\u00edn in \u00e1r Measc<\/em> (Eridanus Press, 2019) has been shortlisted for the 2020 Shine Strong Poetry Award.<\/p>\n<p>O\u2019Neal&#8217;s poetry focuses on the ancient language of the land and the mythology of Ireland. She is deeply interested in the revival of poetry in relation to its ancient purpose, which is to unite people in their traditions, while also reconnect them to their noble heritage.<\/p>\n<p><center><font size=\"1\"> For more visit: <a href=\"http:\/\/www.thewrenisnear.com\">www.thewrenisnear.com<\/a> <strong>and<\/strong> <a href=\"https:\/\/poethead.wordpress.com\/2020\/03\/13\/poems-from-the-wren-is-near-an-dreoilin-in-ar-measc-by-ashley-oneal\/\"><em>Poethead<\/em><\/a><\/font><\/center><\/p>\n<hr \/>\n<p><center><b><font size=\"1\">You can watch a video of the event here<\/font><\/b><br \/>\n<iframe loading=\"lazy\" width=\"490\" height=\"276\" src=\"https:\/\/www.youtube.com\/embed\/5OQmTswl2hY\" title=\"YouTube video player\" frameborder=\"1\" allow=\"accelerometer; autoplay; clipboard-write; encrypted-media; gyroscope; picture-in-picture\" allowfullscreen><\/iframe><\/center><\/p>\n<hr \/>\n<p><center><strong><font color=\"green\">Virtual \u00d3 Bh\u00e9al Session<\/font><\/strong><\/center><\/p>\n<p><\/font><font size=\"1\">The event will be hosted on <strong>Zoom<\/strong> and limited to 100 people. We will also live-stream the session on <b><a href=\"https:\/\/www.facebook.com\/obheal.poetry\/\">\u00d3 Bh\u00e9al&#8217;s facebook page<\/a><\/b>. <strong><em><font color=\"green\">Note to Participants<\/font><\/em><\/strong>: As the events are recorded, they remain viewable as videos on our FaceBook\/YouTube channels. <\/p>\n<p>We are no longer posting the link via our social media channels. Upon written request to <a href=\"mailto:info@obheal.ie\">info@obheal.ie<\/a> with a sentence outlining your reason for participation, a link to join the session will be emailed to you on the evening of the event. The session is expected to run for between 2-3 hours.<\/p>\n<p><center><em><strong>The evening will feature three parts:<\/strong><\/em><\/center><\/p>\n<p><strong>8.30pm: Five Word Challenge<\/strong> (max 30 &#8211; after the allotted 15 minutes writing time);<br \/>\n<strong>9.30pm: Featured Guest Poets <\/strong>(20 mins each);<br \/>\n<strong>10:20pm: Open-Mic<\/strong> Session for original poetry (max 30).<\/p>\n<p>(<strong>Entering a Zoom meeting<\/strong> is <a href=\"https:\/\/support.zoom.us\/hc\/en-us\/articles\/201362193-Joining-a-Meeting\">all explained <b>here >>><\/b><\/a>. This link provides you with a step-by-step guide and YouTube tutorial if necessary. You should check this out if you&#8217;re unfamiliar with the Zoom platform &#8211; it also shows you where to download the zoom client\/app for your computer\/phone. <i>Please Make sure to know where the chat box is and how to mute yourself to reduce background sound.<\/i>)<\/font><\/p>\n<hr \/>\n<hr \/>\n<p><a name=\"26th-29thNovember\"><\/a><center><em>26th-29th November<\/em><\/p>\n<p><font size=\"2\">the <b>8th<\/b> \u00d3 Bh\u00e9al <\/font><font size=\"2\" color=\"green\"><strong>Winter <\/strong><\/font><font size=\"2\" color=\"#662011\"><strong>Warmer<\/strong><\/font><font size=\"2\"> Festival of Poetry<\/font><\/p>\n<p><font size=\"1\"><a href=\"https:\/\/www.obheal.ie\/blog\/winter-warmer-poetry-festival\/\"><b>The programme will appear here during mid-October<\/b><\/a><\/font><\/p>\n<p><\/center><\/p>\n<p><font color=\"silver\"><a href=\"https:\/\/www.obheal.ie\/blog\/winter-warmer-poetry-festival\/\"><img decoding=\"async\" src=\"https:\/\/www.obheal.ie\/WinterWarmer\/Winter Warmer 2020vsm.jpg\" border=\"0\" align=\"right\"\/><\/a><\/font><font size=\"1\">\u00d3 Bh\u00e9al&#8217;s 8th <strong>Winter Warmer<\/strong> (and 1st <strong>online<\/strong>) festival presents 36 poets live from fifteen countries, from <strong>Thurs 26th<\/strong> &#8211; <strong>Sun 29th<\/strong> November. The festival will feature poetry workshops, music from <em>Tionscadal na nAmhr\u00e1n Eala\u00edne Gaeilge<\/em> (the Irish Language Art Song Project) devised by D\u00e1irine N\u00ed Mheadhra and John Hess, the shortlist screening and prize-giving for \u00d3 Bh\u00e9al&#8217;s<a href=\"https:\/\/www.obheal.ie\/blog\/competition-poetry-film\/\"> International <strong>Poetry-Film Competition<\/strong><\/a>, a <b>Many Tongues of Cork<\/b> session and a closed-mic set for new voices &#8211; poets who have featured regularly in \u00d3\u00a0Bh\u00e9al&#8217;s online open-mic sessions during 2020.<\/font><\/p>\n<p><font size=\"1\"><a href=\"https:\/\/www.obheal.ie\/blog\/competition-poetry-film\/\"><img decoding=\"async\" src=\"https:\/\/www.obheal.ie\/poetryfilm\/PoetryFilm2020smwided.jpg\"\/><\/a><\/font><br \/>\n&nbsp;<\/p>\n<p><font size=\"1\">We are thrilled to announce that this year&#8217;s stellar line-up includes <strong>Imtiaz Dharker<\/strong>, <b>Jacob Polley<\/b>, <b>Sin\u00e9ad Morrissey<\/b>, <strong>Tongo Eisen-Martin<\/strong>, <b>Nuar Alsadir<\/b>, <b>Robert Sullivan<\/b>, <b>Dunya Mikhail<\/b>, <b>David Wheatley<\/b>, <b>Mary Jean Chan<\/b>, <strong>Ranjit Hoskote<\/strong>, <strong>Julie Morrissy<\/strong>, <strong>Musawenkosi Khanyile<\/strong>, <strong>Natalya O&#8217;Flaherty<\/strong>, <strong>Susan Musgrave<\/strong> and <strong>William Wall<\/strong>.<\/font><\/p>\n<p><font size=\"1\">\u00d3 Bh\u00e9al gratefully acknowledges its sponsors, The Arts Council, Cork City Council, Foras na Gaeilge, Dunnes Stores, Forum Publications, Colmcille, Arc Publications, Cork City Libraries, Poetry Ireland and the UCC School of English and Digital Humanities.<\/font><\/p>\n<p><center><font size=\"1\">All <strong>events are free<\/strong>, with a <b>\u20ac3 suggested online donation<\/b>.<\/font><\/center><br \/>\n&nbsp;<\/p>\n<hr \/>\n<p><center><b><font size=\"1\">You can watch the entire festival here<\/font><\/b><br \/>\n<iframe loading=\"lazy\" src=\"https:\/\/vimeo.com\/showcase\/7853332\/embed\" width=\"490\" height=\"276\" frameborder=\"1\" allow=\"autoplay; fullscreen\" allowfullscreen><\/iframe><\/center><\/p>\n<hr \/>\n<hr \/>\n","protected":false},"excerpt":{"rendered":"<p>October and November 12th October Kobus Moolman You can listen to Kobus&#8217;s reading here. Kobus Moolman is Professor of Creative Writing in the department of English Studies at the University of the Western Cape, South Africa. He has published seven collections of poetry, two collections of plays, and edited a collection of poetry, prose and [&hellip;]<\/p>\n","protected":false},"author":1,"featured_media":0,"parent":19,"menu_order":0,"comment_status":"closed","ping_status":"closed","template":"","meta":{"_uf_show_specific_survey":0,"_uf_disable_surveys":false,"footnotes":""},"class_list":["post-15797","page","type-page","status-publish","hentry"],"_links":{"self":[{"href":"https:\/\/www.obheal.ie\/blog\/wp-json\/wp\/v2\/pages\/15797","targetHints":{"allow":["GET"]}}],"collection":[{"href":"https:\/\/www.obheal.ie\/blog\/wp-json\/wp\/v2\/pages"}],"about":[{"href":"https:\/\/www.obheal.ie\/blog\/wp-json\/wp\/v2\/types\/page"}],"author":[{"embeddable":true,"href":"https:\/\/www.obheal.ie\/blog\/wp-json\/wp\/v2\/users\/1"}],"replies":[{"embeddable":true,"href":"https:\/\/www.obheal.ie\/blog\/wp-json\/wp\/v2\/comments?post=15797"}],"version-history":[{"count":61,"href":"https:\/\/www.obheal.ie\/blog\/wp-json\/wp\/v2\/pages\/15797\/revisions"}],"predecessor-version":[{"id":17405,"href":"https:\/\/www.obheal.ie\/blog\/wp-json\/wp\/v2\/pages\/15797\/revisions\/17405"}],"up":[{"embeddable":true,"href":"https:\/\/www.obheal.ie\/blog\/wp-json\/wp\/v2\/pages\/19"}],"wp:attachment":[{"href":"https:\/\/www.obheal.ie\/blog\/wp-json\/wp\/v2\/media?parent=15797"}],"curies":[{"name":"wp","href":"https:\/\/api.w.org\/{rel}","templated":true}]}}