{"id":1521,"date":"2011-11-27T16:53:13","date_gmt":"2011-11-27T16:53:13","guid":{"rendered":"http:\/\/www.obheal.ie\/blog\/?page_id=1521"},"modified":"2012-02-05T17:02:58","modified_gmt":"2012-02-05T17:02:58","slug":"guests-28-dec-11jan-12","status":"publish","type":"page","link":"https:\/\/www.obheal.ie\/blog\/guest-poets\/guests-28-dec-11jan-12\/","title":{"rendered":"Guests (28) Dec 11\/Jan 12"},"content":{"rendered":"<hr \/>\n<p><center><strong>December and January<\/strong><\/center><\/p>\n<hr \/>\n<p><center><em>5th December<\/em><\/p>\n<p><font size=\"1\" color=\"green\"><strong>&Oacute; Bh&eacute;al<\/strong><\/font> <font size=\"1\">in association with <\/font><font size=\"1\" color=\"green\"><strong>Foras na Gaeilge<\/strong><\/font><font size=\"1\"> presents a bi-lingual evening with<\/font><\/p>\n<p><strong>Doireann N\u00ed Ghr\u00edofa<\/strong><\/p>\n<p>You can listen to Doireann&#8217;s reading <a href=\"https:\/\/www.obheal.ie\/blog\/audio\/Guest Reading - Doireann Ni Ghriofa.mp3\">here<\/a>.<\/center><\/p>\n<p><font color=\"silver\"><img loading=\"lazy\" decoding=\"async\" width=\"127\" height=\"100\" border=\"1\" align=\"right\" src=\"https:\/\/www.obheal.ie\/blog\/wp-content\/uploads\/2011\/11\/DoireannNiGhriofaSm.jpg\"\/><\/font><font size=\"1\"><strong>Doireann N\u00ed Ghr\u00edofa <\/strong> grew up in County Clare. She holds a Masters Degree in Modern Irish Literature. Her poetry has been published in <em>Feasta, Comhar, Ropes Anthology, Revival, An tUltach, Crann\u00f3g, The Stony Thursday Book<\/em> and <em>An Gael<\/em>. Further poems are forthcoming in <em>Prairie Schooner Contemporary Irish Writers Issue<\/em> and <em>Cyphers<\/em>. Doireann was among the prize-winners in the emerging writer category at the Oireachtas literary awards 2010 and was shortlisted in Com\u00f3rtas U\u00ed N\u00e9ill 2011. The Arts Council has awarded her a literature bursary. Her debut collection, <em>R\u00e9sheoid<\/em>, is published by Coisc\u00e9im. <\/p>\n<p><\/font><font size=\"1\">Is as Co an Chl\u00e1ir do <strong>Doireann N\u00ed Ghr\u00edofa <\/strong> \u00f3 dh\u00fachas. Bhain s\u00ed amach c\u00e9im mh\u00e1istreachta sa Nua-Ghaeilge. T\u00e1 fil\u00edocht l\u00e9i foilsithe i bh<em>Feasta, Comhar, Ropes Anthology, Revival, An tUltach, Crann\u00f3g, The Stony Thursday Book<\/em> agus <em>An Gael<\/em>. Beidh tuilleadh d\u00e1nta \u00e1 fhoilsi\u00fa go luath i <em>Prairie Schooner Contemporary Irish Writers Issue<\/em> agus <em>Cyphers<\/em>. Bhain s\u00ed duais amach san Oireachtais Liteartha 2010 i rann\u00f3g na Scr\u00edbhneoir\u00ed \u00dara agus bh\u00ed d\u00e1n l\u00e9i ar ghearrliosta Com\u00f3rtas U\u00ed N\u00e9ill 2011. Bhronn an Chomhairle Eala\u00edon spar\u00e1nacht uirthi.  D\u2019fhoilsigh Coisc\u00e9im an ch\u00e9ad cnuasach l\u00e9i, d\u00e1r dteideal <em>R\u00e9sheoid<\/em>. <\/p>\n<p><\/font><\/p>\n<p>&nbsp;<\/p>\n<hr \/>\n<p><a name=\"12thDecember\"><\/a><br \/>\n<center><em>12th December<\/em><\/p>\n<p><font color=\"green\" size=\"1\"><strong>&Oacute; Bh&eacute;al<\/strong><\/font> <font size=\"1\">presents an end of year reading with<\/font><\/p>\n<p><strong>Carol Ann Duffy<\/strong> and musician <strong>John Sampson<\/strong><\/center><\/p>\n<p><font color=\"silver\"><img loading=\"lazy\" decoding=\"async\" width=\"142\" height=\"100\" border=\"1\" align=\"right\" src=\"https:\/\/www.obheal.ie\/blog\/wp-content\/uploads\/2011\/11\/JohnAndCarolAnnSm.jpg\"\/><\/font><font size=\"1\">Author of at least fifty books and plays, nine of which are poetry collections, Glasgow-born poet <strong>Carol Ann Duffy <\/strong> lives in Manchester, where she is Professor and Creative Director of The Writing School at Manchester Metropolitan University. She has written for both children and adults, and her poetry has received many awards, including the Signal Prize for Children&#8217;s Verse, the Whitbread and Forward Prizes, and the Lannan and E. M. Forster Prize in America. In 2005, she won the T. S. Eliot Prize for <em>Rapture<\/em>. She was appointed Poet Laureate of Britain in 2009, succeeding Andrew Motion.<\/p>\n<p><\/font><font color=\"silver\"><img loading=\"lazy\" decoding=\"async\" width=\"111\" height=\"100\" border=\"1\" align=\"right\" src=\"https:\/\/www.obheal.ie\/blog\/wp-content\/uploads\/2011\/11\/CarolAnnDuffySm.jpg\"\/><\/font><font size=\"1\">Carol Ann is a former editor of the poetry magazine <em>Ambit<\/em> and is a regular reviewer and broadcaster. Her adult poetry collections are <em>Standing Female Nude<\/em> (1985), winner of a Scottish Arts Council Award; <em>Selling Manhattan<\/em> (1987), which won a Somerset Maugham Award; <em>The Other Country<\/em> (1990); <em>Mean Time<\/em> (1993), which won the Whitbread Poetry Award and the Forward Poetry Prize (Best Poetry Collection of the Year); <em>The World&#8217;s Wife<\/em> (1999); <em>Feminine Gospels<\/em> (2002), a celebration of the female condition; <em>New Selected Poems<\/em> (Picador, 2004) and <em>Rapture<\/em> (2005), winner of the 2005 T. S. Eliot Prize. Her children&#8217;s poems are collected in <em>New &#038; Collected Poems for Children<\/em> (2009). Her most recent book of poetry is <em>The Bees<\/em> (Picador, 2011), shortlisted for the 2011 Costa Poetry Award and the 2011 T. S. Eliot Prize. Read about <em>The Bees<\/em> at the <a href=\"http:\/\/www.picador.com\/Poetry\/Collections\/The-Bees\">Picador website here<\/a>.<\/p>\n<p>She also writes picture books for children. Anthologies edited by Carol Ann Duffy include <em>Out of Fashion<\/em> (2004), in which she creates a vital dialogue between classic and contemporary poets over the two arts of poetry and fashion; <em>Answering Back<\/em> (2007); and <em>To The Moon: An Anthology of Lunar Poems<\/em> (2009). Carol Ann Duffy is also an acclaimed playwright, and has had plays performed at the Liverpool Playhouse and the Almeida Theatre in London. Her plays include <em>Take My Husband<\/em> (1982), <em>Cavern of Dreams<\/em> (1984), <em>Little Women, Big Boys<\/em> (1986) and <em>Loss<\/em> (1986), a radio play. <\/p>\n<p>She received an Eric Gregory Award in 1984 and a Cholmondeley Award in 1992 from the Society of Authors, the Dylan Thomas Award from the Poetry Society in 1989 and a Lannan Literary Award from the Lannan Foundation (USA) in 1995. She was awarded an OBE in 1995, a CBE in 2001 and became a Fellow of the Royal Society of Literature in 1999.<\/p>\n<p><em>&#8211; Biography compiled from Picador and the British Council.<\/em><\/font><\/p>\n<p><font color=\"silver\"><img loading=\"lazy\" decoding=\"async\" width=\"90\" height=\"100\" border=\"1\" align=\"right\" src=\"https:\/\/www.obheal.ie\/blog\/wp-content\/uploads\/2011\/11\/JohnSampsonSm.jpg\"\/><\/font><font size=\"1\"><strong>John Sampson<\/strong> is an Edinburgh-based professional musician, composer and actor. A well known and loved performer on the UK music scene for nearly thirty years and a respected actor for almost as long, he has also appeared extensively on the continent, particularly in Germany where his accomplished brand of musical comedy and cabaret is held in great affection, and his classical and jazz performance skills are highly regarded. He has been working with Carol Ann Duffy for more than nine years.<\/p>\n<p>Two years ago he played at Seamus Heaney`s 70th birthday at the Pavilion in D\u00fan Laoghaire and has performed many times at the Dublin theatre Festival in the 1980`s. He was in the <em>Celtic Story<\/em> at the Gaiety theatre in 1998. Long an admirer of poetry, John has in recent years collaborated with poets in performance, combining his atmospheric music with the recitation of the work of a number of poets. Two of these collaborations stand out &#8211; his extremely successful work with poet laureate Carol Ann Duffy, and his performances with Stewart Conn. With Carol Ann Duffy and her daughter Ella, John has helped to create shows such as The Princess&#8217; Blankets, which has been described as &#8220;A magical blend of poetry, music and fairytale&#8221;.<\/p>\n<p><strong>NB*<font color=\"green\"> Seating upstairs<\/font><\/strong> will be limited to no more than <strong>seventy<\/strong> people, thirty-five of whom will have places reserved as regular \u00d3 Bh\u00e9al attendees. There will also be live video broadcast to televisions in the downstairs Long Valley bar during the performance, where there is space for at least seventy more &#8211; for those who miss out on seats upstairs.<\/p>\n<p><\/font><\/p>\n<p>&nbsp;\n<\/p>\n<hr \/>\n<p><a name=\"9thJanuary\"><\/a><br \/>\n<center><em>9th January<\/em><\/p>\n<p><strong>Helena Nolan<\/strong><\/p>\n<p>You can listen to Helena&#8217;s reading <a href=\"https:\/\/www.obheal.ie\/blog\/audio\/Guest Reading - Helena Nolan.mp3\">here<\/a>.<\/center><\/p>\n<p><font color=\"silver\"><img loading=\"lazy\" decoding=\"async\" width=\"87\" height=\"100\" border=\"1\" align=\"right\" src=\"https:\/\/www.obheal.ie\/blog\/wp-content\/uploads\/2011\/11\/HelenaNolanSm.jpg\"\/><\/font><font size=\"1\"><strong>Helena Nolan <\/strong> won the Patrick Kavanagh Award for 2011, having come second in 2010. She has been shortlisted and commended in a number of competitions including Fish and Strokestown. Her work has been published in a range of anthologies and journals including <em>The Stinging Fly, The Moth<\/em> and <em>Abridged<\/em>. She is a regular contributor to <em>Poetry24<\/em>. She has a Masters in Creative Writing from UCD and is a member of the WEB writing group. In recent years, Helena has read at The Dublin Book Festival, The West Cork Literary Festival, The Poetry Now Festival Fringe, The Strokestown Poetry Festival and The Dalkey Book Festival.<\/p>\n<p>You can read Helena&#8217;s article <em>Third Time Lucky<\/em> in Poetry Ireland&#8217;s latest newsletter right <a href=\"http:\/\/poetryireland.ie\/downloads\/PIN_MJ_lowres.pdf\">here<\/a>.<br \/>\n<\/font><\/p>\n<p>&nbsp;<\/p>\n<hr \/>\n<p><a name=\"16thJanuary\"><\/a><br \/>\n<center><em>16th January<\/em><\/p>\n<p><strong>George Harding<\/strong><\/p>\n<p>You can listen to Daw&#8217;s reading <a href=\"https:\/\/www.obheal.ie\/blog\/audio\/Guest Reading - Daw Harding.mp3\">here<\/a>.<\/center><\/p>\n<p><font color=\"silver\"><img loading=\"lazy\" decoding=\"async\" width=\"136\" height=\"100\" border=\"1\" align=\"right\" src=\"https:\/\/www.obheal.ie\/blog\/wp-content\/uploads\/2011\/11\/DawHardingSm.jpg\"\/><\/font><font size=\"1\"><strong>George Harding<\/strong> is a Corkonian whose poems have appeared in <em>Stony Thursday, The Moth, Southward, Revival <\/em>etc., and is a former director of The Munster Literature Centre. He divides his time between Cork and Kinsale. Has been a regular at \u00d3 Bh\u00e9al since its beginning and has read at the Whitehouse in Limerick, An F\u00e9ile Beag in Ballyferriter, &#8220;On the Nail&#8221; at the Limerick Writers Centre and Kinsale Arts Week. His first collection, <em>My Stolen City<\/em> was published by Revival Press in May 2011.<\/p>\n<p><em>&#8220;Harding&#8217;s native Cork becomes a prism through which the world&#8217;s stupidities, joys and injustices are unflinchingly revealed. This refereshingly bittersweet collection introduces Irish poetry to a rich and unexpected voice.&#8221;<\/em> &#8211; Billy Ramsell<\/p>\n<p><\/font><\/p>\n<p>&nbsp;<\/p>\n<hr \/>\n<p><a name=\"23rdJanuary\"><\/a><br \/>\n<center><em>23rd January<\/em><\/p>\n<p><font size=\"1\" color=\"green\"><strong>&Oacute; Bh&eacute;al<\/strong><\/font> <font size=\"1\">in association with <\/font><font size=\"1\" color=\"green\"><strong>Foras na Gaeilge<\/strong><\/font><font size=\"1\"> presents a bi-lingual evening with<\/font><\/p>\n<p><strong>Louis de Paor<\/strong><\/p>\n<p>You can listen to Louis&#8217; reading <a href=\"https:\/\/www.obheal.ie\/blog\/audio\/Guest Reading - Louis de Paor 2012.mp3\">here<\/a>.<\/center><\/p>\n<p><font color=\"silver\"><img loading=\"lazy\" decoding=\"async\" width=\"124\" height=\"100\" border=\"1\" align=\"right\" src=\"https:\/\/www.obheal.ie\/blog\/wp-content\/uploads\/2011\/11\/LouisdePaorSm.jpg\"\/><\/font><font size=\"1\"><\/font><font size=\"1\">Cork-born <strong>Louis de Paor<\/strong>\u2019s most recent collections are <em>agus rud eile de\/and another thing<\/em>, and <em>Uimhir a seacht: \u00f3n gcro\u00ed nach dtuigeann<\/em>, both published in 2010. A selected poems in Irish is due shortly from Coisc\u00e9im. He edited a bilingual edition of the selected poems of M\u00e1ire Mhac an tSaoi, <em>An par\u00f3iste m\u00edor\u00failteach\/The miraculous parish<\/em> which was published by Cl\u00f3 IarChonnacht and O\u2019Brien Press in November 2011.<\/p>\n<p>His first collection, <em>Pr\u00f3ca solais is luatha<\/em> (B\u00c1C: Coisc\u00e9im, 1988), won Duais an R\u00edord\u00e1naigh, a prize which he has won several times since. Among his other collections are <em>30 d\u00e1n<\/em> (B\u00c1C: Coisc\u00e9im, 1992) and <em>Corcach agus d\u00e1nta eile<\/em> (B\u00c1C: Coisc\u00e9im, 1999).<\/p>\n<p>He is the Director of the Centre for Irish Studies at the National University of Ireland, Galway.<\/font><\/p>\n<p>&nbsp;<\/p>\n<hr \/>\n<p><a name=\"30thJanuary\"><\/a><br \/>\n<center><em>30th January<\/em><\/p>\n<p><strong>Adam Wyeth<\/strong><\/p>\n<p>You can listen to Adam&#8217;s reading <a href=\"https:\/\/www.obheal.ie\/blog\/audio\/Guest Reading - Adam Wyeth 2012.mp3\">here<\/a>.<\/center><\/p>\n<p><font color=\"silver\"><img loading=\"lazy\" decoding=\"async\" width=\"101\" height=\"100\" border=\"1\" align=\"right\" src=\"https:\/\/www.obheal.ie\/blog\/wp-content\/uploads\/2011\/11\/AdamWyethSm.jpg\"\/><\/font><font size=\"1\"><strong>Adam Wyeth<\/strong> was born in Sussex in 1978, and has lived in Co. Cork for ten years. His debut collection <em>Silent Music<\/em> (Salmon Poetry) has been highly commended by The Forward Poetry Prize. He was a prize winner of The Fish International Poetry Competition, 2009; and a runner-up of The Arvon International Poetry Competition, 2006.  His poems have appeared in several anthologies including, <em>The Forward Prize Anthology<\/em> 2011, <em>The Best of Irish Poetry 2010<\/em>, <em>Dogs Singing: A Tribute Anthology<\/em> (2010), <em>Landing Places<\/em> (2010), <em>Something Beginning with P<\/em> (2004), and <em>The Arvon 25th Anniversary Anthology<\/em> (2006). <\/p>\n<p>Publications in magazines and journals include: <em>The Stinging Fly, The SHOp, Southword, Poetry London<\/em> and <em>Magma<\/em>. Wyeth was a featured poet in <em>Agenda<\/em>, 2008 and 2010, and selected for the Poetry Ireland Introductions Series, 2007. He has made two films on poetry, <em>A Life in the Day of Desmond O\u2019Grady<\/em>, first screened at The Cork Film Festival, 2004; and a full length feature, <em>Soundeye: Cork International Poetry Festival, 2005<\/em>. Wyeth is a member of the Poetry Ireland Writers in Schools Scheme and runs an ongoing online Creative Writing workshop: www.creativewritingink.ie. He is also a freelance journalist with a regular column in The Southern Star and contributes book reviews and features for the The Irish Times. <\/p>\n<p><em>&#8220;Adam Wyeth&#8217;s work is fresh and intriguing, alive with imaginative riffs, grave humour and more besides &#8211; it rewards close attention.&#8221;<\/em> &#8211; Derek Mahon<\/p>\n<p>Adam will also be holding a <strong>workshop<\/strong> entitled <i>Exploring personal and cultural memory in writing<\/i> from 7.00pm to 8.30pm at &Oacute; Bh&eacute;al. For more details click <a href=\"https:\/\/www.obheal.ie\/blog\/?page_id=46#Guest%20Poet\">here<\/a>.<\/p>\n<p><\/font><\/p>\n<hr \/>\n<p>&nbsp;<br \/>\n&nbsp;<br \/>\n&nbsp;<br \/>\n&nbsp;<br \/>\n&nbsp;<br \/>\n&nbsp;<br \/>\n&nbsp;<br \/>\n&nbsp;<br \/>\n&nbsp;<br \/>\n&nbsp;<\/p>\n","protected":false},"excerpt":{"rendered":"<p>December and January 5th December &Oacute; Bh&eacute;al in association with Foras na Gaeilge presents a bi-lingual evening with Doireann N\u00ed Ghr\u00edofa You can listen to Doireann&#8217;s reading here. Doireann N\u00ed Ghr\u00edofa grew up in County Clare. She holds a Masters Degree in Modern Irish Literature. Her poetry has been published in Feasta, Comhar, Ropes Anthology, [&hellip;]<\/p>\n","protected":false},"author":1,"featured_media":0,"parent":19,"menu_order":0,"comment_status":"open","ping_status":"open","template":"","meta":{"_uf_show_specific_survey":0,"_uf_disable_surveys":false,"footnotes":""},"class_list":["post-1521","page","type-page","status-publish","hentry"],"_links":{"self":[{"href":"https:\/\/www.obheal.ie\/blog\/wp-json\/wp\/v2\/pages\/1521","targetHints":{"allow":["GET"]}}],"collection":[{"href":"https:\/\/www.obheal.ie\/blog\/wp-json\/wp\/v2\/pages"}],"about":[{"href":"https:\/\/www.obheal.ie\/blog\/wp-json\/wp\/v2\/types\/page"}],"author":[{"embeddable":true,"href":"https:\/\/www.obheal.ie\/blog\/wp-json\/wp\/v2\/users\/1"}],"replies":[{"embeddable":true,"href":"https:\/\/www.obheal.ie\/blog\/wp-json\/wp\/v2\/comments?post=1521"}],"version-history":[{"count":0,"href":"https:\/\/www.obheal.ie\/blog\/wp-json\/wp\/v2\/pages\/1521\/revisions"}],"up":[{"embeddable":true,"href":"https:\/\/www.obheal.ie\/blog\/wp-json\/wp\/v2\/pages\/19"}],"wp:attachment":[{"href":"https:\/\/www.obheal.ie\/blog\/wp-json\/wp\/v2\/media?parent=1521"}],"curies":[{"name":"wp","href":"https:\/\/api.w.org\/{rel}","templated":true}]}}