{"id":15180,"date":"2020-10-20T10:34:28","date_gmt":"2020-10-20T10:34:28","guid":{"rendered":"http:\/\/www.obheal.ie\/blog\/?page_id=15180"},"modified":"2020-10-20T10:34:28","modified_gmt":"2020-10-20T10:34:28","slug":"winter-warmer-videos-2019","status":"publish","type":"page","link":"https:\/\/www.obheal.ie\/blog\/winter-warmer-poetry-festival\/winter-warmer-videos-2019\/","title":{"rendered":"Winter Warmer Videos 2019"},"content":{"rendered":"<p><font color=\"silver\"><img decoding=\"async\" src=\"https:\/\/www.obheal.ie\/WinterWarmer\/WinterWarmer2019vsm.jpg\" border=\"0\"\/><\/font><\/p>\n<p>&nbsp;<\/p>\n<p><center><strong>Winter Warmer Videos 2019<\/strong><br \/>\n<font size=\"1\">(also on the <a href=\"http:\/\/www.youtube.com\/user\/OBheal\" target=\"_blank\" rel=\"noopener noreferrer\">\u00d3 Bh\u00e9al Youtube channel)<\/a><\/font><\/center><\/p>\n<p><center>22nd-24th November<\/center><\/p>\n<p>One video from each guest poet at the 7th Winter Warmer festival (in order of appearance) followed by the closed-mic.<\/p>\n<p>&nbsp;<\/p>\n<hr \/>\n<p><center><br \/>\n<strong>Short Documentary by Lovisa Cosgrave<\/strong><br \/>\n<iframe loading=\"lazy\" src=\"https:\/\/www.youtube.com\/embed\/I6bL5U20RHc\" allow=\"accelerometer; autoplay; encrypted-media; gyroscope; picture-in-picture\" allowfullscreen=\"\" width=\"560\" height=\"315\" frameborder=\"0\"><\/iframe><\/p>\n<hr \/>\n<p><\/center><center><br \/>\n<strong>M\u00e1ire N\u00ed Ch\u00e9ileachair<\/strong><br \/>\n<iframe loading=\"lazy\" src=\"https:\/\/www.youtube.com\/embed\/cyV7-1mh9ao\" allow=\"accelerometer; autoplay; encrypted-media; gyroscope; picture-in-picture\" allowfullscreen=\"\" width=\"560\" height=\"315\" frameborder=\"0\"><\/iframe><br \/>\nAisling Gheal<\/p>\n<hr \/>\n<p><strong>Johnny McCarthy and Con O&#8217;Drisceoil<\/strong><br \/>\n<iframe loading=\"lazy\" src=\"https:\/\/www.youtube.com\/embed\/bnZu2QsCd68\" allow=\"accelerometer; autoplay; encrypted-media; gyroscope; picture-in-picture\" allowfullscreen=\"\" width=\"560\" height=\"315\" frameborder=\"0\"><\/iframe><br \/>\nBantry Bay and The Road to G\u00f3il\u00edn<\/p>\n<hr \/>\n<p><strong>Ciara N\u00ed \u00c9<\/strong><br \/>\n<iframe loading=\"lazy\" src=\"https:\/\/www.youtube.com\/embed\/clwFkJqhDNA\" allow=\"accelerometer; autoplay; encrypted-media; gyroscope; picture-in-picture\" allowfullscreen=\"\" width=\"560\" height=\"315\" frameborder=\"0\"><\/iframe><br \/>\nRoghnaigh Saol (Choose Life)<\/p>\n<hr \/>\n<p><strong>Philip Wilson<\/strong><br \/>\n<iframe loading=\"lazy\" src=\"https:\/\/www.youtube.com\/embed\/qlOV3XWi0_0\" allow=\"accelerometer; autoplay; encrypted-media; gyroscope; picture-in-picture\" allowfullscreen=\"\" width=\"560\" height=\"315\" frameborder=\"0\"><\/iframe><br \/>\nA few Spell Poems<\/p>\n<hr \/>\n<p><strong>Amanda Bell<\/strong><br \/>\n<iframe loading=\"lazy\" src=\"https:\/\/www.youtube.com\/embed\/NC8Os7ed3tk\" allow=\"accelerometer; autoplay; encrypted-media; gyroscope; picture-in-picture\" allowfullscreen=\"\" width=\"560\" height=\"315\" frameborder=\"0\"><\/iframe><br \/>\nSolstice<\/p>\n<hr \/>\n<p><strong>Danielle McLaughlin<\/strong><br \/>\n<iframe loading=\"lazy\" src=\"https:\/\/www.youtube.com\/embed\/0yM_RY8-APs \" allow=\"accelerometer; autoplay; encrypted-media; gyroscope; picture-in-picture\" allowfullscreen=\"\" width=\"560\" height=\"315\" frameborder=\"0\"><\/iframe><br \/>\nBeached<\/p>\n<hr \/>\n<p><strong>Dourga<\/strong><br \/>\n<iframe loading=\"lazy\" src=\"https:\/\/www.youtube.com\/embed\/vZEgQKJferM\" allow=\"accelerometer; autoplay; encrypted-media; gyroscope; picture-in-picture\" allowfullscreen=\"\" width=\"560\" height=\"315\" frameborder=\"0\"><\/iframe><br \/>\nD\u00fan Do Shu\u00edl<\/p>\n<hr \/>\n<p><strong>Zsuzsa Emese Csob\u00e1nka<\/strong><br \/>\n<iframe loading=\"lazy\" src=\"https:\/\/www.youtube.com\/embed\/q_CCz7MLWMQ  \" allow=\"accelerometer; autoplay; encrypted-media; gyroscope; picture-in-picture\" allowfullscreen=\"\" width=\"560\" height=\"315\" frameborder=\"0\"><\/iframe><br \/>\nThe Heart of the Hurricane in Cork<\/p>\n<hr \/>\n<p><strong>Richard Hawtree<\/strong><br \/>\n<iframe loading=\"lazy\" src=\"https:\/\/www.youtube.com\/embed\/tQaR3ohkh1A\" allow=\"accelerometer; autoplay; encrypted-media; gyroscope; picture-in-picture\" allowfullscreen=\"\" width=\"560\" height=\"315\" frameborder=\"0\"><\/iframe><br \/>\nThe Night I Spoke Irish in Surrey<\/p>\n<hr \/>\n<p><strong>Kimberly Reyes<\/strong><br \/>\n<iframe loading=\"lazy\" src=\"https:\/\/www.youtube.com\/embed\/xT7I27lKgx0\" allow=\"accelerometer; autoplay; encrypted-media; gyroscope; picture-in-picture\" allowfullscreen=\"\" width=\"560\" height=\"315\" frameborder=\"0\"><\/iframe><br \/>\nBlueprint<\/p>\n<hr \/>\n<p><strong>Afric McGlinchey<\/strong><br \/>\n<iframe loading=\"lazy\" src=\"https:\/\/www.youtube.com\/embed\/3TjvNlR3T74 \" allow=\"accelerometer; autoplay; encrypted-media; gyroscope; picture-in-picture\" allowfullscreen=\"\" width=\"560\" height=\"315\" frameborder=\"0\"><\/iframe><br \/>\nPrecipitation<\/p>\n<hr \/>\n<p><strong>Francis Jones<\/strong><br \/>\n<iframe loading=\"lazy\" src=\"https:\/\/www.youtube.com\/embed\/8SXkj5WtkLE\" allow=\"accelerometer; autoplay; encrypted-media; gyroscope; picture-in-picture\" allowfullscreen=\"\" width=\"560\" height=\"315\" frameborder=\"0\"><\/iframe><br \/>\nForced March<\/p>\n<hr \/>\n<p><strong>Ciaran O&#8217;Driscoll<\/strong><br \/>\n<iframe loading=\"lazy\" src=\"https:\/\/www.youtube.com\/embed\/qqfn1NEhI1Y\" allow=\"accelerometer; autoplay; encrypted-media; gyroscope; picture-in-picture\" allowfullscreen=\"\" width=\"560\" height=\"315\" frameborder=\"0\"><\/iframe><br \/>\nSentence<\/p>\n<hr \/>\n<p><strong>Louis Mulcahy<\/strong><br \/>\n<iframe loading=\"lazy\" src=\"https:\/\/www.youtube.com\/embed\/6ZCJEW10_Io\" allow=\"accelerometer; autoplay; encrypted-media; gyroscope; picture-in-picture\" allowfullscreen=\"\" width=\"560\" height=\"315\" frameborder=\"0\"><\/iframe><br \/>\nStealing Presents<\/p>\n<hr \/>\n<p><strong>Aifric Mac Aodha<\/strong><br \/>\n<iframe loading=\"lazy\" src=\"https:\/\/www.youtube.com\/embed\/2x7Smsfxlc0\" allow=\"accelerometer; autoplay; encrypted-media; gyroscope; picture-in-picture\" allowfullscreen=\"\" width=\"560\" height=\"315\" frameborder=\"0\"><\/iframe><br \/>\nfrom Cail\u00edn Br\u00e9agach na mBr\u00e1ithre (The Brothers\u2019 Little White-lie Girl)<\/p>\n<hr \/>\n<p><strong>Anne Frater<\/strong><br \/>\n<iframe loading=\"lazy\" src=\"https:\/\/www.youtube.com\/embed\/4XfgP6nteJI\" allow=\"accelerometer; autoplay; encrypted-media; gyroscope; picture-in-picture\" allowfullscreen=\"\" width=\"560\" height=\"315\" frameborder=\"0\"><\/iframe><br \/>\nTuagh \/ Axe<\/p>\n<hr \/>\n<p><strong>Jackie Wills<\/strong><br \/>\n<iframe loading=\"lazy\" src=\"https:\/\/www.youtube.com\/embed\/JNzYUQek6BE\" allow=\"accelerometer; autoplay; encrypted-media; gyroscope; picture-in-picture\" allowfullscreen=\"\" width=\"560\" height=\"315\" frameborder=\"0\"><\/iframe><br \/>\nWatering<\/p>\n<hr \/>\n<p><strong>Liz Berry<\/strong><br \/>\n<iframe loading=\"lazy\" src=\"https:\/\/www.youtube.com\/embed\/QLo6iQM7ud0\" allow=\"accelerometer; autoplay; encrypted-media; gyroscope; picture-in-picture\" allowfullscreen=\"\" width=\"560\" height=\"315\" frameborder=\"0\"><\/iframe><br \/>\nBird<\/p>\n<hr \/>\n<p><strong>Yolanda Castano<\/strong><br \/>\n<iframe loading=\"lazy\" src=\"https:\/\/www.youtube.com\/embed\/85h08thRtL4 \" allow=\"accelerometer; autoplay; encrypted-media; gyroscope; picture-in-picture\" allowfullscreen=\"\" width=\"560\" height=\"315\" frameborder=\"0\"><\/iframe><br \/>\nListen and Repeat<\/p>\n<hr \/>\n<p><strong>Cormac Lally<\/strong><br \/>\n<iframe loading=\"lazy\" src=\"https:\/\/www.youtube.com\/embed\/PqasMUybR_g\" allow=\"accelerometer; autoplay; encrypted-media; gyroscope; picture-in-picture\" allowfullscreen=\"\" width=\"560\" height=\"315\" frameborder=\"0\"><\/iframe><br \/>\nMan Love<\/p>\n<hr \/>\n<p><strong>Michelle Delea<\/strong><br \/>\n<iframe loading=\"lazy\" src=\"https:\/\/www.youtube.com\/embed\/DnboUnhK_vw\" allow=\"accelerometer; autoplay; encrypted-media; gyroscope; picture-in-picture\" allowfullscreen=\"\" width=\"560\" height=\"315\" frameborder=\"0\"><\/iframe><br \/>\nVoice<\/p>\n<hr \/>\n<p><strong>Dr Lekha Menon Margassery<\/strong><br \/>\n<iframe loading=\"lazy\" src=\"https:\/\/www.youtube.com\/embed\/Hq6sEl1FGxM\" allow=\"accelerometer; autoplay; encrypted-media; gyroscope; picture-in-picture\" allowfullscreen=\"\" width=\"560\" height=\"315\" frameborder=\"0\"><\/iframe><br \/>\n7th \u00d3 Bh\u00e9al Winter Warmer Festival<\/p>\n<hr \/>\n<p><strong>Nelly Azzopardi<\/strong><br \/>\n<iframe loading=\"lazy\" src=\"https:\/\/www.youtube.com\/embed\/fwwB5D3u7n8\" allow=\"accelerometer; autoplay; encrypted-media; gyroscope; picture-in-picture\" allowfullscreen=\"\" width=\"560\" height=\"315\" frameborder=\"0\"><\/iframe><br \/>\n7th \u00d3 Bh\u00e9al Winter Warmer Festival<\/p>\n<hr \/>\n<p><strong>Pratibha Patil<\/strong><br \/>\n<iframe loading=\"lazy\" src=\"https:\/\/www.youtube.com\/embed\/pFrmN54vFws\" allow=\"accelerometer; autoplay; encrypted-media; gyroscope; picture-in-picture\" allowfullscreen=\"\" width=\"560\" height=\"315\" frameborder=\"0\"><\/iframe><br \/>\n7th \u00d3 Bh\u00e9al Winter Warmer Festival<\/p>\n<hr \/>\n<p><strong>Michela Lagorio<\/strong><br \/>\n<iframe loading=\"lazy\" src=\"https:\/\/www.youtube.com\/embed\/d2FoHEpojtY\" allow=\"accelerometer; autoplay; encrypted-media; gyroscope; picture-in-picture\" allowfullscreen=\"\" width=\"560\" height=\"315\" frameborder=\"0\"><\/iframe><br \/>\n7th \u00d3 Bh\u00e9al Winter Warmer Festival<\/p>\n<hr \/>\n<p><strong>Rosalin Blue<\/strong><br \/>\n<iframe loading=\"lazy\" src=\"https:\/\/www.youtube.com\/embed\/mLfZVk02O8I\" allow=\"accelerometer; autoplay; encrypted-media; gyroscope; picture-in-picture\" allowfullscreen=\"\" width=\"560\" height=\"315\" frameborder=\"0\"><\/iframe><br \/>\nThe Moonshine Cat<\/p>\n<hr \/>\n<p><strong>Mummy Harmony<\/strong><br \/>\n<iframe loading=\"lazy\" src=\"https:\/\/www.youtube.com\/embed\/uS7FwLn2teU\" allow=\"accelerometer; autoplay; encrypted-media; gyroscope; picture-in-picture\" allowfullscreen=\"\" width=\"560\" height=\"315\" frameborder=\"0\"><\/iframe><br \/>\n7th \u00d3 Bh\u00e9al Winter Warmer Festival<\/p>\n<hr \/>\n<p><strong>Catherine Ronan<\/strong><br \/>\n<iframe loading=\"lazy\" src=\"https:\/\/www.youtube.com\/embed\/bSTHZa5048U\" allow=\"accelerometer; autoplay; encrypted-media; gyroscope; picture-in-picture\" allowfullscreen=\"\" width=\"560\" height=\"315\" frameborder=\"0\"><\/iframe><br \/>\nPenny Peugeot<\/p>\n<hr \/>\n<p><strong>Dan Johnson<\/strong><br \/>\n<iframe loading=\"lazy\" src=\"https:\/\/www.youtube.com\/embed\/4AmzPocnvhA\" allow=\"accelerometer; autoplay; encrypted-media; gyroscope; picture-in-picture\" allowfullscreen=\"\" width=\"560\" height=\"315\" frameborder=\"0\"><\/iframe><br \/>\nGive the People What They Want<\/p>\n<hr \/>\n<p><strong>Simon Spichak<\/strong><br \/>\n<iframe loading=\"lazy\" src=\"https:\/\/www.youtube.com\/embed\/mhW6iSUI5ig\" allow=\"accelerometer; autoplay; encrypted-media; gyroscope; picture-in-picture\" allowfullscreen=\"\" width=\"560\" height=\"315\" frameborder=\"0\"><\/iframe><br \/>\nOde to a Strange Portuguese Hostel Dweller<\/p>\n<hr \/>\n<p><strong>Margaret O&#8217;Regan<\/strong><br \/>\n<iframe loading=\"lazy\" src=\"https:\/\/www.youtube.com\/embed\/IHBYCe_UolQ\" allow=\"accelerometer; autoplay; encrypted-media; gyroscope; picture-in-picture\" allowfullscreen=\"\" width=\"560\" height=\"315\" frameborder=\"0\"><\/iframe><br \/>\nGuilt Trip (and a haiku)<\/p>\n<hr \/>\n<p><strong>Ruairi de Barra<\/strong><br \/>\n<iframe loading=\"lazy\" src=\"https:\/\/www.youtube.com\/embed\/DmbVw2vhA5w\" allow=\"accelerometer; autoplay; encrypted-media; gyroscope; picture-in-picture\" allowfullscreen=\"\" width=\"560\" height=\"315\" frameborder=\"0\"><\/iframe><br \/>\nEmpty<\/p>\n<hr \/>\n<p><strong>Jamie Lawton<\/strong><br \/>\n<iframe loading=\"lazy\" src=\"https:\/\/www.youtube.com\/embed\/UcLC7TTl9zw\" allow=\"accelerometer; autoplay; encrypted-media; gyroscope; picture-in-picture\" allowfullscreen=\"\" width=\"560\" height=\"315\" frameborder=\"0\"><\/iframe><br \/>\nUntitled<\/p>\n<hr \/>\n<p><strong>Philip Spillane<\/strong><br \/>\n<iframe loading=\"lazy\" src=\"https:\/\/www.youtube.com\/embed\/WYUW7HIf4_0\" allow=\"accelerometer; autoplay; encrypted-media; gyroscope; picture-in-picture\" allowfullscreen=\"\" width=\"560\" height=\"315\" frameborder=\"0\"><\/iframe><br \/>\nMoon Fruit<\/p>\n<hr \/>\n<p><strong>Charles Clarke<\/strong><br \/>\n<iframe loading=\"lazy\" src=\"https:\/\/www.youtube.com\/embed\/mDvPWSfPJFg\" allow=\"accelerometer; autoplay; encrypted-media; gyroscope; picture-in-picture\" allowfullscreen=\"\" width=\"560\" height=\"315\" frameborder=\"0\"><\/iframe><br \/>\nWhy Not<\/p>\n<hr \/>\n<p><strong>Niamh Twomey<\/strong><br \/>\n<iframe loading=\"lazy\" src=\"https:\/\/www.youtube.com\/embed\/Mj3wFK3loeo\" allow=\"accelerometer; autoplay; encrypted-media; gyroscope; picture-in-picture\" allowfullscreen=\"\" width=\"560\" height=\"315\" frameborder=\"0\"><\/iframe><br \/>\nThe Wooden Ladder<\/p>\n<p><\/center><\/p>\n","protected":false},"excerpt":{"rendered":"<p>&nbsp; Winter Warmer Videos 2019 (also on the \u00d3 Bh\u00e9al Youtube channel) 22nd-24th November One video from each guest poet at the 7th Winter Warmer festival (in order of appearance) followed by the closed-mic. &nbsp; Short Documentary by Lovisa Cosgrave M\u00e1ire N\u00ed Ch\u00e9ileachair Aisling Gheal Johnny McCarthy and Con O&#8217;Drisceoil Bantry Bay and The Road [&hellip;]<\/p>\n","protected":false},"author":1,"featured_media":0,"parent":12873,"menu_order":0,"comment_status":"closed","ping_status":"closed","template":"","meta":{"_uf_show_specific_survey":0,"_uf_disable_surveys":false,"footnotes":""},"class_list":["post-15180","page","type-page","status-publish","hentry"],"_links":{"self":[{"href":"https:\/\/www.obheal.ie\/blog\/wp-json\/wp\/v2\/pages\/15180","targetHints":{"allow":["GET"]}}],"collection":[{"href":"https:\/\/www.obheal.ie\/blog\/wp-json\/wp\/v2\/pages"}],"about":[{"href":"https:\/\/www.obheal.ie\/blog\/wp-json\/wp\/v2\/types\/page"}],"author":[{"embeddable":true,"href":"https:\/\/www.obheal.ie\/blog\/wp-json\/wp\/v2\/users\/1"}],"replies":[{"embeddable":true,"href":"https:\/\/www.obheal.ie\/blog\/wp-json\/wp\/v2\/comments?post=15180"}],"version-history":[{"count":45,"href":"https:\/\/www.obheal.ie\/blog\/wp-json\/wp\/v2\/pages\/15180\/revisions"}],"predecessor-version":[{"id":15976,"href":"https:\/\/www.obheal.ie\/blog\/wp-json\/wp\/v2\/pages\/15180\/revisions\/15976"}],"up":[{"embeddable":true,"href":"https:\/\/www.obheal.ie\/blog\/wp-json\/wp\/v2\/pages\/12873"}],"wp:attachment":[{"href":"https:\/\/www.obheal.ie\/blog\/wp-json\/wp\/v2\/media?parent=15180"}],"curies":[{"name":"wp","href":"https:\/\/api.w.org\/{rel}","templated":true}]}}