{"id":13896,"date":"2019-09-29T13:56:23","date_gmt":"2019-09-29T13:56:23","guid":{"rendered":"http:\/\/www.obheal.ie\/blog\/?page_id=13896"},"modified":"2019-11-30T11:22:59","modified_gmt":"2019-11-30T11:22:59","slug":"guests-75-oct-nov-2019","status":"publish","type":"page","link":"https:\/\/www.obheal.ie\/blog\/guest-poets\/guests-75-oct-nov-2019\/","title":{"rendered":"Guests (75) Oct\/Nov 2019"},"content":{"rendered":"<hr \/>\n<p><center><strong>October and November<\/strong><\/center><\/p>\n<hr \/>\n<p>&nbsp;<\/p>\n<p><center><em>7th October<\/em><\/p>\n<p><strong>Munster Poetry Slam<\/strong><\/p>\n<p><font size=\"1\">and Munster heat of the <\/font><font size=\"1\" color=\"green\"><strong>2019 All-Ireland Slam Championship<\/strong><\/font><br \/>\n<font size=\"1\">(final to be held in Dublin during November)<\/font><\/p>\n<p><font size=\"1\"><b>From 9.00pm sharp<\/b>: Poets will compete over two rounds.<br \/>\nThree judges score for Content, Performance, Audience Reaction and Timing.<\/font><\/p>\n<p><font size=\"1\"><\/font><font size=\"1\"><i>followed with a performance by<\/i><\/font><\/p>\n<p><strong>Emmet Kirwan<\/strong><\/p>\n<p>You can listen to part of Emmet&#8217;s performance <a href=\"https:\/\/www.obheal.ie\/blog\/audio\/Guest Reading - Emmet Kirwan.mp3\">here<\/a>.<\/p>\n<p><\/center><\/p>\n<p><font color=\"silver\"><img decoding=\"async\" src=\"https:\/\/www.obheal.ie\/blog\/wp-content\/uploads\/2019\/09\/Emmet KirwanSm.jpg\" border=\"1\" align=\"right\"\/><\/font><font size=\"1\"><strong>Emmet Kirwan<\/strong> is an Irish poet, actor, playwright and screenwriter. He is known for writing and starring in RT\u00c92&#8217;s cult comedy series <i>Sarah &#038; Steve<\/i> and for writing and starring in the 2015 play (and 2018 movie version of) <i>Dublin Oldschool<\/i>. In 2012 he performed <i>Just Saying<\/i>, a monologue written and directed by Dave Tynan, which to date has received over 500,000 views on YouTube.<\/font><\/p>\n<p><font size=\"1\">Emmet is a graduate of the Samuel Beckett Centre at Trinity College Dublin. He won the Stewart Parker Trust New Playwright Bursary 2014 for his first play <i>Dublin Oldschool<\/i>, which premiered as part of the Show In A Bag programme in 2014. He wrote and performed four spoken word pieces as part of THISISPOPBABY&#8217;s 2016 production for Tiger Dublin Fringe <i>RIOT<\/i>. The short film <i>Heartbreak<\/i>, based on a monologue from <i>riot<\/i>, went viral following its release in 2017.<\/font><\/p>\n<p>&nbsp;<\/p>\n<hr \/>\n<p><a name=\"13thOctober\"><\/a><br \/>\n<center><em>13th October<\/em><\/p>\n<p><font size=\"1\">@ the <\/font><a href=\"http:\/\/indiecork.com\/\"><strong><font size=\"1\" color=\"black\">Indie<\/font><font size=\"1\" color=\"red\">Cork<\/font><\/strong><\/a><strong><font size=\"1\" color=\"black\"><a href=\"http:\/\/indiecork.com\/\"> <font size=\"1\" color=\"black\">Festival of Independent Cinema<\/font><\/a><\/font><\/strong><\/p>\n<p><font size=\"2\" color=\"green\"><strong><a href=\"https:\/\/www.obheal.ie\/poetryfilm\">The 7th \u00d3 Bh\u00e9al International Poetry-Film Competition<\/a><\/strong><\/font><\/p>\n<p><\/center><\/p>\n<p><font color=\"silver\"><a href=\"https:\/\/www.obheal.ie\/poetryfilm\"><img decoding=\"async\" src=\"https:\/\/www.obheal.ie\/blog\/wp-content\/uploads\/2019\/09\/PoetryFilm2019m.jpg\" border=\"0\" align=\"right\"\/><\/a><\/font><\/p>\n<p><font size=\"1\">The competition shortlist of thirty-one poetry-films will be screened in two parts at the Blacknight Festival Centre, in <b><a href=\"https:\/\/www.facebook.com\/dalicork\/\">Dali<\/a><\/b> Carey\u2019s Lane, Cork city. The films were chosen from <b>198 <a href=\"https:\/\/www.obheal.ie\/blog\/competition-poetry-film\/\">submissions<\/a><\/b> by 118 filmmakers in 33 countries, completed in the last two years. \u00d3 Bh\u00e9al&#8217;s 2019 judges, poet <strong><a href=\"https:\/\/www.stanleynotte.com\/\">Stanley Notte <\/a><\/strong> and poet-filmmaker <a href=\"https:\/\/vimeo.com\/user29903251\"><strong>Colm Scully<\/strong><\/a>, will select one overall winner to receive the IndieCork festival award for best poetry film.<br \/>\n&nbsp;<\/font><\/p>\n<p><font size=\"1\"><br \/>\n<\/font><font size=\"1\"><\/font><font color=\"silver\"><a href=\"https:\/\/www.obheal.ie\/poetryfilm\"><img decoding=\"async\" src=\"https:\/\/www.obheal.ie\/blog\/wp-content\/uploads\/2019\/09\/PFOSlaurel2019vsmWide.jpg\" border=\"0\"\/><\/a><\/font><br \/>\n&nbsp;<br \/>\n<center><font size=\"1\"><b>Screening 1 &#8211; <a href=\"https:\/\/www.facebook.com\/dalicork\/\">Dali<\/a><\/b>, Carey\u2019s Lane, Cork &#8211; <strong>4pm<\/strong>, Sun 13th Oct<\/p>\n<p><b>Screening 2 &#8211; <a href=\"https:\/\/www.facebook.com\/dalicork\/\">Dali<\/a><\/b>, Carey\u2019s Lane, Cork &#8211; <strong>5:30pm<\/strong>, Sun 13th Oct<\/p>\n<p><\/font><font size=\"1\">The <strong>2019 Shortlist<\/strong> with Screening times, stills and biographies is <a href=\"https:\/\/www.obheal.ie\/blog\/poetry-film-shortlist-2019\/\"><strong>here<\/strong><\/a><\/font>.<br \/>\n&nbsp;<br \/>\n&nbsp;<br \/>\n<\/center><\/p>\n<hr \/>\n<p><a name=\"14thOctober\"><\/a><br \/>\n<center><em>14th October<\/em><\/p>\n<p><strong>Clare McCotter  <\/strong><\/p>\n<p>You can listen to Clare&#8217;s reading <a href=\"https:\/\/www.obheal.ie\/blog\/audio\/Guest Reading - Clare McCotter.mp3\">here<\/a>.<\/center><\/p>\n<p><font color=\"silver\"><img decoding=\"async\" src=\"https:\/\/www.obheal.ie\/blog\/wp-content\/uploads\/2019\/09\/Clare McCotterSm.jpg\" border=\"1\" align=\"right\"\/><\/font><font size=\"1\"><strong>Clare McCotter<\/strong>\u2019s <i>haiku, tanka<\/i> and <i>haibun<\/i> have been published in many parts of the world.  She won The British Haiku Award 2017, The British Tanka Award 2013 and The HIS D\u00f3chas Ireland Haiku Award 2011 and 2010.  Her work has been included in the prestigious Norton anthology \u2013 <i>Haiku in English: The First Hundred Years<\/i>. Her longer poems have appeared in over thirty journals including <i>Abridged, Crann\u00f3g, Cyphers, Envoi, The Honest Ulsterman, Iota, The Interpreter\u2019s House<\/i> and <i>The Stinging Fly<\/i>. <\/p>\n<p>Awarded a Ph.D from the University of Ulster, McCotter has also published numerous peer-reviewed articles on Belfast born Beatrice Grimshaw\u2019s travel writing and fiction.  Clare was one of three writers featured in <i>Measuring New Writers 1<\/i> (Dedalus Press).  <i>Black Horse Running<\/i>, her first collection of haiku, tanka and haibun, was published in 2012 by Alba Publishing.  <i>Revenant<\/i> (Salmon Poetry, 2019) is her first collection of longer poems. She has worked as a lecturer, a teacher of English, a psychiatric nurse and a full-time carer. She lives in Kilrea, County Derry.<br \/>\n<\/font><br \/>\n&nbsp;<\/p>\n<hr \/>\n<p><a name=\"21stOctober\"><\/a><br \/>\n<center><em>21st October<\/em><\/p>\n<p><strong>Christodoulos Makris <\/strong><\/p>\n<p>You can listen to Christodoulos&#8217;s reading <a href=\"https:\/\/www.obheal.ie\/blog\/audio\/Guest Reading - Christodoulos Makris 2019.mp3\">here<\/a>.<\/center><\/p>\n<p><font color=\"silver\"><img decoding=\"async\" src=\"https:\/\/www.obheal.ie\/blog\/wp-content\/uploads\/2019\/09\/christodoulosSm.jpg\" border=\"1\" align=\"right\"\/><\/font><font size=\"1\"><strong>Christodoulos Makris<\/strong> is <i>&#8220;one of Ireland&#8217;s leading contemporary explorers of experimental poetics&#8221;<\/i> (The RT\u00c9 Poetry Programme). He has published three books of poetry, most recently <i>this is no longer entertainment<\/i> &nbsp;(Manchester: Dostoyevsky Wannabe, 2019), as well as several pamphlets, artists&#8217; books and other poetry objects. His second book <i>The Architecture of Chance<\/i> (Dublin: Wurm Press, 2015) was a poetry book of the year for RT\u00c9 Arena and 3:AM Magazine. <\/p>\n<p>One of Poetry Ireland&#8217;s &#8216;Rising Generation&#8217; poets, Makris has presented his work widely across media and borders, and received awards, commissions and residencies from several institutions including the Irish Museum of Modern Art (IMMA), StAnza Festival (Scotland), European Poetry Festival, Culture Ireland, and Maynooth University. He is the poetry editor at <i>gorse<\/i> journal and associated imprint Gorse Editions. <i>&#8220;In work that is at times radically experimental, and always alert to the capacity of language to remake the world, Christodoulos Makris seeks ways to break open the lyric space of the poem to alter the ways in which language operates in the public realm&#8221;<\/i> (Lucy Collins &#8211; Irish University Review).<br \/>\n<\/font><br \/>\n&nbsp;<\/p>\n<hr \/>\n<p><a name=\"28thOctober\"><\/a><br \/>\n<center><em>28th October<\/em><\/p>\n<p><font size=\"1\"><strong><font color=\"green\">\u00d3 Bh\u00e9al<\/font><\/strong><\/font><font size=\"1\"> in association with <\/font><font size=\"1\" color=\"green\"><strong>Foras na Gaeilge<\/strong><\/font> <font size=\"1\">presents<\/font><\/p>\n<p><strong>Alan Titley<\/strong><\/p>\n<p>You can listen to Alan&#8217;s reading <a href=\"https:\/\/www.obheal.ie\/blog\/audio\/Guest Reading - Alan Titley 2019.mp3\">here<\/a>.<\/center><\/p>\n<p><font size=\"1\" color=\"grey\">Grianghrafad\u00f3ir: M\u00e1ire U\u00ed Mhaic\u00edn<\/font><br \/>\n<font color=\"silver\"><img decoding=\"async\" src=\"https:\/\/www.obheal.ie\/blog\/wp-content\/uploads\/2019\/09\/Alan TitleySm.jpg\" border=\"1\" align=\"right\"\/><\/font><font size=\"1\"><\/font><br \/>\n<font size=\"1\"><strong>Alan Titley<\/strong>&#8216;s <i>Rabhadh D\u00e1nta<\/i> (a pun on &#8216;selected poems&#8217; and &#8216;warning! poems&#8217;) was published by Coisc\u00e9im in 2013, and his verse novel <i>An Bhean Feasa<\/i> on the life and times of Goody Glover, the Irish witch hanged in Boston in 1688, followed in 2014. He translated M\u00e1irt\u00edn \u00d3 Cadhain\u2019s <i>Cr\u00e9 na Cille<\/i> (Yale University Press) in 2015 and his partly verse-play <i>An Filleadh<\/i> was produced on the main stage of the Abbey for Easter Monday 1916. <\/p>\n<p><center>In the meantime Alan was been working on, writing, and publishing other stuff.<\/center><\/font><a href=\"https:\/\/www.forasnagaeilge.ie\/\"><img decoding=\"async\" src=\"https:\/\/www.obheal.ie\/blog\/FnaGdaiteWide492.jpg\" border=\"0\"\/><\/a><br \/>\n&nbsp;<\/p>\n<hr \/>\n<p><a name=\"4thNovember\"><\/a><br \/>\n<center><em>4th November<\/em><\/p>\n<p><strong>Maurice Devitt<\/strong><\/p>\n<p>You can listen to Maurice&#8217;s reading <a href=\"https:\/\/www.obheal.ie\/blog\/audio\/Guest Reading - Maurice Devitt 2019.mp3\">here<\/a>.<\/center><\/p>\n<p><font color=\"silver\"><img decoding=\"async\" src=\"https:\/\/www.obheal.ie\/blog\/wp-content\/uploads\/2019\/09\/Maurice DevittSm.jpg\" border=\"1\" align=\"right\"\/><\/font><font size=\"1\"><strong>Maurice Devitt<\/strong>, after thirty years plying his trade in the world of Insurance &#038; Banking, decided he wanted to be a poet, so he retired. Now eight years and 200 poems later he has recently published his debut collection, <i>Growing Up in Colour<\/i>, with Doire Press. During those eight years he also completed the MA in Poetry Studies at Mater Dei, won the Trocaire\/Poetry Ireland Competition and was placed or shortlisted in many other competitions including The Patrick Kavanagh Award, The Interpreter\u2019s House, Bangor Literary Festival, Over the Edge New Writer of the Year Competition, The Listowel Collection Competition and Cuirt New Writing Award.<\/p>\n<p>Selected for Poetry Ireland Introductions in 2016, his poems have appeared in a significant number of journals, both in Ireland and internationally. He was a featured poet at the Poets in Transylvania Festival in 2015 and a guest speaker at the John Berryman Centenary Conference in both Dublin and Minneapolis. His poems have been nominated for Pushcart, Forward and Best of the Net prizes and his Pushcart-nominated poem, <i>The Lion Tamer Dreams of Office Work<\/i>, was the title poem of an anthology published by Hibernian Writers in 2015. He is the curator of the Irish Centre for Poetry Studies site.<\/p>\n<p><\/font><\/p>\n<p>&nbsp;<\/p>\n<hr \/>\n<p><a name=\"11thNovember\"><\/a><br \/>\n<center><em>11th November<\/em><\/p>\n<p><strong>Miriam Gamble <\/strong><\/p>\n<p>You can listen to Miriam&#8217;s reading <a href=\"https:\/\/www.obheal.ie\/blog\/audio\/Guest Reading - Miriam Gamble.mp3\">here<\/a>.<\/center><\/p>\n<p><font color=\"silver\"><img decoding=\"async\" src=\"https:\/\/www.obheal.ie\/blog\/wp-content\/uploads\/2019\/09\/Miriam GambleSm.jpg\" border=\"1\" align=\"right\"\/><\/font><font size=\"1\">Originally from Belfast, <strong>Miriam Gamble<\/strong> now lives in Scotland and lectures in Creative Writing at the University of Edinburgh. Her poetry collections are The <i>Squirrels Are Dead<\/i> (2010), which won a Somerset Maugham Award, <i>Pirate Music<\/i> (2014) and <i>What Planet<\/i> (2019), all published by Bloodaxe. She has been a mentor on the Ledbury Emerging Critics Programme and a judge on the Seamus Heaney Centre Prize and the Saltire Poetry Book of the Year Award. <\/p>\n<p>Miriam also writes essays \u2013 most recently, a reflective piece on the relationship between poetry and conversation, online here: <a href=\"https:\/\/www.ayearofconversation.com\/conversations\/poetry-and-conversation\">www.ayearofconversation.com\/conversations\/poetry-and-conversation<\/a> <\/font><\/p>\n<p>&nbsp;<\/p>\n<hr \/>\n<p><a name=\"18thNovember\"><\/a><br \/>\n<center><em>18th November<\/em><\/p>\n<p><strong>Grace Wilentz<\/strong> and <strong>Siobh\u00e1n Daffy<\/strong><\/p>\n<p>You can listen back to Grace and Siobhan <a href=\"https:\/\/www.obheal.ie\/blog\/audio\/Guest Reading - Grace Wilentz and Siobhan Daffy.mp3\">here<\/a>.<\/center><\/p>\n<p><font color=\"silver\"><img decoding=\"async\" src=\"https:\/\/www.obheal.ie\/blog\/wp-content\/uploads\/2019\/09\/GraceWilentzSm.jpg\" border=\"1\" align=\"right\"\/><\/font><font size=\"1\"><strong>Grace Wilentz<\/strong> has lived in Ireland for fifteen years. Her work has been published widely in Ireland, Britain and the US, including in <i>Poetry Ireland Review, Magma, the Harvard Advocate<\/i> and&nbsp;<i>The Irish Times<\/i>. Her debut pamphlet, <i>Holding Distance<\/i>, will be launched by the Green Bottle Press at the Poetry Society in London in October 2019. She is also the editor of <i>We Claim: a handbook for the revolutionary young migrant woman<\/i>, published by Ponc Press in 2017. <\/font><\/p>\n<p><font size=\"1\"><\/font><font color=\"silver\"><img decoding=\"async\" src=\"https:\/\/www.obheal.ie\/blog\/wp-content\/uploads\/2019\/09\/SiobhanDaffySm.jpg\" border=\"1\" align=\"right\"\/><\/font><font size=\"1\"><strong>Siobh\u00e1n Daffy<\/strong> lives in the Glenasmole Valley, Dublin. Her poems appear in many places including <i>The SHOp Magazine, About Place Journal, Southword, The Stony Thursday Book, Orbis<\/i> and <i>Headstuff<\/i>. She enjoys performing poetry, accompanying herself on percussion and African harp. She has performed at Poetry Ireland, Electric Picnic, Body &amp; Soul Festival and on RTE Radio 1, A living Word.  She released <i>Horse\u2019s Hooves<\/i> CD in 2016, a collaboration of music and spoken word with six musicians. She runs immersive Poetry Bath experiences @poetrybath. She is currently working on YA and children\u2019s fiction. For more about Siobhan visit <a href=\"http:\/\/www.siobhandaffy.bandcamp.com\">www.siobhandaffy.bandcamp.com<\/a><\/font><\/p>\n<p>&nbsp;<\/p>\n<hr \/>\n<p><a name=\"22nd-24thNovember\"><\/a><br \/>\n<center><em>22nd-24th November<\/em><\/p>\n<p><font size=\"1\" color=\"green\"><strong>\u00d3 Bh\u00e9al<\/strong><\/font><font size=\"1\"> in association with <\/font><font size=\"1\" color=\"green\"><strong>The Kino<\/strong><\/font><font size=\"1\"> presents<\/font><\/p>\n<p><font size=\"2\">the <b>7th<\/b> \u00d3 Bh\u00e9al <\/font><font size=\"2\" color=\"green\"><strong>Winter <\/strong><\/font><font size=\"2\" color=\"#662011\"><strong>Warmer<\/strong><\/font><font size=\"2\"> Weekend Festival of Poetry<\/font><\/p>\n<p><font size=\"1\"><a href=\"https:\/\/www.obheal.ie\/blog\/winter-warmer-poetry-festival\/\"><b>The programme will appear here during mid-October<\/b><\/a><\/font><\/p>\n<p><\/center><\/p>\n<p><font color=\"silver\"><a href=\"https:\/\/www.obheal.ie\/blog\/winter-warmer-poetry-festival\/\"><img decoding=\"async\" src=\"https:\/\/www.obheal.ie\/blog\/wp-content\/uploads\/2019\/09\/WinterWarmer2019blog.jpg\" border=\"0\" align=\"right\"\/><\/a><\/font><font size=\"1\">At \u00d3 Bh\u00e9al&#8217;s seventh <strong>Winter Warmer<\/strong> festival weekend twenty-three poets from seven countries will feature on <strong>Friday 22nd<\/strong> and <strong>Saturday 23rd<\/strong> in the ever-iconic and evolving arthouse cinema and music venue <a href=\"https:\/\/www.facebook.com\/thekinocork\/\"><b>The Kino<\/b><\/a> (Washington Street). There will also be a closed-mic set for ten local poets.<\/font><\/p>\n<p><font size=\"1\">This year&#8217;s line-up includes <strong>Liz Berry<\/strong>, <b>Aifric MacAodha<\/b>, <b>Trevor Joyce<\/b>, <b>Yolanda Casta\u00f1o<\/b>, <b>Gabriel Rosenstock<\/b>, <b>Zsuzsa Emese Csob\u00e1nka<\/b>, <b>Ciara N\u00ed \u00c9<\/b>, <b>Amanda Bell<\/b>, <b>Anne Frater<\/b> and <b>Danielle McLaughlin<\/b>.<\/font><\/p>\n<p><font size=\"1\"><a href=\"https:\/\/www.facebook.com\/thekinocork\/\"><img decoding=\"async\" src=\"https:\/\/www.obheal.ie\/winterwarmer\/KinoLogo2019Widee.jpg\"\/><\/a><\/font><br \/>\n&nbsp;<br \/>\n<font size=\"1\">On the Friday evening local trio <b>Dourga<\/b> will blend music, song and spoken word. The Saturday afternoon will feature international poetry-films curated and presented by multi-award winning Australian filmmaker <strong>Marie Craven<\/strong>, plus a selection from \u00d3 Bh\u00e9al&#8217;s Poetry-Film competition. Marie will also lead a poetry-film workshop and discussion on the Friday afternoon. <\/p>\n<p>Events on <b>Sunday 24th<\/b> take place at \u00d3 Bh\u00e9al&#8217;s home in The Hayloft Bar (Winthrop St), with an exciting <strong>Many Tongues of Cork<\/strong> event presented by <b>Joanna Dukkupati<\/b>, featuring writers from numerous Immigrant communities in Cork.<\/font><\/p>\n<p><font size=\"1\">We gratefully acknowledge our 2019 Sponsors and Partners The Kino, The Long Valley Bar, The Arts Council, Foras na Gaeilge, Dunnes Stores, Forum Publications, Colmcille, Arc Publications, Isaacs Hotel, Cork City Council, Poetry Ireland, UCC English Dept, The Natural Foods Bakery and Paradiso.<\/font><\/p>\n<p><center><font size=\"1\">All <strong>events are free<\/strong>, with a <b>\u20ac5 suggested donation<\/b>.<\/font><\/center><br \/>\n&nbsp;<\/p>\n<hr \/>\n<p><a name=\"25thNovember\"><\/a><br \/>\n<center><em>25th November<\/em><\/p>\n<p><strong>Ellen Dillon <\/strong><\/p>\n<p>You can listen to Ellen&#8217;s reading <a href=\"https:\/\/www.obheal.ie\/blog\/audio\/Guest Reading - Ellen Dillon.mp3\">here<\/a>.<\/center><\/p>\n<p><font color=\"silver\"><img decoding=\"async\" src=\"https:\/\/www.obheal.ie\/blog\/wp-content\/uploads\/2019\/09\/Ellen DillonSm.jpg\" border=\"1\" align=\"right\"\/><\/font><font size=\"1\"><strong>Ellen Dillon<\/strong>&#8216;s book <i>Sonnets to Malkmus<\/i> was recently published by Sad Press and her pamphlet <i>Heave<\/i> is available from Smithereens Press. Her bilingual poem &#8216;dollop&#8217; is forthcoming as part of hardPressed poetry&#8217;s Dual Poet Readers series. Some of her poems have appeared in <i>Adjacent Pineapple, Amberflora, Banshee, CUMULUS, Datableed, MOTE, Para\u2022text, Smithereens Literary Magazine, Stinging Fly<\/i> and <i>Zarf<\/i>.  <\/p>\n<p>Ellen is a secondary school French and English teacher in Co. Limerick, and has just completed a <a href=\"https:\/\/www.dcu.ie\/english\/news\/2019\/Mar\/Big-Day-for-Poetry-Studies-DCU-Graduation.shtml\">PhD on abstraction in contemporary poetry<\/a> at the School of English in DCU. <\/font><\/p>\n<p>&nbsp;<\/p>\n<hr \/>\n<p>&nbsp;<\/p>\n<p>&nbsp;<\/p>\n<p>&nbsp;<\/p>\n<p>&nbsp;<\/p>\n<p>&nbsp;<\/p>\n<p>&nbsp;<\/p>\n","protected":false},"excerpt":{"rendered":"<p>October and November &nbsp; 7th October Munster Poetry Slam and Munster heat of the 2019 All-Ireland Slam Championship (final to be held in Dublin during November) From 9.00pm sharp: Poets will compete over two rounds. Three judges score for Content, Performance, Audience Reaction and Timing. followed with a performance by Emmet Kirwan You can listen [&hellip;]<\/p>\n","protected":false},"author":1,"featured_media":0,"parent":19,"menu_order":0,"comment_status":"closed","ping_status":"closed","template":"","meta":{"_uf_show_specific_survey":0,"_uf_disable_surveys":false,"footnotes":""},"class_list":["post-13896","page","type-page","status-publish","hentry"],"_links":{"self":[{"href":"https:\/\/www.obheal.ie\/blog\/wp-json\/wp\/v2\/pages\/13896","targetHints":{"allow":["GET"]}}],"collection":[{"href":"https:\/\/www.obheal.ie\/blog\/wp-json\/wp\/v2\/pages"}],"about":[{"href":"https:\/\/www.obheal.ie\/blog\/wp-json\/wp\/v2\/types\/page"}],"author":[{"embeddable":true,"href":"https:\/\/www.obheal.ie\/blog\/wp-json\/wp\/v2\/users\/1"}],"replies":[{"embeddable":true,"href":"https:\/\/www.obheal.ie\/blog\/wp-json\/wp\/v2\/comments?post=13896"}],"version-history":[{"count":173,"href":"https:\/\/www.obheal.ie\/blog\/wp-json\/wp\/v2\/pages\/13896\/revisions"}],"predecessor-version":[{"id":14775,"href":"https:\/\/www.obheal.ie\/blog\/wp-json\/wp\/v2\/pages\/13896\/revisions\/14775"}],"up":[{"embeddable":true,"href":"https:\/\/www.obheal.ie\/blog\/wp-json\/wp\/v2\/pages\/19"}],"wp:attachment":[{"href":"https:\/\/www.obheal.ie\/blog\/wp-json\/wp\/v2\/media?parent=13896"}],"curies":[{"name":"wp","href":"https:\/\/api.w.org\/{rel}","templated":true}]}}