{"id":13010,"date":"2019-09-14T12:35:55","date_gmt":"2019-09-14T12:35:55","guid":{"rendered":"http:\/\/www.obheal.ie\/blog\/?page_id=13010"},"modified":"2020-10-17T10:19:15","modified_gmt":"2020-10-17T10:19:15","slug":"winter-warmer-videos-2017","status":"publish","type":"page","link":"https:\/\/www.obheal.ie\/blog\/winter-warmer-poetry-festival\/winter-warmer-videos-2017\/","title":{"rendered":"Winter Warmer Videos 2017"},"content":{"rendered":"<p><font color=\"silver\"><img decoding=\"async\" src=\"https:\/\/www.obheal.ie\/WinterWarmer\/WW2017_220.jpg\" border=\"0\"\/><\/font><\/p>\n<p>&nbsp;<\/p>\n<p><center><strong>Winter Warmer Videos 2017<\/strong><br \/>\n<font size=\"1\">(also on the <a href=\"http:\/\/www.youtube.com\/user\/OBheal\" target=\"_blank\" rel=\"noopener noreferrer\">\u00d3 Bh\u00e9al Youtube channel)<\/a><\/font><\/center><\/p>\n<p><center>24th-25th November<\/center><\/p>\n<p>One video from each guest poet at the 5th Winter Warmer festival (in order of appearance) followed by the closed-mic.<\/p>\n<p><center><\/p>\n<p>&nbsp;<\/p>\n<hr \/>\n<p><strong>Edward O&#8217;Dwyer<\/strong><br \/>\n<iframe loading=\"lazy\" src=\"https:\/\/www.youtube.com\/embed\/playlist?list=PLZaKHHqXojc1V-4_2RWErP8I5BuMDwulR\" allowfullscreen=\"\" width=\"560\" height=\"315\" frameborder=\"0\"><\/iframe><br \/>\nThe Whole History of Dancing<\/p>\n<hr \/>\n<p><strong>Niamh Prior<\/strong><br \/>\n<iframe loading=\"lazy\" src=\"https:\/\/www.youtube.com\/embed\/KEWN6Dbe6vc\" allow=\"accelerometer; autoplay; encrypted-media; gyroscope; picture-in-picture\" allowfullscreen=\"\" width=\"560\" height=\"315\" frameborder=\"0\"><\/iframe><br \/>\nI&#8217;d Rather Be Robert Plant<\/p>\n<hr \/>\n<p><strong>Richard Lambert<\/strong><br \/>\n<iframe loading=\"lazy\" src=\"https:\/\/www.youtube.com\/embed\/YGAmkKgEO0U\" allow=\"accelerometer; autoplay; encrypted-media; gyroscope; picture-in-picture\" allowfullscreen=\"\" width=\"560\" height=\"315\" frameborder=\"0\"><\/iframe><br \/>\nSonnet<\/p>\n<hr \/>\n<p><strong>Frank Golden<\/strong><br \/>\n<iframe loading=\"lazy\" src=\"https:\/\/www.youtube.com\/embed\/ypWpm7YAG6M\" allow=\"accelerometer; autoplay; encrypted-media; gyroscope; picture-in-picture\" allowfullscreen=\"\" width=\"560\" height=\"315\" frameborder=\"0\"><\/iframe><br \/>\nI Imagine<\/p>\n<hr \/>\n<p><strong>Keith Payne<\/strong><br \/>\n<iframe loading=\"lazy\" src=\"https:\/\/www.youtube.com\/embed\/0TxtrQw9EOM\" allow=\"accelerometer; autoplay; encrypted-media; gyroscope; picture-in-picture\" allowfullscreen=\"\" width=\"560\" height=\"315\" frameborder=\"0\"><\/iframe><br \/>\nThree Seeds Sowed in a Suburban Garden<\/p>\n<hr \/>\n<p><strong>Jennifer Matthews<\/strong><br \/>\n<iframe loading=\"lazy\" src=\"https:\/\/www.youtube.com\/embed\/HNa4qCI1HN8\" allow=\"accelerometer; autoplay; encrypted-media; gyroscope; picture-in-picture\" allowfullscreen=\"\" width=\"560\" height=\"315\" frameborder=\"0\"><\/iframe><br \/>\nTenancy<\/p>\n<hr \/>\n<p><strong>Biddy Jenkinson<\/strong><br \/>\n<iframe loading=\"lazy\" src=\"https:\/\/www.youtube.com\/embed\/ahpFIRxNb_g\" allow=\"accelerometer; autoplay; encrypted-media; gyroscope; picture-in-picture\" allowfullscreen=\"\" width=\"560\" height=\"315\" frameborder=\"0\"><\/iframe><br \/>\nMis<\/p>\n<hr \/>\n<p><strong>Brendan Cleary<\/strong><br \/>\n<iframe loading=\"lazy\" src=\"https:\/\/www.youtube.com\/embed\/QF0375hBKk8\" allow=\"accelerometer; autoplay; encrypted-media; gyroscope; picture-in-picture\" allowfullscreen=\"\" width=\"560\" height=\"315\" frameborder=\"0\"><\/iframe><br \/>\nPerforming with Saxophonist Ken Marshall<\/p>\n<hr \/>\n<p><strong>\u00d3rfhlaith Floyle<\/strong><br \/>\n<iframe loading=\"lazy\" src=\"https:\/\/www.youtube.com\/embed\/ljcEORN4p8g\" allow=\"accelerometer; autoplay; encrypted-media; gyroscope; picture-in-picture\" allowfullscreen=\"\" width=\"560\" height=\"315\" frameborder=\"0\"><\/iframe><br \/>\nTell Me You Are All Still Alive<\/p>\n<hr \/>\n<p><strong>FeliSpeaks<\/strong><br \/>\n<iframe loading=\"lazy\" src=\"https:\/\/www.youtube.com\/embed\/28RtEbcQcrY\" allow=\"accelerometer; autoplay; encrypted-media; gyroscope; picture-in-picture\" allowfullscreen=\"\" width=\"560\" height=\"315\" frameborder=\"0\"><\/iframe><br \/>\nSynesthesia<\/p>\n<hr \/>\n<p><strong>Stephen James Smith<\/strong><br \/>\n<iframe loading=\"lazy\" src=\"https:\/\/www.youtube.com\/embed\/WzLy5fshyLk\" allow=\"accelerometer; autoplay; encrypted-media; gyroscope; picture-in-picture\" allowfullscreen=\"\" width=\"560\" height=\"315\" frameborder=\"0\"><\/iframe><br \/>\nDublin You Are<\/p>\n<hr \/>\n<p><strong>Inma Pavon<\/strong><br \/>\n<iframe loading=\"lazy\" src=\"https:\/\/www.youtube.com\/embed\/HXYGL8m3nbE\" allow=\"accelerometer; autoplay; encrypted-media; gyroscope; picture-in-picture\" allowfullscreen=\"\" width=\"560\" height=\"315\" frameborder=\"0\"><\/iframe><br \/>\nPostcards from Home<\/p>\n<hr \/>\n<p><strong>George Harding<\/strong><br \/>\n<iframe loading=\"lazy\" src=\"https:\/\/www.youtube.com\/embed\/09vnRC4b4tM\" allow=\"accelerometer; autoplay; encrypted-media; gyroscope; picture-in-picture\" allowfullscreen=\"\" width=\"560\" height=\"315\" frameborder=\"0\"><\/iframe><br \/>\nNot You<\/p>\n<hr \/>\n<p><strong>Caitr\u00edona N\u00ed Chl\u00e9irch\u00edn<\/strong><br \/>\n<iframe loading=\"lazy\" src=\"https:\/\/www.youtube.com\/embed\/sb7njtXpw5U\" allow=\"accelerometer; autoplay; encrypted-media; gyroscope; picture-in-picture\" allowfullscreen=\"\" width=\"560\" height=\"315\" frameborder=\"0\"><\/iframe><br \/>\nBean R\u00f3in \/ Seal Woman (le haistri\u00fach\u00e1n)<\/p>\n<hr \/>\n<p><strong>James O\u2019Sullivan<\/strong><br \/>\n<iframe loading=\"lazy\" src=\"https:\/\/www.youtube.com\/embed\/X9F5qk3g5Xg\" allow=\"accelerometer; autoplay; encrypted-media; gyroscope; picture-in-picture\" allowfullscreen=\"\" width=\"560\" height=\"315\" frameborder=\"0\"><\/iframe><br \/>\nGoblins<\/p>\n<hr \/>\n<p><strong>Mary Noonan<\/strong><br \/>\n<iframe loading=\"lazy\" src=\"https:\/\/www.youtube.com\/embed\/pyf9elSO75o\" allow=\"accelerometer; autoplay; encrypted-media; gyroscope; picture-in-picture\" allowfullscreen=\"\" width=\"560\" height=\"315\" frameborder=\"0\"><\/iframe><br \/>\nLetter to Cal<\/p>\n<hr \/>\n<p><strong>Daniel Salgado<\/strong><br \/>\n<iframe loading=\"lazy\" src=\"https:\/\/www.youtube.com\/embed\/41nbTmwSLWw\" allow=\"accelerometer; autoplay; encrypted-media; gyroscope; picture-in-picture\" allowfullscreen=\"\" width=\"560\" height=\"315\" frameborder=\"0\"><\/iframe><br \/>\nBerlin<\/p>\n<hr \/>\n<p><strong>Rody Gorman<\/strong><br \/>\n<iframe loading=\"lazy\" src=\"https:\/\/www.youtube.com\/embed\/nfBndBIHyXc\" allow=\"accelerometer; autoplay; encrypted-media; gyroscope; picture-in-picture\" allowfullscreen=\"\" width=\"560\" height=\"315\" frameborder=\"0\"><\/iframe><br \/>\nA Sequence of Short Poems<\/p>\n<hr \/>\n<p><strong>Stephen Watts<\/strong><br \/>\n<iframe loading=\"lazy\" src=\"https:\/\/www.youtube.com\/embed\/ZBThTvYvA2A\" allow=\"accelerometer; autoplay; encrypted-media; gyroscope; picture-in-picture\" allowfullscreen=\"\" width=\"560\" height=\"315\" frameborder=\"0\"><\/iframe><br \/>\nI am Film (an extract)<\/p>\n<hr \/>\n<p><strong>Billy Ramsell<\/strong><br \/>\n<iframe loading=\"lazy\" src=\"https:\/\/www.youtube.com\/embed\/qx_siX34CTo\" allow=\"accelerometer; autoplay; encrypted-media; gyroscope; picture-in-picture\" allowfullscreen=\"\" width=\"560\" height=\"315\" frameborder=\"0\"><\/iframe><br \/>\nTwo Boys<\/p>\n<hr \/>\n<p><strong>Adnan Al-Sayedh<\/strong><br \/>\n<iframe loading=\"lazy\" src=\"https:\/\/www.youtube.com\/embed\/zUcKdPOmhaY\" allow=\"accelerometer; autoplay; encrypted-media; gyroscope; picture-in-picture\" allowfullscreen=\"\" width=\"560\" height=\"315\" frameborder=\"0\"><\/iframe><br \/>\nIn the Garden of the Unknown Soldier<\/p>\n<hr \/>\n<p><strong>Adnan Al-Sayedh<\/strong><br \/>\n<iframe loading=\"lazy\" src=\"https:\/\/www.youtube.com\/embed\/SiMOYQAT7hE?start=2\" allow=\"accelerometer; autoplay; encrypted-media; gyroscope; picture-in-picture\" allowfullscreen=\"\" width=\"560\" height=\"315\" frameborder=\"0\"><\/iframe><br \/>\nTwo Poems with translations read by Stephen Watts<\/p>\n<hr \/>\n<p><strong>Stephen Sexton<\/strong><br \/>\n<iframe loading=\"lazy\" src=\"https:\/\/www.youtube.com\/embed\/Q71XnZ8xtnQ?start=2\" allow=\"accelerometer; autoplay; encrypted-media; gyroscope; picture-in-picture\" allowfullscreen=\"\" width=\"560\" height=\"315\" frameborder=\"0\"><\/iframe><br \/>\nOde to Earl Strickland<\/p>\n<hr \/>\n<p><\/center><center><strong>Catherine Ann Cullen<\/strong><br \/>\n<iframe loading=\"lazy\" src=\"https:\/\/www.youtube.com\/embed\/zf8N40TzW8c?start=3\" allow=\"accelerometer; autoplay; encrypted-media; gyroscope; picture-in-picture\" allowfullscreen=\"\" width=\"560\" height=\"315\" frameborder=\"0\"><\/iframe><br \/>\nThe Other Now<\/p>\n<hr \/>\n<hr \/>\n<p><\/center><center><strong>Sophie Mayer<\/strong><br \/>\n<iframe loading=\"lazy\" src=\"https:\/\/www.youtube.com\/embed\/qdy3H8L_Etw\" allow=\"accelerometer; autoplay; encrypted-media; gyroscope; picture-in-picture\" allowfullscreen=\"\" width=\"560\" height=\"315\" frameborder=\"0\"><\/iframe><br \/>\nRU 486<\/p>\n<hr \/>\n<p><\/center><center><strong>closed-mic poets<\/strong><strong><\/strong><\/center><\/p>\n<hr \/>\n<p><center><strong>Julie Aldridge<\/strong><br \/>\n<iframe loading=\"lazy\" src=\"https:\/\/www.youtube.com\/embed\/0RcztcVz61M\" allow=\"accelerometer; autoplay; encrypted-media; gyroscope; picture-in-picture\" allowfullscreen=\"\" width=\"560\" height=\"315\" frameborder=\"0\"><\/iframe><br \/>\nDown the Road<\/p>\n<hr \/>\n<p><strong>Ali Bracken<\/strong><br \/>\n<iframe loading=\"lazy\" src=\"https:\/\/www.youtube.com\/embed\/4iJ8XUFe9DM\" allow=\"accelerometer; autoplay; encrypted-media; gyroscope; picture-in-picture\" allowfullscreen=\"\" width=\"560\" height=\"315\" frameborder=\"0\"><\/iframe><br \/>\nDisenfranchised Verbs<\/p>\n<hr \/>\n<p><strong>Shaunna Lee Lynch<\/strong><br \/>\n<iframe loading=\"lazy\" src=\"https:\/\/www.youtube.com\/embed\/azONmOJaFbk\" allow=\"accelerometer; autoplay; encrypted-media; gyroscope; picture-in-picture\" allowfullscreen=\"\" width=\"560\" height=\"315\" frameborder=\"0\"><\/iframe><br \/>\nOf Mice and Me Too&#8217;s<\/p>\n<hr \/>\n<p><strong>Risht\u00ed Mac Piarais<\/strong><br \/>\n<iframe loading=\"lazy\" src=\"https:\/\/www.youtube.com\/embed\/ydYjc4Hq77E\" allow=\"accelerometer; autoplay; encrypted-media; gyroscope; picture-in-picture\" allowfullscreen=\"\" width=\"560\" height=\"315\" frameborder=\"0\"><\/iframe><br \/>\nLoneliness as a Social Construct, Deconstructed<\/p>\n<hr \/>\n<p><strong>Jim Crickard<\/strong><br \/>\n<iframe loading=\"lazy\" src=\"https:\/\/www.youtube.com\/embed\/KFCmuresd1U\" allow=\"accelerometer; autoplay; encrypted-media; gyroscope; picture-in-picture\" allowfullscreen=\"\" width=\"560\" height=\"315\" frameborder=\"0\"><\/iframe><br \/>\nWake Up<\/p>\n<hr \/>\n<p><strong>Mel White<\/strong><br \/>\n<iframe loading=\"lazy\" src=\"https:\/\/www.youtube.com\/embed\/GsHppdplYFE\" allow=\"accelerometer; autoplay; encrypted-media; gyroscope; picture-in-picture\" allowfullscreen=\"\" width=\"560\" height=\"315\" frameborder=\"0\"><\/iframe><br \/>\nBeauty<\/p>\n<hr \/>\n<p><strong>Megan Cronin<\/strong><br \/>\n<iframe loading=\"lazy\" src=\"https:\/\/www.youtube.com\/embed\/rZm6XG2rGhw?start=2\" allow=\"accelerometer; autoplay; encrypted-media; gyroscope; picture-in-picture\" allowfullscreen=\"\" width=\"560\" height=\"315\" frameborder=\"0\"><\/iframe><br \/>\nBoarding Pass<\/p>\n<hr \/>\n<p><strong>Grace Piotrowski<\/strong><br \/>\n<iframe loading=\"lazy\" src=\"https:\/\/www.youtube.com\/embed\/97cyo9-XhCY?start=3\" allow=\"accelerometer; autoplay; encrypted-media; gyroscope; picture-in-picture\" allowfullscreen=\"\" width=\"560\" height=\"315\" frameborder=\"0\"><\/iframe><br \/>\nLost in Translation<\/p>\n<hr \/>\n<p><\/center><\/p>\n","protected":false},"excerpt":{"rendered":"<p>&nbsp; Winter Warmer Videos 2017 (also on the \u00d3 Bh\u00e9al Youtube channel) 24th-25th November One video from each guest poet at the 5th Winter Warmer festival (in order of appearance) followed by the closed-mic. &nbsp; Edward O&#8217;Dwyer The Whole History of Dancing Niamh Prior I&#8217;d Rather Be Robert Plant Richard Lambert Sonnet Frank Golden I [&hellip;]<\/p>\n","protected":false},"author":1,"featured_media":0,"parent":12873,"menu_order":0,"comment_status":"closed","ping_status":"closed","template":"","meta":{"_uf_show_specific_survey":0,"_uf_disable_surveys":false,"footnotes":""},"class_list":["post-13010","page","type-page","status-publish","hentry"],"_links":{"self":[{"href":"https:\/\/www.obheal.ie\/blog\/wp-json\/wp\/v2\/pages\/13010","targetHints":{"allow":["GET"]}}],"collection":[{"href":"https:\/\/www.obheal.ie\/blog\/wp-json\/wp\/v2\/pages"}],"about":[{"href":"https:\/\/www.obheal.ie\/blog\/wp-json\/wp\/v2\/types\/page"}],"author":[{"embeddable":true,"href":"https:\/\/www.obheal.ie\/blog\/wp-json\/wp\/v2\/users\/1"}],"replies":[{"embeddable":true,"href":"https:\/\/www.obheal.ie\/blog\/wp-json\/wp\/v2\/comments?post=13010"}],"version-history":[{"count":23,"href":"https:\/\/www.obheal.ie\/blog\/wp-json\/wp\/v2\/pages\/13010\/revisions"}],"predecessor-version":[{"id":15964,"href":"https:\/\/www.obheal.ie\/blog\/wp-json\/wp\/v2\/pages\/13010\/revisions\/15964"}],"up":[{"embeddable":true,"href":"https:\/\/www.obheal.ie\/blog\/wp-json\/wp\/v2\/pages\/12873"}],"wp:attachment":[{"href":"https:\/\/www.obheal.ie\/blog\/wp-json\/wp\/v2\/media?parent=13010"}],"curies":[{"name":"wp","href":"https:\/\/api.w.org\/{rel}","templated":true}]}}