{"id":13008,"date":"2019-09-14T12:27:58","date_gmt":"2019-09-14T12:27:58","guid":{"rendered":"http:\/\/www.obheal.ie\/blog\/?page_id=13008"},"modified":"2020-10-17T10:18:30","modified_gmt":"2020-10-17T10:18:30","slug":"winter-warmer-videos-2016","status":"publish","type":"page","link":"https:\/\/www.obheal.ie\/blog\/winter-warmer-poetry-festival\/winter-warmer-videos-2016\/","title":{"rendered":"Winter Warmer Videos 2016"},"content":{"rendered":"<p><font color=\"silver\"><img decoding=\"async\" src=\"https:\/\/www.obheal.ie\/WinterWarmer\/WW2016_220.jpg\" border=\"0\"\/><\/font><\/p>\n<p>&nbsp;<\/p>\n<p><center><strong>Winter Warmer Videos 2016<\/strong><br \/>\n<font size=\"1\">(also on the <a href=\"http:\/\/www.youtube.com\/user\/OBheal\" target=\"_blank\" rel=\"noopener noreferrer\">\u00d3 Bh\u00e9al Youtube channel)<\/a><\/font><\/center><\/p>\n<p><center>25th-26th November<\/center><\/p>\n<p>One video from each guest poet at the 4th Winter Warmer festival (in order of appearance) followed by the closed-mic.<\/p>\n<p><center><\/p>\n<p>&nbsp;<\/p>\n<hr \/>\n<p><strong>Se\u00e1n Dennehy<\/strong><br \/>\n<iframe loading=\"lazy\" src=\"https:\/\/www.youtube.com\/embed\/playlist?list=PLZaKHHqXojc3JJhmXWNkWSwFfBSQUMUvU\" allowfullscreen=\"\" width=\"560\" height=\"315\" frameborder=\"0\"><\/iframe><br \/>\n12 Songs of Christmas<\/p>\n<hr \/>\n<p><strong>Ross Donlon<\/strong><br \/>\n<iframe loading=\"lazy\" src=\"https:\/\/www.youtube.com\/embed\/-ydW02Ps21s\" allow=\"accelerometer; autoplay; encrypted-media; gyroscope; picture-in-picture\" allowfullscreen=\"\" width=\"560\" height=\"315\" frameborder=\"0\"><\/iframe><br \/>\nThe Poetry Reading<\/p>\n<hr \/>\n<p><strong>Annemarie N\u00ed Churre\u00e1in<\/strong><br \/>\n<iframe loading=\"lazy\" src=\"https:\/\/www.youtube.com\/embed\/1U5IQEyAQCo\" allow=\"accelerometer; autoplay; encrypted-media; gyroscope; picture-in-picture\" allowfullscreen=\"\" width=\"560\" height=\"315\" frameborder=\"0\"><\/iframe><br \/>\nMarket Prayer<\/p>\n<hr \/>\n<p><strong>Jessica Traynor<\/strong><br \/>\n<iframe loading=\"lazy\" src=\"https:\/\/www.youtube.com\/embed\/VwxiebjMA08\" allow=\"accelerometer; autoplay; encrypted-media; gyroscope; picture-in-picture\" allowfullscreen=\"\" width=\"560\" height=\"315\" frameborder=\"0\"><\/iframe><br \/>\nFixer Women<\/p>\n<hr \/>\n<p><strong>John Fitzgerald<\/strong><br \/>\n<iframe loading=\"lazy\" src=\"https:\/\/www.youtube.com\/embed\/niyNUHCxndA\" allow=\"accelerometer; autoplay; encrypted-media; gyroscope; picture-in-picture\" allowfullscreen=\"\" width=\"560\" height=\"315\" frameborder=\"0\"><\/iframe><br \/>\n1WTC<\/p>\n<hr \/>\n<p><strong>Paula Cunningham<\/strong><br \/>\n<iframe loading=\"lazy\" src=\"https:\/\/www.youtube.com\/embed\/mSDBzSKX6gA\" allow=\"accelerometer; autoplay; encrypted-media; gyroscope; picture-in-picture\" allowfullscreen=\"\" width=\"560\" height=\"315\" frameborder=\"0\"><\/iframe><br \/>\nFathom<\/p>\n<hr \/>\n<p><strong>Kerry O&#8217;Brien<\/strong><br \/>\n<iframe loading=\"lazy\" src=\"https:\/\/www.youtube.com\/embed\/yCZW6wZKcDQ\" allow=\"accelerometer; autoplay; encrypted-media; gyroscope; picture-in-picture\" allowfullscreen=\"\" width=\"560\" height=\"315\" frameborder=\"0\"><\/iframe><br \/>\nNotre Dame<\/p>\n<hr \/>\n<p><strong>Jos Smith<\/strong><br \/>\n<iframe loading=\"lazy\" src=\"https:\/\/www.youtube.com\/embed\/CJL_I8TanJI\" allow=\"accelerometer; autoplay; encrypted-media; gyroscope; picture-in-picture\" allowfullscreen=\"\" width=\"560\" height=\"315\" frameborder=\"0\"><\/iframe><br \/>\nA Whole Herd of Bodies with Round Lashed Eyes<\/p>\n<hr \/>\n<p><strong>Martin Veiga<\/strong><br \/>\n<iframe loading=\"lazy\" src=\"https:\/\/www.youtube.com\/embed\/wzgNGaQaauA\" allow=\"accelerometer; autoplay; encrypted-media; gyroscope; picture-in-picture\" allowfullscreen=\"\" width=\"560\" height=\"315\" frameborder=\"0\"><\/iframe><br \/>\nA Voz<\/p>\n<hr \/>\n<p><strong>Emily Cullen<\/strong><br \/>\n<iframe loading=\"lazy\" src=\"https:\/\/www.youtube.com\/embed\/w8AOGUugF50\" allow=\"accelerometer; autoplay; encrypted-media; gyroscope; picture-in-picture\" allowfullscreen=\"\" width=\"560\" height=\"315\" frameborder=\"0\"><\/iframe><br \/>\nLast Drops<\/p>\n<hr \/>\n<p><strong>Francesca Castellano<\/strong><br \/>\n<iframe loading=\"lazy\" src=\"https:\/\/www.youtube.com\/embed\/Yl9NbQikZIM\" allow=\"accelerometer; autoplay; encrypted-media; gyroscope; picture-in-picture\" allowfullscreen=\"\" width=\"560\" height=\"315\" frameborder=\"0\"><\/iframe><br \/>\nPoetry in Performance Art set to the poetry of Anita Govan<\/p>\n<hr \/>\n<p><strong>Paul McMahon<\/strong><br \/>\n<iframe loading=\"lazy\" src=\"https:\/\/www.youtube.com\/embed\/9eAzg5QnqL4\" allow=\"accelerometer; autoplay; encrypted-media; gyroscope; picture-in-picture\" allowfullscreen=\"\" width=\"560\" height=\"315\" frameborder=\"0\"><\/iframe><br \/>\nTom&#8217;s Pouch<\/p>\n<hr \/>\n<p><strong>Roisin Kelly<\/strong><br \/>\n<iframe loading=\"lazy\" src=\"https:\/\/www.youtube.com\/embed\/3LspTPWDkU8\" allow=\"accelerometer; autoplay; encrypted-media; gyroscope; picture-in-picture\" allowfullscreen=\"\" width=\"560\" height=\"315\" frameborder=\"0\"><\/iframe><br \/>\nMars in Retrograde<\/p>\n<hr \/>\n<p><strong>Eibhl\u00eds Carcione<\/strong><br \/>\n<iframe loading=\"lazy\" src=\"https:\/\/www.youtube.com\/embed\/fc92b0QMIXI\" allow=\"accelerometer; autoplay; encrypted-media; gyroscope; picture-in-picture\" allowfullscreen=\"\" width=\"560\" height=\"315\" frameborder=\"0\"><\/iframe><br \/>\nNa Meaingil<\/p>\n<hr \/>\n<p><strong>John Ennis<\/strong><br \/>\n<iframe loading=\"lazy\" src=\"https:\/\/www.youtube.com\/embed\/vTaDqk-TT1E\" allow=\"accelerometer; autoplay; encrypted-media; gyroscope; picture-in-picture\" allowfullscreen=\"\" width=\"560\" height=\"315\" frameborder=\"0\"><\/iframe><br \/>\nSonnet in Praise of Khalida Jarrar<\/p>\n<hr \/>\n<p><strong>Billy Mills<\/strong><br \/>\n<iframe loading=\"lazy\" src=\"https:\/\/www.youtube.com\/embed\/cjTy0zaBnbM\" allow=\"accelerometer; autoplay; encrypted-media; gyroscope; picture-in-picture\" allowfullscreen=\"\" width=\"560\" height=\"315\" frameborder=\"0\"><\/iframe><br \/>\nReading at the 4th \u00d3 Bh\u00e9al Winter Warmer festival<\/p>\n<hr \/>\n<p><strong>Gerry Hanberry<\/strong><br \/>\n<iframe loading=\"lazy\" src=\"https:\/\/www.youtube.com\/embed\/pbZohbpMLSw\" allow=\"accelerometer; autoplay; encrypted-media; gyroscope; picture-in-picture\" allowfullscreen=\"\" width=\"560\" height=\"315\" frameborder=\"0\"><\/iframe><br \/>\nThe Earth Circles the Sun<\/p>\n<hr \/>\n<p><strong>Josep Llu\u00eds Aguil\u00f3<\/strong><br \/>\n<iframe loading=\"lazy\" src=\"https:\/\/www.youtube.com\/embed\/rbkZkAEf7iE\" allow=\"accelerometer; autoplay; encrypted-media; gyroscope; picture-in-picture\" allowfullscreen=\"\" width=\"560\" height=\"315\" frameborder=\"0\"><\/iframe><br \/>\nLes Normes Dels Laberints (The Rules on Labyrinths)<\/p>\n<hr \/>\n<p><strong>Catherine Walsh<\/strong><br \/>\n<iframe loading=\"lazy\" src=\"https:\/\/www.youtube.com\/embed\/xJk-PkSCx2k\" allow=\"accelerometer; autoplay; encrypted-media; gyroscope; picture-in-picture\" allowfullscreen=\"\" width=\"560\" height=\"315\" frameborder=\"0\"><\/iframe><br \/>\nReading at the 4th \u00d3 Bh\u00e9al Winter Warmer festival<\/p>\n<hr \/>\n<p><strong>Michael Augustin<\/strong><br \/>\n<iframe loading=\"lazy\" src=\"https:\/\/www.youtube.com\/embed\/z4VsMTa4u6A\" allow=\"accelerometer; autoplay; encrypted-media; gyroscope; picture-in-picture\" allowfullscreen=\"\" width=\"560\" height=\"315\" frameborder=\"0\"><\/iframe><br \/>\nReading from <i>A Certain Koslowski<\/i> (Arc Publications)<\/p>\n<hr \/>\n<p><strong>Raina J Leon<\/strong><br \/>\n<iframe loading=\"lazy\" src=\"https:\/\/www.youtube.com\/embed\/syUs9NGgyLU\" allow=\"accelerometer; autoplay; encrypted-media; gyroscope; picture-in-picture\" allowfullscreen=\"\" width=\"560\" height=\"315\" frameborder=\"0\"><\/iframe><br \/>\npoet: code&#8217;s story<\/p>\n<hr \/>\n<p><strong>Elaine Feeney<\/strong><br \/>\n<iframe loading=\"lazy\" src=\"https:\/\/www.youtube.com\/embed\/rcBwvFrtURE\" allow=\"accelerometer; autoplay; encrypted-media; gyroscope; picture-in-picture\" allowfullscreen=\"\" width=\"560\" height=\"315\" frameborder=\"0\"><\/iframe><br \/>\nRyan Giggs is a Ride<\/p>\n<hr \/>\n<hr \/>\n<p><\/center><center><strong>closed-mic poets<\/strong><strong><\/strong><\/center><\/p>\n<hr \/>\n<hr \/>\n<p><center><strong>Ben Burns<\/strong><br \/>\n<iframe loading=\"lazy\" src=\"https:\/\/www.youtube.com\/embed\/eoW1E0uoaLs\" allow=\"accelerometer; autoplay; encrypted-media; gyroscope; picture-in-picture\" allowfullscreen=\"\" width=\"560\" height=\"315\" frameborder=\"0\"><\/iframe>AV<\/p>\n<hr \/>\n<p><\/center><center><strong>Bernadette Gallagher<\/strong><br \/>\n<iframe loading=\"lazy\" src=\"https:\/\/www.youtube.com\/embed\/z8sb-iF951Q\" allow=\"accelerometer; autoplay; encrypted-media; gyroscope; picture-in-picture\" allowfullscreen=\"\" width=\"560\" height=\"315\" frameborder=\"0\"><\/iframe><br \/>\nYoung Urchins<\/p>\n<hr \/>\n<p><strong>Charles Clarke<\/strong><br \/>\n<iframe loading=\"lazy\" src=\"https:\/\/www.youtube.com\/embed\/XB4N3ZY8vb0\" allow=\"accelerometer; autoplay; encrypted-media; gyroscope; picture-in-picture\" allowfullscreen=\"\" width=\"560\" height=\"315\" frameborder=\"0\"><\/iframe><br \/>\nA Room in Crete<\/p>\n<hr \/>\n<p><strong>Gr\u00e1inne O&#8217;Connor<\/strong><br \/>\n<iframe loading=\"lazy\" src=\"https:\/\/www.youtube.com\/embed\/JTjPp6NbyL4\" allow=\"accelerometer; autoplay; encrypted-media; gyroscope; picture-in-picture\" allowfullscreen=\"\" width=\"560\" height=\"315\" frameborder=\"0\"><\/iframe><br \/>\nChildhood Obesity<\/p>\n<hr \/>\n<p><strong>Nicola Moffat<\/strong><br \/>\n<iframe loading=\"lazy\" src=\"https:\/\/www.youtube.com\/embed\/bSaiAiH9mho\" allow=\"accelerometer; autoplay; encrypted-media; gyroscope; picture-in-picture\" allowfullscreen=\"\" width=\"560\" height=\"315\" frameborder=\"0\"><\/iframe><br \/>\nJudith<\/p>\n<hr \/>\n<p><strong>Patricia Walsh<\/strong><br \/>\n<iframe loading=\"lazy\" src=\"https:\/\/www.youtube.com\/embed\/mtxpMuZhRL4\" allow=\"accelerometer; autoplay; encrypted-media; gyroscope; picture-in-picture\" allowfullscreen=\"\" width=\"560\" height=\"315\" frameborder=\"0\"><\/iframe><br \/>\nThe Little Book of War<\/p>\n<hr \/>\n<p><strong>Ray Hanrahan<\/strong><br \/>\n<iframe loading=\"lazy\" src=\"https:\/\/www.youtube.com\/embed\/twiEhxajydQ\" allow=\"accelerometer; autoplay; encrypted-media; gyroscope; picture-in-picture\" allowfullscreen=\"\" width=\"560\" height=\"315\" frameborder=\"0\"><\/iframe><br \/>\nRemembering the Dead on Wellington Road<\/p>\n<hr \/>\n<p><strong>Thomas Howarth<\/strong><br \/>\n<iframe loading=\"lazy\" src=\"https:\/\/www.youtube.com\/embed\/Zr4w97ZYSUs\" allow=\"accelerometer; autoplay; encrypted-media; gyroscope; picture-in-picture\" allowfullscreen=\"\" width=\"560\" height=\"315\" frameborder=\"0\"><\/iframe><br \/>\nQuoof<\/p>\n<p><\/center><\/p>\n","protected":false},"excerpt":{"rendered":"<p>&nbsp; Winter Warmer Videos 2016 (also on the \u00d3 Bh\u00e9al Youtube channel) 25th-26th November One video from each guest poet at the 4th Winter Warmer festival (in order of appearance) followed by the closed-mic. &nbsp; Se\u00e1n Dennehy 12 Songs of Christmas Ross Donlon The Poetry Reading Annemarie N\u00ed Churre\u00e1in Market Prayer Jessica Traynor Fixer Women [&hellip;]<\/p>\n","protected":false},"author":1,"featured_media":0,"parent":12873,"menu_order":0,"comment_status":"closed","ping_status":"closed","template":"","meta":{"_uf_show_specific_survey":0,"_uf_disable_surveys":false,"footnotes":""},"class_list":["post-13008","page","type-page","status-publish","hentry"],"_links":{"self":[{"href":"https:\/\/www.obheal.ie\/blog\/wp-json\/wp\/v2\/pages\/13008","targetHints":{"allow":["GET"]}}],"collection":[{"href":"https:\/\/www.obheal.ie\/blog\/wp-json\/wp\/v2\/pages"}],"about":[{"href":"https:\/\/www.obheal.ie\/blog\/wp-json\/wp\/v2\/types\/page"}],"author":[{"embeddable":true,"href":"https:\/\/www.obheal.ie\/blog\/wp-json\/wp\/v2\/users\/1"}],"replies":[{"embeddable":true,"href":"https:\/\/www.obheal.ie\/blog\/wp-json\/wp\/v2\/comments?post=13008"}],"version-history":[{"count":80,"href":"https:\/\/www.obheal.ie\/blog\/wp-json\/wp\/v2\/pages\/13008\/revisions"}],"predecessor-version":[{"id":15963,"href":"https:\/\/www.obheal.ie\/blog\/wp-json\/wp\/v2\/pages\/13008\/revisions\/15963"}],"up":[{"embeddable":true,"href":"https:\/\/www.obheal.ie\/blog\/wp-json\/wp\/v2\/pages\/12873"}],"wp:attachment":[{"href":"https:\/\/www.obheal.ie\/blog\/wp-json\/wp\/v2\/media?parent=13008"}],"curies":[{"name":"wp","href":"https:\/\/api.w.org\/{rel}","templated":true}]}}