{"id":12387,"date":"2019-05-25T14:57:45","date_gmt":"2019-05-25T14:57:45","guid":{"rendered":"http:\/\/www.obheal.ie\/blog\/?page_id=12387"},"modified":"2019-08-02T11:10:23","modified_gmt":"2019-08-02T11:10:23","slug":"guests-73-jun-jul-2019","status":"publish","type":"page","link":"https:\/\/www.obheal.ie\/blog\/guest-poets\/guests-73-jun-jul-2019\/","title":{"rendered":"Guests (73) Jun\/Jul 2019"},"content":{"rendered":"<p><\/p>\n\n\n<hr \/><center><strong>June and July<\/strong><\/center>\n<p> <\/p>\n<hr \/>\n<p> <\/p>\n<center><em>3rd June<\/em>\n<p> <\/p>\n\n<p><span style=\"color: green; font-size: x-small;\"><strong>\u00d3 Bh\u00e9al<\/strong><\/span> <span style=\"font-size: x-small;\">at the <\/span><span style=\"color: green; font-size: x-small;\"><strong><span style=\"color: #00b1a6; font-size: x-small;\">Cork<\/span> <span style=\"color: #026060; font-size: x-small;\">Harbour<\/span> <span style=\"color: #00b1a6; font-size: x-small;\">Festival<\/span><\/strong><\/span><br \/> \n<span style=\"font-size: x-small;\">in association with <span style=\"color: green\"> <strong>Foras na Gaeilge<\/strong><span style=\"font-size: x-small;\"><span style=\"color: black\"> presents<\/span><\/span><\/span><\/span><\/p>\n<p><strong>A Tribute to Danny Sheehy &#8211; \u00d3m\u00f3s do Domhnall Mac S\u00edthigh<\/strong><\/p>\n&nbsp;\n\nYou can listen to nine of Danny&#8217;s poems being read <a href=\"https:\/\/www.obheal.ie\/blog\/audio\/Guest Reading - Danny Sheehy Tribute.mp3\">here<\/a>.<\/center>\n&nbsp;\n<br \/>\n<span style=\"font-size: x-small;\">Join \u00d3 Bh\u00e9al for this very special bilingual tribute event to poet Danny Sheehy (Domhnall Mac S\u00edthigh), who tragically lost his life in a boating accident off the coast of Galicia in 2017. A number of regional poets including <b>Ceait\u00ed N\u00ed Bheildi\u00fain, Eibhl\u00eds Carcione, Billy Ramsell, Br\u00edd N\u00ed Mh\u00f3r\u00e1in, Bernadette Nic an tSaoir, Marian \u00d3 Murch\u00fa, Julie Field<\/b> and <b>Paul Casey<\/b> will read Danny\u2019s poems in the original Irish while translations are projected overhead. The readings will be accompanied by West Kerry musician <b>Breannda\u0301n O\u0301 Beaglaoich<\/b> (Brendan Begley).<\/span>\n\n<p><span style=\"color: silver;\"><img decoding=\"async\" src=\"https:\/\/www.obheal.ie\/blog\/wp-content\/uploads\/2019\/05\/DannySheehySm.jpg\" border=\"1\" align=\"right\"\/><\/span><span style=\"font-size: x-small;\">Poet <strong>Danny Sheehy<\/strong> was born in West Kerry, on the Dingle peninsula. Coisc\u00e9im published <i>Fan Inti: Naomh\u00f3ga \u00f3 Chorca Dhuibhne go C\u00e1b\u00e1n tS\u00edle<\/i> in 2003, and his first collection of poetry, <i>S\u00fail Seilge<\/i>, with a CD recording in 2008, with music by Breannda\u0301n O\u0301 Beaglaoich. His other works include <i>Allagar na gCloch\/Stonechat<\/i> (P\u00faca Press, 2006), and his poetry appears in the following collections published by An Sagart: <i>Mil na Ceardlainne<\/i> (2008), <i>Criathar Meala<\/i> (2009), and <i>Mil ina Slaoda<\/i> (2011). \n<br \/>\n<br \/>\nSheehy undertook impressive sea journeys around the Irish Coast, in the North Atlantic, on the east coast of Italy and through the Mediterranean, along the islands of Scotland and, more recently, in 2011, he undertook Brendan&#8217;s Voyage. He was often to be heard on RT\u00c9 Raidi\u00f3 na Gaeltachta describing his journeys by land and sea, as well as folklore and local knowledge, and reviewing newly-published books. He wrote regularly for <i>Briathar Beo<\/i> on RT\u00c9 Radio 1 and he won prizes at the Oireachtas for poetry and storytelling. He died tragically on 9 June 2017 while extending a journey which had been completed in 2016 by naomh\u00f3g, from Dingle to Santiago de\u00a0Compostella.\n<\/span><\/p> <span style=\"font-size: x-small;\">\nSaola\u00edodh <strong>Domhnall Mac S\u00edthigh<\/strong> (n\u00f3 Danny an tS\u00edthigh) sa bhaile i mBaile Eaglaise in Iarthar Dhuibhneach, Contae Chiarra\u00ed agus is ann a mhair s\u00e9 le beagnach deich mbliana fichead. Th\u00e1inig <i>Fan Inti: Naomh\u00f3ga \u00f3 Chorca Dhuibhne go C\u00e1b\u00e1n tS\u00edle<\/i> \u00f3na pheann Nollaig 2003, foilsithe ag Coisc\u00e9im; <i>Allagar na gCloch\/Stonechat<\/i> foilsithe ag P\u00faca Press, 2006 agus <i>S\u00fail Seilge<\/i> le dl\u00fathdhiosca foilsithe ag Coisc\u00e9im, 2008. T\u00e1 cnuasaigh d\u00e1nta leis sna leabhair <i>Mil na Ceardlainne<\/i> (2008), <i>Criathar Meala<\/i> (2009), agus <i>Mil ina Slaoda<\/i> (2011) foilsithe ag An Sagart. Bh\u00ed turais farraige iomr\u00e1iteacha curtha de aige ar ch\u00f3sta\u00ed na h\u00c9ireann, san Atlantach Thuaidh, c\u00f3sta thoir na hIod\u00e1ile agus tr\u00edd an Mhe\u00e1nmhuir, oile\u00e1in agus c\u00f3sta thiar na hAlban, agus an turas farraige iomr\u00e1iteach, Iomramh Bhr\u00e9anainn 2011. \n<br \/>\n<br \/>\nBh\u00edodh s\u00e9 le clos go minic ar RT\u00c9 Raidi\u00f3 na Gaeltachta ag caint ar a chuid eachtra\u00edochta ar muir is ar t\u00edr, ar bh\u00e9aloideas is ar sheanchas \u00e1iti\u00fail agus ag d\u00e9anamh l\u00e9irmheast\u00f3ireachta ar leabhair nuafhoilsithe. Scr\u00edobhadh s\u00e9 agus l\u00e9adh s\u00e9 m\u00edreanna don <i>Briathar Beo<\/i> ar Raidi\u00f3 a hAon. Ghn\u00f3thaigh s\u00e9 duaiseanna Oireachtais sna com\u00f3rtais sc\u00e9ala\u00edochta, dreas cainte agus sa bhfil\u00edocht. Fuair s\u00e9 b\u00e1s go trag\u00f3ideach ar an 9 Meitheamh 2017 le linn d\u00f3 a bheith ag lean\u00faint le turas naomh\u00f3ige a bh\u00ed cr\u00edochnaithe aige i 2016 ar Camino an tS\u00e1ile \u00f3n Daingean go dt\u00ed Santiago de\u00a0Compostella.\n\n<p><span style=\"color: silver;\"><img loading=\"lazy\" decoding=\"async\" src=\"https:\/\/www.obheal.ie\/blog\/wp-content\/uploads\/2019\/05\/Brendan Begley (Breannda\u0301n O\u0301 Beaglaoich)SM.jpg\" width=\"102\" height=\"100\" border=\"1\" align=\"right\"\/><\/span><span style=\"font-size: x-small;\">Saola\u00edodh S\u00e9 <strong>Breannd\u00e1n<\/strong> an t\u00e1 is \u00f3ige de na\u00edon\u00far clainne at\u00e1 b\u00e1ite sa cheol i gCorca Dhuibhne. T\u00e1 sleamhn\u00e1in, polca\u00ed, amhr\u00e1in is foinn mhalla ag rith tr\u00ed&#8217;na chuisleana is in chuid fola. T\u00e1 cheithre dhl\u00fath dhiosca d\u00e1 chuid fh\u00e9in d\u00e9anta aige chomh maith le taifeada\u00ed le Boys of the Lough agus Beginish. T\u00e1 seimta agus taifeadta aige e Caoimh\u00edn \u00d3 Raghallaigh. T\u00e1 seimta aige le Glen Hansard agus John Sheehan is Rosie McKenzie sa Che\u00f3l\u00e1ras is i gCarnegie Hall chomh maith le&#8217;na al\u00e1n \u00e1iteana eile.\nSeimeann s\u00e9 chomh maith lena chlann Br\u00e9anainn ar ghuit\u00e1r, Cormac ar Chonsairt\u00edn, Conch\u00fabhair ar bhosca ceoil is p\u00edob uilinn is Cliodhna veidhl\u00edn, viola is r\u00ednce sean n\u00f3s.\n<br \/>\n<br \/>\n<b>Brendan Begley<\/b> (Breannda\u0301n O\u0301 Beaglaoich) was born the youngest of a family of children who were all drowned in the music of Corca Dhuibhne. Slides, polkas, songs and slow tunes run through his pulse and live in his blood. He has made four solo discs as well as recordings of The Boys of the Lough and Beginish. He has played and been recorded with Caoimh\u00edn \u00d3 Raghallaigh and also with Glen Hansard, John Sheehan and Rosie McKenzie in the <i>Che\u00f3l\u00e1ras<\/i> and Carnegie Hall, as well as at many other venues. He also plays with his musical family members, with Brandon on guitar, Cormac on the concertina, Conor on the accordion &#038; uileann pipes and Cl\u00edona on violin, viola and sean n\u00f3s dancing.\n<\/span><\/p>\n\n\n<img decoding=\"async\" src=\"https:\/\/www.obheal.ie\/blog\/wp-content\/uploads\/2019\/05\/MergedWIDE.jpg\"\/><br \/>\n<p>&nbsp;<\/p><\/span>\n\n<hr \/>\n<p><a name=\"10thJune\"><\/a><\/p>\n<center><em>10th June<\/em>\n\n<p><strong>Clodagh Beresford Dunne<\/strong><\/p><\/center>\n\n<p><span style=\"color: silver;\"><img decoding=\"async\" src=\"https:\/\/www.obheal.ie\/blog\/wp-content\/uploads\/2019\/05\/ClodaghBeresfordDunneSm.jpg\" border=\"1\" align=\"right\"\/><\/span><span style=\"font-size: x-small;\"><strong>Clodagh Beresford Dunne<\/strong> received the 2016 Arts Council of Ireland Emerging Writer Bursary and her poem Seven Sugar Cubes was voted Listowel Writers&#8217; Week Irish Poem of the Year at the 2017 Irish Book Awards. Her poems have been published and are upcoming in Irish and international journals including <i>The Irish Times, Poetry Ireland Review, The Stinging Fly<\/i> and <i>Poetry<\/i> (Chicago). Her work has been broadcast on radio in Ireland and in the U.S.A. \n<br \/>\n<br \/>\nBeresford Dunne has also read and been interviewed about her poetry in The National Library of Ireland and in several American universities. A former lawyer and journalist, she lives in Dungarvan Co. Waterford with her husband and four children. She is currently at work on her first manuscript. <br \/>\n<p><span style=\"font-size: x-small;\"><i>&#8220;Clodagh Beresford Dunne is a young poet with an Old Soul. By that I mean she has ancient wisdom and thrust but also a modern, searching, brave sensibility.&#8221;<\/i> <strong>&#8211; Edna O&#8217;Brien<\/strong> <\/span><\/p>\n<br \/>\n<br \/>\n<hr \/>\n<p><a name=\"17thJune\"><\/a><\/p>\n<center><em>17th June<\/em>\n\n<p><strong>Anthony Lawrence<\/strong><\/p>\n\nYou can listen to Anthony&#8217;s reading <a href=\"https:\/\/www.obheal.ie\/blog\/audio\/Guest Reading - Anthony Lawrence.mp3\">here<\/a>.<\/center>\n\n<p><span style=\"color: silver;\"><img decoding=\"async\" src=\"https:\/\/www.obheal.ie\/blog\/wp-content\/uploads\/2019\/05\/AnthonyLawrenceSm.jpg\" border=\"1\" align=\"right\"\/><\/span><span style=\"font-size: x-small;\"><strong>Anthony Lawrence<\/strong> was born in Tamworth, New South Wales, in 1957.\nHe has published sixteen books of poems, the most recent being\n<i>101 Poems<\/i> (Pitt Street Poetry, 2018). His individual poems and books \nhave won many awards, including the Prime Minister&#8217;s Award for Poetry,\nthe Blake Poetry Prize, the New South Wales and Queensland Premiers\nAwards for Poetry, the Newcastle Poetry Prize and the Philip Hodgins\nMemorial Medal. He is a Senior Lecturer at Griffith University, Queensland,\nwhere he teaches Writing Poetry and Creative Writing.\nHe lives on Moreton Bay, in Queensland. <br \/> <br \/>\n<\/span><span style=\"font-size: x-small;\"><i>&#8216;His poems deliver the world enlarged and energised because his language moves beyond description and towards revelation. \nWhat matters to Lawrence is how one&#8217;s inward and organic energies can be transmuted\u00a0by\u00a0and\u00a0into\u00a0poetic utterance. Nature is often a source for transformation and redemption, a rich ground for vision and metaphors. His best work fuses language so well with vision that his poems take on mystical transport. His flair is in linking language with enchantment, in entering into \nand committing to his imagination.&#8217; <strong>&#8211; Judith Beveridge, Poetry International<\/strong><\/i>\n\n\n\n<\/span><\/p>\n\n<p>&nbsp;<\/p>\n<hr \/>\n<p><a name=\"24thJune\"><\/a><\/p>\n<center><em>24th June<\/em>\n\n<p><strong>Kimberly Campanello<\/strong>\n<\/p><p>\nYou can listen to Kimberly&#8217;s reading <a href=\"https:\/\/www.obheal.ie\/blog\/audio\/Guest Reading - Kimberly Campanello 2019.mp3\">here<\/a>.<\/p><\/center>\n<\/span><\/p>\n<img decoding=\"async\" src=\"https:\/\/www.obheal.ie\/blog\/wp-content\/uploads\/2019\/05\/KimberlyCampanelloSm.jpg\" border=\"1\" align=\"right\"\/><span style=\"font-size: x-small;\"><strong>Kimberly Campanello<\/strong>&#8216;s poetry books and pamphlets include <i>Consent, Imagines, Strange Country<\/i> (on the sheela-na-gig stone carvings), and <i>Hymn to K\u0101l\u012b<\/i> (her version of the Karp\u016br\u0101di-stotra). In April 2019, zimZalla Avant Objects released <i>MOTHERBABYHOME<\/i>, a 796-page book of conceptual and visual poetry on the St Mary&#8217;s Mother and Baby Home in Tuam, Ireland. Also in April 2019, above \/ ground press published her chapbook <i>running commentary along the bottom of the tapestry<\/i>. She is Programme Leader for Creative Writing and a member of the Poetry Centre in the School of English at the University of Leeds.\n<br \/>\n<br \/>\n<center><span style=\"font-size: x-small;\">For more about Kimberly visit <a href=\"http:\/\/kimberlycampanello.com\">kimberlycampanello.com<\/a><\/span><\/center><\/span>\n<br \/>\n<br \/>\n\n<hr \/>\n<p><a name=\"1stJuly\"><\/a><\/p>\n\n<center><span style=\"font-size: small;\"><span style=\"font-size: small;\"><em>1st July<\/em><\/span><\/span>\n\n<p><strong>Niall McDevitt<\/strong><\/p>\n\n\nYou can listen to Niall&#8217;s reading <a href=\"https:\/\/www.obheal.ie\/blog\/audio\/Guest Reading - Niall McDevitt.mp3\">here<\/a>.<\/center>\n\n<p><span style=\"color: silver;\"><img loading=\"lazy\" decoding=\"async\" src=\"https:\/\/www.obheal.ie\/blog\/wp-content\/uploads\/2019\/05\/Niall McDevittSM.jpg\" width=\"111\" height=\"100\" border=\"1\" align=\"right\"\/><\/span><span style=\"font-size: x-small;\">Irish poet <strong>Niall McDevitt<\/strong> lives in West London. He is the author of three critically acclaimed collections of poetry, <i>b\/w<\/i> (Waterloo Press, 2010), <i>Porterloo<\/i> ( International Times, 2013) and <i>Firing Slits: Jerusalem Colportage<\/i> (New River Press, 2016). His work appears in <i>Wretched Strangers<\/i>, an anthology of non-UK born writers; <i>Urban Shamanism<\/i>, poets from north, west, south and east London; <i>Diamond Cutters<\/i>, poets in Britain, America and Oceania; and the <i>STRIKE!<\/i> Anthology. \n<br \/>\n<br \/>\nMcDevitt is a walking artist who specialises in the historic poets of London, particularly Shakespeare\/Blake\/Rimbaud\/Yeats. In 2013, he read at Yoko Ono&#8217;s Meltdown in the <i>Future Exiles: Poetry and Activism event<\/i>. \nIn 2016, he was invited to read his work in Iraq at the Babylon Festival.\nHis book <i>BABYLON (a neoliberal theodicy) And Other Poems<\/i> is forthcoming from New River Press.\nHe blogs at <a href=\"http:\/\/poetopography.wordpress.com\">poetopography.wordpress.com<\/a>\n<\/span><\/p><p>&nbsp;<\/p>\n\n<hr \/>\n<p><a name=\"8thJuly\"><\/a><\/p>\n<center><em>8th July<\/em>\n\n\n<p><strong>Jessica Traynor<\/strong><\/p>\n\nYou can listen to Jessica&#8217;s reading <a href=\"https:\/\/www.obheal.ie\/blog\/audio\/Guest Reading - Jessica Traynor 2019.mp3\">here<\/a>.<\/center>\n\n<p><span style=\"color: silver;\"><img loading=\"lazy\" decoding=\"async\" src=\"https:\/\/www.obheal.ie\/blog\/wp-content\/uploads\/2019\/05\/Jessica TraynosmrSM.jpg\" width=\"87\" height=\"100\" border=\"1\" align=\"right\"\/><\/span><span style=\"font-size: x-small;\"><strong>Jessica Traynor<\/strong>\u2019s debut poetry collection <i>Liffey Swim<\/i> (Dedalus, 2014) was shortlisted for the 2015 Strong\/Shine Award. In 2016 it was named one of the best poetry debuts of the past five years (Bustle.com). She\u2019s currently under commission by the BBC, and also to write a libretto for Galway 2020 EU Capital of Culture, working again with composer Elaine Agnew. She\u2019s also working with Words Ireland on a multimedia poetry project for ILFD 2019, and editing <i>\u2018Correspondences: An anthology to call or an end to direct provision\u2019<\/i> with actor Stephen Rea (upcoming, autumn 2019). Her second collection, <i>The Quick<\/i>, was published in 2018. \n<br \/>\n<br \/>\nJessica was the recipient of the Ireland Chair of Poetry Bursary in 2014. She was named Hennessy New Irish Writer of the Year in 2013 and won the 2011 Listowel Poetry Prize. She was the 2010 recipient of a Dublin City Council Literature Bursary and in 2009, was chosen for the Poetry Ireland Introduction Series. She teaches creative writing for the Irish Writers Centre, Big Smoke Writing Factory and various festivals around Ireland. She reads her work regularly at literary festivals around Europe and the USA. Her poetry has been translated into Czech, Hungarian, Irish, Italian, Polish, Portuguese and Spanish and was projected in Edinburgh, Krakow, Prague and Dunedin in 2014-6 as part of the Unesco City of Literature Programme. \n<center><span style=\"font-size: x-small;\">For more about Jessica visit <a href=\"http:\/\/jessicatraynor.net\">jessicatraynor.net<\/a><\/span><\/center><\/span>\n<\/p><p>&nbsp;<\/p>\n<hr \/>\n<p><a name=\"15thJuly\"><\/a><\/p>\n<center><span style=\"font-size: small;\"><em>15th July<\/em><\/span>\n\n<p><strong>Kate Newmann<\/strong><\/p>\n\n\nYou can listen to Kate&#8217;s reading <a href=\"https:\/\/www.obheal.ie\/blog\/audio\/Guest Reading - Kate Newmann.mp3\">here<\/a>.<\/center>\n\n<p><span style=\"color: silver;\"><img decoding=\"async\" src=\"https:\/\/www.obheal.ie\/blog\/wp-content\/uploads\/2019\/05\/KateNewmannSm.jpg\" border=\"1\" align=\"right\"\/><\/span><span style=\"font-size: x-small;\"><strong>Kate Newmann<\/strong> is a graduate of King\u2019s College Cambridge, where she studied English after spending a year in Crete. She was Junior Fellow at the Institute of Irish Studies, Queen\u2019s University, Belfast, where she published the <i>Dictionary of Ulster Biography<\/i> (Institute of Irish Studies, Q.U.B., 1994). She has held residencies with the Down Lisburn Health Trust; with Donegal County Council for the Flight of the Earls commemoration; with the Smithsonian Institute in Washington DC and, on behalf of the Arts Council, in Ballycastle, Mayogall, Lisburn and in Carrickfergus for the Louis MacNeice Centenary Celebrations. \n<br \/>\n<br \/>\nAmong other prizes, Newmann was short-listed for the UK National Poetry Competition.\u00a0In 2016 she was commissioned by the Pushkin Trust to compile <i>Nearness of Ice, memories of Arctic Convoy<\/i>. <i>Ask Me\u00a0Next Saturday<\/i> (Summer Palace Press, 2018)\u00a0is her fifth collection of poetry and among her many collaborations with artists in other media, she has produced two CDs: <i>How Well Did You Love?<\/i> And, with musician and composer Bill Campbell, <i>The Both and The Neither<\/i>.\u00a0<p>&nbsp;<\/p>\n\n<\/span><\/p>\n\n<hr \/>\n<p><a name=\"22ndJuly\"><\/a><\/p>\n<center><span style=\"font-size: small;\"><em>22nd July<\/em><\/span>\n\n<p><strong>Randolph Healy<\/strong><\/p>\n\n\nYou can listen to Randolph&#8217;s reading <a href=\"https:\/\/www.obheal.ie\/blog\/audio\/Guest Reading - Randolph Healy.mp3\">here<\/a>.<\/center>\n\n<p><span style=\"color: silver;\"><img loading=\"lazy\" decoding=\"async\" src=\"https:\/\/www.obheal.ie\/blog\/wp-content\/uploads\/2019\/05\/Randolph HealySM.jpg\" width=\"79\" height=\"100\" border=\"1\" align=\"right\"\/><\/span><span style=\"font-size: x-small;\"><strong>Randolph Healy<\/strong> was born in 1956 in Irivine in Scotland. In 1958 his family moved to Ireland where he has lived since. He has published the chapbooks <i>25 Poems, Rana Rana, Arbor Vitae, Flame, Scales, Daylight Saving Sex, Rattling the Bars<\/i>, and <i>Hex<\/i>. His collection <i>Green 532<\/i> was published by Salt in 2001. His work has appeared in anthologies such as <i>Etruscan Reader VIII, Other, Anthology of Twentieth Century British<\/i> and <i>Irish Poetry (Oxford)<\/i>, and <i>The Backyards of Heaven<\/i>. \n<br \/>\n<br \/>\nHe runs the small press Wild Honey Press. He is currently retired and is archiving his writings at <a href=\"https:\/\/sites.google.com\/view\/randolphhealy\/home\">google.com\/view\/randolphhealy\/home<\/a>. Two of his poems, <i>Frogs<\/i> and <i>Primula veris<\/i>, are on the Leaving Certificate English syllabus.\n<\/span><\/p>\n<p>&nbsp;<\/p>\n\n\n<hr \/>\n<p><a name=\"29thJuly\"><\/a><\/p>\n<center><span style=\"font-size: small;\"><em>29th July<\/em><\/span>\n\n<p><span style=\"color: green; font-size: x-small;\"><strong>\u00d3 Bh\u00e9al<\/strong><\/span> <span style=\"font-size: x-small;\">in association with <\/span><span style=\"color: #58595b; font-size: x-small;\"><strong><span style=\"color: #ffc30d; font-size: x-small;\">C<\/span><span style=\"color: #f19321; font-size: x-small;\">o<\/span><span style=\"color: #e74f26; font-size: x-small;\">r<\/span><span style=\"color: #0096db; font-size: x-small;\">k<\/span> <span style=\"color: #b2d135; font-size: x-small;\">P<\/span><span style=\"color: #015786; font-size: x-small;\">r<\/span><span style=\"color: #c692c3; font-size: x-small;\">i<\/span><span style=\"color: #c32e88; font-size: x-small;\">d<\/span><span style=\"color: #624c9e; font-size: x-small;\">e<\/span> festival<\/strong><\/span><span style=\"font-size: x-small;\"> presents<\/span><\/p>\n<p><strong>Jim Crickard &#038; Alana Daly Mulligan<\/strong><\/p>\n\nYou can listen to Jim&#8217;s reading <a href=\"https:\/\/www.obheal.ie\/blog\/audio\/Guest Reading - Jim Crickard.mp3\">here<\/a>.<\/center><p><span style=\"color: silver;\"><img decoding=\"async\" src=\"https:\/\/www.obheal.ie\/blog\/wp-content\/uploads\/2019\/05\/JimCrickardSm.jpg\" border=\"1\" align=\"right\"\/><\/span><span style=\"font-size: x-small;\"><strong>Jim Crickard<\/strong> writes poetry in a camp, entertaining style which explores various flamboyant scenarios and gives us an honest glimpse into his experience. In 2018, he won the Cuirt Spoken Word Platform and was awarded a slot to perform at Electric Picnic. Jim Crickard has been invited to perform his poetry at events and venues such as The Crossover, The Friary, Connolly&#8217;s of Leap, the \u00d3 Bh\u00e9al Winter Warmer festival, and Zoolala. He was shortlisted for the 2018 \u00d3 Bh\u00e9al International Five Words Competition. His poetry has been published in <i>Automatic Pilot<\/i> and <i>Contemporary Poetry<\/i>.<\/span><\/p>\n\n<center>You can listen to Alana&#8217;s reading <a href=\"https:\/\/www.obheal.ie\/blog\/audio\/Guest Reading - Alana Daly Mulligan.mp3\">here<\/a>.<\/center>\n\n<p><span style=\"color: silver;\"><img decoding=\"async\" src=\"https:\/\/www.obheal.ie\/blog\/wp-content\/uploads\/2019\/05\/AlanaDalyMulliganSm.jpg\" border=\"1\" align=\"right\"\/><\/span><span style=\"font-size: x-small;\"><strong>Alana Daly Mulligan<\/strong> is an award-winning spoken-word &#8220;artivist&#8221; and filmmaker hailing from Waterford, Ireland. Alana&#8217;s work targets heartstrings; battling brutal realities with the desire to connect, feel and love as a human being before everything else. She is the co-founder of the open mic <i>Modwords Cork<\/i> and Europe&#8217;s first young writers&#8217; festival <i>The Lit Young Writers Festival<\/i>. \n<br \/>\n<br \/>\nDaly Mulligan has performed at festivals across the country and features in Kathy D&#8217;Arcy&#8217;s acclaimed collection <i>Autonomy<\/i> (Apr. 2018), volume VI of the audio magazine <i>Solstice Sounds<\/i> (Dec 2018) and <i>The Quarryman Collection<\/i> (Apr. 2019). Her performance at the C\u00fairt International Poetry Festival 2019 Spoken Word Stage won her a place to perform at Electric Picnic in September 2019. She has worked alongside Stephen James Smith, Emmet Kirwan, \u00c9rin Fornoff, Abby Olivera, Kevin Gilady and Dave Lordan. Her spoken word activism films are nationally acclaimed and have garnered over 80K views across a variety of social media platforms. She was included in a map of notable spoken word artists from the UK and Ireland in October 2018. Alana studies English and History in University College Cork and is an Active Citizenship Scholar under UCC&#8217;s Quercus Talented Students&#8217; Programme.<\/span><\/p>\n\n<p><span style=\"font-size: xx-small;\"><a href=\"http:\/\/www.corkpride.com\/\" target=\"_blank\" rel=\"noopener noreferrer\"><img decoding=\"async\" src=\"https:\/\/www.obheal.ie\/blog\/wp-content\/uploads\/2019\/05\/CorkPrideWideGen.jpg\" border=\"0\" align=\"right\"\/><\/a><\/span><\/p>\n<br \/>\n<p>&nbsp;<\/p>\n\n<hr \/>\n","protected":false},"excerpt":{"rendered":"<p>June and July 3rd June \u00d3 Bh\u00e9al at the Cork Harbour Festival in association with Foras na Gaeilge presents A Tribute to Danny Sheehy &#8211; \u00d3m\u00f3s do Domhnall Mac S\u00edthigh &nbsp; You can listen to nine of Danny&#8217;s poems being read here. &nbsp; Join \u00d3 Bh\u00e9al for this very special bilingual tribute event to poet [&hellip;]<\/p>\n","protected":false},"author":1,"featured_media":0,"parent":19,"menu_order":0,"comment_status":"closed","ping_status":"closed","template":"","meta":{"_uf_show_specific_survey":0,"_uf_disable_surveys":false,"footnotes":""},"class_list":["post-12387","page","type-page","status-publish","hentry"],"_links":{"self":[{"href":"https:\/\/www.obheal.ie\/blog\/wp-json\/wp\/v2\/pages\/12387","targetHints":{"allow":["GET"]}}],"collection":[{"href":"https:\/\/www.obheal.ie\/blog\/wp-json\/wp\/v2\/pages"}],"about":[{"href":"https:\/\/www.obheal.ie\/blog\/wp-json\/wp\/v2\/types\/page"}],"author":[{"embeddable":true,"href":"https:\/\/www.obheal.ie\/blog\/wp-json\/wp\/v2\/users\/1"}],"replies":[{"embeddable":true,"href":"https:\/\/www.obheal.ie\/blog\/wp-json\/wp\/v2\/comments?post=12387"}],"version-history":[{"count":275,"href":"https:\/\/www.obheal.ie\/blog\/wp-json\/wp\/v2\/pages\/12387\/revisions"}],"predecessor-version":[{"id":13341,"href":"https:\/\/www.obheal.ie\/blog\/wp-json\/wp\/v2\/pages\/12387\/revisions\/13341"}],"up":[{"embeddable":true,"href":"https:\/\/www.obheal.ie\/blog\/wp-json\/wp\/v2\/pages\/19"}],"wp:attachment":[{"href":"https:\/\/www.obheal.ie\/blog\/wp-json\/wp\/v2\/media?parent=12387"}],"curies":[{"name":"wp","href":"https:\/\/api.w.org\/{rel}","templated":true}]}}